{"id":9,"date":"2016-01-27T10:48:20","date_gmt":"2016-01-27T09:48:20","guid":{"rendered":"http:\/\/localhost\/wordpress\/?page_id=9"},"modified":"2020-01-25T10:32:41","modified_gmt":"2020-01-25T09:32:41","slug":"cykel","status":"publish","type":"page","link":"https:\/\/www.gelweluthyrning.se\/?page_id=9","title":{"rendered":"V\u00e4lkommen till en v\u00e4lsorterad cykelaff\u00e4r"},"content":{"rendered":"<div id=\"pl-9\"  class=\"panel-layout\" ><div id=\"pg-9-0\"  class=\"panel-grid panel-no-style\" ><div id=\"pgc-9-0-0\"  class=\"panel-grid-cell\" ><div id=\"panel-9-0-0-0\" class=\"so-panel widget widget_sow-slider panel-first-child panel-last-child\" data-index=\"0\" ><div class=\"so-widget-sow-slider so-widget-sow-slider-default-abf3e628296a\"><div class=\"sow-slider-base \" style=\"display: none\"><ul class=\"sow-slider-images\" data-settings=\"{&quot;pagination&quot;:true,&quot;speed&quot;:800,&quot;timeout&quot;:8000,&quot;paused&quot;:false,&quot;pause_on_hover&quot;:false,&quot;swipe&quot;:true,&quot;nav_always_show_mobile&quot;:&quot;&quot;,&quot;breakpoint&quot;:&quot;780px&quot;}\">\t\t<li class=\"sow-slider-image\" style=\"\" >\n\t\t\t\t\t\t<div class=\"sow-slider-image-container\">\n\t\t\t\t<div class=\"sow-slider-image-wrapper\" style=\"max-width: 968px\">\n\t\t\t\t\t\t\t\t\t\t<img width=\"968\" height=\"391\" src=\"https:\/\/www.gelweluthyrning.se\/wp-content\/uploads\/2016\/01\/barn.jpg\" class=\"sow-slider-foreground-image\" alt=\"\" loading=\"eager\" srcset=\"https:\/\/www.gelweluthyrning.se\/wp-content\/uploads\/2016\/01\/barn.jpg 968w, https:\/\/www.gelweluthyrning.se\/wp-content\/uploads\/2016\/01\/barn-300x121.jpg 300w\" sizes=\"(max-width: 968px) 100vw, 968px\" \/>\t\t\t\t\t\t\t\t\t<\/div>\n\t\t\t<\/div>\n\t\t\t\t\t<\/li>\n\t\t\t\t<li class=\"sow-slider-image\" style=\"\" >\n\t\t\t\t\t\t<div class=\"sow-slider-image-container\">\n\t\t\t\t<div class=\"sow-slider-image-wrapper\" style=\"max-width: 968px\">\n\t\t\t\t\t\t\t\t\t\t<img width=\"968\" height=\"390\" src=\"https:\/\/www.gelweluthyrning.se\/wp-content\/uploads\/2016\/01\/skora.jpg\" class=\"sow-slider-foreground-image\" alt=\"\" loading=\"eager\" srcset=\"https:\/\/www.gelweluthyrning.se\/wp-content\/uploads\/2016\/01\/skora.jpg 968w, https:\/\/www.gelweluthyrning.se\/wp-content\/uploads\/2016\/01\/skora-300x121.jpg 300w\" sizes=\"(max-width: 968px) 100vw, 968px\" \/>\t\t\t\t\t\t\t\t\t<\/div>\n\t\t\t<\/div>\n\t\t\t\t\t<\/li>\n\t\t\t\t<li class=\"sow-slider-image\" style=\"\" >\n\t\t\t\t\t\t<div class=\"sow-slider-image-container\">\n\t\t\t\t<div class=\"sow-slider-image-wrapper\" style=\"max-width: 968px\">\n\t\t\t\t\t\t\t\t\t\t<img width=\"968\" height=\"389\" src=\"https:\/\/www.gelweluthyrning.se\/wp-content\/uploads\/2016\/01\/tillbeh.jpg\" class=\"sow-slider-foreground-image\" alt=\"\" loading=\"eager\" srcset=\"https:\/\/www.gelweluthyrning.se\/wp-content\/uploads\/2016\/01\/tillbeh.jpg 968w, https:\/\/www.gelweluthyrning.se\/wp-content\/uploads\/2016\/01\/tillbeh-300x121.jpg 300w\" sizes=\"(max-width: 968px) 100vw, 968px\" \/>\t\t\t\t\t\t\t\t\t<\/div>\n\t\t\t<\/div>\n\t\t\t\t\t<\/li>\n\t\t\t\t<li class=\"sow-slider-image\" style=\"\" >\n\t\t\t\t\t\t<div class=\"sow-slider-image-container\">\n\t\t\t\t<div class=\"sow-slider-image-wrapper\" style=\"max-width: 968px\">\n\t\t\t\t\t\t\t\t\t\t<img width=\"968\" height=\"394\" src=\"https:\/\/www.gelweluthyrning.se\/wp-content\/uploads\/2016\/01\/jubileum.jpg\" class=\"sow-slider-foreground-image\" alt=\"\" loading=\"eager\" srcset=\"https:\/\/www.gelweluthyrning.se\/wp-content\/uploads\/2016\/01\/jubileum.jpg 968w, https:\/\/www.gelweluthyrning.se\/wp-content\/uploads\/2016\/01\/jubileum-300x122.jpg 300w\" sizes=\"(max-width: 968px) 100vw, 968px\" \/>\t\t\t\t\t\t\t\t\t<\/div>\n\t\t\t<\/div>\n\t\t\t\t\t<\/li>\n\t\t\t\t<li class=\"sow-slider-image\" style=\"\" >\n\t\t\t\t\t\t<div class=\"sow-slider-image-container\">\n\t\t\t\t<div class=\"sow-slider-image-wrapper\" style=\"max-width: 968px\">\n\t\t\t\t\t\t\t\t\t\t<img width=\"968\" height=\"390\" src=\"https:\/\/www.gelweluthyrning.se\/wp-content\/uploads\/2016\/01\/tuntdam.jpg\" class=\"sow-slider-foreground-image\" alt=\"\" loading=\"eager\" srcset=\"https:\/\/www.gelweluthyrning.se\/wp-content\/uploads\/2016\/01\/tuntdam.jpg 968w, https:\/\/www.gelweluthyrning.se\/wp-content\/uploads\/2016\/01\/tuntdam-300x121.jpg 300w\" sizes=\"(max-width: 968px) 100vw, 968px\" \/>\t\t\t\t\t\t\t\t\t<\/div>\n\t\t\t<\/div>\n\t\t\t\t\t<\/li>\n\t\t\t\t<li class=\"sow-slider-image\" style=\"\" >\n\t\t\t\t\t\t<div class=\"sow-slider-image-container\">\n\t\t\t\t<div class=\"sow-slider-image-wrapper\" style=\"max-width: 968px\">\n\t\t\t\t\t\t\t\t\t\t<img width=\"968\" height=\"395\" src=\"https:\/\/www.gelweluthyrning.se\/wp-content\/uploads\/2016\/01\/nova.jpg\" class=\"sow-slider-foreground-image\" alt=\"\" loading=\"eager\" srcset=\"https:\/\/www.gelweluthyrning.se\/wp-content\/uploads\/2016\/01\/nova.jpg 968w, https:\/\/www.gelweluthyrning.se\/wp-content\/uploads\/2016\/01\/nova-300x122.jpg 300w\" sizes=\"(max-width: 968px) 100vw, 968px\" \/>\t\t\t\t\t\t\t\t\t<\/div>\n\t\t\t<\/div>\n\t\t\t\t\t<\/li>\n\t\t\t\t<li class=\"sow-slider-image\" style=\"\" >\n\t\t\t\t\t\t<div class=\"sow-slider-image-container\">\n\t\t\t\t<div class=\"sow-slider-image-wrapper\" style=\"max-width: 968px\">\n\t\t\t\t\t\t\t\t\t\t<img width=\"968\" height=\"399\" src=\"https:\/\/www.gelweluthyrning.se\/wp-content\/uploads\/2016\/01\/mtbjpg.jpg\" class=\"sow-slider-foreground-image\" alt=\"\" loading=\"eager\" srcset=\"https:\/\/www.gelweluthyrning.se\/wp-content\/uploads\/2016\/01\/mtbjpg.jpg 968w, https:\/\/www.gelweluthyrning.se\/wp-content\/uploads\/2016\/01\/mtbjpg-300x124.jpg 300w\" sizes=\"(max-width: 968px) 100vw, 968px\" \/>\t\t\t\t\t\t\t\t\t<\/div>\n\t\t\t<\/div>\n\t\t\t\t\t<\/li>\n\t\t<\/ul>\t\t\t\t<ol class=\"sow-slider-pagination\">\n\t\t\t\t\t\t\t\t\t\t\t<li><a href=\"#\" data-goto=\"0\" aria-label=\"display slide 1\"><\/a><\/li>\n\t\t\t\t\t\t\t\t\t\t\t<li><a href=\"#\" data-goto=\"1\" aria-label=\"display slide 2\"><\/a><\/li>\n\t\t\t\t\t\t\t\t\t\t\t<li><a href=\"#\" data-goto=\"2\" aria-label=\"display slide 3\"><\/a><\/li>\n\t\t\t\t\t\t\t\t\t\t\t<li><a href=\"#\" data-goto=\"3\" aria-label=\"display slide 4\"><\/a><\/li>\n\t\t\t\t\t\t\t\t\t\t\t<li><a href=\"#\" data-goto=\"4\" aria-label=\"display slide 5\"><\/a><\/li>\n\t\t\t\t\t\t\t\t\t\t\t<li><a href=\"#\" data-goto=\"5\" aria-label=\"display slide 6\"><\/a><\/li>\n\t\t\t\t\t\t\t\t\t\t\t<li><a href=\"#\" data-goto=\"6\" aria-label=\"display slide 7\"><\/a><\/li>\n\t\t\t\t\t\t\t\t\t<\/ol>\n\n\t\t\t\t<div class=\"sow-slide-nav sow-slide-nav-next\">\n\t\t\t\t\t<a href=\"#\" data-goto=\"next\" aria-label=\"next slide\" data-action=\"next\">\n\t\t\t\t\t\t<em class=\"sow-sld-icon-thin-right\"><\/em>\n\t\t\t\t\t<\/a>\n\t\t\t\t<\/div>\n\n\t\t\t\t<div class=\"sow-slide-nav sow-slide-nav-prev\">\n\t\t\t\t\t<a href=\"#\" data-goto=\"previous\" aria-label=\"previous slide\" data-action=\"prev\">\n\t\t\t\t\t\t<em class=\"sow-sld-icon-thin-left\"><\/em>\n\t\t\t\t\t<\/a>\n\t\t\t\t<\/div>\n\t\t\t\t<\/div><\/div><\/div><\/div><div id=\"pgc-9-0-1\"  class=\"panel-grid-cell\" ><div id=\"panel-9-0-1-0\" class=\"so-panel widget widget_sow-editor panel-first-child panel-last-child\" data-index=\"1\" ><div class=\"so-widget-sow-editor so-widget-sow-editor-base\">\n<div class=\"siteorigin-widget-tinymce textwidget\">\n\t<p>Hos oss luktar det cykelaff\u00e4r n\u00e4r du kommer in genom d\u00f6rrarna. Vi s\u00e4ljer kvalitetscyklar f\u00f6r f\u00f6r varje behov s\u00e5 oavsett om du s\u00f6ker en t\u00e4vlingsmontain bike, en racer, en vanlig damcykel eller barncykel s\u00e5 har vi m\u00e5nga alternativ. Givetvis har vi \u00e4ven tillbeh\u00f6r och reservdelar samt egen verkstad s\u00e5 att vi kan ge Dig den service och hj\u00e4lp Du har r\u00e4tt att kr\u00e4va. Det \u00e4r skillnad p\u00e5 cyklar och cyklar och cyklister och cyklister, hos oss f\u00e5r du alltid provcykla innan du best\u00e4mmer dig s\u00e5 du f\u00e5r en cykel som passar just dig.. Alla cyklar vi s\u00e4ljer \u00e4r alltid helt f\u00e4rdigmonterade och injusterade, dessutom bjuder vi p\u00e5 den viktiga f\u00f6rsta service efter 2-4 veckor.<\/p>\n<\/div>\n<\/div><\/div><\/div><\/div><div id=\"pg-9-1\"  class=\"panel-grid panel-no-style\" ><div id=\"pgc-9-1-0\"  class=\"panel-grid-cell\" ><div id=\"panel-9-1-0-0\" class=\"so-panel widget widget_sow-editor panel-first-child\" data-index=\"2\" ><div class=\"so-widget-sow-editor so-widget-sow-editor-base\"><h3 class=\"widget-title\">Kvalitet l\u00f6nar sig\u00a0<\/h3>\n<div class=\"siteorigin-widget-tinymce textwidget\">\n\t<h4>V\u00e4rdegaranti barncyklar:\u00a0<\/h4>\n<p>V\u00e5ra cyklar h\u00e5ller v\u00e4rdet. K\u00f6per du en barncykel (upp till 24\") av oss garanterar vi att betala minst h\u00e4lften tillbaks vid byte till ny st\u00f6rre cykel inom 25 m\u00e5nader. (g\u00e4ller normalanv\u00e4nd cykel)<\/p>\n<\/div>\n<\/div><\/div><div id=\"panel-9-1-0-1\" class=\"so-panel widget widget_virtue_about_with_image virtue_about_with_image panel-last-child\" data-index=\"3\" ><div class=\"kad_img_upload_widget kt-shape-type- kt-image-align-center kt-image-widget-widget-1-0-1\"><div class=\"kt-image-contain  \"><div class=\"kt-image-inner-contain\"><img width=\"1120\" height=\"745\" src=\"https:\/\/www.gelweluthyrning.se\/wp-content\/uploads\/2016\/01\/Merida-Junior.jpg\" class=\"attachment-full size-full\" alt=\"V\u00e4rdegaranti barncyklar\" loading=\"lazy\" srcset=\"https:\/\/www.gelweluthyrning.se\/wp-content\/uploads\/2016\/01\/Merida-Junior.jpg 1120w, https:\/\/www.gelweluthyrning.se\/wp-content\/uploads\/2016\/01\/Merida-Junior-300x200.jpg 300w, https:\/\/www.gelweluthyrning.se\/wp-content\/uploads\/2016\/01\/Merida-Junior-272x182.jpg 272w\" sizes=\"(max-width: 1120px) 100vw, 1120px\" \/><\/div><\/div><\/div><\/div><\/div><div id=\"pgc-9-1-1\"  class=\"panel-grid-cell\" ><div id=\"panel-9-1-1-0\" class=\"so-panel widget widget_sow-editor panel-first-child\" data-index=\"4\" ><div class=\"panel-widget-style panel-widget-style-for-9-1-1-0\" ><div class=\"so-widget-sow-editor so-widget-sow-editor-base\"><h3 class=\"widget-title\">Elcykel<\/h3>\n<div class=\"siteorigin-widget-tinymce textwidget\">\n\t<p>Hos oss finner du ett riktigt stort program med cyklar fr\u00e5n Batavus. Promovec, Merida, e-Green, Tunturi och Skeppshult. H\u00e4r finns b\u00e5de typiska damcyklar men ocks\u00e5 mountainbike och Hybrider.<\/p>\n<\/div>\n<\/div><\/div><\/div><div id=\"panel-9-1-1-1\" class=\"so-panel widget widget_sow-image panel-last-child\" data-index=\"5\" ><div class=\"so-widget-sow-image so-widget-sow-image-default-d6014b76747a\">\n\n<div class=\"sow-image-container\">\n\t<img src=\"https:\/\/www.gelweluthyrning.se\/wp-content\/uploads\/2016\/01\/Elcykelpar.jpg\" width=\"1120\" height=\"747\" srcset=\"https:\/\/www.gelweluthyrning.se\/wp-content\/uploads\/2016\/01\/Elcykelpar.jpg 1120w, https:\/\/www.gelweluthyrning.se\/wp-content\/uploads\/2016\/01\/Elcykelpar-300x200.jpg 300w, https:\/\/www.gelweluthyrning.se\/wp-content\/uploads\/2016\/01\/Elcykelpar-272x182.jpg 272w\" sizes=\"(max-width: 1120px) 100vw, 1120px\" alt=\"\" \t\tclass=\"so-widget-image\"\/>\n<\/div>\n\n<\/div><\/div><\/div><\/div><div id=\"pg-9-2\"  class=\"panel-grid panel-no-style\" ><div id=\"pgc-9-2-0\"  class=\"panel-grid-cell\" ><div id=\"panel-9-2-0-0\" class=\"so-panel widget widget_sow-editor panel-first-child panel-last-child\" data-index=\"6\" ><div class=\"so-widget-sow-editor so-widget-sow-editor-base\">\n<div class=\"siteorigin-widget-tinymce textwidget\">\n\t<p>Nedan n\u00e5gra l\u00e4nkar till v\u00e5ra st\u00f6rsta leverant\u00f6rer. D\u00e4r finns hela modellprogrammen upplagda.<\/p>\n<\/div>\n<\/div><\/div><\/div><\/div><div id=\"pg-9-3\"  class=\"panel-grid panel-no-style\" ><div id=\"pgc-9-3-0\"  class=\"panel-grid-cell\" ><div id=\"panel-9-3-0-0\" class=\"so-panel widget widget_siteorigin-panels-builder panel-first-child panel-last-child\" data-index=\"7\" ><div id=\"pl-w5e2c0b395cfc4\"  class=\"panel-layout\" ><div id=\"pg-w5e2c0b395cfc4-0\"  class=\"panel-grid panel-no-style\" ><div id=\"pgc-w5e2c0b395cfc4-0-0\"  class=\"panel-grid-cell\" ><div id=\"panel-w5e2c0b395cfc4-0-0-0\" class=\"so-panel widget widget_virtue_about_with_image virtue_about_with_image panel-first-child panel-last-child\" data-index=\"0\" ><div class=\"kad_img_upload_widget kt-shape-type-kt-image-shape-standard kt-image-align-center kt-image-widget-widget-0-0-0\"><a href=\"http:\/\/www.gelwel.se\/?page_id=%205738\" target=\"_self\"><div class=\"kt-image-contain kt-image-shadow-none kt-image-shape-standard\"><div class=\"kt-image-inner-contain\"><img width=\"150\" height=\"99\" src=\"https:\/\/www.gelweluthyrning.se\/wp-content\/uploads\/2019\/01\/LOGO-ADDBIKE-150px.png\" class=\"attachment-full size-full\" alt=\"\" loading=\"lazy\" \/><\/div><\/div><\/a><\/div><\/div><\/div><div id=\"pgc-w5e2c0b395cfc4-0-1\"  class=\"panel-grid-cell\" ><div id=\"panel-w5e2c0b395cfc4-0-1-0\" class=\"so-panel widget widget_sow-editor panel-first-child panel-last-child\" data-index=\"1\" ><div class=\"so-widget-sow-editor so-widget-sow-editor-base\">\n<div class=\"siteorigin-widget-tinymce textwidget\">\n\t<p>G\u00f6r om din cykel till en trehjulig lastcykel som lutar som en riktig cykel i kurvorna. Klicka p\u00e5 loggan f\u00f6r mer info<\/p>\n<\/div>\n<\/div><\/div><\/div><\/div><div id=\"pg-w5e2c0b395cfc4-1\"  class=\"panel-grid panel-no-style\" ><div id=\"pgc-w5e2c0b395cfc4-1-0\"  class=\"panel-grid-cell\" ><div id=\"panel-w5e2c0b395cfc4-1-0-0\" class=\"so-panel widget widget_virtue_about_with_image virtue_about_with_image panel-first-child panel-last-child\" data-index=\"2\" ><div class=\"kad_img_upload_widget kt-shape-type- kt-image-align-center kt-image-widget-widget-1-0-0\"><a href=\"http:\/\/www.gelwel.se\/?page_id=938\" target=\"_self\"><div class=\"kt-image-contain  \"><div class=\"kt-image-inner-contain\"><img width=\"320\" height=\"41\" src=\"https:\/\/www.gelweluthyrning.se\/wp-content\/uploads\/2016\/01\/Brompton_Logo_black_red_sidexside.jpeg\" class=\"attachment-full size-full\" alt=\"\" loading=\"lazy\" srcset=\"https:\/\/www.gelweluthyrning.se\/wp-content\/uploads\/2016\/01\/Brompton_Logo_black_red_sidexside.jpeg 320w, https:\/\/www.gelweluthyrning.se\/wp-content\/uploads\/2016\/01\/Brompton_Logo_black_red_sidexside-300x38.jpeg 300w\" sizes=\"(max-width: 320px) 100vw, 320px\" \/><\/div><\/div><\/a><\/div><\/div><\/div><div id=\"pgc-w5e2c0b395cfc4-1-1\"  class=\"panel-grid-cell\" ><div id=\"panel-w5e2c0b395cfc4-1-1-0\" class=\"so-panel widget widget_sow-editor panel-first-child panel-last-child\" data-index=\"3\" ><div class=\"so-widget-sow-editor so-widget-sow-editor-base\">\n<div class=\"siteorigin-widget-tinymce textwidget\">\n\t<p>Troligtvis den b\u00e4sta hopf\u00e4llbara cyklen p\u00e5 marknaden, idialisk f\u00f6r pendlare, husvagns\u00e4gare, seglare, utlandsresen\u00e4rer m fl. Klicka p\u00e5 loggan f\u00f6r mer info<\/p>\n<\/div>\n<\/div><\/div><\/div><\/div><div id=\"pg-w5e2c0b395cfc4-2\"  class=\"panel-grid panel-no-style\" ><div id=\"pgc-w5e2c0b395cfc4-2-0\"  class=\"panel-grid-cell\" ><div id=\"panel-w5e2c0b395cfc4-2-0-0\" class=\"so-panel widget widget_virtue_about_with_image virtue_about_with_image panel-first-child panel-last-child\" data-index=\"4\" ><div class=\"kad_img_upload_widget kt-shape-type-kt-image-shape-standard kt-image-align-center kt-image-widget-widget-2-0-0\"><a href=\"http:\/\/www.gelwel.se\/?page_id=7046\" target=\"_blank\"><div class=\"kt-image-contain kt-image-shadow-none kt-image-shape-standard\"><div class=\"kt-image-inner-contain\"><img width=\"157\" height=\"91\" src=\"https:\/\/www.gelweluthyrning.se\/wp-content\/uploads\/2016\/01\/skeppshultslogo.jpg\" class=\"attachment-full size-full\" alt=\"Logga\" loading=\"lazy\" \/><\/div><\/div><\/a><\/div><\/div><\/div><div id=\"pgc-w5e2c0b395cfc4-2-1\"  class=\"panel-grid-cell\" ><div id=\"panel-w5e2c0b395cfc4-2-1-0\" class=\"so-panel widget widget_sow-editor panel-first-child panel-last-child\" data-index=\"5\" ><div class=\"so-widget-sow-editor so-widget-sow-editor-base\">\n<div class=\"siteorigin-widget-tinymce textwidget\">\n\t<p>Kvalitetscykel fr\u00e5n den enda svenska cykeltillverkare som har gjort egna ramar sedan starten 1920. Modern teknik blandad med genuint hantverk. Klicka p\u00e5 loggan f\u00f6r att f\u00e5 se hela modellprogrammet.<\/p>\n<\/div>\n<\/div><\/div><\/div><\/div><div id=\"pg-w5e2c0b395cfc4-3\"  class=\"panel-grid panel-no-style\" ><div id=\"pgc-w5e2c0b395cfc4-3-0\"  class=\"panel-grid-cell\" ><div id=\"panel-w5e2c0b395cfc4-3-0-0\" class=\"so-panel widget widget_virtue_about_with_image virtue_about_with_image panel-first-child panel-last-child\" data-index=\"6\" ><div class=\"kad_img_upload_widget kt-shape-type-kt-image-shape-standard kt-image-align-center kt-image-widget-widget-3-0-0\"><a href=\"http:\/\/www.gelwel.se\/?page_id=7269\" target=\"_blank\"><div class=\"kt-image-contain kt-image-shadow-none kt-image-shape-standard\"><div class=\"kt-image-inner-contain\"><img width=\"800\" height=\"220\" src=\"https:\/\/www.gelweluthyrning.se\/wp-content\/uploads\/2016\/01\/Meridalogga.jpg\" class=\"attachment-full size-full\" alt=\"\" loading=\"lazy\" srcset=\"https:\/\/www.gelweluthyrning.se\/wp-content\/uploads\/2016\/01\/Meridalogga.jpg 800w, https:\/\/www.gelweluthyrning.se\/wp-content\/uploads\/2016\/01\/Meridalogga-300x83.jpg 300w\" sizes=\"(max-width: 800px) 100vw, 800px\" \/><\/div><\/div><\/a><\/div><\/div><\/div><div id=\"pgc-w5e2c0b395cfc4-3-1\"  class=\"panel-grid-cell\" ><div id=\"panel-w5e2c0b395cfc4-3-1-0\" class=\"so-panel widget widget_sow-editor panel-first-child panel-last-child\" data-index=\"7\" ><div class=\"so-widget-sow-editor so-widget-sow-editor-base\">\n<div class=\"siteorigin-widget-tinymce textwidget\">\n\t<p>Merida \u00e4r en av v\u00e4rlden st\u00f6rsta cykeltillverkare och \u00e4r en av de tillverkare som driver fram tekniken. Allt fr\u00e5n vardagscyklar till de mest extrema racers eller mountainbikes. Se det svenska programmet p\u00e5<a title=\"Se hela modellprogramet p\u00e5 Merida Sverige AB\" href=\"http:\/\/www.gelwel.se\/?page_id=7269\" target=\"_new\">\u00a0Meridastore.se<\/a><\/p>\n<\/div>\n<\/div><\/div><\/div><\/div><div id=\"pg-w5e2c0b395cfc4-4\"  class=\"panel-grid panel-no-style\" ><div id=\"pgc-w5e2c0b395cfc4-4-0\"  class=\"panel-grid-cell\" ><div id=\"panel-w5e2c0b395cfc4-4-0-0\" class=\"so-panel widget widget_virtue_about_with_image virtue_about_with_image panel-first-child panel-last-child\" data-index=\"8\" ><div class=\"kad_img_upload_widget kt-shape-type-kt-image-shape-standard kt-image-align-center kt-image-widget-widget-4-0-0\"><a href=\"http:\/\/www.gelwel.se\/wp-content\/uploads\/2016\/01\/hovdinglogo.png\" target=\"_blank\"><div class=\"kt-image-contain kt-image-shadow-none kt-image-shape-standard\"><div class=\"kt-image-inner-contain\"><img width=\"275\" height=\"71\" src=\"https:\/\/www.gelweluthyrning.se\/wp-content\/uploads\/2016\/01\/hovdinglogo.png\" class=\"attachment-full size-full\" alt=\"\" loading=\"lazy\" srcset=\"https:\/\/www.gelweluthyrning.se\/wp-content\/uploads\/2016\/01\/hovdinglogo.png 275w, https:\/\/www.gelweluthyrning.se\/wp-content\/uploads\/2016\/01\/hovdinglogo-272x71.png 272w\" sizes=\"(max-width: 275px) 100vw, 275px\" \/><\/div><\/div><\/a><\/div><\/div><\/div><div id=\"pgc-w5e2c0b395cfc4-4-1\"  class=\"panel-grid-cell\" ><div id=\"panel-w5e2c0b395cfc4-4-1-0\" class=\"so-panel widget widget_sow-editor panel-first-child panel-last-child\" data-index=\"9\" ><div class=\"so-widget-sow-editor so-widget-sow-editor-base\">\n<div class=\"siteorigin-widget-tinymce textwidget\">\n\t<p>H\u00f6vding \u00e4r en airbagcykelhj\u00e4lm som erbjuder v\u00e4rldens b\u00e4sta st\u00f6tupptagningsf\u00f6rm\u00e5ga. Skyddet \u00e4r \u00f6verl\u00e4gset \u00e4n vanlig hj\u00e4lm. Oberoende forskare har kommit fram till att H\u00f6vding \u00e4r 8 X s\u00e4krare \u00e4n en vanlig hj\u00e4lm. Prova den hos oss !<\/p>\n<\/div>\n<\/div><\/div><\/div><\/div><div id=\"pg-w5e2c0b395cfc4-5\"  class=\"panel-grid panel-no-style\" ><div id=\"pgc-w5e2c0b395cfc4-5-0\"  class=\"panel-grid-cell\" ><div id=\"panel-w5e2c0b395cfc4-5-0-0\" class=\"so-panel widget widget_virtue_about_with_image virtue_about_with_image panel-first-child panel-last-child\" data-index=\"10\" ><div class=\"kad_img_upload_widget kt-shape-type-kt-image-shape-standard kt-image-align-center kt-image-widget-widget-5-0-0\"><a href=\"http:\/\/www.gelwel.se\/?page_id=7275\" target=\"_blank\"><div class=\"kt-image-contain kt-image-shadow-none kt-image-shape-standard\"><div class=\"kt-image-inner-contain\"><img width=\"320\" height=\"58\" src=\"https:\/\/www.gelweluthyrning.se\/wp-content\/uploads\/2018\/07\/TWS-logga.jpg\" class=\"attachment-full size-full\" alt=\"TWS\" loading=\"lazy\" srcset=\"https:\/\/www.gelweluthyrning.se\/wp-content\/uploads\/2018\/07\/TWS-logga.jpg 320w, https:\/\/www.gelweluthyrning.se\/wp-content\/uploads\/2018\/07\/TWS-logga-300x54.jpg 300w\" sizes=\"(max-width: 320px) 100vw, 320px\" \/><\/div><\/div><\/a><\/div><\/div><\/div><div id=\"pgc-w5e2c0b395cfc4-5-1\"  class=\"panel-grid-cell\" ><div id=\"panel-w5e2c0b395cfc4-5-1-0\" class=\"so-panel widget widget_sow-editor panel-first-child panel-last-child\" data-index=\"11\" ><div class=\"so-widget-sow-editor so-widget-sow-editor-base\">\n<div class=\"siteorigin-widget-tinymce textwidget\">\n\t<p>TWS Elcyklar \u00e4r designade i Sverige f\u00f6r det Svenska klimatet och kraven p\u00e5 komponeter av h\u00f6gsta kvalitet. De olika modellerna finner du p\u00e5 <a href=\"http:\/\/www.gelwel.se\/?page_id=7275\" target=\"_blank\" rel=\"noopener\">JOFRABS hemsida<\/a><\/p>\n<\/div>\n<\/div><\/div><\/div><\/div><div id=\"pg-w5e2c0b395cfc4-6\"  class=\"panel-grid panel-no-style\" ><div id=\"pgc-w5e2c0b395cfc4-6-0\"  class=\"panel-grid-cell\" ><div id=\"panel-w5e2c0b395cfc4-6-0-0\" class=\"so-panel widget widget_virtue_about_with_image virtue_about_with_image panel-first-child panel-last-child\" data-index=\"12\" ><div class=\"kad_img_upload_widget kt-shape-type-kt-image-shape-standard kt-image-align-center kt-image-widget-widget-6-0-0\"><a href=\"http:\/\/batavus.se\" target=\"_blank\"><div class=\"kt-image-contain kt-image-shadow-none kt-image-shape-standard\"><div class=\"kt-image-inner-contain\"><img width=\"300\" height=\"37\" src=\"https:\/\/www.gelweluthyrning.se\/wp-content\/uploads\/2016\/01\/BATAVUS_logo_CMYK-300x37.png\" class=\"attachment-full size-full\" alt=\"Batavus logga\" loading=\"lazy\" \/><\/div><\/div><\/a><\/div><\/div><\/div><div id=\"pgc-w5e2c0b395cfc4-6-1\"  class=\"panel-grid-cell\" ><div id=\"panel-w5e2c0b395cfc4-6-1-0\" class=\"so-panel widget widget_sow-editor panel-first-child panel-last-child\" data-index=\"13\" ><div class=\"so-widget-sow-editor so-widget-sow-editor-base\">\n<div class=\"siteorigin-widget-tinymce textwidget\">\n\t<p>Batavus\u00a0\u00e4r ett Holl\u00e4nskt cykelm\u00e4rke, k\u00e4nt f\u00f6r h\u00f6g kvalite. Holl\u00e4ndarna \u00e4r ett cyklande folk och varje dag g\u00f6rs det 17 miljoner cykelresor i Holland s\u00e5 de har en fin hemmamarknad att utvecklas p\u00e5. De cyklar vi s\u00e4ljer fr\u00e5n Batavus \u00e4r fr\u00e4mst deras elcyklar som vi finner v\u00e4ldesignade och prisv\u00e4rda.<\/p>\n<\/div>\n<\/div><\/div><\/div><\/div><\/div><\/div><\/div><div id=\"pgc-9-3-1\"  class=\"panel-grid-cell\" ><div id=\"panel-9-3-1-0\" class=\"so-panel widget widget_sow-editor panel-first-child panel-last-child\" data-index=\"8\" ><div class=\"so-widget-sow-editor so-widget-sow-editor-base\">\n<div class=\"siteorigin-widget-tinymce textwidget\">\n\t<h3 style=\"text-align: center;\">Just nu !<\/h3>\n<p>Se fler aktuella erbjudande i v\u00e5r butik p\u00e5 blocket<\/p>\n<p>.<iframe class=\"IframeBox\" src=\"https:\/\/www.blocket.se\/store_box.htm?ca=23_6&amp;id=16525\" width=\"300\" height=\"285\" frameborder=\"0\" scrolling=\"no\" align=\"top\"><\/iframe><\/p>\n<\/div>\n<\/div><\/div><\/div><\/div><div id=\"pg-9-4\"  class=\"panel-grid panel-no-style\" ><div id=\"pgc-9-4-0\"  class=\"panel-grid-cell\" ><div id=\"panel-9-4-0-0\" class=\"so-panel widget widget_text panel-first-child panel-last-child\" data-index=\"9\" >\t\t\t<div class=\"textwidget\"><\/div>\n\t\t<\/div><\/div><\/div><\/div>","protected":false},"excerpt":{"rendered":"<p>Hos oss luktar det cykelaff\u00e4r n\u00e4r du kommer in genom d\u00f6rrarna. Vi s\u00e4ljer kvalitetscyklar f\u00f6r f\u00f6r varje behov s\u00e5 oavsett om du s\u00f6ker en t\u00e4vlingsmontain bike, en racer, en vanlig damcykel eller barncykel s\u00e5 har vi m\u00e5nga alternativ. Givetvis har &hellip; <a class=\"kt-excerpt-readmore\" href=\"https:\/\/www.gelweluthyrning.se\/?page_id=9\" aria-label=\"V\u00e4lkommen till en v\u00e4lsorterad cykelaff\u00e4r\">L\u00e4s mer<\/a><\/p>\n","protected":false},"author":1,"featured_media":0,"parent":2,"menu_order":0,"comment_status":"closed","ping_status":"closed","template":"page-fullwidth.php","meta":{"kt_blocks_editor_width":""},"kb_featured_image_src_large":false,"kb_author_info":{"display_name":"per","author_link":"https:\/\/www.gelweluthyrning.se\/?author=1","author_image":"https:\/\/secure.gravatar.com\/avatar\/250821d350f2213e36bf942f193b8969?s=96&d=mm&r=g"},"kb_comment_info":0,"_links":{"self":[{"href":"https:\/\/www.gelweluthyrning.se\/index.php?rest_route=\/wp\/v2\/pages\/9"}],"collection":[{"href":"https:\/\/www.gelweluthyrning.se\/index.php?rest_route=\/wp\/v2\/pages"}],"about":[{"href":"https:\/\/www.gelweluthyrning.se\/index.php?rest_route=\/wp\/v2\/types\/page"}],"author":[{"embeddable":true,"href":"https:\/\/www.gelweluthyrning.se\/index.php?rest_route=\/wp\/v2\/users\/1"}],"replies":[{"embeddable":true,"href":"https:\/\/www.gelweluthyrning.se\/index.php?rest_route=%2Fwp%2Fv2%2Fcomments&post=9"}],"version-history":[{"count":103,"href":"https:\/\/www.gelweluthyrning.se\/index.php?rest_route=\/wp\/v2\/pages\/9\/revisions"}],"predecessor-version":[{"id":7278,"href":"https:\/\/www.gelweluthyrning.se\/index.php?rest_route=\/wp\/v2\/pages\/9\/revisions\/7278"}],"up":[{"embeddable":true,"href":"https:\/\/www.gelweluthyrning.se\/index.php?rest_route=\/wp\/v2\/pages\/2"}],"wp:attachment":[{"href":"https:\/\/www.gelweluthyrning.se\/index.php?rest_route=%2Fwp%2Fv2%2Fmedia&parent=9"}],"curies":[{"name":"wp","href":"https:\/\/api.w.org\/{rel}","templated":true}]}}