{"id":8931,"date":"2021-11-14T17:50:48","date_gmt":"2021-11-14T16:50:48","guid":{"rendered":"http:\/\/www.gelwel.se\/?page_id=8931"},"modified":"2021-11-14T17:51:16","modified_gmt":"2021-11-14T16:51:16","slug":"wackereh911-2","status":"publish","type":"page","link":"https:\/\/www.gelweluthyrning.se\/?page_id=8931","title":{"rendered":"Bilningsmaskin Milwaukee K900 uthyres"},"content":{"rendered":"<div id=\"pl-8931\"  class=\"panel-layout\" ><div id=\"pg-8931-0\"  class=\"panel-grid panel-no-style\" ><div id=\"pgc-8931-0-0\"  class=\"panel-grid-cell\" ><div id=\"panel-8931-0-0-0\" class=\"so-panel widget widget_sow-editor panel-first-child panel-last-child\" data-index=\"0\" ><div class=\"so-widget-sow-editor so-widget-sow-editor-base\">\n<div class=\"siteorigin-widget-tinymce textwidget\">\n\t<h1>\u00a0<\/h1>\n<h1 align=\"center\">\u00a0<\/h1>\n<\/div>\n<\/div><\/div><\/div><\/div><div id=\"pg-8931-1\"  class=\"panel-grid panel-no-style\" ><div id=\"pgc-8931-1-0\"  class=\"panel-grid-cell\" ><div id=\"panel-8931-1-0-0\" class=\"so-panel widget widget_virtue_about_with_image virtue_about_with_image panel-first-child panel-last-child\" data-index=\"1\" ><div class=\"kad_img_upload_widget kt-shape-type-kt-image-shape-standard kt-image-align-center kt-image-widget-widget-1-0-0\"><div class=\"kt-image-contain kt-image-shadow-none kt-image-shape-standard\"><div class=\"kt-image-inner-contain\"><img width=\"846\" height=\"450\" src=\"https:\/\/www.gelweluthyrning.se\/wp-content\/uploads\/2021\/11\/Helbild-Milwaukee-K900S.png\" class=\"attachment-full size-full\" alt=\"Milwaukee K900S\" loading=\"lazy\" srcset=\"https:\/\/www.gelweluthyrning.se\/wp-content\/uploads\/2021\/11\/Helbild-Milwaukee-K900S.png 846w, https:\/\/www.gelweluthyrning.se\/wp-content\/uploads\/2021\/11\/Helbild-Milwaukee-K900S-300x160.png 300w\" sizes=\"(max-width: 846px) 100vw, 846px\" \/><\/div><\/div><div class=\"virtue_image_widget_caption kadence_image_widget_caption\">\t\t\t\t\t\t\t\t \t\t<\/div><\/div><\/div><\/div><div id=\"pgc-8931-1-1\"  class=\"panel-grid-cell\" ><div id=\"panel-8931-1-1-0\" class=\"so-panel widget widget_sow-editor panel-first-child\" data-index=\"2\" ><div class=\"so-widget-sow-editor so-widget-sow-editor-base\">\n<div class=\"siteorigin-widget-tinymce textwidget\">\n\t<\/div>\n<\/div><\/div><div id=\"panel-8931-1-1-1\" class=\"so-panel widget widget_sow-editor panel-last-child\" data-index=\"3\" ><div class=\"so-widget-sow-editor so-widget-sow-editor-base\">\n<div class=\"siteorigin-widget-tinymce textwidget\">\n\t<h1>Bilningshammare Milwaukee K 900 S<\/h1>\n<p>Kraftig elektrisk mejselhammare f\u00f6r bilning b\u00e5de ned\u00e5t eller horisontellt. Kraftigt slag p\u00e5 hela 20 J.<\/p>\n<p>1600 W motor \u2013 b\u00e4st prestanda i sin klass med massor av kraft i reserv f\u00f6r de extra tunga applikationerna<\/p>\n<p>DIGITRONIC\u2122 helv\u00e5gselektronik f\u00f6r materialanpassad varvtalsreglering<\/p>\n<\/div>\n<\/div><\/div><\/div><\/div><div id=\"pg-8931-2\"  class=\"panel-grid panel-no-style\" ><div id=\"pgc-8931-2-0\"  class=\"panel-grid-cell\" ><div id=\"panel-8931-2-0-0\" class=\"so-panel widget widget_sow-editor panel-first-child panel-last-child\" data-index=\"4\" ><div class=\"so-widget-sow-editor so-widget-sow-editor-base\">\n<div class=\"siteorigin-widget-tinymce textwidget\">\n\t<h3 style=\"padding-left: 30px;\">Teknisk info<\/h3>\n<p style=\"padding-left: 60px;\">\n<ul class=\"nav nav-tabs sc_tabs\"><li class=\"active\"><a href=\"#sctab8290\" rel=\"nofollow\">Tekniska data<\/a><\/li>\n<li class=\"\"><a href=\"#sctab8291\" rel=\"nofollow\">Dokumentation<\/a><\/li><\/ul> <div class=\"tab-content postclass\"><div class=\"tab-pane clearfix active\" id=\"sctab8290\"><\/p>\n<table>\n<tbody>\n<tr>\n<td>Modell<\/td>\n<td>K 900 S<\/td>\n<\/tr>\n<tr>\n<td>Effekt<\/td>\n<td>1600 W<\/td>\n<\/tr>\n<tr>\n<td>Slagenergi (EPTA)<\/td>\n<td>20 J<\/td>\n<\/tr>\n<tr>\n<td>Slagantal belastat<\/td>\n<td>1200 Slag\/minut<\/td>\n<\/tr>\n<tr>\n<td>Vibrationsniv\u00e5<\/td>\n<td>11m\/s\u00b2<\/td>\n<\/tr>\n<tr>\n<td>Vikt<\/td>\n<td>11 kg<\/td>\n<\/tr>\n<\/tbody>\n<\/table>\n<p><\/div>\n<div class=\"tab-pane clearfix \" id=\"sctab8291\"><\/p>\n<p style=\"padding-left: 30px;\"><div class=\"row\"> <div class=\"col-md-6  \">Datablad<a href=\"http:\/\/www.gelwel.se\/wp-content\/uploads\/2021\/11\/produktblad-K_900_S.pdf\" target=\"_blank\" rel=\"noopener\"><img class=\"alignnone size-full wp-image-703\" src=\"http:\/\/www.gelwel.se\/wp-content\/uploads\/2016\/02\/Pdf50x48.jpg\" alt=\"Pdf50x48\" width=\"50\" height=\"48\" \/><\/a><\/p>\n<p style=\"padding-left: 30px;\"><\/div><div class=\"col-md-6  \"><\/p>\n<p>Instruktionbok<a href=\"http:\/\/www.gelwel.se\/wp-content\/uploads\/2021\/11\/instruktion-K900S.pdf\"><img class=\"alignnone size-full wp-image-703\" src=\"http:\/\/www.gelwel.se\/wp-content\/uploads\/2016\/02\/Pdf50x48.jpg\" alt=\"Pdf50x48\" width=\"50\" height=\"48\" \/><\/a><\/p>\n<p style=\"padding-left: 30px;\"><\/div><\/div><\/p>\n<p style=\"padding-left: 30px;\"><\/div><\/div>\n<\/p>\n<\/div>\n<\/div><\/div><\/div><div id=\"pgc-8931-2-1\"  class=\"panel-grid-cell\" ><div id=\"panel-8931-2-1-0\" class=\"so-panel widget widget_virtue_gallery_widget virtue_gallery_widget panel-first-child panel-last-child\" data-index=\"5\" ><div id=\"kad-wp-gallery180\" class=\"kad-wp-gallery gallery kt-gallery-column-2 init-isotope-intrinsic reinit-isotope kad-light-wp-gallery clearfix rowtight\" data-fade-in=\"1\" data-iso-selector=\".g_item\" data-iso-style=\"masonry\" data-iso-filter=\"false\"><div class=\"tcol-lg-6 tcol-md-6 tcol-sm-6 tcol-xs-12 tcol-ss-12 g_item\"><div class=\"grid_item kt_item_fade_in kad_gallery_fade_in gallery_item\"><a href=\"https:\/\/www.gelweluthyrning.se\/wp-content\/uploads\/2021\/11\/Handtag-extra.png\" data-rel=\"lightbox\" class=\"lightboxhover\"><div class=\"kt-intrinsic\" style=\"padding-bottom:100%;\"><div itemprop=\"image\" itemscope itemtype=\"https:\/\/schema.org\/ImageObject\"><img width=\"560\" height=\"560\" src=\"https:\/\/www.gelweluthyrning.se\/wp-content\/uploads\/2021\/11\/Handtag-extra-560x560.png\" srcset=\"https:\/\/www.gelweluthyrning.se\/wp-content\/uploads\/2021\/11\/Handtag-extra-560x560.png 560w, https:\/\/www.gelweluthyrning.se\/wp-content\/uploads\/2021\/11\/Handtag-extra-150x150.png 150w\" sizes=\"(max-width: 560px) 100vw, 560px\" data-caption=\"Extra handtag som kan f\u00e4stas p\u00e5 sidan eller l\u00e4ngst upp\" class=\"light-dropshaddow\" itemprop=\"contentUrl\" alt=\"\"><meta itemprop=\"url\" content=\"https:\/\/www.gelweluthyrning.se\/wp-content\/uploads\/2021\/11\/Handtag-extra-560x560.png\"><meta itemprop=\"width\" content=\"560px\"><meta itemprop=\"height\" content=\"560px\"><\/div><\/div><\/a><\/div><\/div><div class=\"tcol-lg-6 tcol-md-6 tcol-sm-6 tcol-xs-12 tcol-ss-12 g_item\"><div class=\"grid_item kt_item_fade_in kad_gallery_fade_in gallery_item\"><a href=\"https:\/\/www.gelweluthyrning.se\/wp-content\/uploads\/2021\/11\/packning.png\" data-rel=\"lightbox\" class=\"lightboxhover\"><div class=\"kt-intrinsic\" style=\"padding-bottom:101.680672269%;\"><div itemprop=\"image\" itemscope itemtype=\"https:\/\/schema.org\/ImageObject\"><img width=\"476\" height=\"484\" src=\"https:\/\/www.gelweluthyrning.se\/wp-content\/uploads\/2021\/11\/packning.png\" srcset=\"https:\/\/www.gelweluthyrning.se\/wp-content\/uploads\/2021\/11\/packning.png 476w, https:\/\/www.gelweluthyrning.se\/wp-content\/uploads\/2021\/11\/packning-295x300.png 295w\" sizes=\"(max-width: 476px) 100vw, 476px\" data-caption=\"M\u00e5ngsidig\" class=\"light-dropshaddow\" itemprop=\"contentUrl\" alt=\"\"><meta itemprop=\"url\" content=\"https:\/\/www.gelweluthyrning.se\/wp-content\/uploads\/2021\/11\/packning.png\"><meta itemprop=\"width\" content=\"476px\"><meta itemprop=\"height\" content=\"484px\"><\/div><\/div><\/a><\/div><\/div><div class=\"tcol-lg-6 tcol-md-6 tcol-sm-6 tcol-xs-12 tcol-ss-12 g_item\"><div class=\"grid_item kt_item_fade_in kad_gallery_fade_in gallery_item\"><a href=\"https:\/\/www.gelweluthyrning.se\/wp-content\/uploads\/2021\/11\/Medelhojtarbete.png\" data-rel=\"lightbox\" class=\"lightboxhover\"><div class=\"kt-intrinsic\" style=\"padding-bottom:102.608695652%;\"><div itemprop=\"image\" itemscope itemtype=\"https:\/\/schema.org\/ImageObject\"><img width=\"460\" height=\"472\" src=\"https:\/\/www.gelweluthyrning.se\/wp-content\/uploads\/2021\/11\/Medelhojtarbete.png\" srcset=\"https:\/\/www.gelweluthyrning.se\/wp-content\/uploads\/2021\/11\/Medelhojtarbete.png 460w, https:\/\/www.gelweluthyrning.se\/wp-content\/uploads\/2021\/11\/Medelhojtarbete-292x300.png 292w\" sizes=\"(max-width: 460px) 100vw, 460px\" data-caption=\"Arbete i kn\u00e4h\u00f6jd\" class=\"light-dropshaddow\" itemprop=\"contentUrl\" alt=\"\"><meta itemprop=\"url\" content=\"https:\/\/www.gelweluthyrning.se\/wp-content\/uploads\/2021\/11\/Medelhojtarbete.png\"><meta itemprop=\"width\" content=\"460px\"><meta itemprop=\"height\" content=\"472px\"><\/div><\/div><\/a><\/div><\/div><div class=\"tcol-lg-6 tcol-md-6 tcol-sm-6 tcol-xs-12 tcol-ss-12 g_item\"><div class=\"grid_item kt_item_fade_in kad_gallery_fade_in gallery_item\"><a href=\"https:\/\/www.gelweluthyrning.se\/wp-content\/uploads\/2021\/11\/Arbete-ned.png\" data-rel=\"lightbox\" class=\"lightboxhover\"><div class=\"kt-intrinsic\" style=\"padding-bottom:100%;\"><div itemprop=\"image\" itemscope itemtype=\"https:\/\/schema.org\/ImageObject\"><img width=\"560\" height=\"560\" src=\"https:\/\/www.gelweluthyrning.se\/wp-content\/uploads\/2021\/11\/Arbete-ned-560x560.png\" srcset=\"https:\/\/www.gelweluthyrning.se\/wp-content\/uploads\/2021\/11\/Arbete-ned-560x560.png 560w, https:\/\/www.gelweluthyrning.se\/wp-content\/uploads\/2021\/11\/Arbete-ned-150x150.png 150w\" sizes=\"(max-width: 560px) 100vw, 560px\" data-caption=\"Arbete p\u00e5 golv med extra handtag\" class=\"light-dropshaddow\" itemprop=\"contentUrl\" alt=\"\"><meta itemprop=\"url\" content=\"https:\/\/www.gelweluthyrning.se\/wp-content\/uploads\/2021\/11\/Arbete-ned-560x560.png\"><meta itemprop=\"width\" content=\"560px\"><meta itemprop=\"height\" content=\"560px\"><\/div><\/div><\/a><\/div><\/div><\/div><\/div><\/div><\/div><div id=\"pg-8931-3\"  class=\"panel-grid panel-no-style\" ><div id=\"pgc-8931-3-0\"  class=\"panel-grid-cell\" ><div id=\"panel-8931-3-0-0\" class=\"so-panel widget widget_sow-editor panel-first-child panel-last-child\" data-index=\"6\" ><div class=\"so-widget-sow-editor so-widget-sow-editor-base\">\n<div class=\"siteorigin-widget-tinymce textwidget\">\n\t<h3>Pris<\/h3>\n\n<ul class=\"nav nav-tabs sc_tabs\"><li class=\"active\"><a href=\"#sctab7260\" rel=\"nofollow\">Pris<\/a><\/li>\n<li class=\"\"><a href=\"#sctab7261\" rel=\"nofollow\">F\u00f6rbrukningsmaterial<\/a><\/li>\n<li class=\"\"><a href=\"#sctab7262\" rel=\"nofollow\">Komplettera<\/a><\/li><\/ul> <div class=\"tab-content postclass\"><div class=\"tab-pane clearfix active\" id=\"sctab7260\"><br \/>\n<div class=\"row\"> <div class=\"col-md-3  \"><\/p>\n<h4>Pris dag 1<\/h4>\n<h4><span style=\"color: #ff0000;\">315\u00a0kr<\/span><\/h4>\n<p><\/div><div class=\"col-md-3  \"><\/p>\n<h4>Pris fr\u00e5n dag 2<\/h4>\n<h4><span style=\"color: #ff0000;\">190\u00a0kr<\/span><\/h4>\n<p><\/div><div class=\"col-md-3  \"><\/p>\n<h4>Helg<\/h4>\n<h4><span style=\"color: #ff0000;\">505\u00a0kr<\/span><\/h4>\n<p><\/div><div class=\"col-md-3  \"><\/p>\n<h4>Vecka<\/h4>\n<h4><span style=\"color: #ff0000;\">1075 kr<\/span><\/h4>\n<p><\/div><\/div><br \/>\nMoms ing\u00e5r i\u00a0alla priser. En mejsel och slipning ing\u00e5r i priset<\/p>\n<p><\/div>\n<div class=\"tab-pane clearfix \" id=\"sctab7261\"><\/p>\n<p><\/div>\n<div class=\"tab-pane clearfix \" id=\"sctab7262\"><\/p>\n<p>Elkabel 230V 10 Amp, 20 m. Extra l\u00e5ng mejsel +15 kr\/dag Bredmejslel 40 kr\/dag, extra slipning 50 kr\/st. <\/div><\/div>\n\n<\/div>\n<\/div><\/div><\/div><div id=\"pgc-8931-3-1\"  class=\"panel-grid-cell\" >\n\n        <div id=\"panel-8931-3-1-0\" class=\"so-panel widget widget_kadence_calltoaction_widget kadence_calltoaction_widget panel-first-child panel-last-child\" data-index=\"7\" ><div class=\"kt-ctaw clearfix\"><h1 class=\"kt-call-to-action-title\" style=\" font-size:40px; line-height:1.1; text-align:center; \"  data-max-size=\"40\" data-min-size=\"40\">Boka maskinen<\/h1><div style=\"text-align:center\"><a href=\"http:\/\/www.gelwel.se\/?page_id=585\" id=\"kadbtn48\" target=\"_self\" class=\"kad-btn btn-shortcode kad-btn-primary lg-kad-btn \" style=\" border: 0 solid; border-color:#000;  \" onMouseOver=\"\" onMouseOut=\"\">BOKA <\/a><\/div><\/div><\/div>\n    <\/div><\/div><div id=\"pg-8931-4\"  class=\"panel-grid panel-no-style\" ><div id=\"pgc-8931-4-0\"  class=\"panel-grid-cell panel-grid-cell-empty\" ><\/div><\/div><\/div>","protected":false},"excerpt":{"rendered":"<p>\u00a0\u00a0 Bilningshammare Milwaukee K 900 S Kraftig elektrisk mejselhammare f\u00f6r bilning b\u00e5de ned\u00e5t eller horisontellt. Kraftigt slag p\u00e5 hela 20 J. 1600 W motor \u2013 b\u00e4st prestanda i sin klass med massor av kraft i reserv f\u00f6r de extra tunga &hellip; <a class=\"kt-excerpt-readmore\" href=\"https:\/\/www.gelweluthyrning.se\/?page_id=8931\" aria-label=\"Bilningsmaskin Milwaukee K900 uthyres\">L\u00e4s mer<\/a><\/p>\n","protected":false},"author":1,"featured_media":0,"parent":11,"menu_order":0,"comment_status":"closed","ping_status":"closed","template":"page-fullwidth.php","meta":{"kt_blocks_editor_width":""},"kb_featured_image_src_large":false,"kb_author_info":{"display_name":"per","author_link":"https:\/\/www.gelweluthyrning.se\/?author=1","author_image":"https:\/\/secure.gravatar.com\/avatar\/250821d350f2213e36bf942f193b8969?s=96&d=mm&r=g"},"kb_comment_info":0,"_links":{"self":[{"href":"https:\/\/www.gelweluthyrning.se\/index.php?rest_route=\/wp\/v2\/pages\/8931"}],"collection":[{"href":"https:\/\/www.gelweluthyrning.se\/index.php?rest_route=\/wp\/v2\/pages"}],"about":[{"href":"https:\/\/www.gelweluthyrning.se\/index.php?rest_route=\/wp\/v2\/types\/page"}],"author":[{"embeddable":true,"href":"https:\/\/www.gelweluthyrning.se\/index.php?rest_route=\/wp\/v2\/users\/1"}],"replies":[{"embeddable":true,"href":"https:\/\/www.gelweluthyrning.se\/index.php?rest_route=%2Fwp%2Fv2%2Fcomments&post=8931"}],"version-history":[{"count":4,"href":"https:\/\/www.gelweluthyrning.se\/index.php?rest_route=\/wp\/v2\/pages\/8931\/revisions"}],"predecessor-version":[{"id":8942,"href":"https:\/\/www.gelweluthyrning.se\/index.php?rest_route=\/wp\/v2\/pages\/8931\/revisions\/8942"}],"up":[{"embeddable":true,"href":"https:\/\/www.gelweluthyrning.se\/index.php?rest_route=\/wp\/v2\/pages\/11"}],"wp:attachment":[{"href":"https:\/\/www.gelweluthyrning.se\/index.php?rest_route=%2Fwp%2Fv2%2Fmedia&parent=8931"}],"curies":[{"name":"wp","href":"https:\/\/api.w.org\/{rel}","templated":true}]}}