{"id":7103,"date":"2020-01-08T17:19:08","date_gmt":"2020-01-08T16:19:08","guid":{"rendered":"http:\/\/www.gelwel.se\/?page_id=7103"},"modified":"2020-01-14T11:27:09","modified_gmt":"2020-01-14T10:27:09","slug":"hantverkarstallning-2","status":"publish","type":"page","link":"https:\/\/www.gelweluthyrning.se\/?page_id=7103","title":{"rendered":"Monkey Tower uthyres"},"content":{"rendered":"<div id=\"pl-7103\"  class=\"panel-layout\" ><div id=\"pg-7103-0\"  class=\"panel-grid panel-no-style\" ><div id=\"pgc-7103-0-0\"  class=\"panel-grid-cell\" ><div id=\"panel-7103-0-0-0\" class=\"so-panel widget widget_sow-editor panel-first-child panel-last-child\" data-index=\"0\" ><div class=\"so-widget-sow-editor so-widget-sow-editor-base\">\n<div class=\"siteorigin-widget-tinymce textwidget\">\n\t<h1>\u00a0<\/h1>\n<h1 align=\"center\">\u00a0<\/h1>\n<\/div>\n<\/div><\/div><\/div><\/div><div id=\"pg-7103-1\"  class=\"panel-grid panel-no-style\" ><div id=\"pgc-7103-1-0\"  class=\"panel-grid-cell\" ><div id=\"panel-7103-1-0-0\" class=\"so-panel widget widget_text panel-first-child\" data-index=\"1\" >\t\t\t<div class=\"textwidget\"><p>&nbsp;<\/p>\n<p>&nbsp;<\/p>\n<\/div>\n\t\t<\/div><div id=\"panel-7103-1-0-1\" class=\"so-panel widget widget_virtue_gallery_widget virtue_gallery_widget panel-last-child\" data-index=\"2\" ><div id=\"kad-wp-gallery281\" class=\"kad-wp-gallery gallery kt-gallery-column-2 init-isotope-intrinsic reinit-isotope kad-light-wp-gallery clearfix rowtight\" data-fade-in=\"1\" data-iso-selector=\".g_item\" data-iso-style=\"masonry\" data-iso-filter=\"false\"><div class=\"tcol-lg-6 tcol-md-6 tcol-sm-6 tcol-xs-12 tcol-ss-12 g_item\"><div class=\"grid_item kt_item_fade_in kad_gallery_fade_in gallery_item\"><a href=\"https:\/\/www.gelweluthyrning.se\/wp-content\/uploads\/2020\/01\/monkeytowerklattring.jpg\" data-rel=\"lightbox\" class=\"lightboxhover\"><div class=\"kt-intrinsic\" style=\"padding-bottom:102.142857143%;\"><div itemprop=\"image\" itemscope itemtype=\"https:\/\/schema.org\/ImageObject\"><img width=\"560\" height=\"572\" src=\"https:\/\/www.gelweluthyrning.se\/wp-content\/uploads\/2020\/01\/monkeytowerklattring-560x572.jpg\" srcset=\"https:\/\/www.gelweluthyrning.se\/wp-content\/uploads\/2020\/01\/monkeytowerklattring-560x572.jpg 560w, https:\/\/www.gelweluthyrning.se\/wp-content\/uploads\/2020\/01\/monkeytowerklattring-294x300.jpg 294w, https:\/\/www.gelweluthyrning.se\/wp-content\/uploads\/2020\/01\/monkeytowerklattring-366x374.jpg 366w, https:\/\/www.gelweluthyrning.se\/wp-content\/uploads\/2020\/01\/monkeytowerklattring.jpg 608w\" sizes=\"(max-width: 560px) 100vw, 560px\" data-caption=\"Kl\u00e4ttra s\u00e4kert inuti st\u00e4llningen\" class=\"light-dropshaddow\" itemprop=\"contentUrl\" alt=\"\"><meta itemprop=\"url\" content=\"https:\/\/www.gelweluthyrning.se\/wp-content\/uploads\/2020\/01\/monkeytowerklattring-560x572.jpg\"><meta itemprop=\"width\" content=\"560px\"><meta itemprop=\"height\" content=\"572px\"><\/div><\/div><\/a><\/div><\/div><div class=\"tcol-lg-6 tcol-md-6 tcol-sm-6 tcol-xs-12 tcol-ss-12 g_item\"><div class=\"grid_item kt_item_fade_in kad_gallery_fade_in gallery_item\"><a href=\"https:\/\/www.gelweluthyrning.se\/wp-content\/uploads\/2020\/01\/bodar.jpg\" data-rel=\"lightbox\" class=\"lightboxhover\"><div class=\"kt-intrinsic\" style=\"padding-bottom:126.572008114%;\"><div itemprop=\"image\" itemscope itemtype=\"https:\/\/schema.org\/ImageObject\"><img width=\"493\" height=\"624\" src=\"https:\/\/www.gelweluthyrning.se\/wp-content\/uploads\/2020\/01\/bodar.jpg\" srcset=\"https:\/\/www.gelweluthyrning.se\/wp-content\/uploads\/2020\/01\/bodar.jpg 493w, https:\/\/www.gelweluthyrning.se\/wp-content\/uploads\/2020\/01\/bodar-237x300.jpg 237w, https:\/\/www.gelweluthyrning.se\/wp-content\/uploads\/2020\/01\/bodar-366x463.jpg 366w\" sizes=\"(max-width: 493px) 100vw, 493px\" data-caption=\"\" class=\"light-dropshaddow\" itemprop=\"contentUrl\" alt=\"\"><meta itemprop=\"url\" content=\"https:\/\/www.gelweluthyrning.se\/wp-content\/uploads\/2020\/01\/bodar.jpg\"><meta itemprop=\"width\" content=\"493px\"><meta itemprop=\"height\" content=\"624px\"><\/div><\/div><\/a><\/div><\/div><div class=\"tcol-lg-6 tcol-md-6 tcol-sm-6 tcol-xs-12 tcol-ss-12 g_item\"><div class=\"grid_item kt_item_fade_in kad_gallery_fade_in gallery_item\"><a href=\"https:\/\/www.gelweluthyrning.se\/wp-content\/uploads\/2020\/01\/monkeytower_malarna.jpg\" data-rel=\"lightbox\" class=\"lightboxhover\"><div class=\"kt-intrinsic\" style=\"padding-bottom:125.806451613%;\"><div itemprop=\"image\" itemscope itemtype=\"https:\/\/schema.org\/ImageObject\"><img width=\"496\" height=\"624\" src=\"https:\/\/www.gelweluthyrning.se\/wp-content\/uploads\/2020\/01\/monkeytower_malarna.jpg\" srcset=\"https:\/\/www.gelweluthyrning.se\/wp-content\/uploads\/2020\/01\/monkeytower_malarna.jpg 496w, https:\/\/www.gelweluthyrning.se\/wp-content\/uploads\/2020\/01\/monkeytower_malarna-238x300.jpg 238w, https:\/\/www.gelweluthyrning.se\/wp-content\/uploads\/2020\/01\/monkeytower_malarna-366x460.jpg 366w\" sizes=\"(max-width: 496px) 100vw, 496px\" data-caption=\"Max last 250 kg = 2 personer\" class=\"light-dropshaddow\" itemprop=\"contentUrl\" alt=\"\"><meta itemprop=\"url\" content=\"https:\/\/www.gelweluthyrning.se\/wp-content\/uploads\/2020\/01\/monkeytower_malarna.jpg\"><meta itemprop=\"width\" content=\"496px\"><meta itemprop=\"height\" content=\"624px\"><\/div><\/div><\/a><\/div><\/div><div class=\"tcol-lg-6 tcol-md-6 tcol-sm-6 tcol-xs-12 tcol-ss-12 g_item\"><div class=\"grid_item kt_item_fade_in kad_gallery_fade_in gallery_item\"><a href=\"https:\/\/www.gelweluthyrning.se\/wp-content\/uploads\/2020\/01\/towerdoor_lgomondorr.jpg\" data-rel=\"lightbox\" class=\"lightboxhover\"><div class=\"kt-intrinsic\" style=\"padding-bottom:126.572008114%;\"><div itemprop=\"image\" itemscope itemtype=\"https:\/\/schema.org\/ImageObject\"><img width=\"493\" height=\"624\" src=\"https:\/\/www.gelweluthyrning.se\/wp-content\/uploads\/2020\/01\/towerdoor_lgomondorr.jpg\" srcset=\"https:\/\/www.gelweluthyrning.se\/wp-content\/uploads\/2020\/01\/towerdoor_lgomondorr.jpg 493w, https:\/\/www.gelweluthyrning.se\/wp-content\/uploads\/2020\/01\/towerdoor_lgomondorr-237x300.jpg 237w, https:\/\/www.gelweluthyrning.se\/wp-content\/uploads\/2020\/01\/towerdoor_lgomondorr-366x463.jpg 366w\" sizes=\"(max-width: 493px) 100vw, 493px\" data-caption=\"Smal, kommer in genom 70 cm\" class=\"light-dropshaddow\" itemprop=\"contentUrl\" alt=\"\"><meta itemprop=\"url\" content=\"https:\/\/www.gelweluthyrning.se\/wp-content\/uploads\/2020\/01\/towerdoor_lgomondorr.jpg\"><meta itemprop=\"width\" content=\"493px\"><meta itemprop=\"height\" content=\"624px\"><\/div><\/div><\/a><\/div><\/div><div class=\"tcol-lg-6 tcol-md-6 tcol-sm-6 tcol-xs-12 tcol-ss-12 g_item\"><div class=\"grid_item kt_item_fade_in kad_gallery_fade_in gallery_item\"><a href=\"https:\/\/www.gelweluthyrning.se\/wp-content\/uploads\/2020\/01\/monkeytower_takinspektion.jpg\" data-rel=\"lightbox\" class=\"lightboxhover\"><div class=\"kt-intrinsic\" style=\"padding-bottom:156%;\"><div itemprop=\"image\" itemscope itemtype=\"https:\/\/schema.org\/ImageObject\"><img width=\"400\" height=\"624\" src=\"https:\/\/www.gelweluthyrning.se\/wp-content\/uploads\/2020\/01\/monkeytower_takinspektion.jpg\" srcset=\"https:\/\/www.gelweluthyrning.se\/wp-content\/uploads\/2020\/01\/monkeytower_takinspektion.jpg 400w, https:\/\/www.gelweluthyrning.se\/wp-content\/uploads\/2020\/01\/monkeytower_takinspektion-192x300.jpg 192w, https:\/\/www.gelweluthyrning.se\/wp-content\/uploads\/2020\/01\/monkeytower_takinspektion-366x571.jpg 366w\" sizes=\"(max-width: 400px) 100vw, 400px\" data-caption=\"S\u00e4ker plattform med fasta r\u00e4cken\" class=\"light-dropshaddow\" itemprop=\"contentUrl\" alt=\"\"><meta itemprop=\"url\" content=\"https:\/\/www.gelweluthyrning.se\/wp-content\/uploads\/2020\/01\/monkeytower_takinspektion.jpg\"><meta itemprop=\"width\" content=\"400px\"><meta itemprop=\"height\" content=\"624px\"><\/div><\/div><\/a><\/div><\/div><div class=\"tcol-lg-6 tcol-md-6 tcol-sm-6 tcol-xs-12 tcol-ss-12 g_item\"><div class=\"grid_item kt_item_fade_in kad_gallery_fade_in gallery_item\"><a href=\"https:\/\/www.gelweluthyrning.se\/wp-content\/uploads\/2020\/01\/monkeytowerhandflytt.jpg\" data-rel=\"lightbox\" class=\"lightboxhover\"><div class=\"kt-intrinsic\" style=\"padding-bottom:88.2142857143%;\"><div itemprop=\"image\" itemscope itemtype=\"https:\/\/schema.org\/ImageObject\"><img width=\"560\" height=\"494\" src=\"https:\/\/www.gelweluthyrning.se\/wp-content\/uploads\/2020\/01\/monkeytowerhandflytt-560x494.jpg\" srcset=\"https:\/\/www.gelweluthyrning.se\/wp-content\/uploads\/2020\/01\/monkeytowerhandflytt-560x494.jpg 560w, https:\/\/www.gelweluthyrning.se\/wp-content\/uploads\/2020\/01\/monkeytowerhandflytt-300x265.jpg 300w, https:\/\/www.gelweluthyrning.se\/wp-content\/uploads\/2020\/01\/monkeytowerhandflytt-366x323.jpg 366w, https:\/\/www.gelweluthyrning.se\/wp-content\/uploads\/2020\/01\/monkeytowerhandflytt.jpg 707w\" sizes=\"(max-width: 560px) 100vw, 560px\" data-caption=\"L\u00e4tt att flytta f\u00f6r hand\" class=\"light-dropshaddow\" itemprop=\"contentUrl\" alt=\"\"><meta itemprop=\"url\" content=\"https:\/\/www.gelweluthyrning.se\/wp-content\/uploads\/2020\/01\/monkeytowerhandflytt-560x494.jpg\"><meta itemprop=\"width\" content=\"560px\"><meta itemprop=\"height\" content=\"494px\"><\/div><\/div><\/a><\/div><\/div><div class=\"tcol-lg-6 tcol-md-6 tcol-sm-6 tcol-xs-12 tcol-ss-12 g_item\"><div class=\"grid_item kt_item_fade_in kad_gallery_fade_in gallery_item\"><a href=\"https:\/\/www.gelweluthyrning.se\/wp-content\/uploads\/2020\/01\/monkeytowertegelv.jpg\" data-rel=\"lightbox\" class=\"lightboxhover\"><div class=\"kt-intrinsic\" style=\"padding-bottom:119.083969466%;\"><div itemprop=\"image\" itemscope itemtype=\"https:\/\/schema.org\/ImageObject\"><img width=\"524\" height=\"624\" src=\"https:\/\/www.gelweluthyrning.se\/wp-content\/uploads\/2020\/01\/monkeytowertegelv.jpg\" srcset=\"https:\/\/www.gelweluthyrning.se\/wp-content\/uploads\/2020\/01\/monkeytowertegelv.jpg 524w, https:\/\/www.gelweluthyrning.se\/wp-content\/uploads\/2020\/01\/monkeytowertegelv-252x300.jpg 252w, https:\/\/www.gelweluthyrning.se\/wp-content\/uploads\/2020\/01\/monkeytowertegelv-366x436.jpg 366w\" sizes=\"(max-width: 524px) 100vw, 524px\" data-caption=\"S\u00e4ker plattform med fasta sparklister\" class=\"light-dropshaddow\" itemprop=\"contentUrl\" alt=\"\"><meta itemprop=\"url\" content=\"https:\/\/www.gelweluthyrning.se\/wp-content\/uploads\/2020\/01\/monkeytowertegelv.jpg\"><meta itemprop=\"width\" content=\"524px\"><meta itemprop=\"height\" content=\"624px\"><\/div><\/div><\/a><\/div><\/div><\/div><\/div><\/div><div id=\"pgc-7103-1-1\"  class=\"panel-grid-cell\" ><div id=\"panel-7103-1-1-0\" class=\"so-panel widget widget_sow-editor panel-first-child panel-last-child\" data-index=\"3\" ><div class=\"so-widget-sow-editor so-widget-sow-editor-base\">\n<div class=\"siteorigin-widget-tinymce textwidget\">\n\t<h1>Unik byggnadsst\u00e4llning<\/h1>\n<div class=\"page\" title=\"Page 2\">\n<div class=\"section\">\n<div class=\"layoutArea\">\n<div class=\"column\">\n<p>Monkey Tower \u00e4r en l\u00e4ttanv\u00e4nd byggnadst\u00e4llning som kan resas av alla. Man s\u00e4tter i princip bara ner st\u00f6dbenen och vevar upp st\u00e4llningen till \u00f6nskad h\u00f6jd, max arb h\u00f6jd \u00e4r 6,5 meter.<\/p>\n<p>Unika egenskaper<\/p>\n<ul>\n<li><strong>L\u00e4ttbyggd<\/strong>, f\u00e4rdig byggnadst\u00e4llning p\u00e5 5 minuter. Ingen beh\u00f6righet kr\u00e4vs.<\/li>\n<li><strong>Materialhiss<\/strong>. Verktyg och material (upp till 75 kg) l\u00e4gger man p\u00e5 plattformen innan man vevar upp s\u00e5 \u00e4r det p\u00e5 plats n\u00e4r man kl\u00e4ttrat upp.<\/li>\n<li><strong>L\u00e4tt att flytta<\/strong>, st\u00e4llningen \u00e4r intergrerad p\u00e5 ett l\u00e4tt sl\u00e4p som enkel rullas runt p\u00e5 arbetsplatsen (vikt endast 380 kg)<\/li>\n<li><strong>Enkel transport<\/strong>,\u00a0bogseras bak bilen i max 80 km\/h.<\/li>\n<li><strong>Smal<\/strong>, st\u00e4llningen kommer in genom s\u00e5 smala passager som 70 cm.<\/li>\n<li><strong>S\u00e4ker<\/strong>, monteras fr\u00e5n markniv\u00e5. Sparklister och r\u00e4cken \u00e4r fastmonterad och blir inte gl\u00f6mda.<\/li>\n<\/ul>\n<div style=\"width: 640px;\" class=\"wp-video\"><video class=\"wp-video-shortcode\" id=\"video-7103-2\" width=\"640\" height=\"480\" poster=\"http:\/\/www.gelwel.se\/wp-content\/uploads\/2020\/01\/Video.png\" preload=\"metadata\" controls=\"controls\"><source type=\"video\/mp4\" src=\"http:\/\/www.gelwel.se\/wp-content\/uploads\/2020\/01\/monkeytoweriphone.mp4?_=2\" \/><a href=\"http:\/\/www.gelwel.se\/wp-content\/uploads\/2020\/01\/monkeytoweriphone.mp4\">http:\/\/www.gelwel.se\/wp-content\/uploads\/2020\/01\/monkeytoweriphone.mp4<\/a><\/video><\/div>\n<\/div>\n<\/div>\n<\/div>\n<\/div>\n<\/div>\n<\/div><\/div><\/div><\/div><div id=\"pg-7103-2\"  class=\"panel-grid panel-no-style\" ><div id=\"pgc-7103-2-0\"  class=\"panel-grid-cell\" ><div id=\"panel-7103-2-0-0\" class=\"so-panel widget widget_sow-editor panel-first-child panel-last-child\" data-index=\"4\" ><div class=\"so-widget-sow-editor so-widget-sow-editor-base\">\n<div class=\"siteorigin-widget-tinymce textwidget\">\n\t<h3 style=\"padding-left: 30px;\">Teknisk info<\/h3>\n<p style=\"padding-left: 60px;\">\n<ul class=\"nav nav-tabs sc_tabs\"><li class=\"active\"><a href=\"#sctab7420\" rel=\"nofollow\">Tekniska data<\/a><\/li>\n<li class=\"\"><a href=\"#sctab7421\" rel=\"nofollow\">Dokumentation<\/a><\/li><\/ul> <div class=\"tab-content postclass\"><div class=\"tab-pane clearfix active\" id=\"sctab7420\"><\/p>\n<table style=\"height: 523px;\" width=\"1245\">\n<thead>\n<tr>\n<th>M\u00e5tt<\/th>\n<th><\/th>\n<th>Vikter<\/th>\n<th><\/th>\n<\/tr>\n<\/thead>\n<tbody>\n<tr>\n<td>A Max Arbetsh\u00f6jd<\/td>\n<td>6,5 m<\/td>\n<td>Vikt<\/td>\n<td>380 kg<\/td>\n<\/tr>\n<tr>\n<td>B Max plattformsh\u00f6jd<\/td>\n<td>4,5 m<\/td>\n<td>Max last<\/td>\n<td>250 kg<\/td>\n<\/tr>\n<tr>\n<td>C Min plattformsh\u00f6jd<\/td>\n<td>1,0 m<\/td>\n<td>Lyftkapacitet<\/td>\n<td>75 kg<\/td>\n<\/tr>\n<tr>\n<td>D Transporth\u00f6jd<\/td>\n<td>2,1 m<\/td>\n<td><\/td>\n<td><\/td>\n<\/tr>\n<tr>\n<td>E Minsta h\u00f6jd<\/td>\n<td>1,9 m<\/td>\n<td><\/td>\n<td><\/td>\n<\/tr>\n<tr>\n<td>F Minsta l\u00e4ngd<\/td>\n<td>2,7 m<\/td>\n<td><\/td>\n<td><\/td>\n<\/tr>\n<tr>\n<td>G Totall\u00e4ngd<\/td>\n<td>3,4 m<\/td>\n<td><\/td>\n<td><\/td>\n<\/tr>\n<tr>\n<td>H Minsta bredd<\/td>\n<td>0,7 m<\/td>\n<td><\/td>\n<td><\/td>\n<\/tr>\n<tr>\n<td>I Maxbredd<\/td>\n<td>1,3 m<\/td>\n<td><\/td>\n<td><\/td>\n<\/tr>\n<tr>\n<td>J Totalbredd<\/td>\n<td>1,1 m<\/td>\n<td><\/td>\n<td><\/td>\n<\/tr>\n<\/tbody>\n<\/table>\n<p><\/div>\n<div class=\"tab-pane clearfix \" id=\"sctab7421\"><\/p>\n<p style=\"padding-left: 30px;\"><div class=\"row\"> <div class=\"col-md-6  \">Manual\u00a0<a href=\"http:\/\/www.gelwel.se\/wp-content\/uploads\/2020\/01\/MonkeyTower_operating_manual.pdf\" target=\"_blank\" rel=\"noopener\"><img class=\"alignnone size-full wp-image-703\" src=\"http:\/\/www.gelwel.se\/wp-content\/uploads\/2016\/02\/Pdf50x48.jpg\" alt=\"\" width=\"50\" height=\"48\" \/><\/a><\/p>\n<p style=\"padding-left: 30px;\"><\/div><div class=\"col-md-6  \">Broschyr<a href=\"http:\/\/www.gelwel.se\/wp-content\/uploads\/2016\/02\/broschyr_hantverkarstallning.pdf\" target=\"_blank\" rel=\"noopener\">\u00a0<\/a><a href=\"http:\/\/www.gelwel.se\/wp-content\/uploads\/2020\/01\/monkeytower_broschyr.pdf\" target=\"_blank\" rel=\"noopener\"><img class=\"alignnone wp-image-703 size-full\" src=\"http:\/\/www.gelwel.se\/wp-content\/uploads\/2016\/02\/Pdf50x48.jpg\" alt=\"Pdf50x48\" width=\"50\" height=\"48\" \/><\/a><\/p>\n<p style=\"padding-left: 30px;\"><\/div><\/div><\/p>\n<p style=\"padding-left: 30px;\"><\/div><\/div>\n<\/p>\n<\/div>\n<\/div><\/div><\/div><div id=\"pgc-7103-2-1\"  class=\"panel-grid-cell\" ><div id=\"panel-7103-2-1-0\" class=\"so-panel widget widget_virtue_about_with_image virtue_about_with_image panel-first-child\" data-index=\"5\" ><div class=\"kad_img_upload_widget kt-shape-type-kt-image-shape-standard kt-image-align-center kt-image-widget-widget-2-1-0\"><a href=\"http:\/\/www.gelwel.se\/wp-content\/uploads\/2020\/01\/endelevation.gif\" rel=\"lightbox\"><div class=\"kt-image-contain kt-image-shadow-none kt-image-shape-standard\"><div class=\"kt-image-inner-contain\"><img src=\"https:\/\/www.gelweluthyrning.se\/wp-content\/uploads\/2020\/01\/endelevation-168x450.gif\" width=\"168\" height=\"450\" srcset=\"https:\/\/www.gelweluthyrning.se\/wp-content\/uploads\/2020\/01\/endelevation-168x450.gif 168w, https:\/\/www.gelweluthyrning.se\/wp-content\/uploads\/2020\/01\/endelevation-112x300.gif 112w, https:\/\/www.gelweluthyrning.se\/wp-content\/uploads\/2020\/01\/endelevation-224x600.gif 224w, https:\/\/www.gelweluthyrning.se\/wp-content\/uploads\/2020\/01\/endelevation-336x900.gif 336w\" sizes=\"(max-width: 168px) 100vw, 168px\" class=\"\" itemprop=\"contentUrl\" alt=\"\"><\/div><\/div><\/a><\/div><\/div><div id=\"panel-7103-2-1-1\" class=\"so-panel widget widget_sow-image panel-last-child\" data-index=\"6\" ><div class=\"so-widget-sow-image so-widget-sow-image-default-d6014b76747a\">\n\n<div class=\"sow-image-container\">\n\t<img src=\"https:\/\/www.gelweluthyrning.se\/wp-content\/uploads\/2020\/01\/sideelevation.gif\" width=\"651\" height=\"456\" sizes=\"(max-width: 651px) 100vw, 651px\" alt=\"\" \t\tclass=\"so-widget-image\"\/>\n<\/div>\n\n<\/div><\/div><\/div><\/div><div id=\"pg-7103-3\"  class=\"panel-grid panel-no-style\" ><div id=\"pgc-7103-3-0\"  class=\"panel-grid-cell\" ><div id=\"panel-7103-3-0-0\" class=\"so-panel widget widget_sow-editor panel-first-child panel-last-child\" data-index=\"7\" ><div class=\"so-widget-sow-editor so-widget-sow-editor-base\">\n<div class=\"siteorigin-widget-tinymce textwidget\">\n\t<h3>Pris<\/h3>\n\n<ul class=\"nav nav-tabs sc_tabs\"><li class=\"active\"><a href=\"#sctab4400\" rel=\"nofollow\">Pris<\/a><\/li>\n<li class=\"\"><a href=\"#sctab4401\" rel=\"nofollow\">F\u00f6rbrukningsmaterial<\/a><\/li>\n<li class=\"\"><a href=\"#sctab4402\" rel=\"nofollow\">Komplettera<\/a><\/li><\/ul> <div class=\"tab-content postclass\"><div class=\"tab-pane clearfix active\" id=\"sctab4400\"><br \/>\n<div class=\"row\"> <div class=\"col-md-3  \"><\/p>\n<h4>Pris dag 1<\/h4>\n<h4><span style=\"color: #ff0000;\">535 kr<\/span><\/h4>\n<p><\/div><div class=\"col-md-3  \"><\/p>\n<h4>Pris fr\u00e5n dag 2<\/h4>\n<h4><span style=\"color: #ff0000;\">460 kr<\/span><\/h4>\n<p><\/div><div class=\"col-md-3  \"><\/p>\n<h4>Helg<\/h4>\n<h4><span style=\"color: #ff0000;\">995 kr<\/span><\/h4>\n<p><\/div><div class=\"col-md-3  \"><\/p>\n<h4>Vecka<\/h4>\n<h4><span style=\"color: #ff0000;\">2375 kr<\/span><\/h4>\n<p><\/div><\/div><br \/>\nMoms ing\u00e5r i\u00a0alla priser.<\/p>\n<p><\/div>\n<div class=\"tab-pane clearfix \" id=\"sctab4401\"><\/p>\n<p><\/div>\n<div class=\"tab-pane clearfix \" id=\"sctab4402\"><\/p>\n<p><\/div><\/div>\n\n<\/div>\n<\/div><\/div><\/div><div id=\"pgc-7103-3-1\"  class=\"panel-grid-cell\" >\n\n        <div id=\"panel-7103-3-1-0\" class=\"so-panel widget widget_kadence_calltoaction_widget kadence_calltoaction_widget panel-first-child panel-last-child\" data-index=\"8\" ><div class=\"kt-ctaw clearfix\"><h1 class=\"kt-call-to-action-title\" style=\" font-size:40px; line-height:1.1; text-align:center; \"  data-max-size=\"40\" data-min-size=\"40\">Boka maskinen<\/h1><div style=\"text-align:center\"><a href=\"http:\/\/www.gelwel.se\/?page_id=585\" id=\"kadbtn63\" target=\"_self\" class=\"kad-btn btn-shortcode kad-btn-primary lg-kad-btn \" style=\" border: 0 solid; border-color:#000;  \" onMouseOver=\"\" onMouseOut=\"\">BOKA <\/a><\/div><\/div><\/div>\n    <\/div><\/div><div id=\"pg-7103-4\"  class=\"panel-grid panel-no-style\" ><div id=\"pgc-7103-4-0\"  class=\"panel-grid-cell panel-grid-cell-empty\" ><\/div><\/div><\/div>","protected":false},"excerpt":{"rendered":"<p>\u00a0\u00a0 &nbsp; &nbsp; Unik byggnadsst\u00e4llning Monkey Tower \u00e4r en l\u00e4ttanv\u00e4nd byggnadst\u00e4llning som kan resas av alla. Man s\u00e4tter i princip bara ner st\u00f6dbenen och vevar upp st\u00e4llningen till \u00f6nskad h\u00f6jd, max arb h\u00f6jd \u00e4r 6,5 meter. Unika egenskaper L\u00e4ttbyggd, f\u00e4rdig &hellip; <a class=\"kt-excerpt-readmore\" href=\"https:\/\/www.gelweluthyrning.se\/?page_id=7103\" aria-label=\"Monkey Tower uthyres\">L\u00e4s mer<\/a><\/p>\n","protected":false},"author":1,"featured_media":0,"parent":11,"menu_order":0,"comment_status":"closed","ping_status":"closed","template":"page-fullwidth.php","meta":{"kt_blocks_editor_width":""},"kb_featured_image_src_large":false,"kb_author_info":{"display_name":"per","author_link":"https:\/\/www.gelweluthyrning.se\/?author=1","author_image":"https:\/\/secure.gravatar.com\/avatar\/250821d350f2213e36bf942f193b8969?s=96&d=mm&r=g"},"kb_comment_info":0,"_links":{"self":[{"href":"https:\/\/www.gelweluthyrning.se\/index.php?rest_route=\/wp\/v2\/pages\/7103"}],"collection":[{"href":"https:\/\/www.gelweluthyrning.se\/index.php?rest_route=\/wp\/v2\/pages"}],"about":[{"href":"https:\/\/www.gelweluthyrning.se\/index.php?rest_route=\/wp\/v2\/types\/page"}],"author":[{"embeddable":true,"href":"https:\/\/www.gelweluthyrning.se\/index.php?rest_route=\/wp\/v2\/users\/1"}],"replies":[{"embeddable":true,"href":"https:\/\/www.gelweluthyrning.se\/index.php?rest_route=%2Fwp%2Fv2%2Fcomments&post=7103"}],"version-history":[{"count":63,"href":"https:\/\/www.gelweluthyrning.se\/index.php?rest_route=\/wp\/v2\/pages\/7103\/revisions"}],"predecessor-version":[{"id":7251,"href":"https:\/\/www.gelweluthyrning.se\/index.php?rest_route=\/wp\/v2\/pages\/7103\/revisions\/7251"}],"up":[{"embeddable":true,"href":"https:\/\/www.gelweluthyrning.se\/index.php?rest_route=\/wp\/v2\/pages\/11"}],"wp:attachment":[{"href":"https:\/\/www.gelweluthyrning.se\/index.php?rest_route=%2Fwp%2Fv2%2Fmedia&parent=7103"}],"curies":[{"name":"wp","href":"https:\/\/api.w.org\/{rel}","templated":true}]}}