{"id":7012,"date":"2020-01-06T09:34:45","date_gmt":"2020-01-06T08:34:45","guid":{"rendered":"http:\/\/www.gelwel.se\/?page_id=7012"},"modified":"2020-01-08T11:14:42","modified_gmt":"2020-01-08T10:14:42","slug":"dino160xt-2","status":"publish","type":"page","link":"https:\/\/www.gelweluthyrning.se\/?page_id=7012","title":{"rendered":"Skylift 21 meter uthyres"},"content":{"rendered":"<div id=\"pl-7012\"  class=\"panel-layout\" ><div id=\"pg-7012-0\"  class=\"panel-grid panel-no-style\" ><div id=\"pgc-7012-0-0\"  class=\"panel-grid-cell\" ><div id=\"panel-7012-0-0-0\" class=\"so-panel widget widget_sow-editor panel-first-child panel-last-child\" data-index=\"0\" ><div class=\"so-widget-sow-editor so-widget-sow-editor-base\">\n<div class=\"siteorigin-widget-tinymce textwidget\">\n\t<h1>\u00a0<\/h1>\n<h1 align=\"center\">\u00a0<\/h1>\n<\/div>\n<\/div><\/div><\/div><\/div><div id=\"pg-7012-1\"  class=\"panel-grid panel-no-style\" ><div id=\"pgc-7012-1-0\"  class=\"panel-grid-cell\" ><div id=\"panel-7012-1-0-0\" class=\"so-panel widget widget_virtue_about_with_image virtue_about_with_image panel-first-child panel-last-child\" data-index=\"1\" ><div class=\"kad_img_upload_widget kt-shape-type-kt-image-shape-standard kt-image-align-center kt-image-widget-widget-1-0-0\"><div class=\"kt-image-contain kt-image-shadow-none kt-image-shape-standard\"><div class=\"kt-image-inner-contain\"><img width=\"600\" height=\"800\" src=\"https:\/\/www.gelweluthyrning.se\/wp-content\/uploads\/2020\/01\/dinolift-210xtb.jpg\" class=\"attachment-full size-full\" alt=\"Skylift Dino 210XTB\" loading=\"lazy\" srcset=\"https:\/\/www.gelweluthyrning.se\/wp-content\/uploads\/2020\/01\/dinolift-210xtb.jpg 600w, https:\/\/www.gelweluthyrning.se\/wp-content\/uploads\/2020\/01\/dinolift-210xtb-225x300.jpg 225w\" sizes=\"(max-width: 600px) 100vw, 600px\" \/><\/div><\/div><\/div><\/div><\/div><div id=\"pgc-7012-1-1\"  class=\"panel-grid-cell\" ><div id=\"panel-7012-1-1-0\" class=\"so-panel widget widget_sow-editor panel-first-child\" data-index=\"2\" ><div class=\"so-widget-sow-editor so-widget-sow-editor-base\">\n<div class=\"siteorigin-widget-tinymce textwidget\">\n\t<\/div>\n<\/div><\/div><div id=\"panel-7012-1-1-1\" class=\"so-panel widget widget_sow-editor panel-last-child\" data-index=\"3\" ><div class=\"so-widget-sow-editor so-widget-sow-editor-base\">\n<div class=\"siteorigin-widget-tinymce textwidget\">\n\t<h1>Dino\u00a0210XTB II<\/h1>\n<p>Stadig och bra lift som med spindelst\u00f6dben \u00e4r enklare att st\u00e4lla upp \u00e4ven i terr\u00e4ng. Max arbetsh\u00f6jd 21 meter och maximal r\u00e4ckvidd 11,2 meter. Sax lyft g\u00f6r att liften n\u00e5r bra r\u00e4ckvidd \u00f6ver hinder. Drift p\u00e5 hjul g\u00f6r den enkel att f\u00e5 p\u00e5 r\u00e4tt arbetsplats. El eller batteridrift med kapacitet f\u00f6r en arbetsdag. Oregistrerad med LGF skylt. Du f\u00e5r bogsera den bak l\u00e4mplig bil i 30 km\/h med vanligt B-k\u00f6rkort.<\/p>\n<\/div>\n<\/div><\/div><\/div><\/div><div id=\"pg-7012-2\"  class=\"panel-grid panel-no-style\" ><div id=\"pgc-7012-2-0\"  class=\"panel-grid-cell\" ><div id=\"panel-7012-2-0-0\" class=\"so-panel widget widget_sow-editor panel-first-child panel-last-child\" data-index=\"4\" ><div class=\"so-widget-sow-editor so-widget-sow-editor-base\">\n<div class=\"siteorigin-widget-tinymce textwidget\">\n\t<h3 style=\"padding-left: 30px;\">Teknisk info<\/h3>\n<p style=\"padding-left: 60px;\">\n<ul class=\"nav nav-tabs sc_tabs\"><li class=\"active\"><a href=\"#sctab6570\" rel=\"nofollow\">Tekniska data<\/a><\/li>\n<li class=\"\"><a href=\"#sctab6571\" rel=\"nofollow\">Dokumentation<\/a><\/li><\/ul> <div class=\"tab-content postclass\"><div class=\"tab-pane clearfix active\" id=\"sctab6570\"><\/p>\n<p><a href=\"http:\/\/www.gelwel.se\/wp-content\/uploads\/2020\/01\/DINO210XTBII_Produktblad_2017.pdf\" target=\"_blank\" rel=\"noopener\">Datablad<\/a><a href=\"http:\/\/www.gelwel.se\/wp-content\/uploads\/2020\/01\/DINO210XTBII_Produktblad_2017.pdf\" target=\"_blank\" rel=\"noopener\"><img class=\"alignnone wp-image-703 size-full\" src=\"http:\/\/www.gelwel.se\/wp-content\/uploads\/2016\/02\/Pdf50x48.jpg\" alt=\"Pdf50x48\" width=\"50\" height=\"48\" \/><\/a><\/p>\n<p><\/div>\n<div class=\"tab-pane clearfix \" id=\"sctab6571\"><\/p>\n<p style=\"padding-left: 30px;\"><a href=\"http:\/\/www.gelwel.se\/wp-content\/uploads\/2020\/01\/SE-Bruksanvisning-Dino-210.pdf\" target=\"_blank\" rel=\"noopener\">Instruktionsbok<\/a>\u00a0<a href=\"http:\/\/www.gelwel.se\/wp-content\/uploads\/2020\/01\/SE-Bruksanvisning-Dino-210.pdf\" target=\"_blank\" rel=\"noopener\"><img class=\"alignnone wp-image-703 size-full\" src=\"http:\/\/www.gelwel.se\/wp-content\/uploads\/2016\/02\/Pdf50x48.jpg\" alt=\"Pdf50x48\" width=\"50\" height=\"48\" \/><\/a><\/div><\/div>\n<\/p>\n<\/div>\n<\/div><\/div><\/div><div id=\"pgc-7012-2-1\"  class=\"panel-grid-cell\" ><div id=\"panel-7012-2-1-0\" class=\"so-panel widget widget_virtue_about_with_image virtue_about_with_image panel-first-child panel-last-child\" data-index=\"5\" ><div class=\"kad_img_upload_widget kt-shape-type-kt-image-shape-standard kt-image-align-center kt-image-widget-widget-2-1-0\"><a href=\"http:\/\/www.gelwel.se\/wp-content\/uploads\/2020\/01\/Rorelsdiagram-dino-210.jpg\" rel=\"lightbox\"><div class=\"kt-image-contain kt-image-shadow-none kt-image-shape-standard\"><div class=\"kt-image-inner-contain\"><img width=\"638\" height=\"849\" src=\"https:\/\/www.gelweluthyrning.se\/wp-content\/uploads\/2020\/01\/Rorelsdiagram-dino-210.jpg\" class=\"attachment-full size-full\" alt=\"Arbetsomr\u00e5de Dino 210XTB\" loading=\"lazy\" srcset=\"https:\/\/www.gelweluthyrning.se\/wp-content\/uploads\/2020\/01\/Rorelsdiagram-dino-210.jpg 638w, https:\/\/www.gelweluthyrning.se\/wp-content\/uploads\/2020\/01\/Rorelsdiagram-dino-210-225x300.jpg 225w\" sizes=\"(max-width: 638px) 100vw, 638px\" \/><\/div><\/div><\/a><\/div><\/div><\/div><\/div><div id=\"pg-7012-3\"  class=\"panel-grid panel-no-style\" ><div id=\"pgc-7012-3-0\"  class=\"panel-grid-cell\" ><div id=\"panel-7012-3-0-0\" class=\"so-panel widget widget_sow-editor panel-first-child panel-last-child\" data-index=\"6\" ><div class=\"so-widget-sow-editor so-widget-sow-editor-base\">\n<div class=\"siteorigin-widget-tinymce textwidget\">\n\t<h3>Pris<\/h3>\n\n<ul class=\"nav nav-tabs sc_tabs\"><li class=\"active\"><a href=\"#sctab9410\" rel=\"nofollow\">Pris<\/a><\/li>\n<li class=\"\"><a href=\"#sctab9411\" rel=\"nofollow\">F\u00f6rbrukningsmaterial<\/a><\/li>\n<li class=\"\"><a href=\"#sctab9412\" rel=\"nofollow\">Komplettera<\/a><\/li><\/ul> <div class=\"tab-content postclass\"><div class=\"tab-pane clearfix active\" id=\"sctab9410\"><br \/>\n<div class=\"row\"> <div class=\"col-md-3  \"><\/p>\n<h4>Pris dag 1<\/h4>\n<h4><span style=\"color: #ff0000;\">2800 kr<\/span><\/h4>\n<p><\/div><div class=\"col-md-3  \"><\/p>\n<h4>Pris fr\u00e5n dag 2<\/h4>\n<h4><span style=\"color: #ff0000;\">2800 kr<\/span><\/h4>\n<p><\/div><div class=\"col-md-3  \"><\/p>\n<h4>Helg<\/h4>\n<h4><span style=\"color: #ff0000;\">5000 kr<\/span><\/h4>\n<p><\/div><div class=\"col-md-3  \"><\/p>\n<h4>Vecka<\/h4>\n<h4><span style=\"color: #ff0000;\">14000 kr<\/span><\/h4>\n<p><\/div><\/div><br \/>\nMoms ing\u00e5r i\u00a0alla priser.<\/p>\n<p><\/div>\n<div class=\"tab-pane clearfix \" id=\"sctab9411\"><\/p>\n<p><\/div>\n<div class=\"tab-pane clearfix \" id=\"sctab9412\"><\/p>\n<p>Elkabel 1 fas 20 m, 15 kr\/dag <\/div><\/div>\n\n<\/div>\n<\/div><\/div><\/div><div id=\"pgc-7012-3-1\"  class=\"panel-grid-cell\" >\n\n        <div id=\"panel-7012-3-1-0\" class=\"so-panel widget widget_kadence_calltoaction_widget kadence_calltoaction_widget panel-first-child panel-last-child\" data-index=\"7\" ><div class=\"kt-ctaw clearfix\"><h1 class=\"kt-call-to-action-title\" style=\" font-size:40px; line-height:1.1; text-align:center; \"  data-max-size=\"40\" data-min-size=\"40\">Boka maskinen<\/h1><div style=\"text-align:center\"><a href=\"http:\/\/www.gelwel.se\/?page_id=585\" id=\"kadbtn86\" target=\"_self\" class=\"kad-btn btn-shortcode kad-btn-primary lg-kad-btn \" style=\" border: 0 solid; border-color:#000;  \" onMouseOver=\"\" onMouseOut=\"\">BOKA <\/a><\/div><\/div><\/div>\n    <\/div><\/div><div id=\"pg-7012-4\"  class=\"panel-grid panel-no-style\" ><div id=\"pgc-7012-4-0\"  class=\"panel-grid-cell panel-grid-cell-empty\" ><\/div><\/div><\/div>","protected":false},"excerpt":{"rendered":"<p>\u00a0\u00a0 Dino\u00a0210XTB II Stadig och bra lift som med spindelst\u00f6dben \u00e4r enklare att st\u00e4lla upp \u00e4ven i terr\u00e4ng. Max arbetsh\u00f6jd 21 meter och maximal r\u00e4ckvidd 11,2 meter. Sax lyft g\u00f6r att liften n\u00e5r bra r\u00e4ckvidd \u00f6ver hinder. Drift p\u00e5 hjul &hellip; <a class=\"kt-excerpt-readmore\" href=\"https:\/\/www.gelweluthyrning.se\/?page_id=7012\" aria-label=\"Skylift 21 meter uthyres\">L\u00e4s mer<\/a><\/p>\n","protected":false},"author":1,"featured_media":0,"parent":11,"menu_order":0,"comment_status":"closed","ping_status":"closed","template":"page-fullwidth.php","meta":{"kt_blocks_editor_width":""},"kb_featured_image_src_large":false,"kb_author_info":{"display_name":"per","author_link":"https:\/\/www.gelweluthyrning.se\/?author=1","author_image":"https:\/\/secure.gravatar.com\/avatar\/250821d350f2213e36bf942f193b8969?s=96&d=mm&r=g"},"kb_comment_info":0,"_links":{"self":[{"href":"https:\/\/www.gelweluthyrning.se\/index.php?rest_route=\/wp\/v2\/pages\/7012"}],"collection":[{"href":"https:\/\/www.gelweluthyrning.se\/index.php?rest_route=\/wp\/v2\/pages"}],"about":[{"href":"https:\/\/www.gelweluthyrning.se\/index.php?rest_route=\/wp\/v2\/types\/page"}],"author":[{"embeddable":true,"href":"https:\/\/www.gelweluthyrning.se\/index.php?rest_route=\/wp\/v2\/users\/1"}],"replies":[{"embeddable":true,"href":"https:\/\/www.gelweluthyrning.se\/index.php?rest_route=%2Fwp%2Fv2%2Fcomments&post=7012"}],"version-history":[{"count":12,"href":"https:\/\/www.gelweluthyrning.se\/index.php?rest_route=\/wp\/v2\/pages\/7012\/revisions"}],"predecessor-version":[{"id":7037,"href":"https:\/\/www.gelweluthyrning.se\/index.php?rest_route=\/wp\/v2\/pages\/7012\/revisions\/7037"}],"up":[{"embeddable":true,"href":"https:\/\/www.gelweluthyrning.se\/index.php?rest_route=\/wp\/v2\/pages\/11"}],"wp:attachment":[{"href":"https:\/\/www.gelweluthyrning.se\/index.php?rest_route=%2Fwp%2Fv2%2Fmedia&parent=7012"}],"curies":[{"name":"wp","href":"https:\/\/api.w.org\/{rel}","templated":true}]}}