{"id":5442,"date":"2018-12-04T13:38:03","date_gmt":"2018-12-04T12:38:03","guid":{"rendered":"http:\/\/www.gelwel.se\/?page_id=5442"},"modified":"2023-09-07T09:26:25","modified_gmt":"2023-09-07T07:26:25","slug":"luftrenare-2","status":"publish","type":"page","link":"https:\/\/www.gelweluthyrning.se\/?page_id=5442","title":{"rendered":"!!Luktsaneringsaggregat finns tyv\u00e4rr inte l\u00e4ngre!!"},"content":{"rendered":"<div id=\"pl-5442\"  class=\"panel-layout\" ><div id=\"pg-5442-0\"  class=\"panel-grid panel-no-style\" ><div id=\"pgc-5442-0-0\"  class=\"panel-grid-cell\" ><div id=\"panel-5442-0-0-0\" class=\"so-panel widget widget_sow-editor panel-first-child panel-last-child\" data-index=\"0\" ><div class=\"so-widget-sow-editor so-widget-sow-editor-base\">\n<div class=\"siteorigin-widget-tinymce textwidget\">\n\t<div align=\"center\">\u00a0<\/div>\n<\/div>\n<\/div><\/div><\/div><\/div><div id=\"pg-5442-1\"  class=\"panel-grid panel-no-style\" ><div id=\"pgc-5442-1-0\"  class=\"panel-grid-cell\" ><div id=\"panel-5442-1-0-0\" class=\"so-panel widget widget_virtue_about_with_image virtue_about_with_image panel-first-child panel-last-child\" data-index=\"1\" ><div class=\"kad_img_upload_widget kt-shape-type-kt-image-shape-standard kt-image-align-center kt-image-widget-widget-1-0-0\"><div class=\"kt-image-contain kt-image-shadow-none kt-image-shape-standard\"><div class=\"kt-image-inner-contain\"><img width=\"700\" height=\"700\" src=\"https:\/\/www.gelweluthyrning.se\/wp-content\/uploads\/2018\/12\/BL-3000-D.jpg\" class=\"attachment-full size-full\" alt=\"Airmaster luktsaneringsaggregat\" loading=\"lazy\" srcset=\"https:\/\/www.gelweluthyrning.se\/wp-content\/uploads\/2018\/12\/BL-3000-D.jpg 700w, https:\/\/www.gelweluthyrning.se\/wp-content\/uploads\/2018\/12\/BL-3000-D-150x150.jpg 150w, https:\/\/www.gelweluthyrning.se\/wp-content\/uploads\/2018\/12\/BL-3000-D-300x300.jpg 300w\" sizes=\"(max-width: 700px) 100vw, 700px\" \/><\/div><\/div><\/div><\/div><\/div><div id=\"pgc-5442-1-1\"  class=\"panel-grid-cell panel-grid-cell-empty\" ><\/div><div id=\"pgc-5442-1-2\"  class=\"panel-grid-cell\" ><div id=\"panel-5442-1-2-0\" class=\"so-panel widget widget_sow-editor panel-first-child\" data-index=\"2\" ><div class=\"so-widget-sow-editor so-widget-sow-editor-base\">\n<div class=\"siteorigin-widget-tinymce textwidget\">\n\t<\/div>\n<\/div><\/div><div id=\"panel-5442-1-2-1\" class=\"so-panel widget widget_sow-editor panel-last-child\" data-index=\"3\" ><div class=\"so-widget-sow-editor so-widget-sow-editor-base\">\n<div class=\"siteorigin-widget-tinymce textwidget\">\n\t<div class=\"page\" title=\"Page 1\">\n<div class=\"section\">\n<div class=\"layoutArea\">\n<div class=\"column\">\n<h1>Airmaster BL 3000-D<\/h1>\n<\/div>\n<\/div>\n<\/div>\n<\/div>\n<div align=\"center\">\n<div class=\"page\" title=\"Page 1\">\n<div class=\"section\">\n<div class=\"layoutArea\">\n<div class=\"column\">\n<p style=\"text-align: left;\">Airmaster \u00e4r ett b\u00e4rbart saneringsaggregat avsett f\u00f6r professionell luktsanering. Produkten l\u00e4mpar sig f\u00f6r luktborttagning vid sanering efter brand och vattenskador samt till r\u00f6k \/ luktsanering av bost\u00e4der och industrilokaler.<\/p>\n<div class=\"page\" title=\"Page 1\">\n<div class=\"section\">\n<div class=\"layoutArea\">\n<div class=\"column\">\n<h5 style=\"text-align: left;\">S\u00e5 h\u00e4r arbetar ozonaggregat<\/h5>\n<p style=\"text-align: left;\">Ozon \u00e4r en specialform av syre s.k. aktivt syre och produceras<br \/>\ni maskinen genom elektrisk urladdning. Ozonet verkar genom att oxidera organiska \u00e4mnen, bakterier, mikroorganismer och virus. Nikotin, r\u00f6k, m\u00f6gellukt samt andra lukt\u00e4mnen elimineras. Slutprodukterna av oxidationen blir i de flesta fall enbart koldioxid och vatten, d\u00e4rmed \u00e4r Airmaster helt milj\u00f6v\u00e4nlig.<\/p>\n<h5 style=\"text-align: left;\">Digital timer<\/h5>\n<p style=\"text-align: left;\">Via den digitala displayen kan maskinen enkelt st\u00e4llas in. Ozonm\u00e4ngden\/effekten kan varieras mellan 0-100%. Timerl\u00e4gen: Dygnstimer - Intervalltimer \u2013 Avst\u00e4ngningstimer<\/p>\n<\/div>\n<\/div>\n<\/div>\n<\/div>\n<\/div>\n<\/div>\n<\/div>\n<\/div>\n<\/div>\n<\/div>\n<\/div><\/div><\/div><\/div><div id=\"pg-5442-2\"  class=\"panel-grid panel-no-style\" ><div id=\"pgc-5442-2-0\"  class=\"panel-grid-cell panel-grid-cell-mobile-last\" ><div id=\"panel-5442-2-0-0\" class=\"so-panel widget widget_sow-editor panel-first-child panel-last-child\" data-index=\"4\" ><div class=\"so-widget-sow-editor so-widget-sow-editor-base\">\n<div class=\"siteorigin-widget-tinymce textwidget\">\n\t<h3 style=\"padding-left: 30px;\">Teknisk info<\/h3>\n<p style=\"padding-left: 60px;\">\n<ul class=\"nav nav-tabs sc_tabs\"><li class=\"active\"><a href=\"#sctab7140\" rel=\"nofollow\">Tekniska data<\/a><\/li>\n<li class=\"\"><a href=\"#sctab7141\" rel=\"nofollow\">Dokumentation<\/a><\/li><\/ul> <div class=\"tab-content postclass\"><div class=\"tab-pane clearfix active\" id=\"sctab7140\"><\/p>\n<table border=\"0\" width=\"500\">\n<tbody>\n<tr>\n<td>\u00a0Str\u00f6manslutning<\/td>\n<td>\u00a0230 V, 1-fas<\/td>\n<\/tr>\n<tr>\n<td>\u00a0Effekt<\/td>\n<td>\u00a034 W<\/td>\n<\/tr>\n<tr>\n<td>Fl\u00e4ktkapacitet<\/td>\n<td>\u00a0116 m\u00b3\/h<\/td>\n<\/tr>\n<tr>\n<td>\u00a0Dimension L x B x H<\/td>\n<td>\u00a0270 x 180 x 160 mm<\/td>\n<\/tr>\n<tr>\n<td>\u00a0Vikt<\/td>\n<td>\u00a02,2 kg<\/td>\n<\/tr>\n<tr>\n<td>\u00a0Ozonproduktion<\/td>\n<td>\u00a00-3000 mg\/h<\/td>\n<\/tr>\n<\/tbody>\n<\/table>\n<div class=\"page\" title=\"Page 1\">\n<div class=\"section\">\n<div class=\"layoutArea\">\n<div class=\"column\">\n<p>OBS! Ozonaggregat ska anv\u00e4ndas med f\u00f6rsiktighet och ej under l\u00e4ngre tid d\u00e4r m\u00e4nniskor vistas t.ex. i hem eller kontor.<\/p>\n<\/div>\n<\/div>\n<\/div>\n<\/div>\n<p><\/div>\n<div class=\"tab-pane clearfix \" id=\"sctab7141\"><\/p>\n<p style=\"padding-left: 30px;\"><div class=\"row\"> <div class=\"col-md-6  \">Bruksanvisning<a href=\"http:\/\/www.gelwel.se\/wp-content\/uploads\/2018\/12\/Bruksanvisning-airmaster-bl-3000-d.pdf\" target=\"_blank\" rel=\"noopener\"><img class=\"alignnone size-full wp-image-703\" src=\"http:\/\/www.gelwel.se\/wp-content\/uploads\/2016\/02\/Pdf50x48.jpg\" alt=\"\" width=\"50\" height=\"48\" \/>\u00a0<\/a><\/p>\n<p style=\"padding-left: 30px;\"><\/div><div class=\"col-md-6  \"> Exempel p\u00e5 behandlingstider<a href=\"http:\/\/www.gelwel.se\/wp-content\/uploads\/2021\/11\/ozonagregat-exempel-behandlingstider.pdf\" target=\"_blank\" rel=\"noopener\"><img class=\"alignnone size-full wp-image-703\" src=\"http:\/\/www.gelwel.se\/wp-content\/uploads\/2016\/02\/Pdf50x48.jpg\" alt=\"\" width=\"50\" height=\"48\" \/><\/a><\/p>\n<p style=\"padding-left: 30px;\"><\/div><\/div><\/p>\n<p style=\"padding-left: 30px;\"><\/div><\/div>\n<\/p>\n<\/div>\n<\/div><\/div><\/div><div id=\"pgc-5442-2-1\"  class=\"panel-grid-cell panel-grid-cell-empty\" ><\/div><\/div><div id=\"pg-5442-3\"  class=\"panel-grid panel-no-style\" ><div id=\"pgc-5442-3-0\"  class=\"panel-grid-cell\" ><div id=\"panel-5442-3-0-0\" class=\"so-panel widget widget_sow-editor panel-first-child panel-last-child\" data-index=\"5\" ><div class=\"so-widget-sow-editor so-widget-sow-editor-base\">\n<div class=\"siteorigin-widget-tinymce textwidget\">\n\t<h3>Pris<\/h3>\n\n<ul class=\"nav nav-tabs sc_tabs\"><li class=\"active\"><a href=\"#sctab530\" rel=\"nofollow\">Pris<\/a><\/li>\n<li class=\"\"><a href=\"#sctab531\" rel=\"nofollow\">F\u00f6rbrukningsmaterial<\/a><\/li>\n<li class=\"\"><a href=\"#sctab532\" rel=\"nofollow\">Komplettera<\/a><\/li><\/ul> <div class=\"tab-content postclass\"><div class=\"tab-pane clearfix active\" id=\"sctab530\"><br \/>\n<div class=\"row\"> <div class=\"col-md-3  \"><\/p>\n<h4>Pris dag 1<\/h4>\n<h4><span style=\"color: #ff0000;\">300 kr<\/span><\/h4>\n<p><\/div><div class=\"col-md-3  \"><\/p>\n<h4>Pris fr\u00e5n dag 2<\/h4>\n<h4><span style=\"color: #ff0000;\">225 kr<\/span><\/h4>\n<p><\/div><div class=\"col-md-3  \"><\/p>\n<h4>Helg<\/h4>\n<h4><span style=\"color: #ff0000;\">525 kr<\/span><\/h4>\n<p><\/div><div class=\"col-md-3  \"><\/p>\n<h4>Vecka<\/h4>\n<h4><span style=\"color: #ff0000;\">1050 kr<\/span><\/h4>\n<p><\/div><\/div><br \/>\nMoms ing\u00e5r i\u00a0alla priser.<\/p>\n<p><\/div>\n<div class=\"tab-pane clearfix \" id=\"sctab531\"><\/p>\n<p>&nbsp;<\/p>\n<p><\/div>\n<div class=\"tab-pane clearfix \" id=\"sctab532\"><\/p>\n<p><\/div><\/div>\n\n<\/div>\n<\/div><\/div><\/div><div id=\"pgc-5442-3-1\"  class=\"panel-grid-cell\" >\n\n        <div id=\"panel-5442-3-1-0\" class=\"so-panel widget widget_kadence_calltoaction_widget kadence_calltoaction_widget panel-first-child panel-last-child\" data-index=\"6\" ><div class=\"kt-ctaw clearfix\"><h1 class=\"kt-call-to-action-title\" style=\" font-size:40px; line-height:1.1; text-align:center; \"  data-max-size=\"40\" data-min-size=\"40\">Boka maskinen<\/h1><div style=\"text-align:center\"><a href=\"http:\/\/www.gelwel.se\/?page_id=585\" id=\"kadbtn49\" target=\"_self\" class=\"kad-btn btn-shortcode kad-btn-primary lg-kad-btn \" style=\" border: 0 solid; border-color:#000;  \" onMouseOver=\"\" onMouseOut=\"\">BOKA <\/a><\/div><\/div><\/div>\n    <\/div><\/div><div id=\"pg-5442-4\"  class=\"panel-grid panel-no-style\" ><div id=\"pgc-5442-4-0\"  class=\"panel-grid-cell panel-grid-cell-empty\" ><\/div><\/div><\/div>","protected":false},"excerpt":{"rendered":"<p>\u00a0 Airmaster BL 3000-D Airmaster \u00e4r ett b\u00e4rbart saneringsaggregat avsett f\u00f6r professionell luktsanering. Produkten l\u00e4mpar sig f\u00f6r luktborttagning vid sanering efter brand och vattenskador samt till r\u00f6k \/ luktsanering av bost\u00e4der och industrilokaler. S\u00e5 h\u00e4r arbetar ozonaggregat Ozon \u00e4r en &hellip; <a class=\"kt-excerpt-readmore\" href=\"https:\/\/www.gelweluthyrning.se\/?page_id=5442\" aria-label=\"!!Luktsaneringsaggregat finns tyv\u00e4rr inte l\u00e4ngre!!\">L\u00e4s mer<\/a><\/p>\n","protected":false},"author":1,"featured_media":0,"parent":11,"menu_order":0,"comment_status":"closed","ping_status":"closed","template":"page-fullwidth.php","meta":{"kt_blocks_editor_width":""},"kb_featured_image_src_large":false,"kb_author_info":{"display_name":"per","author_link":"https:\/\/www.gelweluthyrning.se\/?author=1","author_image":"https:\/\/secure.gravatar.com\/avatar\/250821d350f2213e36bf942f193b8969?s=96&d=mm&r=g"},"kb_comment_info":0,"_links":{"self":[{"href":"https:\/\/www.gelweluthyrning.se\/index.php?rest_route=\/wp\/v2\/pages\/5442"}],"collection":[{"href":"https:\/\/www.gelweluthyrning.se\/index.php?rest_route=\/wp\/v2\/pages"}],"about":[{"href":"https:\/\/www.gelweluthyrning.se\/index.php?rest_route=\/wp\/v2\/types\/page"}],"author":[{"embeddable":true,"href":"https:\/\/www.gelweluthyrning.se\/index.php?rest_route=\/wp\/v2\/users\/1"}],"replies":[{"embeddable":true,"href":"https:\/\/www.gelweluthyrning.se\/index.php?rest_route=%2Fwp%2Fv2%2Fcomments&post=5442"}],"version-history":[{"count":19,"href":"https:\/\/www.gelweluthyrning.se\/index.php?rest_route=\/wp\/v2\/pages\/5442\/revisions"}],"predecessor-version":[{"id":9648,"href":"https:\/\/www.gelweluthyrning.se\/index.php?rest_route=\/wp\/v2\/pages\/5442\/revisions\/9648"}],"up":[{"embeddable":true,"href":"https:\/\/www.gelweluthyrning.se\/index.php?rest_route=\/wp\/v2\/pages\/11"}],"wp:attachment":[{"href":"https:\/\/www.gelweluthyrning.se\/index.php?rest_route=%2Fwp%2Fv2%2Fmedia&parent=5442"}],"curies":[{"name":"wp","href":"https:\/\/api.w.org\/{rel}","templated":true}]}}