{"id":32,"date":"2016-01-27T13:53:42","date_gmt":"2016-01-27T12:53:42","guid":{"rendered":"http:\/\/localhost\/wordpress\/?page_id=32"},"modified":"2022-04-07T17:47:38","modified_gmt":"2022-04-07T15:47:38","slug":"hydraulik","status":"publish","type":"page","link":"https:\/\/www.gelweluthyrning.se\/?page_id=32","title":{"rendered":"Hydraulik"},"content":{"rendered":"<div id=\"pl-32\"  class=\"panel-layout\" ><div id=\"pg-32-0\"  class=\"panel-grid panel-no-style\" ><div id=\"pgc-32-0-0\"  class=\"panel-grid-cell\" ><div id=\"panel-32-0-0-0\" class=\"so-panel widget widget_virtue_split_content_widget virtue_split_content_widget panel-first-child panel-last-child\" data-index=\"0\" >\t<!-- Image Split -->\n\t<div class=\"kt-image-slit\" id=\"kt-image-split-widget-0-0-0\">\n\t  <div class=\"row\">\n\t    <div class=\"col-sm-6 kt-si-imagecol img-ktsi-left kt-animate-fade-in-right\" style=\"\">\n\t      <div class=\"kt-si-table-box\" style=\"height:500px\">\n\t      \t<div class=\"kt-si-cell-box\">\n\t      \t\t<img src=\"http:\/\/www.gelwel.se\/wp-content\/uploads\/2016\/01\/hydraulslang.jpg\" class=\"kt-si-image\" style=\"max-height:500px\">\t        <\/div>\n\t      <\/div>\n\t     <\/div>\n\t     <div class=\"col-sm-6 kt-si-imagecol content-ktsi-left kt-animate-fade-in-left\" >\n\t      <div class=\"kt-si-table-box\" style=\"height:500px\">\n\t      \t<div class=\"kt-si-cell-box\" style=\"  \">\n \t\t\t\t<div class=\"kt_imgsplit_content\" style=\"\"><h3>Hydraulslangar<\/h3>\nVi pressar hydraulslang medan ni v\u00e4ntar. vi har ett stort sortiment av hydraulslangar, kopplingar och adaptrar. Vi har l\u00e5ng erfarenhet av hydraulik och kan \u00e4ven hj\u00e4lpa till med andra hydraulkomponenter. <\/div>\t        <\/div>\n\t      <\/div>\n\t     <\/div>\n\t  <\/div>\n\t<\/div>\n\n\t<\/div><\/div><\/div><\/div>","protected":false},"excerpt":{"rendered":"<p>Hydraulslangar Vi pressar hydraulslang medan ni v\u00e4ntar. vi har ett stort sortiment av hydraulslangar, kopplingar och adaptrar. Vi har l\u00e5ng erfarenhet av hydraulik och kan \u00e4ven hj\u00e4lpa till med andra hydraulkomponenter.<\/p>\n","protected":false},"author":1,"featured_media":0,"parent":2,"menu_order":0,"comment_status":"closed","ping_status":"closed","template":"page-fullwidth.php","meta":{"kt_blocks_editor_width":""},"kb_featured_image_src_large":false,"kb_author_info":{"display_name":"per","author_link":"https:\/\/www.gelweluthyrning.se\/?author=1","author_image":"https:\/\/secure.gravatar.com\/avatar\/250821d350f2213e36bf942f193b8969?s=96&d=mm&r=g"},"kb_comment_info":0,"_links":{"self":[{"href":"https:\/\/www.gelweluthyrning.se\/index.php?rest_route=\/wp\/v2\/pages\/32"}],"collection":[{"href":"https:\/\/www.gelweluthyrning.se\/index.php?rest_route=\/wp\/v2\/pages"}],"about":[{"href":"https:\/\/www.gelweluthyrning.se\/index.php?rest_route=\/wp\/v2\/types\/page"}],"author":[{"embeddable":true,"href":"https:\/\/www.gelweluthyrning.se\/index.php?rest_route=\/wp\/v2\/users\/1"}],"replies":[{"embeddable":true,"href":"https:\/\/www.gelweluthyrning.se\/index.php?rest_route=%2Fwp%2Fv2%2Fcomments&post=32"}],"version-history":[{"count":6,"href":"https:\/\/www.gelweluthyrning.se\/index.php?rest_route=\/wp\/v2\/pages\/32\/revisions"}],"predecessor-version":[{"id":9251,"href":"https:\/\/www.gelweluthyrning.se\/index.php?rest_route=\/wp\/v2\/pages\/32\/revisions\/9251"}],"up":[{"embeddable":true,"href":"https:\/\/www.gelweluthyrning.se\/index.php?rest_route=\/wp\/v2\/pages\/2"}],"wp:attachment":[{"href":"https:\/\/www.gelweluthyrning.se\/index.php?rest_route=%2Fwp%2Fv2%2Fmedia&parent=32"}],"curies":[{"name":"wp","href":"https:\/\/api.w.org\/{rel}","templated":true}]}}