{"id":1756,"date":"2016-02-25T11:35:01","date_gmt":"2016-02-25T10:35:01","guid":{"rendered":"http:\/\/localhost\/wordpress\/?page_id=1756"},"modified":"2021-01-29T16:47:25","modified_gmt":"2021-01-29T15:47:25","slug":"kap-och-geringsag-uthyres","status":"publish","type":"page","link":"https:\/\/www.gelweluthyrning.se\/?page_id=1756","title":{"rendered":"Kap och gerings\u00e5g uthyres"},"content":{"rendered":"<div id=\"pl-1756\"  class=\"panel-layout\" ><div id=\"pg-1756-0\"  class=\"panel-grid panel-no-style\" ><div id=\"pgc-1756-0-0\"  class=\"panel-grid-cell\" ><div id=\"panel-1756-0-0-0\" class=\"so-panel widget widget_sow-editor panel-first-child panel-last-child\" data-index=\"0\" ><div class=\"so-widget-sow-editor so-widget-sow-editor-base\">\n<div class=\"siteorigin-widget-tinymce textwidget\">\n\t<h1>\u00a0<\/h1>\n<h1 align=\"center\">\u00a0<\/h1>\n<\/div>\n<\/div><\/div><\/div><\/div><div id=\"pg-1756-1\"  class=\"panel-grid panel-no-style\" ><div id=\"pgc-1756-1-0\"  class=\"panel-grid-cell\" ><div id=\"panel-1756-1-0-0\" class=\"so-panel widget widget_virtue_gallery_widget virtue_gallery_widget panel-first-child panel-last-child\" data-index=\"1\" ><div class=\"kt-pb-animation kt-pb-slideInLeft kt-pb-duration-600 kt-pb-delay-0 panel-widget-style panel-widget-style-for-1756-1-0-0\" ><div id=\"kt_slider_346\" class=\"slick-slider kad-light-wp-gallery kt-slickslider loading kt-gallery-slider gallery kt-slider-same-image-ratio\" data-slider-speed=\"9000\" data-slider-anim-speed=\"700\" data-slider-fade=\"true\" data-slider-type=\"slider\" data-slider-center-mode=\"true\" data-slider-auto=\"true\" data-slider-thumbid=\"#kt_slider_346-thumbs\" data-slider-arrows=\"true\" data-slider-initdelay=\"0\" data-slides-to-show=\"1\" data-slider-thumbs-showing=\"15\" style=\"max-width:1140px;\"><div class=\"kt-slick-slide gallery_item\"><a href=\"https:\/\/www.gelweluthyrning.se\/wp-content\/uploads\/2018\/10\/dwalt-DWS-773.jpg\" data-rel=\"lightbox\" class=\"kt-slider-image-link\"><div itemprop=\"image\" itemscope itemtype=\"https:\/\/schema.org\/ImageObject\"><img width=\"600\" height=\"600\" src=\"https:\/\/www.gelweluthyrning.se\/wp-content\/uploads\/2018\/10\/dwalt-DWS-773.jpg\" srcset=\"https:\/\/www.gelweluthyrning.se\/wp-content\/uploads\/2018\/10\/dwalt-DWS-773.jpg 600w, https:\/\/www.gelweluthyrning.se\/wp-content\/uploads\/2018\/10\/dwalt-DWS-773-150x150.jpg 150w, https:\/\/www.gelweluthyrning.se\/wp-content\/uploads\/2018\/10\/dwalt-DWS-773-300x300.jpg 300w\" sizes=\"(max-width: 600px) 100vw, 600px\" data-caption=\"\" class=\"skip-lazy\" itemprop=\"contentUrl\" alt=\"\"><meta itemprop=\"url\" content=\"https:\/\/www.gelweluthyrning.se\/wp-content\/uploads\/2018\/10\/dwalt-DWS-773.jpg\"><meta itemprop=\"width\" content=\"600px\"><meta itemprop=\"height\" content=\"600px\"><\/div><\/a><\/div><div class=\"kt-slick-slide gallery_item\"><a href=\"https:\/\/www.gelweluthyrning.se\/wp-content\/uploads\/2018\/10\/Walt-DWS-773.jpg\" data-rel=\"lightbox\" class=\"kt-slider-image-link\"><div itemprop=\"image\" itemscope itemtype=\"https:\/\/schema.org\/ImageObject\"><img width=\"600\" height=\"600\" src=\"https:\/\/www.gelweluthyrning.se\/wp-content\/uploads\/2018\/10\/Walt-DWS-773.jpg\" srcset=\"https:\/\/www.gelweluthyrning.se\/wp-content\/uploads\/2018\/10\/Walt-DWS-773.jpg 600w, https:\/\/www.gelweluthyrning.se\/wp-content\/uploads\/2018\/10\/Walt-DWS-773-150x150.jpg 150w, https:\/\/www.gelweluthyrning.se\/wp-content\/uploads\/2018\/10\/Walt-DWS-773-300x300.jpg 300w\" sizes=\"(max-width: 600px) 100vw, 600px\" data-caption=\"\" class=\"skip-lazy\" itemprop=\"contentUrl\" alt=\"\"><meta itemprop=\"url\" content=\"https:\/\/www.gelweluthyrning.se\/wp-content\/uploads\/2018\/10\/Walt-DWS-773.jpg\"><meta itemprop=\"width\" content=\"600px\"><meta itemprop=\"height\" content=\"600px\"><\/div><\/a><\/div><\/div> <!--Image Slider--><\/div><\/div><\/div><div id=\"pgc-1756-1-1\"  class=\"panel-grid-cell\" ><div id=\"panel-1756-1-1-0\" class=\"so-panel widget widget_sow-editor panel-first-child\" data-index=\"2\" ><div class=\"so-widget-sow-editor so-widget-sow-editor-base\">\n<div class=\"siteorigin-widget-tinymce textwidget\">\n\t<\/div>\n<\/div><\/div><div id=\"panel-1756-1-1-1\" class=\"so-panel widget widget_sow-editor panel-last-child\" data-index=\"3\" ><div class=\"so-widget-sow-editor so-widget-sow-editor-base\">\n<div class=\"siteorigin-widget-tinymce textwidget\">\n\t<h2>Kap och geringss\u00e5g DEWALT DWS 773<\/h2>\n<p>&nbsp;<\/p>\n<div class=\"warrantyPanel\">Kompakt design med interna glidst\u00e4nger f\u00f6r h\u00f6g s\u00e5gkapacitet. Bordet och anslaget \u00e4r planfr\u00e4sta f\u00f6r att m\u00f6ta kraven p\u00e5 precision fr\u00e5n dagens hantverkare.<\/p>\n<p>V\u00e4lj vilken geringsvinkel du vill ha med stegl\u00f6s inst\u00e4llning 0-48\u00b0 till b\u00e5de v\u00e4nster och h\u00f6ger eller fasta l\u00e4gen f\u00f6r de vanligaste vinklarna. S\u00e5gklingan kan \u00e4ven lutas 0-48\u00b0 \u00e5t v\u00e4nster f\u00f6r snedkapning. Max kapkapacitet vid 90\u00b0 70x20 mm och 60x250 mm samt vid 45\u00b0 60x170 mm. <\/p>\n<p>Effektiv dammhantering som h\u00e5ller s\u00e5glinjen ren. Spindell\u00e5sning g\u00f6r det enkelt att byta klinga vid behov. Sidohandtagen och det l\u00e5sbara huvudet g\u00f6r kap- och gers\u00e5gen l\u00e4tt att flytta.<\/p><\/div>\n<div>\u00a0<\/div>\n<div>Komplettera med stativ, se nedan.<\/div>\n<div class=\"floatRight\">\n<div class=\"shoppingInfo\">\u00a0<\/div>\n<\/div>\n<\/div>\n<\/div><\/div><\/div><\/div><div id=\"pg-1756-2\"  class=\"panel-grid panel-no-style\" ><div id=\"pgc-1756-2-0\"  class=\"panel-grid-cell\" ><div id=\"panel-1756-2-0-0\" class=\"so-panel widget widget_sow-editor panel-first-child panel-last-child\" data-index=\"4\" ><div class=\"so-widget-sow-editor so-widget-sow-editor-base\">\n<div class=\"siteorigin-widget-tinymce textwidget\">\n\t<h3 style=\"padding-left: 30px;\">Teknisk info<\/h3>\n<p style=\"padding-left: 60px;\">\n<ul class=\"nav nav-tabs sc_tabs\"><li class=\"active\"><a href=\"#sctab2820\" rel=\"nofollow\">Tekniska data<\/a><\/li>\n<li class=\"\"><a href=\"#sctab2821\" rel=\"nofollow\">Dokumentation<\/a><\/li><\/ul> <div class=\"tab-content postclass\"><div class=\"tab-pane clearfix active\" id=\"sctab2820\"><\/p>\n<table>\n<tbody>\n<tr>\n<td>Effekt<\/td>\n<td>1300\u00a0W<\/td>\n<\/tr>\n<tr>\n<td>Geringsvinkel h\u00f6ger\/v\u00e4nster<\/td>\n<td>48\u00a0\u00b0<\/td>\n<\/tr>\n<tr>\n<td>Kapacitet vid 45\u00b0<\/td>\n<td>60x170 mm\u00a0<\/td>\n<\/tr>\n<tr>\n<td>Kapacitet vid 90\u00b0<\/td>\n<td>70x20 mm, 60x250 mm\u00a0<\/td>\n<\/tr>\n<tr>\n<td>Klingans dimension<\/td>\n<td>216\u00a0mm<\/td>\n<\/tr>\n<tr>\n<td>Kraftk\u00e4lla<\/td>\n<td>230 V\u00a0<\/td>\n<\/tr>\n<tr>\n<td>Spindelsp\u00e4rr<\/td>\n<td>Ja<\/td>\n<\/tr>\n<tr>\n<td>Tiltbar klinga<\/td>\n<td>Ja<\/td>\n<\/tr>\n<tr>\n<td>Uttag f\u00f6r sp\u00e5nsug<\/td>\n<td>Ja<\/td>\n<\/tr>\n<tr>\n<td>Varvtal<\/td>\n<td>4500\u00a0rpm<\/td>\n<\/tr>\n<tr>\n<td>Dimension L x B x H<\/td>\n<td>49 x\u00a055 x 59 cm<\/td>\n<\/tr>\n<tr>\n<td>Vikt<\/td>\n<td>12 kg<\/td>\n<\/tr>\n<\/tbody>\n<\/table>\n<p><\/div>\n<div class=\"tab-pane clearfix \" id=\"sctab2821\"><\/p>\n<p style=\"padding-left: 30px;\"><div class=\"row\"> <div class=\"col-md-6  \"> Instruktionsbok:<a href=\"http:\/\/www.gelwel.se\/wp-content\/uploads\/2018\/10\/Anv\u00e4ndarmanual-DWS-773.pdf\" target=\"_blank\" rel=\"http:\/\/www.gelwel.se\/wp-content\/uploads\/2018\/10\/Anv\u00e4ndarmanual-DWS-773.pdf noopener\"><img class=\"alignnone wp-image-703 size-full\" src=\"http:\/\/www.gelwel.se\/wp-content\/uploads\/2016\/02\/Pdf50x48.jpg\" alt=\"\" width=\"50\" height=\"48\" \/><\/a><\/p>\n<p style=\"padding-left: 30px;\"><\/div><div class=\"col-md-6  \"><\/p>\n<p style=\"padding-left: 30px;\"><\/div><\/div><\/p>\n<p style=\"padding-left: 30px;\"><\/div><\/div>\n<\/p>\n<\/div>\n<\/div><\/div><\/div><div id=\"pgc-1756-2-1\"  class=\"panel-grid-cell\" ><div id=\"panel-1756-2-1-0\" class=\"so-panel widget widget_virtue_about_with_image virtue_about_with_image panel-first-child panel-last-child\" data-index=\"5\" ><div class=\"kad_img_upload_widget kt-shape-type- kt-image-align-center kt-image-widget-widget-2-1-0\"><a href=\"http:\/\/www.gelwel.se\/wp-content\/uploads\/2016\/02\/stativ.jpg\" rel=\"lightbox\"><div class=\"kt-image-contain  \"><div class=\"kt-image-inner-contain\"><img width=\"600\" height=\"535\" src=\"https:\/\/www.gelweluthyrning.se\/wp-content\/uploads\/2016\/02\/stativ.jpg\" class=\"attachment-full size-full\" alt=\"Stativ till kap och gerings\u00e5g\" loading=\"lazy\" srcset=\"https:\/\/www.gelweluthyrning.se\/wp-content\/uploads\/2016\/02\/stativ.jpg 600w, https:\/\/www.gelweluthyrning.se\/wp-content\/uploads\/2016\/02\/stativ-300x268.jpg 300w\" sizes=\"(max-width: 600px) 100vw, 600px\" \/><\/div><\/div><\/a><\/div><\/div><\/div><\/div><div id=\"pg-1756-3\"  class=\"panel-grid panel-no-style\" ><div id=\"pgc-1756-3-0\"  class=\"panel-grid-cell\" ><div id=\"panel-1756-3-0-0\" class=\"so-panel widget widget_sow-editor panel-first-child panel-last-child\" data-index=\"6\" ><div class=\"so-widget-sow-editor so-widget-sow-editor-base\">\n<div class=\"siteorigin-widget-tinymce textwidget\">\n\t<h3>Pris<\/h3>\n\n<ul class=\"nav nav-tabs sc_tabs\"><li class=\"active\"><a href=\"#sctab370\" rel=\"nofollow\">Pris<\/a><\/li>\n<li class=\"\"><a href=\"#sctab371\" rel=\"nofollow\">F\u00f6rbrukningsmaterial<\/a><\/li>\n<li class=\"\"><a href=\"#sctab372\" rel=\"nofollow\">Komplettera<\/a><\/li><\/ul> <div class=\"tab-content postclass\"><div class=\"tab-pane clearfix active\" id=\"sctab370\"><br \/>\n<div class=\"row\"> <div class=\"col-md-3  \"><\/p>\n<h4>Pris dag 1<\/h4>\n<h4><span style=\"color: #ff0000;\">195\u00a0kr<\/span><\/h4>\n<p><\/div><div class=\"col-md-3  \"><\/p>\n<h4>Pris fr\u00e5n dag 2<\/h4>\n<h4><span style=\"color: #ff0000;\">120 kr<\/span><\/h4>\n<p><\/div><div class=\"col-md-3  \"><\/p>\n<h4>Helg<\/h4>\n<h4><span style=\"color: #ff0000;\">315\u00a0kr<\/span><\/h4>\n<p><\/div><div class=\"col-md-3  \"><\/p>\n<h4>Vecka<\/h4>\n<h4><span style=\"color: #ff0000;\">675\u00a0kr<\/span><\/h4>\n<p><\/div><\/div><br \/>\nMoms ing\u00e5r i\u00a0alla priser.<\/p>\n<p><\/div>\n<div class=\"tab-pane clearfix \" id=\"sctab371\"><\/p>\n<p><\/div>\n<div class=\"tab-pane clearfix \" id=\"sctab372\"><\/p>\n<p>Stativ 75 kr\/dag. Elkabel 230V, 10 Amp ca 20 m 15 kr\/dag\u00a0<\/div><\/div>\n\n<\/div>\n<\/div><\/div><\/div><div id=\"pgc-1756-3-1\"  class=\"panel-grid-cell\" >\n\n        <div id=\"panel-1756-3-1-0\" class=\"so-panel widget widget_kadence_calltoaction_widget kadence_calltoaction_widget panel-first-child panel-last-child\" data-index=\"7\" ><div class=\"kt-ctaw clearfix\"><h1 class=\"kt-call-to-action-title\" style=\" font-size:40px; line-height:1.1; text-align:center; \"  data-max-size=\"40\" data-min-size=\"40\">Boka maskinen<\/h1><div style=\"text-align:center\"><a href=\"http:\/\/www.gelwel.se\/?page_id=585\" id=\"kadbtn72\" target=\"_self\" class=\"kad-btn btn-shortcode kad-btn-primary lg-kad-btn \" style=\" border: 0 solid; border-color:#000;  \" onMouseOver=\"\" onMouseOut=\"\">BOKA <\/a><\/div><\/div><\/div>\n    <\/div><\/div><div id=\"pg-1756-4\"  class=\"panel-grid panel-no-style\" ><div id=\"pgc-1756-4-0\"  class=\"panel-grid-cell panel-grid-cell-empty\" ><\/div><\/div><\/div>","protected":false},"excerpt":{"rendered":"<p>\u00a0\u00a0 Kap och geringss\u00e5g DEWALT DWS 773 &nbsp; Kompakt design med interna glidst\u00e4nger f\u00f6r h\u00f6g s\u00e5gkapacitet. Bordet och anslaget \u00e4r planfr\u00e4sta f\u00f6r att m\u00f6ta kraven p\u00e5 precision fr\u00e5n dagens hantverkare.V\u00e4lj vilken geringsvinkel du vill ha med stegl\u00f6s inst\u00e4llning 0-48\u00b0 till &hellip; <a class=\"kt-excerpt-readmore\" href=\"https:\/\/www.gelweluthyrning.se\/?page_id=1756\" aria-label=\"Kap och gerings\u00e5g uthyres\">L\u00e4s mer<\/a><\/p>\n","protected":false},"author":1,"featured_media":0,"parent":11,"menu_order":0,"comment_status":"closed","ping_status":"closed","template":"page-fullwidth.php","meta":{"kt_blocks_editor_width":""},"kb_featured_image_src_large":false,"kb_author_info":{"display_name":"per","author_link":"https:\/\/www.gelweluthyrning.se\/?author=1","author_image":"https:\/\/secure.gravatar.com\/avatar\/250821d350f2213e36bf942f193b8969?s=96&d=mm&r=g"},"kb_comment_info":0,"_links":{"self":[{"href":"https:\/\/www.gelweluthyrning.se\/index.php?rest_route=\/wp\/v2\/pages\/1756"}],"collection":[{"href":"https:\/\/www.gelweluthyrning.se\/index.php?rest_route=\/wp\/v2\/pages"}],"about":[{"href":"https:\/\/www.gelweluthyrning.se\/index.php?rest_route=\/wp\/v2\/types\/page"}],"author":[{"embeddable":true,"href":"https:\/\/www.gelweluthyrning.se\/index.php?rest_route=\/wp\/v2\/users\/1"}],"replies":[{"embeddable":true,"href":"https:\/\/www.gelweluthyrning.se\/index.php?rest_route=%2Fwp%2Fv2%2Fcomments&post=1756"}],"version-history":[{"count":32,"href":"https:\/\/www.gelweluthyrning.se\/index.php?rest_route=\/wp\/v2\/pages\/1756\/revisions"}],"predecessor-version":[{"id":8266,"href":"https:\/\/www.gelweluthyrning.se\/index.php?rest_route=\/wp\/v2\/pages\/1756\/revisions\/8266"}],"up":[{"embeddable":true,"href":"https:\/\/www.gelweluthyrning.se\/index.php?rest_route=\/wp\/v2\/pages\/11"}],"wp:attachment":[{"href":"https:\/\/www.gelweluthyrning.se\/index.php?rest_route=%2Fwp%2Fv2%2Fmedia&parent=1756"}],"curies":[{"name":"wp","href":"https:\/\/api.w.org\/{rel}","templated":true}]}}