{"id":1455,"date":"2016-02-21T16:48:15","date_gmt":"2016-02-21T15:48:15","guid":{"rendered":"http:\/\/localhost\/wordpress\/?page_id=1455"},"modified":"2020-12-12T16:29:28","modified_gmt":"2020-12-12T15:29:28","slug":"luftrenare","status":"publish","type":"page","link":"https:\/\/www.gelweluthyrning.se\/?page_id=1455","title":{"rendered":"Tapetbortagare uthyres"},"content":{"rendered":"<div id=\"pl-1455\"  class=\"panel-layout\" ><div id=\"pg-1455-0\"  class=\"panel-grid panel-no-style\" ><div id=\"pgc-1455-0-0\"  class=\"panel-grid-cell\" ><div id=\"panel-1455-0-0-0\" class=\"so-panel widget widget_sow-editor panel-first-child panel-last-child\" data-index=\"0\" ><div class=\"so-widget-sow-editor so-widget-sow-editor-base\">\n<div class=\"siteorigin-widget-tinymce textwidget\">\n\t<div align=\"center\">\u00a0<\/div>\n<\/div>\n<\/div><\/div><\/div><\/div><div id=\"pg-1455-1\"  class=\"panel-grid panel-no-style\" ><div id=\"pgc-1455-1-0\"  class=\"panel-grid-cell\" ><div id=\"panel-1455-1-0-0\" class=\"so-panel widget widget_virtue_about_with_image virtue_about_with_image panel-first-child panel-last-child\" data-index=\"1\" ><div class=\"kad_img_upload_widget kt-shape-type-kt-image-shape-standard kt-image-align-center kt-image-widget-widget-1-0-0\"><div class=\"kt-image-contain kt-image-shadow-none kt-image-shape-standard\"><div class=\"kt-image-inner-contain\"><img width=\"600\" height=\"486\" src=\"https:\/\/www.gelweluthyrning.se\/wp-content\/uploads\/2020\/12\/Wagner-Steam-Force-Pro-Tapetborttagare-2750-W.jpg\" class=\"attachment-full size-full\" alt=\"Tapet\u00e5ngare \" loading=\"lazy\" srcset=\"https:\/\/www.gelweluthyrning.se\/wp-content\/uploads\/2020\/12\/Wagner-Steam-Force-Pro-Tapetborttagare-2750-W.jpg 600w, https:\/\/www.gelweluthyrning.se\/wp-content\/uploads\/2020\/12\/Wagner-Steam-Force-Pro-Tapetborttagare-2750-W-300x243.jpg 300w\" sizes=\"(max-width: 600px) 100vw, 600px\" \/><\/div><\/div><\/div><\/div><\/div><div id=\"pgc-1455-1-1\"  class=\"panel-grid-cell\" ><div id=\"panel-1455-1-1-0\" class=\"so-panel widget widget_sow-editor panel-first-child\" data-index=\"2\" ><div class=\"so-widget-sow-editor so-widget-sow-editor-base\">\n<div class=\"siteorigin-widget-tinymce textwidget\">\n\t<\/div>\n<\/div><\/div><div id=\"panel-1455-1-1-1\" class=\"so-panel widget widget_sow-editor panel-last-child\" data-index=\"3\" ><div class=\"so-widget-sow-editor so-widget-sow-editor-base\">\n<div class=\"siteorigin-widget-tinymce textwidget\">\n\t<h2>Steam Force Pro<\/h2>\n<div align=\"center\">\n<p style=\"text-align: left;\">Steamforce Pro \u00e4r en stark tapet\u00e5ngare som tr\u00e4nger igenom flera lager tapeter. Maskinen \u00e4r byggd i fokus med anv\u00e4ndarv\u00e4nlighet. Stor vattentank p\u00e5 7,5 liter, vilket g\u00f6r att du kan arbeta i upp till 90 minuter i str\u00e4ck. \u00c5ngplattan \u00e4r stor, men l\u00e4tt. Maskinen \u00e4r utrustad med en indikator som anger n\u00e4r Steamforce m\u00e5ste fyllas p\u00e5. En annan f\u00f6rdel \u00e4r att slangen \u00e4r isolerad, vilket inneb\u00e4r att den blir varm men inte br\u00e4nnhet.<\/p>\n<p style=\"text-align: left;\">En annan stor f\u00f6rdel \u00e4r att denna tapet\u00e5ngare kan anv\u00e4ndas som trappsteg. Detta \u00e4r mycket praktiskt, eftersom det i de flesta fall r\u00e4cker f\u00f6r att n\u00e5 h\u00f6gst upp p\u00e5 v\u00e4ggarna. S\u00e5 slipper man sl\u00e4pa med en stege.<\/p>\n<\/div>\n<\/div>\n<\/div><\/div><\/div><\/div><div id=\"pg-1455-2\"  class=\"panel-grid panel-no-style\" ><div id=\"pgc-1455-2-0\"  class=\"panel-grid-cell\" ><div id=\"panel-1455-2-0-0\" class=\"so-panel widget widget_sow-editor panel-first-child panel-last-child\" data-index=\"4\" ><div class=\"so-widget-sow-editor so-widget-sow-editor-base\">\n<div class=\"siteorigin-widget-tinymce textwidget\">\n\t<h3 style=\"padding-left: 30px;\">Teknisk info<\/h3>\n<p style=\"padding-left: 60px;\">\n<ul class=\"nav nav-tabs sc_tabs\"><li class=\"active\"><a href=\"#sctab3480\" rel=\"nofollow\">Tekniska data<\/a><\/li>\n<li class=\"\"><a href=\"#sctab3481\" rel=\"nofollow\">Dokumentation<\/a><\/li><\/ul> <div class=\"tab-content postclass\"><div class=\"tab-pane clearfix active\" id=\"sctab3480\"><\/p>\n<table border=\"0\" width=\"500\">\n<tbody>\n<tr>\n<td>\u00a0Str\u00f6mf\u00f6rbrukning<\/td>\n<td>\u00a0230 V, 1-fas, max\u00a02750 W<\/td>\n<\/tr>\n<tr>\n<td>Vattenkapacitet<\/td>\n<td>7.5 l<\/td>\n<\/tr>\n<tr>\n<td>Slangsl\u00e4ngd<\/td>\n<td>5 m<\/td>\n<\/tr>\n<tr>\n<td>\u00c5ngplatta<\/td>\n<td>253 x 305 mm \/ 140 x 70 mm<\/td>\n<\/tr>\n<tr>\n<td>Bredd<\/td>\n<td>580 mm<\/td>\n<\/tr>\n<tr>\n<td>L x B x H<\/td>\n<td>350 x 580 x 310 mm<\/td>\n<\/tr>\n<tr>\n<td>\u00a0Starttid<\/td>\n<td>\u00a018 minuter<\/td>\n<\/tr>\n<tr>\n<td>\u00a0Vikt<\/td>\n<td>\u00a09,4 kg<\/td>\n<\/tr>\n<\/tbody>\n<\/table>\n<p><\/div>\n<div class=\"tab-pane clearfix \" id=\"sctab3481\"><\/p>\n<p style=\"padding-left: 30px;\"><div class=\"row\"> <div class=\"col-md-6  \"><\/p>\n<p style=\"padding-left: 30px;\"><\/div><div class=\"col-md-6  \"><\/p>\n<p style=\"padding-left: 30px;\"><\/div><\/div><\/p>\n<p style=\"padding-left: 30px;\"><\/div><\/div>\n<\/p>\n<\/div>\n<\/div><\/div><\/div><div id=\"pgc-1455-2-1\"  class=\"panel-grid-cell\" ><div id=\"panel-1455-2-1-0\" class=\"so-panel widget widget_virtue_gallery_widget virtue_gallery_widget panel-first-child panel-last-child\" data-index=\"5\" ><div id=\"kad-wp-gallery393\" class=\"kad-wp-gallery gallery kt-gallery-column-2 init-isotope-intrinsic reinit-isotope kad-light-wp-gallery clearfix rowtight\" data-fade-in=\"1\" data-iso-selector=\".g_item\" data-iso-style=\"masonry\" data-iso-filter=\"false\"><div class=\"tcol-lg-6 tcol-md-6 tcol-sm-6 tcol-xs-12 tcol-ss-12 g_item\"><div class=\"grid_item kt_item_fade_in kad_gallery_fade_in gallery_item\"><a href=\"https:\/\/www.gelweluthyrning.se\/wp-content\/uploads\/2020\/12\/csm_SteamForce_Pro_Treppenhaus_hart_efaafbefec.jpg\" data-rel=\"lightbox\" class=\"lightboxhover\"><div class=\"kt-intrinsic\" style=\"padding-bottom:100%;\"><div itemprop=\"image\" itemscope itemtype=\"https:\/\/schema.org\/ImageObject\"><img width=\"560\" height=\"560\" src=\"https:\/\/www.gelweluthyrning.se\/wp-content\/uploads\/2020\/12\/csm_SteamForce_Pro_Treppenhaus_hart_efaafbefec-560x560.jpg\" srcset=\"https:\/\/www.gelweluthyrning.se\/wp-content\/uploads\/2020\/12\/csm_SteamForce_Pro_Treppenhaus_hart_efaafbefec-560x560.jpg 560w, https:\/\/www.gelweluthyrning.se\/wp-content\/uploads\/2020\/12\/csm_SteamForce_Pro_Treppenhaus_hart_efaafbefec-150x150.jpg 150w\" sizes=\"(max-width: 560px) 100vw, 560px\" data-caption=\"\" class=\"light-dropshaddow\" itemprop=\"contentUrl\" alt=\"\"><meta itemprop=\"url\" content=\"https:\/\/www.gelweluthyrning.se\/wp-content\/uploads\/2020\/12\/csm_SteamForce_Pro_Treppenhaus_hart_efaafbefec-560x560.jpg\"><meta itemprop=\"width\" content=\"560px\"><meta itemprop=\"height\" content=\"560px\"><\/div><\/div><\/a><\/div><\/div><div class=\"tcol-lg-6 tcol-md-6 tcol-sm-6 tcol-xs-12 tcol-ss-12 g_item\"><div class=\"grid_item kt_item_fade_in kad_gallery_fade_in gallery_item\"><a href=\"https:\/\/www.gelweluthyrning.se\/wp-content\/uploads\/2020\/12\/csm_SteamForce_Pro_frontal_a1bc827b0f.jpg\" data-rel=\"lightbox\" class=\"lightboxhover\"><div class=\"kt-intrinsic\" style=\"padding-bottom:100%;\"><div itemprop=\"image\" itemscope itemtype=\"https:\/\/schema.org\/ImageObject\"><img width=\"560\" height=\"560\" src=\"https:\/\/www.gelweluthyrning.se\/wp-content\/uploads\/2020\/12\/csm_SteamForce_Pro_frontal_a1bc827b0f-560x560.jpg\" srcset=\"https:\/\/www.gelweluthyrning.se\/wp-content\/uploads\/2020\/12\/csm_SteamForce_Pro_frontal_a1bc827b0f-560x560.jpg 560w, https:\/\/www.gelweluthyrning.se\/wp-content\/uploads\/2020\/12\/csm_SteamForce_Pro_frontal_a1bc827b0f-150x150.jpg 150w\" sizes=\"(max-width: 560px) 100vw, 560px\" data-caption=\"L\u00e4tt och kompakt\" class=\"light-dropshaddow\" itemprop=\"contentUrl\" alt=\"\"><meta itemprop=\"url\" content=\"https:\/\/www.gelweluthyrning.se\/wp-content\/uploads\/2020\/12\/csm_SteamForce_Pro_frontal_a1bc827b0f-560x560.jpg\"><meta itemprop=\"width\" content=\"560px\"><meta itemprop=\"height\" content=\"560px\"><\/div><\/div><\/a><\/div><\/div><div class=\"tcol-lg-6 tcol-md-6 tcol-sm-6 tcol-xs-12 tcol-ss-12 g_item\"><div class=\"grid_item kt_item_fade_in kad_gallery_fade_in gallery_item\"><a href=\"https:\/\/www.gelweluthyrning.se\/wp-content\/uploads\/2020\/12\/Pall.jpg\" data-rel=\"lightbox\" class=\"lightboxhover\"><div class=\"kt-intrinsic\" style=\"padding-bottom:100%;\"><div itemprop=\"image\" itemscope itemtype=\"https:\/\/schema.org\/ImageObject\"><img width=\"480\" height=\"480\" src=\"https:\/\/www.gelweluthyrning.se\/wp-content\/uploads\/2020\/12\/Pall.jpg\" srcset=\"https:\/\/www.gelweluthyrning.se\/wp-content\/uploads\/2020\/12\/Pall.jpg 480w, https:\/\/www.gelweluthyrning.se\/wp-content\/uploads\/2020\/12\/Pall-150x150.jpg 150w, https:\/\/www.gelweluthyrning.se\/wp-content\/uploads\/2020\/12\/Pall-300x300.jpg 300w\" sizes=\"(max-width: 480px) 100vw, 480px\" data-caption=\"L\u00e5ng r\u00e4ckvidd d\u00e5 maskinen t\u00e5l att st\u00e5 p\u00e5 (max 127 kg)\" class=\"light-dropshaddow\" itemprop=\"contentUrl\" alt=\"\"><meta itemprop=\"url\" content=\"https:\/\/www.gelweluthyrning.se\/wp-content\/uploads\/2020\/12\/Pall.jpg\"><meta itemprop=\"width\" content=\"480px\"><meta itemprop=\"height\" content=\"480px\"><\/div><\/div><\/a><\/div><\/div><div class=\"tcol-lg-6 tcol-md-6 tcol-sm-6 tcol-xs-12 tcol-ss-12 g_item\"><div class=\"grid_item kt_item_fade_in kad_gallery_fade_in gallery_item\"><a href=\"https:\/\/www.gelweluthyrning.se\/wp-content\/uploads\/2020\/12\/nedangning-tapet.jpg\" data-rel=\"lightbox\" class=\"lightboxhover\"><div class=\"kt-intrinsic\" style=\"padding-bottom:100%;\"><div itemprop=\"image\" itemscope itemtype=\"https:\/\/schema.org\/ImageObject\"><img width=\"480\" height=\"480\" src=\"https:\/\/www.gelweluthyrning.se\/wp-content\/uploads\/2020\/12\/nedangning-tapet.jpg\" srcset=\"https:\/\/www.gelweluthyrning.se\/wp-content\/uploads\/2020\/12\/nedangning-tapet.jpg 480w, https:\/\/www.gelweluthyrning.se\/wp-content\/uploads\/2020\/12\/nedangning-tapet-150x150.jpg 150w, https:\/\/www.gelweluthyrning.se\/wp-content\/uploads\/2020\/12\/nedangning-tapet-300x300.jpg 300w\" sizes=\"(max-width: 480px) 100vw, 480px\" data-caption=\"Snabb demontering av gamla tapeter\" class=\"light-dropshaddow\" itemprop=\"contentUrl\" alt=\"\"><meta itemprop=\"url\" content=\"https:\/\/www.gelweluthyrning.se\/wp-content\/uploads\/2020\/12\/nedangning-tapet.jpg\"><meta itemprop=\"width\" content=\"480px\"><meta itemprop=\"height\" content=\"480px\"><\/div><\/div><\/a><\/div><\/div><\/div><\/div><\/div><\/div><div id=\"pg-1455-3\"  class=\"panel-grid panel-no-style\" ><div id=\"pgc-1455-3-0\"  class=\"panel-grid-cell\" ><div id=\"panel-1455-3-0-0\" class=\"so-panel widget widget_sow-editor panel-first-child panel-last-child\" data-index=\"6\" ><div class=\"so-widget-sow-editor so-widget-sow-editor-base\">\n<div class=\"siteorigin-widget-tinymce textwidget\">\n\t<h3>Pris<\/h3>\n\n<ul class=\"nav nav-tabs sc_tabs\"><li class=\"active\"><a href=\"#sctab6550\" rel=\"nofollow\">Pris<\/a><\/li>\n<li class=\"\"><a href=\"#sctab6551\" rel=\"nofollow\">F\u00f6rbrukningsmaterial<\/a><\/li>\n<li class=\"\"><a href=\"#sctab6552\" rel=\"nofollow\">Komplettera<\/a><\/li><\/ul> <div class=\"tab-content postclass\"><div class=\"tab-pane clearfix active\" id=\"sctab6550\"><br \/>\n<div class=\"row\"> <div class=\"col-md-3  \"><\/p>\n<h4>Pris dag 1<\/h4>\n<h4><span style=\"color: #ff0000;\">275 kr<\/span><\/h4>\n<p><\/div><div class=\"col-md-3  \"><\/p>\n<h4>Pris fr\u00e5n dag 2<\/h4>\n<h4><span style=\"color: #ff0000;\">200 kr<\/span><\/h4>\n<p><\/div><div class=\"col-md-3  \"><\/p>\n<h4>Helg<\/h4>\n<h4><span style=\"color: #ff0000;\">475 kr<\/span><\/h4>\n<p><\/div><div class=\"col-md-3  \"><\/p>\n<h4>Vecka<\/h4>\n<h4><span style=\"color: #ff0000;\">1075 kr<\/span><\/h4>\n<p><\/div><\/div><br \/>\nMoms ing\u00e5r i\u00a0alla priser.<\/p>\n<p><\/div>\n<div class=\"tab-pane clearfix \" id=\"sctab6551\"><\/p>\n<p>&nbsp;<\/p>\n<p><\/div>\n<div class=\"tab-pane clearfix \" id=\"sctab6552\"><\/p>\n<p><\/div><\/div>\n\n<\/div>\n<\/div><\/div><\/div><div id=\"pgc-1455-3-1\"  class=\"panel-grid-cell\" >\n\n        <div id=\"panel-1455-3-1-0\" class=\"so-panel widget widget_kadence_calltoaction_widget kadence_calltoaction_widget panel-first-child panel-last-child\" data-index=\"7\" ><div class=\"kt-ctaw clearfix\"><h1 class=\"kt-call-to-action-title\" style=\" font-size:40px; line-height:1.1; text-align:center; \"  data-max-size=\"40\" data-min-size=\"40\">Boka maskinen<\/h1><div style=\"text-align:center\"><a href=\"http:\/\/www.gelwel.se\/?page_id=585\" id=\"kadbtn3\" target=\"_self\" class=\"kad-btn btn-shortcode kad-btn-primary lg-kad-btn \" style=\" border: 0 solid; border-color:#000;  \" onMouseOver=\"\" onMouseOut=\"\">BOKA <\/a><\/div><\/div><\/div>\n    <\/div><\/div><div id=\"pg-1455-4\"  class=\"panel-grid panel-no-style\" ><div id=\"pgc-1455-4-0\"  class=\"panel-grid-cell panel-grid-cell-empty\" ><\/div><\/div><\/div>","protected":false},"excerpt":{"rendered":"<p>\u00a0 Steam Force Pro Steamforce Pro \u00e4r en stark tapet\u00e5ngare som tr\u00e4nger igenom flera lager tapeter. Maskinen \u00e4r byggd i fokus med anv\u00e4ndarv\u00e4nlighet. Stor vattentank p\u00e5 7,5 liter, vilket g\u00f6r att du kan arbeta i upp till 90 minuter i &hellip; <a class=\"kt-excerpt-readmore\" href=\"https:\/\/www.gelweluthyrning.se\/?page_id=1455\" aria-label=\"Tapetbortagare uthyres\">L\u00e4s mer<\/a><\/p>\n","protected":false},"author":1,"featured_media":0,"parent":11,"menu_order":0,"comment_status":"closed","ping_status":"closed","template":"page-fullwidth.php","meta":{"kt_blocks_editor_width":""},"kb_featured_image_src_large":false,"kb_author_info":{"display_name":"per","author_link":"https:\/\/www.gelweluthyrning.se\/?author=1","author_image":"https:\/\/secure.gravatar.com\/avatar\/250821d350f2213e36bf942f193b8969?s=96&d=mm&r=g"},"kb_comment_info":0,"_links":{"self":[{"href":"https:\/\/www.gelweluthyrning.se\/index.php?rest_route=\/wp\/v2\/pages\/1455"}],"collection":[{"href":"https:\/\/www.gelweluthyrning.se\/index.php?rest_route=\/wp\/v2\/pages"}],"about":[{"href":"https:\/\/www.gelweluthyrning.se\/index.php?rest_route=\/wp\/v2\/types\/page"}],"author":[{"embeddable":true,"href":"https:\/\/www.gelweluthyrning.se\/index.php?rest_route=\/wp\/v2\/users\/1"}],"replies":[{"embeddable":true,"href":"https:\/\/www.gelweluthyrning.se\/index.php?rest_route=%2Fwp%2Fv2%2Fcomments&post=1455"}],"version-history":[{"count":13,"href":"https:\/\/www.gelweluthyrning.se\/index.php?rest_route=\/wp\/v2\/pages\/1455\/revisions"}],"predecessor-version":[{"id":8062,"href":"https:\/\/www.gelweluthyrning.se\/index.php?rest_route=\/wp\/v2\/pages\/1455\/revisions\/8062"}],"up":[{"embeddable":true,"href":"https:\/\/www.gelweluthyrning.se\/index.php?rest_route=\/wp\/v2\/pages\/11"}],"wp:attachment":[{"href":"https:\/\/www.gelweluthyrning.se\/index.php?rest_route=%2Fwp%2Fv2%2Fmedia&parent=1455"}],"curies":[{"name":"wp","href":"https:\/\/api.w.org\/{rel}","templated":true}]}}