{"id":1441,"date":"2016-02-21T16:32:18","date_gmt":"2016-02-21T15:32:18","guid":{"rendered":"http:\/\/localhost\/wordpress\/?page_id=1441"},"modified":"2018-07-17T13:57:48","modified_gmt":"2018-07-17T11:57:48","slug":"renskopa","status":"publish","type":"page","link":"https:\/\/www.gelweluthyrning.se\/?page_id=1441","title":{"rendered":"Rensskopa f\u00f6r uthyrning"},"content":{"rendered":"<div id=\"pl-1441\"  class=\"panel-layout\" ><div id=\"pg-1441-0\"  class=\"panel-grid panel-no-style\" ><div id=\"pgc-1441-0-0\"  class=\"panel-grid-cell\" ><div id=\"panel-1441-0-0-0\" class=\"so-panel widget widget_sow-editor panel-first-child panel-last-child\" data-index=\"0\" ><div class=\"so-widget-sow-editor so-widget-sow-editor-base\">\n<div class=\"siteorigin-widget-tinymce textwidget\">\n\t<div align=\"center\">\u00a0<\/div>\n<\/div>\n<\/div><\/div><\/div><\/div><div id=\"pg-1441-1\"  class=\"panel-grid panel-no-style\" ><div id=\"pgc-1441-1-0\"  class=\"panel-grid-cell\" ><div id=\"panel-1441-1-0-0\" class=\"so-panel widget widget_virtue_about_with_image virtue_about_with_image panel-first-child panel-last-child\" data-index=\"1\" ><div class=\"kad_img_upload_widget kt-shape-type- kt-image-align-center kt-image-widget-widget-1-0-0\"><div class=\"kt-image-contain  \"><div class=\"kt-image-inner-contain\"><img width=\"295\" height=\"295\" src=\"https:\/\/www.gelweluthyrning.se\/wp-content\/uploads\/2016\/02\/303015.jpg\" class=\"attachment-full size-full\" alt=\"Renskopa\" loading=\"lazy\" srcset=\"https:\/\/www.gelweluthyrning.se\/wp-content\/uploads\/2016\/02\/303015.jpg 295w, https:\/\/www.gelweluthyrning.se\/wp-content\/uploads\/2016\/02\/303015-150x150.jpg 150w\" sizes=\"(max-width: 295px) 100vw, 295px\" \/><\/div><\/div><\/div><\/div><\/div><div id=\"pgc-1441-1-1\"  class=\"panel-grid-cell\" ><div id=\"panel-1441-1-1-0\" class=\"so-panel widget widget_sow-editor panel-first-child\" data-index=\"2\" ><div class=\"so-widget-sow-editor so-widget-sow-editor-base\">\n<div class=\"siteorigin-widget-tinymce textwidget\">\n\t<\/div>\n<\/div><\/div><div id=\"panel-1441-1-1-1\" class=\"so-panel widget widget_sow-editor panel-last-child\" data-index=\"3\" ><div class=\"so-widget-sow-editor so-widget-sow-editor-base\">\n<div class=\"siteorigin-widget-tinymce textwidget\">\n\t<h1>\u00a0<\/h1>\n<h1>Rensskopa<\/h1>\n<div align=\"center\">\n<p style=\"text-align: left;\">\u00a0<\/p>\n<p style=\"text-align: left;\">Vi kallar den \"PACKMANSKOPAN\".\u00a0\u00a0<img class=\"alignnone size-full wp-image-3157\" src=\"http:\/\/www.gelwel.se\/wp-content\/uploads\/2016\/02\/packmanskopan.png\" alt=\"\" width=\"200\" height=\"200\" \/><\/p>\n<p style=\"text-align: left;\">F\u00f6r att rensa brunnar eller n\u00e4r man gr\u00e4ver smala djupa h\u00e5l. Skopa sluts (som den \u00e4r p\u00e5 bilden) n\u00e4r man lyfter upp den och gapar stort n\u00e4r man s\u00e4nker ner den.<\/p>\n<\/div>\n<\/div>\n<\/div><\/div><\/div><\/div><div id=\"pg-1441-2\"  class=\"panel-grid panel-no-style\" ><div id=\"pgc-1441-2-0\"  class=\"panel-grid-cell panel-grid-cell-mobile-last\" ><div id=\"panel-1441-2-0-0\" class=\"so-panel widget widget_sow-editor panel-first-child panel-last-child\" data-index=\"4\" ><div class=\"so-widget-sow-editor so-widget-sow-editor-base\">\n<div class=\"siteorigin-widget-tinymce textwidget\">\n\t<h3 style=\"padding-left: 30px;\">Teknisk info<\/h3>\n<p style=\"padding-left: 60px;\">\n<ul class=\"nav nav-tabs sc_tabs\"><li class=\"active\"><a href=\"#sctab3270\" rel=\"nofollow\">Tekniska data<\/a><\/li>\n<li class=\"\"><a href=\"#sctab3271\" rel=\"nofollow\">Dokumentation<\/a><\/li><\/ul> <div class=\"tab-content postclass\"><div class=\"tab-pane clearfix active\" id=\"sctab3270\"><\/p>\n<p>L\u00e4ngd 2 meter<\/p>\n<p><\/div>\n<div class=\"tab-pane clearfix \" id=\"sctab3271\"><\/p>\n<p style=\"padding-left: 30px;\"><div class=\"row\"> <div class=\"col-md-6  \"><\/p>\n<p style=\"padding-left: 30px;\"><\/div><div class=\"col-md-6  \"><\/p>\n<p>&nbsp;<\/p>\n<p style=\"padding-left: 30px;\"><\/div><\/div><\/p>\n<p style=\"padding-left: 30px;\"><\/div><\/div>\n<\/p>\n<\/div>\n<\/div><\/div><\/div><div id=\"pgc-1441-2-1\"  class=\"panel-grid-cell panel-grid-cell-empty\" ><\/div><\/div><div id=\"pg-1441-3\"  class=\"panel-grid panel-no-style\" ><div id=\"pgc-1441-3-0\"  class=\"panel-grid-cell\" ><div id=\"panel-1441-3-0-0\" class=\"so-panel widget widget_sow-editor panel-first-child panel-last-child\" data-index=\"5\" ><div class=\"so-widget-sow-editor so-widget-sow-editor-base\">\n<div class=\"siteorigin-widget-tinymce textwidget\">\n\t<h3>Pris<\/h3>\n\n<ul class=\"nav nav-tabs sc_tabs\"><li class=\"active\"><a href=\"#sctab6010\" rel=\"nofollow\">Pris<\/a><\/li>\n<li class=\"\"><a href=\"#sctab6011\" rel=\"nofollow\">F\u00f6rbrukningsmaterial<\/a><\/li>\n<li class=\"\"><a href=\"#sctab6012\" rel=\"nofollow\">Komplettera<\/a><\/li><\/ul> <div class=\"tab-content postclass\"><div class=\"tab-pane clearfix active\" id=\"sctab6010\"><br \/> <div class=\"row\"> <div class=\"col-md-3  \"><\/p>\n<h4>Pris dag 1<\/h4>\n<h4><span style=\"color: #ff0000;\">125\u00a0kr<\/span><\/h4>\n<p><\/div><div class=\"col-md-3  \"><\/p>\n<h4>Pris fr\u00e5n dag 2<\/h4>\n<h4><span style=\"color: #ff0000;\">50\u00a0kr<\/span><\/h4>\n<p><\/div><div class=\"col-md-3  \"><\/p>\n<h4>Helg<\/h4>\n<h4><span style=\"color: #ff0000;\">175\u00a0kr<\/span><\/h4>\n<p><\/div><div class=\"col-md-3  \"><\/p>\n<h4>Vecka<\/h4>\n<h4><span style=\"color: #ff0000;\">325\u00a0kr<\/span><\/h4>\n<p><\/div><\/div><br \/> Moms ing\u00e5r i\u00a0alla priser.\u00a0<\/p>\n<p><\/div>\n<div class=\"tab-pane clearfix \" id=\"sctab6011\"><\/p>\n<p>\u00a0<\/p>\n<p><\/div>\n<div class=\"tab-pane clearfix \" id=\"sctab6012\"><\/p>\n<p>\u00a0<\/div><\/div>\n\n<\/div>\n<\/div><\/div><\/div><div id=\"pgc-1441-3-1\"  class=\"panel-grid-cell\" >\n\n        <div id=\"panel-1441-3-1-0\" class=\"so-panel widget widget_kadence_calltoaction_widget kadence_calltoaction_widget panel-first-child panel-last-child\" data-index=\"6\" ><div class=\"kt-ctaw clearfix\"><h1 class=\"kt-call-to-action-title\" style=\" font-size:40px; line-height:1.1; text-align:center; \"  data-max-size=\"40\" data-min-size=\"40\">Boka maskinen<\/h1><div style=\"text-align:center\"><a href=\"http:\/\/www.gelwel.se\/?page_id=585\" id=\"kadbtn5\" target=\"_self\" class=\"kad-btn btn-shortcode kad-btn-primary lg-kad-btn \" style=\" border: 0 solid; border-color:#000;  \" onMouseOver=\"\" onMouseOut=\"\">BOKA <\/a><\/div><\/div><\/div>\n    <\/div><\/div><div id=\"pg-1441-4\"  class=\"panel-grid panel-no-style\" ><div id=\"pgc-1441-4-0\"  class=\"panel-grid-cell panel-grid-cell-empty\" ><\/div><\/div><\/div>","protected":false},"excerpt":{"rendered":"<p>\u00a0 \u00a0Rensskopa\u00a0Vi kallar den &#8220;PACKMANSKOPAN&#8221;.\u00a0\u00a0F\u00f6r att rensa brunnar eller n\u00e4r man gr\u00e4ver smala djupa h\u00e5l. Skopa sluts (som den \u00e4r p\u00e5 bilden) n\u00e4r man lyfter upp den och gapar stort n\u00e4r man s\u00e4nker ner den.<\/p>\n","protected":false},"author":1,"featured_media":0,"parent":11,"menu_order":0,"comment_status":"closed","ping_status":"closed","template":"page-fullwidth.php","meta":{"kt_blocks_editor_width":""},"kb_featured_image_src_large":false,"kb_author_info":{"display_name":"per","author_link":"https:\/\/www.gelweluthyrning.se\/?author=1","author_image":"https:\/\/secure.gravatar.com\/avatar\/250821d350f2213e36bf942f193b8969?s=96&d=mm&r=g"},"kb_comment_info":0,"_links":{"self":[{"href":"https:\/\/www.gelweluthyrning.se\/index.php?rest_route=\/wp\/v2\/pages\/1441"}],"collection":[{"href":"https:\/\/www.gelweluthyrning.se\/index.php?rest_route=\/wp\/v2\/pages"}],"about":[{"href":"https:\/\/www.gelweluthyrning.se\/index.php?rest_route=\/wp\/v2\/types\/page"}],"author":[{"embeddable":true,"href":"https:\/\/www.gelweluthyrning.se\/index.php?rest_route=\/wp\/v2\/users\/1"}],"replies":[{"embeddable":true,"href":"https:\/\/www.gelweluthyrning.se\/index.php?rest_route=%2Fwp%2Fv2%2Fcomments&post=1441"}],"version-history":[{"count":5,"href":"https:\/\/www.gelweluthyrning.se\/index.php?rest_route=\/wp\/v2\/pages\/1441\/revisions"}],"predecessor-version":[{"id":4772,"href":"https:\/\/www.gelweluthyrning.se\/index.php?rest_route=\/wp\/v2\/pages\/1441\/revisions\/4772"}],"up":[{"embeddable":true,"href":"https:\/\/www.gelweluthyrning.se\/index.php?rest_route=\/wp\/v2\/pages\/11"}],"wp:attachment":[{"href":"https:\/\/www.gelweluthyrning.se\/index.php?rest_route=%2Fwp%2Fv2%2Fmedia&parent=1441"}],"curies":[{"name":"wp","href":"https:\/\/api.w.org\/{rel}","templated":true}]}}