{"id":1429,"date":"2016-02-21T16:20:50","date_gmt":"2016-02-21T15:20:50","guid":{"rendered":"http:\/\/localhost\/wordpress\/?page_id=1429"},"modified":"2019-01-11T15:59:48","modified_gmt":"2019-01-11T14:59:48","slug":"dammsugarevot","status":"publish","type":"page","link":"https:\/\/www.gelweluthyrning.se\/?page_id=1429","title":{"rendered":"Mindre v\u00e5t &#038; torrsug uthyres"},"content":{"rendered":"<div id=\"pl-1429\"  class=\"panel-layout\" ><div id=\"pg-1429-0\"  class=\"panel-grid panel-no-style\" ><div id=\"pgc-1429-0-0\"  class=\"panel-grid-cell panel-grid-cell-empty\" ><\/div><\/div><div id=\"pg-1429-1\"  class=\"panel-grid panel-no-style\" ><div id=\"pgc-1429-1-0\"  class=\"panel-grid-cell\" ><div id=\"panel-1429-1-0-0\" class=\"so-panel widget widget_virtue_about_with_image virtue_about_with_image panel-first-child panel-last-child\" data-index=\"0\" ><div class=\"kad_img_upload_widget kt-shape-type- kt-image-align-center kt-image-widget-widget-1-0-0\"><div class=\"kt-image-contain  \"><div class=\"kt-image-inner-contain\"><img width=\"500\" height=\"333\" src=\"https:\/\/www.gelweluthyrning.se\/wp-content\/uploads\/2016\/02\/Flex-dammsugare-S36.jpg\" class=\"attachment-full size-full\" alt=\"Flex dammsugare S36 med Autostart\" loading=\"lazy\" srcset=\"https:\/\/www.gelweluthyrning.se\/wp-content\/uploads\/2016\/02\/Flex-dammsugare-S36.jpg 500w, https:\/\/www.gelweluthyrning.se\/wp-content\/uploads\/2016\/02\/Flex-dammsugare-S36-300x200.jpg 300w, https:\/\/www.gelweluthyrning.se\/wp-content\/uploads\/2016\/02\/Flex-dammsugare-S36-272x182.jpg 272w\" sizes=\"(max-width: 500px) 100vw, 500px\" \/><\/div><\/div><\/div><\/div><\/div><div id=\"pgc-1429-1-1\"  class=\"panel-grid-cell\" ><div id=\"panel-1429-1-1-0\" class=\"so-panel widget widget_sow-editor panel-first-child\" data-index=\"1\" ><div class=\"so-widget-sow-editor so-widget-sow-editor-base\">\n<div class=\"siteorigin-widget-tinymce textwidget\">\n\t<\/div>\n<\/div><\/div><div id=\"panel-1429-1-1-1\" class=\"so-panel widget widget_sow-editor panel-last-child\" data-index=\"2\" ><div class=\"so-widget-sow-editor so-widget-sow-editor-base\">\n<div class=\"siteorigin-widget-tinymce textwidget\">\n\t<h1>Dammsugare<\/h1>\n<p style=\"text-align: left;\">Den m\u00e5ngsidiga allround-dammsugaren.<\/p>\n<p style=\"text-align: left;\">Dammsugare f\u00f6r v\u00e5tt eller torrt. Vi har \u00e4n lite st\u00f6rre beh\u00e5llare som \u00e4r l\u00e4mplig n\u00e4r man suger v\u00e5tt. Autostart, dvs n\u00e4r dammsugaren anv\u00e4ndes tillsammans med t ex en slipmaskin startar dammsugaren n\u00e4r slipen startas och stannar ca 30 sekunder efter att slipmaskinen st\u00e4ngts av. Munstycke finns f\u00f6r b\u00e5de v\u00e5tt och torrt.<\/p>\n<p style=\"text-align: left;\">\u00a0<\/p>\n<p style=\"text-align: left;\">\u00a0<\/p>\n<\/div>\n<\/div><\/div><\/div><\/div><div id=\"pg-1429-2\"  class=\"panel-grid panel-no-style\" ><div id=\"pgc-1429-2-0\"  class=\"panel-grid-cell panel-grid-cell-mobile-last\" ><div id=\"panel-1429-2-0-0\" class=\"so-panel widget widget_sow-editor panel-first-child panel-last-child\" data-index=\"3\" ><div class=\"so-widget-sow-editor so-widget-sow-editor-base\">\n<div class=\"siteorigin-widget-tinymce textwidget\">\n\t<h3 style=\"padding-left: 30px;\">Teknisk info<\/h3>\n<p style=\"padding-left: 60px;\">\n<ul class=\"nav nav-tabs sc_tabs\"><li class=\"active\"><a href=\"#sctab4760\" rel=\"nofollow\">Tekniska data<\/a><\/li>\n<li class=\"\"><a href=\"#sctab4761\" rel=\"nofollow\">Dokumentation<\/a><\/li><\/ul> <div class=\"tab-content postclass\"><div class=\"tab-pane clearfix active\" id=\"sctab4760\"><\/p>\n<p style=\"padding-left: 30px;\"><div class=\"row\"> <div class=\"col-md-6  \">Upptagen effekt\u00a01200 Watt\u00a0<br \/>Max. luftf\u00f6de\u00a056 I\/Sek\u00a0<br \/>Max. vakum\u00a0235 mbar\u00a0<br \/>Beh\u00e5llarvolym\u00a035 I\u00a0<br \/>Vikt\u00a010,00 kg<\/p>\n<p style=\"padding-left: 30px;\"><\/div><div class=\"col-md-6  \"><\/p>\n<ul>\n<li>Anslutning f\u00f6r elverktyg: upptill 2200 Watt upptagen effekt<\/li>\n<li>Patenterad filtervibration: vibrationsknapp p\u00e5 sugslangen<\/li>\n<li>V\u00e5tsugning: med elektronisk v\u00e4tske-\u00f6vervakning<\/li>\n<li>Sugslang med optimal genomstr\u00f6mning<\/li>\n<li>F\u00f6r damm, smuts, sp\u00e5n och v\u00e4tskor<\/li>\n<li>Godk\u00e4nd f\u00f6r dammklass L<\/li>\n<\/ul>\n<p style=\"padding-left: 30px;\"><\/div><\/div><\/p>\n<p>\u00a0<\/p>\n<p><\/div>\n<div class=\"tab-pane clearfix \" id=\"sctab4761\"><\/p>\n<p style=\"padding-left: 30px;\"><div class=\"row\"> <div class=\"col-md-6  \"><\/p>\n<p style=\"padding-left: 30px;\"><\/div><div class=\"col-md-6  \"><\/p>\n<p>\u00a0<\/p>\n<p style=\"padding-left: 30px;\"><\/div><\/div><\/p>\n<p style=\"padding-left: 30px;\"><\/div><\/div>\n<\/p>\n<\/div>\n<\/div><\/div><\/div><div id=\"pgc-1429-2-1\"  class=\"panel-grid-cell panel-grid-cell-empty\" ><\/div><\/div><div id=\"pg-1429-3\"  class=\"panel-grid panel-no-style\" ><div id=\"pgc-1429-3-0\"  class=\"panel-grid-cell\" ><div id=\"panel-1429-3-0-0\" class=\"so-panel widget widget_sow-editor panel-first-child panel-last-child\" data-index=\"4\" ><div class=\"so-widget-sow-editor so-widget-sow-editor-base\">\n<div class=\"siteorigin-widget-tinymce textwidget\">\n\t<h3>Pris<\/h3>\n\n<ul class=\"nav nav-tabs sc_tabs\"><li class=\"active\"><a href=\"#sctab5670\" rel=\"nofollow\">Pris<\/a><\/li>\n<li class=\"\"><a href=\"#sctab5671\" rel=\"nofollow\">F\u00f6rbrukningsmaterial<\/a><\/li>\n<li class=\"\"><a href=\"#sctab5672\" rel=\"nofollow\">Komplettera<\/a><\/li><\/ul> <div class=\"tab-content postclass\"><div class=\"tab-pane clearfix active\" id=\"sctab5670\"><br \/>\n<div class=\"row\"> <div class=\"col-md-3  \"><\/p>\n<h4>Pris dag 1<\/h4>\n<h4><span style=\"color: #ff0000;\">175\u00a0kr<\/span><\/h4>\n<p><\/div><div class=\"col-md-3  \"><\/p>\n<h4>Pris fr\u00e5n dag 2<\/h4>\n<h4><span style=\"color: #ff0000;\">100\u00a0kr<\/span><\/h4>\n<p><\/div><div class=\"col-md-3  \"><\/p>\n<h4>Helg<\/h4>\n<h4><span style=\"color: #ff0000;\">275\u00a0kr<\/span><\/h4>\n<p><\/div><div class=\"col-md-3  \"><\/p>\n<h4>Vecka<\/h4>\n<h4><span style=\"color: #ff0000;\">575\u00a0kr<\/span><\/h4>\n<p><\/div><\/div><br \/>\nMoms ing\u00e5r i\u00a0alla priser.<\/p>\n<p><\/div>\n<div class=\"tab-pane clearfix \" id=\"sctab5671\"><\/p>\n<p>P\u00e5sar, papper 89\u00a0kr\/st, \u00a0p\u00e5se tyg 152 kr\/st<\/p>\n<p><\/div>\n<div class=\"tab-pane clearfix \" id=\"sctab5672\"><\/p>\n<p>Elkabel\u00a015 kr\/dag. <\/div><\/div>\n\n<\/div>\n<\/div><\/div><\/div><div id=\"pgc-1429-3-1\"  class=\"panel-grid-cell\" >\n\n        <div id=\"panel-1429-3-1-0\" class=\"so-panel widget widget_kadence_calltoaction_widget kadence_calltoaction_widget panel-first-child panel-last-child\" data-index=\"5\" ><div class=\"kt-ctaw clearfix\"><h1 class=\"kt-call-to-action-title\" style=\" font-size:40px; line-height:1.1; text-align:center; \"  data-max-size=\"40\" data-min-size=\"40\">Boka maskinen<\/h1><div style=\"text-align:center\"><a href=\"http:\/\/www.gelwel.se\/?page_id=585\" id=\"kadbtn91\" target=\"_self\" class=\"kad-btn btn-shortcode kad-btn-primary lg-kad-btn \" style=\" border: 0 solid; border-color:#000;  \" onMouseOver=\"\" onMouseOut=\"\">BOKA <\/a><\/div><\/div><\/div>\n    <\/div><\/div><div id=\"pg-1429-4\"  class=\"panel-grid panel-no-style\" ><div id=\"pgc-1429-4-0\"  class=\"panel-grid-cell panel-grid-cell-empty\" ><\/div><\/div><\/div>","protected":false},"excerpt":{"rendered":"<p>DammsugareDen m\u00e5ngsidiga allround-dammsugaren.Dammsugare f\u00f6r v\u00e5tt eller torrt. Vi har \u00e4n lite st\u00f6rre beh\u00e5llare som \u00e4r l\u00e4mplig n\u00e4r man suger v\u00e5tt. Autostart, dvs n\u00e4r dammsugaren anv\u00e4ndes tillsammans med t ex en slipmaskin startar dammsugaren n\u00e4r slipen startas och stannar ca 30 &hellip; <a class=\"kt-excerpt-readmore\" href=\"https:\/\/www.gelweluthyrning.se\/?page_id=1429\" aria-label=\"Mindre v\u00e5t &#038; torrsug uthyres\">L\u00e4s mer<\/a><\/p>\n","protected":false},"author":1,"featured_media":0,"parent":11,"menu_order":0,"comment_status":"closed","ping_status":"closed","template":"page-fullwidth.php","meta":{"kt_blocks_editor_width":""},"kb_featured_image_src_large":false,"kb_author_info":{"display_name":"per","author_link":"https:\/\/www.gelweluthyrning.se\/?author=1","author_image":"https:\/\/secure.gravatar.com\/avatar\/250821d350f2213e36bf942f193b8969?s=96&d=mm&r=g"},"kb_comment_info":0,"_links":{"self":[{"href":"https:\/\/www.gelweluthyrning.se\/index.php?rest_route=\/wp\/v2\/pages\/1429"}],"collection":[{"href":"https:\/\/www.gelweluthyrning.se\/index.php?rest_route=\/wp\/v2\/pages"}],"about":[{"href":"https:\/\/www.gelweluthyrning.se\/index.php?rest_route=\/wp\/v2\/types\/page"}],"author":[{"embeddable":true,"href":"https:\/\/www.gelweluthyrning.se\/index.php?rest_route=\/wp\/v2\/users\/1"}],"replies":[{"embeddable":true,"href":"https:\/\/www.gelweluthyrning.se\/index.php?rest_route=%2Fwp%2Fv2%2Fcomments&post=1429"}],"version-history":[{"count":10,"href":"https:\/\/www.gelweluthyrning.se\/index.php?rest_route=\/wp\/v2\/pages\/1429\/revisions"}],"predecessor-version":[{"id":5655,"href":"https:\/\/www.gelweluthyrning.se\/index.php?rest_route=\/wp\/v2\/pages\/1429\/revisions\/5655"}],"up":[{"embeddable":true,"href":"https:\/\/www.gelweluthyrning.se\/index.php?rest_route=\/wp\/v2\/pages\/11"}],"wp:attachment":[{"href":"https:\/\/www.gelweluthyrning.se\/index.php?rest_route=%2Fwp%2Fv2%2Fmedia&parent=1429"}],"curies":[{"name":"wp","href":"https:\/\/api.w.org\/{rel}","templated":true}]}}