{"id":1426,"date":"2016-02-21T16:10:29","date_gmt":"2016-02-21T15:10:29","guid":{"rendered":"http:\/\/localhost\/wordpress\/?page_id=1426"},"modified":"2022-08-29T15:27:35","modified_gmt":"2022-08-29T13:27:35","slug":"party","status":"publish","type":"page","link":"https:\/\/www.gelweluthyrning.se\/?page_id=1426","title":{"rendered":"Partyt\u00e4lt S\u00e4ljes  (uthyres)"},"content":{"rendered":"<div id=\"pl-1426\"  class=\"panel-layout\" ><div id=\"pg-1426-0\"  class=\"panel-grid panel-no-style\" ><div id=\"pgc-1426-0-0\"  class=\"panel-grid-cell\" ><div id=\"panel-1426-0-0-0\" class=\"so-panel widget widget_sow-editor panel-first-child panel-last-child\" data-index=\"0\" ><div class=\"so-widget-sow-editor so-widget-sow-editor-base\">\n<div class=\"siteorigin-widget-tinymce textwidget\">\n\t<h1>\u00a0<\/h1>\n<h1 align=\"center\">\u00a0<\/h1>\n<\/div>\n<\/div><\/div><\/div><\/div><div id=\"pg-1426-1\"  class=\"panel-grid panel-no-style\" ><div id=\"pgc-1426-1-0\"  class=\"panel-grid-cell\" ><div id=\"panel-1426-1-0-0\" class=\"so-panel widget widget_virtue_about_with_image virtue_about_with_image panel-first-child panel-last-child\" data-index=\"1\" ><div class=\"kad_img_upload_widget kt-shape-type- kt-image-align-center kt-image-widget-widget-1-0-0\"><div class=\"kt-image-contain  \"><div class=\"kt-image-inner-contain\"><img width=\"702\" height=\"460\" src=\"https:\/\/www.gelweluthyrning.se\/wp-content\/uploads\/2016\/02\/partytalt.jpg\" class=\"attachment-full size-full\" alt=\"Party t\u00e4lt\" loading=\"lazy\" srcset=\"https:\/\/www.gelweluthyrning.se\/wp-content\/uploads\/2016\/02\/partytalt.jpg 702w, https:\/\/www.gelweluthyrning.se\/wp-content\/uploads\/2016\/02\/partytalt-300x197.jpg 300w\" sizes=\"(max-width: 702px) 100vw, 702px\" \/><\/div><\/div><\/div><\/div><\/div><div id=\"pgc-1426-1-1\"  class=\"panel-grid-cell\" ><div id=\"panel-1426-1-1-0\" class=\"so-panel widget widget_sow-editor panel-first-child\" data-index=\"2\" ><div class=\"so-widget-sow-editor so-widget-sow-editor-base\">\n<div class=\"siteorigin-widget-tinymce textwidget\">\n\t<\/div>\n<\/div><\/div><div id=\"panel-1426-1-1-1\" class=\"so-panel widget widget_sow-editor panel-last-child\" data-index=\"3\" ><div class=\"so-widget-sow-editor so-widget-sow-editor-base\">\n<div class=\"siteorigin-widget-tinymce textwidget\">\n\t<h3>Partyt\u00e4lt Queen<\/h3>\n<p>- \u00e4r ett sexkantigt partyt\u00e4lt som \u00e4r l\u00e4tt att f\u00e4lla upp och ned med hj\u00e4lp av en vev. Det f\u00f6rankras med hj\u00e4lp av sju t\u00e4ltpinnar inv\u00e4ndigt i de sex h\u00f6rnen och en vid d\u00f6rr\u00f6ppningen. Det \u00e4r klart att \u00a0anv\u00e4nda inom ett par minuter.<\/p>\n<p>- kan enkelt kopplas samman till st\u00f6rre, gemensamma t\u00e4ltenheter med hj\u00e4lp av extra sammankopplingsv\u00e4ggar och h\u00e4ngtak- r\u00e4nnor av nylonv\u00e4v.<\/p>\n<p>- har sex l\u00e4tt l\u00f6stagbara v\u00e4ggar varav tre sl\u00e4ta, tv\u00e5 med dubbel-f\u00f6nster, en med enkelf\u00f6nster och d\u00f6rr\u00f6ppning.<\/p>\n<p>Vi har tv\u00e5 t\u00e4lt som kan sammankopplas.<\/p>\n<\/div>\n<\/div><\/div><\/div><\/div><div id=\"pg-1426-2\"  class=\"panel-grid panel-no-style\" ><div id=\"pgc-1426-2-0\"  class=\"panel-grid-cell\" ><div id=\"panel-1426-2-0-0\" class=\"so-panel widget widget_sow-editor panel-first-child panel-last-child\" data-index=\"4\" ><div class=\"so-widget-sow-editor so-widget-sow-editor-base\">\n<div class=\"siteorigin-widget-tinymce textwidget\">\n\t<h3 style=\"padding-left: 30px;\">Teknisk info<\/h3>\n<p style=\"padding-left: 60px;\">\n<ul class=\"nav nav-tabs sc_tabs\"><li class=\"active\"><a href=\"#sctab8980\" rel=\"nofollow\">Tekniska data<\/a><\/li>\n<li class=\"\"><a href=\"#sctab8981\" rel=\"nofollow\">Dokumentation<\/a><\/li><\/ul> <div class=\"tab-content postclass\"><div class=\"tab-pane clearfix active\" id=\"sctab8980\"><\/p>\n<p>Diameter: Inv\u00e4ndigt 6800 mm\/Utv\u00e4ndigt 7400 mm\u00a0\u00a0<br \/>H\u00f6jd: Centrum 3400 mm Sida 2400 mm<\/p>\n<p>L\u00e4ngd hopf\u00e4llt: 4400 mm \u00d8 400 mm\u00a0\u00a0<br \/>Vikt: 70 kg<br \/>Stativ: Elf\u00f6rzinkad st\u00e5l och aluminium<\/p>\n<p><\/div>\n<div class=\"tab-pane clearfix \" id=\"sctab8981\"><\/p>\n<p style=\"padding-left: 30px;\"><div class=\"row\"> <div class=\"col-md-6  \"><\/p>\n<p style=\"padding-left: 30px;\"><\/div><div class=\"col-md-6  \"><\/p>\n<p>\u00a0<\/p>\n<p style=\"padding-left: 30px;\"><\/div><\/div><\/p>\n<p style=\"padding-left: 30px;\"><\/div><\/div>\n<\/p>\n<\/div>\n<\/div><\/div><\/div><div id=\"pgc-1426-2-1\"  class=\"panel-grid-cell\" ><div id=\"panel-1426-2-1-0\" class=\"so-panel widget widget_virtue_about_with_image virtue_about_with_image panel-first-child panel-last-child\" data-index=\"5\" ><div class=\"kad_img_upload_widget kt-shape-type- kt-image-align-center kt-image-widget-widget-2-1-0\"><a href=\"http:\/\/www.gelwel.se\/wp-content\/uploads\/2016\/02\/bord.jpg\" rel=\"lightbox\"><div class=\"kt-image-contain  \"><div class=\"kt-image-inner-contain\"><img width=\"187\" height=\"176\" src=\"https:\/\/www.gelweluthyrning.se\/wp-content\/uploads\/2016\/02\/bord.jpg\" class=\"attachment-full size-full\" alt=\"Bordsplacering\" loading=\"lazy\" \/><\/div><\/div><\/a><div class=\"virtue_image_widget_caption kadence_image_widget_caption\">Ex p\u00e5 bordsplacering<\/div><\/div><\/div><\/div><div id=\"pgc-1426-2-2\"  class=\"panel-grid-cell\" ><div id=\"panel-1426-2-2-0\" class=\"so-panel widget widget_virtue_about_with_image virtue_about_with_image panel-first-child panel-last-child\" data-index=\"6\" ><div class=\"kad_img_upload_widget kt-shape-type- kt-image-align-center kt-image-widget-widget-2-2-0\"><a href=\"http:\/\/www.gelwel.se\/wp-content\/uploads\/2016\/02\/samma.jpg\" rel=\"lightbox\"><div class=\"kt-image-contain  \"><div class=\"kt-image-inner-contain\"><img width=\"188\" height=\"204\" src=\"https:\/\/www.gelweluthyrning.se\/wp-content\/uploads\/2016\/02\/samma.jpg\" class=\"attachment-full size-full\" alt=\"Sammankoppling\" loading=\"lazy\" \/><\/div><\/div><\/a><div class=\"virtue_image_widget_caption kadence_image_widget_caption\">Upp till 7 t\u00e4lt kan sammankopplas<\/div><\/div><\/div><\/div><\/div><div id=\"pg-1426-3\"  class=\"panel-grid panel-no-style\" ><div id=\"pgc-1426-3-0\"  class=\"panel-grid-cell\" ><div id=\"panel-1426-3-0-0\" class=\"so-panel widget widget_sow-editor panel-first-child panel-last-child\" data-index=\"7\" ><div class=\"so-widget-sow-editor so-widget-sow-editor-base\">\n<div class=\"siteorigin-widget-tinymce textwidget\">\n\t<h3>Pris<\/h3>\n\n<ul class=\"nav nav-tabs sc_tabs\"><li class=\"active\"><a href=\"#sctab10\" rel=\"nofollow\">Pris<\/a><\/li>\n<li class=\"\"><a href=\"#sctab11\" rel=\"nofollow\">F\u00f6rbrukningsmaterial<\/a><\/li>\n<li class=\"\"><a href=\"#sctab12\" rel=\"nofollow\">Komplettera<\/a><\/li><\/ul> <div class=\"tab-content postclass\"><div class=\"tab-pane clearfix active\" id=\"sctab10\"><br \/>\n<div class=\"row\"> <div class=\"col-md-3  \"><\/p>\n<h4>Pris hyra\/dag<\/h4>\n<h4><span style=\"color: #ff0000;\">1250\u00a0kr\/st<\/span><\/h4>\n<p><\/div><div class=\"col-md-3  \"><\/p>\n<h4><\/h4>\n<p><\/div><\/div>Moms ing\u00e5r i\u00a0alla priser. <\/div>\n<div class=\"tab-pane clearfix \" id=\"sctab11\"><\/p>\n<p><\/div>\n<div class=\"tab-pane clearfix \" id=\"sctab12\"><\/p>\n<p><\/div><\/div>\n\n<\/div>\n<\/div><\/div><\/div><div id=\"pgc-1426-3-1\"  class=\"panel-grid-cell\" >\n\n        <div id=\"panel-1426-3-1-0\" class=\"so-panel widget widget_kadence_calltoaction_widget kadence_calltoaction_widget panel-first-child panel-last-child\" data-index=\"8\" ><div class=\"kt-ctaw clearfix\"><h1 class=\"kt-call-to-action-title\" style=\" font-size:40px; line-height:1.1; text-align:center; \"  data-max-size=\"40\" data-min-size=\"40\">Boka maskinen<\/h1><div style=\"text-align:center\"><a href=\"http:\/\/www.gelwel.se\/?page_id=585\" id=\"kadbtn90\" target=\"_self\" class=\"kad-btn btn-shortcode kad-btn-primary lg-kad-btn \" style=\" border: 0 solid; border-color:#000;  \" onMouseOver=\"\" onMouseOut=\"\">BOKA <\/a><\/div><\/div><\/div>\n    <\/div><\/div><div id=\"pg-1426-4\"  class=\"panel-grid panel-no-style\" ><div id=\"pgc-1426-4-0\"  class=\"panel-grid-cell panel-grid-cell-empty\" ><\/div><\/div><\/div>","protected":false},"excerpt":{"rendered":"<p>\u00a0\u00a0 Partyt\u00e4lt Queen- \u00e4r ett sexkantigt partyt\u00e4lt som \u00e4r l\u00e4tt att f\u00e4lla upp och ned med hj\u00e4lp av en vev. Det f\u00f6rankras med hj\u00e4lp av sju t\u00e4ltpinnar inv\u00e4ndigt i de sex h\u00f6rnen och en vid d\u00f6rr\u00f6ppningen. Det \u00e4r klart att &hellip; <a class=\"kt-excerpt-readmore\" href=\"https:\/\/www.gelweluthyrning.se\/?page_id=1426\" aria-label=\"Partyt\u00e4lt S\u00e4ljes  (uthyres)\">L\u00e4s mer<\/a><\/p>\n","protected":false},"author":1,"featured_media":0,"parent":11,"menu_order":0,"comment_status":"closed","ping_status":"closed","template":"page-fullwidth.php","meta":{"kt_blocks_editor_width":""},"kb_featured_image_src_large":false,"kb_author_info":{"display_name":"per","author_link":"https:\/\/www.gelweluthyrning.se\/?author=1","author_image":"https:\/\/secure.gravatar.com\/avatar\/250821d350f2213e36bf942f193b8969?s=96&d=mm&r=g"},"kb_comment_info":0,"_links":{"self":[{"href":"https:\/\/www.gelweluthyrning.se\/index.php?rest_route=\/wp\/v2\/pages\/1426"}],"collection":[{"href":"https:\/\/www.gelweluthyrning.se\/index.php?rest_route=\/wp\/v2\/pages"}],"about":[{"href":"https:\/\/www.gelweluthyrning.se\/index.php?rest_route=\/wp\/v2\/types\/page"}],"author":[{"embeddable":true,"href":"https:\/\/www.gelweluthyrning.se\/index.php?rest_route=\/wp\/v2\/users\/1"}],"replies":[{"embeddable":true,"href":"https:\/\/www.gelweluthyrning.se\/index.php?rest_route=%2Fwp%2Fv2%2Fcomments&post=1426"}],"version-history":[{"count":9,"href":"https:\/\/www.gelweluthyrning.se\/index.php?rest_route=\/wp\/v2\/pages\/1426\/revisions"}],"predecessor-version":[{"id":9391,"href":"https:\/\/www.gelweluthyrning.se\/index.php?rest_route=\/wp\/v2\/pages\/1426\/revisions\/9391"}],"up":[{"embeddable":true,"href":"https:\/\/www.gelweluthyrning.se\/index.php?rest_route=\/wp\/v2\/pages\/11"}],"wp:attachment":[{"href":"https:\/\/www.gelweluthyrning.se\/index.php?rest_route=%2Fwp%2Fv2%2Fmedia&parent=1426"}],"curies":[{"name":"wp","href":"https:\/\/api.w.org\/{rel}","templated":true}]}}