{"id":1420,"date":"2016-02-21T16:04:38","date_gmt":"2016-02-21T15:04:38","guid":{"rendered":"http:\/\/localhost\/wordpress\/?page_id=1420"},"modified":"2016-10-15T11:16:58","modified_gmt":"2016-10-15T09:16:58","slug":"toalett","status":"publish","type":"page","link":"https:\/\/www.gelweluthyrning.se\/?page_id=1420","title":{"rendered":"Toalett uthyres"},"content":{"rendered":"<div id=\"pl-1420\"  class=\"panel-layout\" ><div id=\"pg-1420-0\"  class=\"panel-grid panel-no-style\" ><div id=\"pgc-1420-0-0\"  class=\"panel-grid-cell\" ><div id=\"panel-1420-0-0-0\" class=\"so-panel widget widget_sow-editor panel-first-child panel-last-child\" data-index=\"0\" ><div class=\"so-widget-sow-editor so-widget-sow-editor-base\">\n<div class=\"siteorigin-widget-tinymce textwidget\">\n\t<h1>\u00a0<\/h1>\n<h1 align=\"center\">\u00a0<\/h1>\n<\/div>\n<\/div><\/div><\/div><\/div><div id=\"pg-1420-1\"  class=\"panel-grid panel-no-style\" ><div id=\"pgc-1420-1-0\"  class=\"panel-grid-cell\" ><div id=\"panel-1420-1-0-0\" class=\"so-panel widget widget_virtue_about_with_image virtue_about_with_image panel-first-child panel-last-child\" data-index=\"1\" ><div class=\"kad_img_upload_widget kt-shape-type- kt-image-align-center kt-image-widget-widget-1-0-0\"><div class=\"kt-image-contain  \"><div class=\"kt-image-inner-contain\"><img width=\"576\" height=\"1100\" src=\"https:\/\/www.gelweluthyrning.se\/wp-content\/uploads\/2016\/02\/Kemtoalett-.jpg\" class=\"attachment-full size-full\" alt=\"Slamkem toalett\n\" loading=\"lazy\" srcset=\"https:\/\/www.gelweluthyrning.se\/wp-content\/uploads\/2016\/02\/Kemtoalett-.jpg 576w, https:\/\/www.gelweluthyrning.se\/wp-content\/uploads\/2016\/02\/Kemtoalett--157x300.jpg 157w, https:\/\/www.gelweluthyrning.se\/wp-content\/uploads\/2016\/02\/Kemtoalett--536x1024.jpg 536w\" sizes=\"(max-width: 576px) 100vw, 576px\" \/><\/div><\/div><\/div><\/div><\/div><div id=\"pgc-1420-1-1\"  class=\"panel-grid-cell\" ><div id=\"panel-1420-1-1-0\" class=\"so-panel widget widget_sow-editor panel-first-child\" data-index=\"2\" ><div class=\"so-widget-sow-editor so-widget-sow-editor-base\">\n<div class=\"siteorigin-widget-tinymce textwidget\">\n\t<\/div>\n<\/div><\/div><div id=\"panel-1420-1-1-1\" class=\"so-panel widget widget_sow-editor panel-last-child\" data-index=\"3\" ><div class=\"so-widget-sow-editor so-widget-sow-editor-base\">\n<div class=\"siteorigin-widget-tinymce textwidget\">\n\t<h3>Toalett<\/h3>\n<p>\u00a0<\/p>\n<p>\u00a0<\/p>\n<p>Slamkem toalett. Modernt utedass med stor tank, elv\u00e4rme och litet handfat. Kranen aktiveras med fotpump s\u00e5 det kr\u00e4vs ingen vattenanslutning. El beh\u00f6vs f\u00f6r element och belysning.<\/p>\n<\/div>\n<\/div><\/div><\/div><\/div><div id=\"pg-1420-2\"  class=\"panel-grid panel-no-style\" ><div id=\"pgc-1420-2-0\"  class=\"panel-grid-cell\" ><div id=\"panel-1420-2-0-0\" class=\"so-panel widget widget_sow-editor panel-first-child panel-last-child\" data-index=\"4\" ><div class=\"so-widget-sow-editor so-widget-sow-editor-base\">\n<div class=\"siteorigin-widget-tinymce textwidget\">\n\t<h3 style=\"padding-left: 30px;\">Teknisk info<\/h3>\n<p style=\"padding-left: 60px;\">\n<ul class=\"nav nav-tabs sc_tabs\"><li class=\"active\"><a href=\"#sctab2530\" rel=\"nofollow\">Tekniska data<\/a><\/li>\n<li class=\"\"><a href=\"#sctab2531\" rel=\"nofollow\">Dokumentation<\/a><\/li><\/ul> <div class=\"tab-content postclass\"><div class=\"tab-pane clearfix active\" id=\"sctab2530\"><\/p>\n<p>Kemtank 700 L. Anslutning el 230 Volt<\/p>\n<p><\/div>\n<div class=\"tab-pane clearfix \" id=\"sctab2531\"><\/p>\n<p style=\"padding-left: 30px;\"><div class=\"row\"> <div class=\"col-md-6  \"><\/p>\n<p style=\"padding-left: 30px;\"><\/div><div class=\"col-md-6  \"><\/p>\n<p>\u00a0<\/p>\n<p style=\"padding-left: 30px;\"><\/div><\/div><\/p>\n<p style=\"padding-left: 30px;\"><\/div><\/div>\n<\/p>\n<\/div>\n<\/div><\/div><\/div><div id=\"pgc-1420-2-1\"  class=\"panel-grid-cell\" ><div id=\"panel-1420-2-1-0\" class=\"so-panel widget widget_virtue_gallery_widget virtue_gallery_widget panel-first-child panel-last-child\" data-index=\"5\" ><div id=\"kad-wp-gallery652\" class=\"kad-wp-gallery gallery kt-gallery-column-3 init-isotope-intrinsic reinit-isotope kad-light-wp-gallery clearfix rowtight\" data-fade-in=\"1\" data-iso-selector=\".g_item\" data-iso-style=\"masonry\" data-iso-filter=\"false\"><div class=\"tcol-lg-4 tcol-md-4 tcol-sm-4 tcol-xs-6 tcol-ss-12 g_item\"><div class=\"grid_item kt_item_fade_in kad_gallery_fade_in gallery_item\"><a href=\"https:\/\/www.gelweluthyrning.se\/wp-content\/uploads\/2016\/02\/toalett-insida.jpg\" data-rel=\"lightbox\" class=\"lightboxhover\"><div class=\"kt-intrinsic\" style=\"padding-bottom:100%;\"><div itemprop=\"image\" itemscope itemtype=\"https:\/\/schema.org\/ImageObject\"><img width=\"366\" height=\"366\" src=\"https:\/\/www.gelweluthyrning.se\/wp-content\/uploads\/2016\/02\/toalett-insida-366x366.jpg\" srcset=\"https:\/\/www.gelweluthyrning.se\/wp-content\/uploads\/2016\/02\/toalett-insida-366x366.jpg 366w, https:\/\/www.gelweluthyrning.se\/wp-content\/uploads\/2016\/02\/toalett-insida-150x150.jpg 150w, https:\/\/www.gelweluthyrning.se\/wp-content\/uploads\/2016\/02\/toalett-insida-732x732.jpg 732w\" sizes=\"(max-width: 366px) 100vw, 366px\" data-caption=\"\" class=\"light-dropshaddow\" itemprop=\"contentUrl\" alt=\"\"><meta itemprop=\"url\" content=\"https:\/\/www.gelweluthyrning.se\/wp-content\/uploads\/2016\/02\/toalett-insida-366x366.jpg\"><meta itemprop=\"width\" content=\"366px\"><meta itemprop=\"height\" content=\"366px\"><\/div><\/div><\/a><\/div><\/div><div class=\"tcol-lg-4 tcol-md-4 tcol-sm-4 tcol-xs-6 tcol-ss-12 g_item\"><div class=\"grid_item kt_item_fade_in kad_gallery_fade_in gallery_item\"><a href=\"https:\/\/www.gelweluthyrning.se\/wp-content\/uploads\/2016\/02\/Toalett.jpg\" data-rel=\"lightbox\" class=\"lightboxhover\"><div class=\"kt-intrinsic\" style=\"padding-bottom:100%;\"><div itemprop=\"image\" itemscope itemtype=\"https:\/\/schema.org\/ImageObject\"><img width=\"366\" height=\"366\" src=\"https:\/\/www.gelweluthyrning.se\/wp-content\/uploads\/2016\/02\/Toalett-366x366.jpg\" srcset=\"https:\/\/www.gelweluthyrning.se\/wp-content\/uploads\/2016\/02\/Toalett-366x366.jpg 366w, https:\/\/www.gelweluthyrning.se\/wp-content\/uploads\/2016\/02\/Toalett-150x150.jpg 150w, https:\/\/www.gelweluthyrning.se\/wp-content\/uploads\/2016\/02\/Toalett-732x732.jpg 732w\" sizes=\"(max-width: 366px) 100vw, 366px\" data-caption=\"\" class=\"light-dropshaddow\" itemprop=\"contentUrl\" alt=\"\"><meta itemprop=\"url\" content=\"https:\/\/www.gelweluthyrning.se\/wp-content\/uploads\/2016\/02\/Toalett-366x366.jpg\"><meta itemprop=\"width\" content=\"366px\"><meta itemprop=\"height\" content=\"366px\"><\/div><\/div><\/a><\/div><\/div><div class=\"tcol-lg-4 tcol-md-4 tcol-sm-4 tcol-xs-6 tcol-ss-12 g_item\"><div class=\"grid_item kt_item_fade_in kad_gallery_fade_in gallery_item\"><a href=\"https:\/\/www.gelweluthyrning.se\/wp-content\/uploads\/2016\/02\/Typ-bajjamajja-invandigt.jpg\" data-rel=\"lightbox\" class=\"lightboxhover\"><div class=\"kt-intrinsic\" style=\"padding-bottom:100%;\"><div itemprop=\"image\" itemscope itemtype=\"https:\/\/schema.org\/ImageObject\"><img width=\"366\" height=\"366\" src=\"https:\/\/www.gelweluthyrning.se\/wp-content\/uploads\/2016\/02\/Typ-bajjamajja-invandigt-366x366.jpg\" srcset=\"https:\/\/www.gelweluthyrning.se\/wp-content\/uploads\/2016\/02\/Typ-bajjamajja-invandigt-366x366.jpg 366w, https:\/\/www.gelweluthyrning.se\/wp-content\/uploads\/2016\/02\/Typ-bajjamajja-invandigt-150x150.jpg 150w, https:\/\/www.gelweluthyrning.se\/wp-content\/uploads\/2016\/02\/Typ-bajjamajja-invandigt-732x732.jpg 732w\" sizes=\"(max-width: 366px) 100vw, 366px\" data-caption=\"\" class=\"light-dropshaddow\" itemprop=\"contentUrl\" alt=\"\"><meta itemprop=\"url\" content=\"https:\/\/www.gelweluthyrning.se\/wp-content\/uploads\/2016\/02\/Typ-bajjamajja-invandigt-366x366.jpg\"><meta itemprop=\"width\" content=\"366px\"><meta itemprop=\"height\" content=\"366px\"><\/div><\/div><\/a><\/div><\/div><div class=\"tcol-lg-4 tcol-md-4 tcol-sm-4 tcol-xs-6 tcol-ss-12 g_item\"><div class=\"grid_item kt_item_fade_in kad_gallery_fade_in gallery_item\"><a href=\"https:\/\/www.gelweluthyrning.se\/wp-content\/uploads\/2016\/02\/Slam-Kem-toalett.jpg\" data-rel=\"lightbox\" class=\"lightboxhover\"><div class=\"kt-intrinsic\" style=\"padding-bottom:100%;\"><div itemprop=\"image\" itemscope itemtype=\"https:\/\/schema.org\/ImageObject\"><img width=\"366\" height=\"366\" src=\"https:\/\/www.gelweluthyrning.se\/wp-content\/uploads\/2016\/02\/Slam-Kem-toalett-366x366.jpg\" srcset=\"https:\/\/www.gelweluthyrning.se\/wp-content\/uploads\/2016\/02\/Slam-Kem-toalett-366x366.jpg 366w, https:\/\/www.gelweluthyrning.se\/wp-content\/uploads\/2016\/02\/Slam-Kem-toalett-150x150.jpg 150w\" sizes=\"(max-width: 366px) 100vw, 366px\" data-caption=\"\" class=\"light-dropshaddow\" itemprop=\"contentUrl\" alt=\"\"><meta itemprop=\"url\" content=\"https:\/\/www.gelweluthyrning.se\/wp-content\/uploads\/2016\/02\/Slam-Kem-toalett-366x366.jpg\"><meta itemprop=\"width\" content=\"366px\"><meta itemprop=\"height\" content=\"366px\"><\/div><\/div><\/a><\/div><\/div><\/div><\/div><\/div><\/div><div id=\"pg-1420-3\"  class=\"panel-grid panel-no-style\" ><div id=\"pgc-1420-3-0\"  class=\"panel-grid-cell\" ><div id=\"panel-1420-3-0-0\" class=\"so-panel widget widget_sow-editor panel-first-child panel-last-child\" data-index=\"6\" ><div class=\"so-widget-sow-editor so-widget-sow-editor-base\">\n<div class=\"siteorigin-widget-tinymce textwidget\">\n\t<h3>Pris<\/h3>\n\n<ul class=\"nav nav-tabs sc_tabs\"><li class=\"active\"><a href=\"#sctab8910\" rel=\"nofollow\">Pris<\/a><\/li>\n<li class=\"\"><a href=\"#sctab8911\" rel=\"nofollow\">F\u00f6rbrukningsmaterial<\/a><\/li>\n<li class=\"\"><a href=\"#sctab8912\" rel=\"nofollow\">Komplettera<\/a><\/li><\/ul> <div class=\"tab-content postclass\"><div class=\"tab-pane clearfix active\" id=\"sctab8910\"><br \/> <div class=\"row\"> <div class=\"col-md-3  \"><\/p>\n<h4>Pris dag 1<\/h4>\n<h4><span style=\"color: #ff0000;\">150\u00a0kr<\/span><\/h4>\n<p><\/div><div class=\"col-md-3  \"><\/p>\n<h4>Pris fr\u00e5n dag 2<\/h4>\n<h4><span style=\"color: #ff0000;\">75\u00a0kr<\/span><\/h4>\n<p><\/div><\/div><br \/>Minimum 10 dagar. Moms ing\u00e5r i\u00a0alla priser. T\u00f6mning\/Sanneringsv\u00e4tska tillkommer<\/div>\n<div class=\"tab-pane clearfix \" id=\"sctab8911\"><\/p>\n<p>Sanneringsv\u00e4tska 3,5\u00a0L \u00e0 135 kr<\/div>\n<div class=\"tab-pane clearfix \" id=\"sctab8912\"><\/p>\n<p><\/div><\/div>\n\n<\/div>\n<\/div><\/div><\/div><div id=\"pgc-1420-3-1\"  class=\"panel-grid-cell\" >\n\n        <div id=\"panel-1420-3-1-0\" class=\"so-panel widget widget_kadence_calltoaction_widget kadence_calltoaction_widget panel-first-child panel-last-child\" data-index=\"7\" ><div class=\"kt-ctaw clearfix\"><h1 class=\"kt-call-to-action-title\" style=\" font-size:40px; line-height:1.1; text-align:center; \"  data-max-size=\"40\" data-min-size=\"40\">Boka maskinen<\/h1><div style=\"text-align:center\"><a href=\"http:\/\/www.gelwel.se\/?page_id=585\" id=\"kadbtn19\" target=\"_self\" class=\"kad-btn btn-shortcode kad-btn-primary lg-kad-btn \" style=\" border: 0 solid; border-color:#000;  \" onMouseOver=\"\" onMouseOut=\"\">BOKA <\/a><\/div><\/div><\/div>\n    <\/div><\/div><div id=\"pg-1420-4\"  class=\"panel-grid panel-no-style\" ><div id=\"pgc-1420-4-0\"  class=\"panel-grid-cell panel-grid-cell-empty\" ><\/div><\/div><\/div>","protected":false},"excerpt":{"rendered":"<p>\u00a0\u00a0 Toalett\u00a0\u00a0Slamkem toalett. Modernt utedass med stor tank, elv\u00e4rme och litet handfat. Kranen aktiveras med fotpump s\u00e5 det kr\u00e4vs ingen vattenanslutning. El beh\u00f6vs f\u00f6r element och belysning.<\/p>\n","protected":false},"author":1,"featured_media":0,"parent":11,"menu_order":0,"comment_status":"closed","ping_status":"closed","template":"page-fullwidth.php","meta":{"kt_blocks_editor_width":""},"kb_featured_image_src_large":false,"kb_author_info":{"display_name":"per","author_link":"https:\/\/www.gelweluthyrning.se\/?author=1","author_image":"https:\/\/secure.gravatar.com\/avatar\/250821d350f2213e36bf942f193b8969?s=96&d=mm&r=g"},"kb_comment_info":0,"_links":{"self":[{"href":"https:\/\/www.gelweluthyrning.se\/index.php?rest_route=\/wp\/v2\/pages\/1420"}],"collection":[{"href":"https:\/\/www.gelweluthyrning.se\/index.php?rest_route=\/wp\/v2\/pages"}],"about":[{"href":"https:\/\/www.gelweluthyrning.se\/index.php?rest_route=\/wp\/v2\/types\/page"}],"author":[{"embeddable":true,"href":"https:\/\/www.gelweluthyrning.se\/index.php?rest_route=\/wp\/v2\/users\/1"}],"replies":[{"embeddable":true,"href":"https:\/\/www.gelweluthyrning.se\/index.php?rest_route=%2Fwp%2Fv2%2Fcomments&post=1420"}],"version-history":[{"count":6,"href":"https:\/\/www.gelweluthyrning.se\/index.php?rest_route=\/wp\/v2\/pages\/1420\/revisions"}],"predecessor-version":[{"id":2782,"href":"https:\/\/www.gelweluthyrning.se\/index.php?rest_route=\/wp\/v2\/pages\/1420\/revisions\/2782"}],"up":[{"embeddable":true,"href":"https:\/\/www.gelweluthyrning.se\/index.php?rest_route=\/wp\/v2\/pages\/11"}],"wp:attachment":[{"href":"https:\/\/www.gelweluthyrning.se\/index.php?rest_route=%2Fwp%2Fv2%2Fmedia&parent=1420"}],"curies":[{"name":"wp","href":"https:\/\/api.w.org\/{rel}","templated":true}]}}