{"id":1398,"date":"2016-02-21T15:46:13","date_gmt":"2016-02-21T14:46:13","guid":{"rendered":"http:\/\/localhost\/wordpress\/?page_id=1398"},"modified":"2018-01-08T09:54:51","modified_gmt":"2018-01-08T08:54:51","slug":"nibblare","status":"publish","type":"page","link":"https:\/\/www.gelweluthyrning.se\/?page_id=1398","title":{"rendered":"Nibblare uthyres"},"content":{"rendered":"<div id=\"pl-1398\"  class=\"panel-layout\" ><div id=\"pg-1398-0\"  class=\"panel-grid panel-no-style\" ><div id=\"pgc-1398-0-0\"  class=\"panel-grid-cell\" ><div id=\"panel-1398-0-0-0\" class=\"so-panel widget widget_sow-editor panel-first-child panel-last-child\" data-index=\"0\" ><div class=\"so-widget-sow-editor so-widget-sow-editor-base\">\n<div class=\"siteorigin-widget-tinymce textwidget\">\n\t<h1>\u00a0<\/h1>\n<h1 align=\"center\">\u00a0<\/h1>\n<\/div>\n<\/div><\/div><\/div><\/div><div id=\"pg-1398-1\"  class=\"panel-grid panel-no-style\" ><div id=\"pgc-1398-1-0\"  class=\"panel-grid-cell\" ><div id=\"panel-1398-1-0-0\" class=\"so-panel widget widget_virtue_about_with_image virtue_about_with_image panel-first-child panel-last-child\" data-index=\"1\" ><div class=\"kad_img_upload_widget kt-shape-type- kt-image-align-center kt-image-widget-widget-1-0-0\"><div class=\"kt-image-contain  \"><div class=\"kt-image-inner-contain\"><img width=\"800\" height=\"478\" src=\"https:\/\/www.gelweluthyrning.se\/wp-content\/uploads\/2016\/02\/Nibblare.jpg\" class=\"attachment-full size-full\" alt=\"Nibblare\" loading=\"lazy\" srcset=\"https:\/\/www.gelweluthyrning.se\/wp-content\/uploads\/2016\/02\/Nibblare.jpg 800w, https:\/\/www.gelweluthyrning.se\/wp-content\/uploads\/2016\/02\/Nibblare-300x179.jpg 300w\" sizes=\"(max-width: 800px) 100vw, 800px\" \/><\/div><\/div><\/div><\/div><\/div><div id=\"pgc-1398-1-1\"  class=\"panel-grid-cell\" ><div id=\"panel-1398-1-1-0\" class=\"so-panel widget widget_sow-editor panel-first-child\" data-index=\"2\" ><div class=\"so-widget-sow-editor so-widget-sow-editor-base\">\n<div class=\"siteorigin-widget-tinymce textwidget\">\n\t<\/div>\n<\/div><\/div><div id=\"panel-1398-1-1-1\" class=\"so-panel widget widget_sow-editor panel-last-child\" data-index=\"3\" ><div class=\"so-widget-sow-editor so-widget-sow-editor-base\">\n<div class=\"siteorigin-widget-tinymce textwidget\">\n\t<h3>\u00a0Nibblingsmaskin<\/h3>\n<p><span style=\"font-size: 14px;\">Nibblare\u00a0med s<\/span>midig, smal konstruktion ger optimal hantering och l\u00e5sbar matris f\u00f6r raka snitt. Vridbar matris som n\u00e5r b\u00e4ttre in i h\u00f6rnen.F<span style=\"font-size: 14px;\">\u00f6r pl\u00e5t upp till 2 mm tjocklek.<\/span><\/p>\n<\/div>\n<\/div><\/div><\/div><\/div><div id=\"pg-1398-2\"  class=\"panel-grid panel-no-style\" ><div id=\"pgc-1398-2-0\"  class=\"panel-grid-cell panel-grid-cell-mobile-last\" ><div id=\"panel-1398-2-0-0\" class=\"so-panel widget widget_sow-editor panel-first-child panel-last-child\" data-index=\"4\" ><div class=\"so-widget-sow-editor so-widget-sow-editor-base\">\n<div class=\"siteorigin-widget-tinymce textwidget\">\n\t<h3 style=\"padding-left: 30px;\">Teknisk info<\/h3>\n<p style=\"padding-left: 60px;\">\n<ul class=\"nav nav-tabs sc_tabs\"><li class=\"active\"><a href=\"#sctab3400\" rel=\"nofollow\">Tekniska data<\/a><\/li>\n<li class=\"\"><a href=\"#sctab3401\" rel=\"nofollow\">Dokumentation<\/a><\/li><\/ul> <div class=\"tab-content postclass\"><div class=\"tab-pane clearfix active\" id=\"sctab3400\"><\/p>\n<p>Se under dokumentation<\/p>\n<p><\/div>\n<div class=\"tab-pane clearfix \" id=\"sctab3401\"><\/p>\n<p style=\"padding-left: 30px;\"><div class=\"row\"> <div class=\"col-md-6  \">Produktblad<a href=\"http:\/\/www.gelwel.se\/wp-content\/uploads\/2016\/02\/produktblad-nibblare-GNA-20pdf.pdf\" target=\"_blank\" rel=\"attachment wp-att-703\"><img class=\"alignnone size-full wp-image-703\" src=\"http:\/\/www.gelwel.se\/wp-content\/uploads\/2016\/02\/Pdf50x48.jpg\" alt=\"\" width=\"50\" height=\"48\" \/><\/a><\/p>\n<p style=\"padding-left: 30px;\"><\/div><div class=\"col-md-6  \"><\/p>\n<p>\u00a0<\/p>\n<p style=\"padding-left: 30px;\"><\/div><\/div><\/p>\n<p style=\"padding-left: 30px;\"><\/div><\/div>\n<\/p>\n<\/div>\n<\/div><\/div><\/div><div id=\"pgc-1398-2-1\"  class=\"panel-grid-cell panel-grid-cell-empty\" ><\/div><\/div><div id=\"pg-1398-3\"  class=\"panel-grid panel-no-style\" ><div id=\"pgc-1398-3-0\"  class=\"panel-grid-cell\" ><div id=\"panel-1398-3-0-0\" class=\"so-panel widget widget_sow-editor panel-first-child panel-last-child\" data-index=\"5\" ><div class=\"so-widget-sow-editor so-widget-sow-editor-base\">\n<div class=\"siteorigin-widget-tinymce textwidget\">\n\t<h3>Pris<\/h3>\n\n<ul class=\"nav nav-tabs sc_tabs\"><li class=\"active\"><a href=\"#sctab7160\" rel=\"nofollow\">Pris<\/a><\/li>\n<li class=\"\"><a href=\"#sctab7161\" rel=\"nofollow\">F\u00f6rbrukningsmaterial<\/a><\/li>\n<li class=\"\"><a href=\"#sctab7162\" rel=\"nofollow\">Komplettera<\/a><\/li><\/ul> <div class=\"tab-content postclass\"><div class=\"tab-pane clearfix active\" id=\"sctab7160\"><br \/> <div class=\"row\"> <div class=\"col-md-3  \"><\/p>\n<h4>Pris dag 1<\/h4>\n<h4><span style=\"color: #ff0000;\">290\u00a0kr<\/span><\/h4>\n<p><\/div><div class=\"col-md-3  \"><\/p>\n<h4>Pris fr\u00e5n dag 2<\/h4>\n<h4><span style=\"color: #ff0000;\">120\u00a0kr<\/span><\/h4>\n<p><\/div><div class=\"col-md-3  \"><\/p>\n<h4>Helg<\/h4>\n<h4><span style=\"color: #ff0000;\">410\u00a0kr<\/span><\/h4>\n<p><\/div><div class=\"col-md-3  \"><\/p>\n<h4>Vecka<\/h4>\n<h4><span style=\"color: #ff0000;\">770\u00a0kr<\/span><\/h4>\n<p><\/div><\/div><br \/> Moms ing\u00e5r i\u00a0alla priser. Shablonkostnad f\u00f6r stans ing\u00e5r. <\/div>\n<div class=\"tab-pane clearfix \" id=\"sctab7161\"><\/p>\n<p><\/div>\n<div class=\"tab-pane clearfix \" id=\"sctab7162\"><\/p>\n<p><\/div><\/div>\n\n<\/div>\n<\/div><\/div><\/div><div id=\"pgc-1398-3-1\"  class=\"panel-grid-cell\" >\n\n        <div id=\"panel-1398-3-1-0\" class=\"so-panel widget widget_kadence_calltoaction_widget kadence_calltoaction_widget panel-first-child panel-last-child\" data-index=\"6\" ><div class=\"kt-ctaw clearfix\"><h1 class=\"kt-call-to-action-title\" style=\" font-size:40px; line-height:1.1; text-align:center; \"  data-max-size=\"40\" data-min-size=\"40\">Boka maskinen<\/h1><div style=\"text-align:center\"><a href=\"http:\/\/www.gelwel.se\/?page_id=585\" id=\"kadbtn46\" target=\"_self\" class=\"kad-btn btn-shortcode kad-btn-primary lg-kad-btn \" style=\" border: 0 solid; border-color:#000;  \" onMouseOver=\"\" onMouseOut=\"\">BOKA <\/a><\/div><\/div><\/div>\n    <\/div><\/div><div id=\"pg-1398-4\"  class=\"panel-grid panel-no-style\" ><div id=\"pgc-1398-4-0\"  class=\"panel-grid-cell panel-grid-cell-empty\" ><\/div><\/div><\/div>","protected":false},"excerpt":{"rendered":"<p>\u00a0\u00a0 \u00a0NibblingsmaskinNibblare\u00a0med smidig, smal konstruktion ger optimal hantering och l\u00e5sbar matris f\u00f6r raka snitt. Vridbar matris som n\u00e5r b\u00e4ttre in i h\u00f6rnen.F\u00f6r pl\u00e5t upp till 2 mm tjocklek.<\/p>\n","protected":false},"author":1,"featured_media":0,"parent":11,"menu_order":0,"comment_status":"closed","ping_status":"closed","template":"page-fullwidth.php","meta":{"kt_blocks_editor_width":""},"kb_featured_image_src_large":false,"kb_author_info":{"display_name":"per","author_link":"https:\/\/www.gelweluthyrning.se\/?author=1","author_image":"https:\/\/secure.gravatar.com\/avatar\/250821d350f2213e36bf942f193b8969?s=96&d=mm&r=g"},"kb_comment_info":0,"_links":{"self":[{"href":"https:\/\/www.gelweluthyrning.se\/index.php?rest_route=\/wp\/v2\/pages\/1398"}],"collection":[{"href":"https:\/\/www.gelweluthyrning.se\/index.php?rest_route=\/wp\/v2\/pages"}],"about":[{"href":"https:\/\/www.gelweluthyrning.se\/index.php?rest_route=\/wp\/v2\/types\/page"}],"author":[{"embeddable":true,"href":"https:\/\/www.gelweluthyrning.se\/index.php?rest_route=\/wp\/v2\/users\/1"}],"replies":[{"embeddable":true,"href":"https:\/\/www.gelweluthyrning.se\/index.php?rest_route=%2Fwp%2Fv2%2Fcomments&post=1398"}],"version-history":[{"count":4,"href":"https:\/\/www.gelweluthyrning.se\/index.php?rest_route=\/wp\/v2\/pages\/1398\/revisions"}],"predecessor-version":[{"id":4056,"href":"https:\/\/www.gelweluthyrning.se\/index.php?rest_route=\/wp\/v2\/pages\/1398\/revisions\/4056"}],"up":[{"embeddable":true,"href":"https:\/\/www.gelweluthyrning.se\/index.php?rest_route=\/wp\/v2\/pages\/11"}],"wp:attachment":[{"href":"https:\/\/www.gelweluthyrning.se\/index.php?rest_route=%2Fwp%2Fv2%2Fmedia&parent=1398"}],"curies":[{"name":"wp","href":"https:\/\/api.w.org\/{rel}","templated":true}]}}