{"id":1386,"date":"2016-02-21T15:37:19","date_gmt":"2016-02-21T14:37:19","guid":{"rendered":"http:\/\/localhost\/wordpress\/?page_id=1386"},"modified":"2021-01-29T17:49:03","modified_gmt":"2021-01-29T16:49:03","slug":"karnborrweka","status":"publish","type":"page","link":"https:\/\/www.gelweluthyrning.se\/?page_id=1386","title":{"rendered":"K\u00e4rnborrmaskin uthyres"},"content":{"rendered":"<div id=\"pl-1386\"  class=\"panel-layout\" ><div id=\"pg-1386-0\"  class=\"panel-grid panel-no-style\" ><div id=\"pgc-1386-0-0\"  class=\"panel-grid-cell\" ><div id=\"panel-1386-0-0-0\" class=\"so-panel widget widget_sow-editor panel-first-child panel-last-child\" data-index=\"0\" ><div class=\"so-widget-sow-editor so-widget-sow-editor-base\">\n<div class=\"siteorigin-widget-tinymce textwidget\">\n\t<h1>\u00a0<\/h1>\n<h1 align=\"center\">\u00a0<\/h1>\n<\/div>\n<\/div><\/div><\/div><\/div><div id=\"pg-1386-1\"  class=\"panel-grid panel-no-style\" ><div id=\"pgc-1386-1-0\"  class=\"panel-grid-cell\" ><div id=\"panel-1386-1-0-0\" class=\"so-panel widget widget_virtue_about_with_image virtue_about_with_image panel-first-child panel-last-child\" data-index=\"1\" ><div class=\"kad_img_upload_widget kt-shape-type- kt-image-align-center kt-image-widget-widget-1-0-0\"><div class=\"kt-image-contain  \"><div class=\"kt-image-inner-contain\"><img width=\"768\" height=\"1024\" src=\"https:\/\/www.gelweluthyrning.se\/wp-content\/uploads\/2016\/02\/DK16-wekaborrmaskin.jpg\" class=\"attachment-full size-full\" alt=\"Weka k\u00e4rnborrmaskin\" loading=\"lazy\" srcset=\"https:\/\/www.gelweluthyrning.se\/wp-content\/uploads\/2016\/02\/DK16-wekaborrmaskin.jpg 768w, https:\/\/www.gelweluthyrning.se\/wp-content\/uploads\/2016\/02\/DK16-wekaborrmaskin-225x300.jpg 225w\" sizes=\"(max-width: 768px) 100vw, 768px\" \/><\/div><\/div><\/div><\/div><\/div><div id=\"pgc-1386-1-1\"  class=\"panel-grid-cell\" ><div id=\"panel-1386-1-1-0\" class=\"so-panel widget widget_sow-editor panel-first-child\" data-index=\"2\" ><div class=\"so-widget-sow-editor so-widget-sow-editor-base\">\n<div class=\"siteorigin-widget-tinymce textwidget\">\n\t<\/div>\n<\/div><\/div><div id=\"panel-1386-1-1-1\" class=\"so-panel widget widget_sow-editor\" data-index=\"3\" ><div class=\"so-widget-sow-editor so-widget-sow-editor-base\">\n<div class=\"siteorigin-widget-tinymce textwidget\">\n\t<h3>Weka\u00a0<\/h3>\n<p>\u00a0<\/p>\n<p>K\u00e4rnborrmaskin f\u00f6r borr upp till 150 mm. Vid diameter \u00f6ver 100 mm b\u00f6r stativ anv\u00e4ndas. Stativ kan f\u00e4stas med Expander eller med vacum. Vid borrning skall vatten kopplas till f\u00f6r att kyla borr. Vattenuppsamlare tillsammans med v\u00e5tsug kan anv\u00e4ndas f\u00f6r att ta hand om vattnet. Vatten resarvar med tryckpump finns som tillbeh\u00f6r om vattenutkast saknas.<\/p>\n<\/div>\n<\/div><\/div><div id=\"panel-1386-1-1-2\" class=\"so-panel widget widget_virtue_about_with_image virtue_about_with_image panel-last-child\" data-index=\"4\" ><div class=\"kad_img_upload_widget kt-shape-type- kt-image-align-center kt-image-widget-widget-1-1-2\"><a href=\"http:\/\/www.gelwel.se\/wp-content\/uploads\/2016\/02\/Borrstativ.jpg\" rel=\"lightbox\"><div class=\"kt-image-contain  \"><div class=\"kt-image-inner-contain\"><img width=\"237\" height=\"479\" src=\"https:\/\/www.gelweluthyrning.se\/wp-content\/uploads\/2016\/02\/Borrstativ.jpg\" class=\"attachment-full size-full\" alt=\"Stativ f\u00f6r Weka k\u00e4rnborrmaskin\" loading=\"lazy\" srcset=\"https:\/\/www.gelweluthyrning.se\/wp-content\/uploads\/2016\/02\/Borrstativ.jpg 237w, https:\/\/www.gelweluthyrning.se\/wp-content\/uploads\/2016\/02\/Borrstativ-148x300.jpg 148w\" sizes=\"(max-width: 237px) 100vw, 237px\" \/><\/div><\/div><\/a><div class=\"virtue_image_widget_caption kadence_image_widget_caption\">Stativ <\/div><\/div><\/div><\/div><\/div><div id=\"pg-1386-2\"  class=\"panel-grid panel-no-style\" ><div id=\"pgc-1386-2-0\"  class=\"panel-grid-cell panel-grid-cell-mobile-last\" ><div id=\"panel-1386-2-0-0\" class=\"so-panel widget widget_sow-editor panel-first-child panel-last-child\" data-index=\"5\" ><div class=\"so-widget-sow-editor so-widget-sow-editor-base\">\n<div class=\"siteorigin-widget-tinymce textwidget\">\n\t<h3 style=\"padding-left: 30px;\">Teknisk info<\/h3>\n<p style=\"padding-left: 60px;\">\n<ul class=\"nav nav-tabs sc_tabs\"><li class=\"active\"><a href=\"#sctab9020\" rel=\"nofollow\">Tekniska data<\/a><\/li>\n<li class=\"\"><a href=\"#sctab9021\" rel=\"nofollow\">Dokumentation<\/a><\/li><\/ul> <div class=\"tab-content postclass\"><div class=\"tab-pane clearfix active\" id=\"sctab9020\"><\/p>\n<p>Se instruktion och broschyr under dokumentation<\/p>\n<p><\/div>\n<div class=\"tab-pane clearfix \" id=\"sctab9021\"><\/p>\n<p style=\"padding-left: 30px;\"><div class=\"row\"> <div class=\"col-md-6  \">Broschyr (engelsk)<a href=\"http:\/\/www.gelwel.se\/wp-content\/uploads\/2016\/02\/Engelsk-broschyr-DK16.pdf\" target=\"_blank\" rel=\"attachment wp-att-703\"><img class=\"alignnone size-full wp-image-703\" src=\"http:\/\/www.gelwel.se\/wp-content\/uploads\/2016\/02\/Pdf50x48.jpg\" alt=\"\" width=\"50\" height=\"48\" \/><\/a><\/p>\n<p style=\"padding-left: 30px;\"><\/div><div class=\"col-md-6  \"><\/p>\n<p>Bruksanvisning<a href=\"http:\/\/www.gelwel.se\/wp-content\/uploads\/2016\/02\/Bruksanvisning-DK16.pdf\" target=\"_blank\" rel=\"attachment wp-att-703\"><img class=\"alignnone size-full wp-image-703\" src=\"http:\/\/www.gelwel.se\/wp-content\/uploads\/2016\/02\/Pdf50x48.jpg\" alt=\"\" width=\"50\" height=\"48\" \/><\/a><\/p>\n<p style=\"padding-left: 30px;\"><\/div><\/div><\/p>\n<p style=\"padding-left: 30px;\"><\/div><\/div>\n<\/p>\n<\/div>\n<\/div><\/div><\/div><div id=\"pgc-1386-2-1\"  class=\"panel-grid-cell panel-grid-cell-empty\" ><\/div><\/div><div id=\"pg-1386-3\"  class=\"panel-grid panel-no-style\" ><div id=\"pgc-1386-3-0\"  class=\"panel-grid-cell\" ><div id=\"panel-1386-3-0-0\" class=\"so-panel widget widget_sow-editor panel-first-child panel-last-child\" data-index=\"6\" ><div class=\"so-widget-sow-editor so-widget-sow-editor-base\">\n<div class=\"siteorigin-widget-tinymce textwidget\">\n\t<h3>Pris<\/h3>\n\n<ul class=\"nav nav-tabs sc_tabs\"><li class=\"active\"><a href=\"#sctab5070\" rel=\"nofollow\">Pris<\/a><\/li>\n<li class=\"\"><a href=\"#sctab5071\" rel=\"nofollow\">F\u00f6rbrukningsmaterial<\/a><\/li>\n<li class=\"\"><a href=\"#sctab5072\" rel=\"nofollow\">Komplettera<\/a><\/li><\/ul> <div class=\"tab-content postclass\"><div class=\"tab-pane clearfix active\" id=\"sctab5070\"><br \/>\n<div class=\"row\"> <div class=\"col-md-3  \"><\/p>\n<h4>Pris dag 1<\/h4>\n<h4><span style=\"color: #ff0000;\">410 kr<\/span><\/h4>\n<p><\/div><div class=\"col-md-3  \"><\/p>\n<h4>Pris fr\u00e5n dag 2<\/h4>\n<h4><span style=\"color: #ff0000;\">335 kr<\/span><\/h4>\n<p><\/div><div class=\"col-md-3  \"><\/p>\n<h4>Helg<\/h4>\n<h4><span style=\"color: #ff0000;\">745 kr<\/span><\/h4>\n<p><\/div><div class=\"col-md-3  \"><\/p>\n<h4>Vecka<\/h4>\n<h4><span style=\"color: #ff0000;\">1750 kr<\/span><\/h4>\n<p><\/div><\/div><br \/>\nMoms ing\u00e5r i\u00a0alla priser. <\/div>\n<div class=\"tab-pane clearfix \" id=\"sctab5071\"><\/p>\n<p>Slitage k\u00e4rnborr. (min deb 0,5 mm) \u00d8 0-39 mm 350 kr\/mm. \u00d8 40-59 mm 438 kr\/mm. \u00d8 60-89 mm 475\u00a0kr\/mm. \u00d8 90-120\u00a0mm 640\u00a0kr\/mm. \u00d8 121-150 mm 980\u00a0kr\/mm. Expanderhylsa HKD \u00a012,50 kr\/st<\/div>\n<div class=\"tab-pane clearfix \" id=\"sctab5072\"><\/p>\n<p>Trycktank 10 L 60 kr\/dag. Stativ 80 kr\/dag. Borrf\u00f6rl\u00e4ngare 35 kr\/dag. Vattenuppsamlare 45 kr\/dag. V\u00e5tsug<\/div><\/div>\n\n<\/div>\n<\/div><\/div><\/div><div id=\"pgc-1386-3-1\"  class=\"panel-grid-cell\" >\n\n        <div id=\"panel-1386-3-1-0\" class=\"so-panel widget widget_kadence_calltoaction_widget kadence_calltoaction_widget panel-first-child panel-last-child\" data-index=\"7\" ><div class=\"kt-ctaw clearfix\"><h1 class=\"kt-call-to-action-title\" style=\" font-size:40px; line-height:1.1; text-align:center; \"  data-max-size=\"40\" data-min-size=\"40\">Boka maskinen<\/h1><div style=\"text-align:center\"><a href=\"http:\/\/www.gelwel.se\/?page_id=585\" id=\"kadbtn6\" target=\"_self\" class=\"kad-btn btn-shortcode kad-btn-primary lg-kad-btn \" style=\" border: 0 solid; border-color:#000;  \" onMouseOver=\"\" onMouseOut=\"\">BOKA <\/a><\/div><\/div><\/div>\n    <\/div><\/div><div id=\"pg-1386-4\"  class=\"panel-grid panel-no-style\" ><div id=\"pgc-1386-4-0\"  class=\"panel-grid-cell panel-grid-cell-empty\" ><\/div><\/div><\/div>","protected":false},"excerpt":{"rendered":"<p>\u00a0\u00a0 Weka\u00a0\u00a0K\u00e4rnborrmaskin f\u00f6r borr upp till 150 mm. Vid diameter \u00f6ver 100 mm b\u00f6r stativ anv\u00e4ndas. Stativ kan f\u00e4stas med Expander eller med vacum. Vid borrning skall vatten kopplas till f\u00f6r att kyla borr. Vattenuppsamlare tillsammans med v\u00e5tsug kan anv\u00e4ndas &hellip; <a class=\"kt-excerpt-readmore\" href=\"https:\/\/www.gelweluthyrning.se\/?page_id=1386\" aria-label=\"K\u00e4rnborrmaskin uthyres\">L\u00e4s mer<\/a><\/p>\n","protected":false},"author":1,"featured_media":0,"parent":11,"menu_order":0,"comment_status":"closed","ping_status":"closed","template":"page-fullwidth.php","meta":{"kt_blocks_editor_width":""},"kb_featured_image_src_large":false,"kb_author_info":{"display_name":"per","author_link":"https:\/\/www.gelweluthyrning.se\/?author=1","author_image":"https:\/\/secure.gravatar.com\/avatar\/250821d350f2213e36bf942f193b8969?s=96&d=mm&r=g"},"kb_comment_info":0,"_links":{"self":[{"href":"https:\/\/www.gelweluthyrning.se\/index.php?rest_route=\/wp\/v2\/pages\/1386"}],"collection":[{"href":"https:\/\/www.gelweluthyrning.se\/index.php?rest_route=\/wp\/v2\/pages"}],"about":[{"href":"https:\/\/www.gelweluthyrning.se\/index.php?rest_route=\/wp\/v2\/types\/page"}],"author":[{"embeddable":true,"href":"https:\/\/www.gelweluthyrning.se\/index.php?rest_route=\/wp\/v2\/users\/1"}],"replies":[{"embeddable":true,"href":"https:\/\/www.gelweluthyrning.se\/index.php?rest_route=%2Fwp%2Fv2%2Fcomments&post=1386"}],"version-history":[{"count":9,"href":"https:\/\/www.gelweluthyrning.se\/index.php?rest_route=\/wp\/v2\/pages\/1386\/revisions"}],"predecessor-version":[{"id":8286,"href":"https:\/\/www.gelweluthyrning.se\/index.php?rest_route=\/wp\/v2\/pages\/1386\/revisions\/8286"}],"up":[{"embeddable":true,"href":"https:\/\/www.gelweluthyrning.se\/index.php?rest_route=\/wp\/v2\/pages\/11"}],"wp:attachment":[{"href":"https:\/\/www.gelweluthyrning.se\/index.php?rest_route=%2Fwp%2Fv2%2Fmedia&parent=1386"}],"curies":[{"name":"wp","href":"https:\/\/api.w.org\/{rel}","templated":true}]}}