{"id":1382,"date":"2016-02-21T15:21:32","date_gmt":"2016-02-21T14:21:32","guid":{"rendered":"http:\/\/localhost\/wordpress\/?page_id=1382"},"modified":"2019-03-31T11:03:10","modified_gmt":"2019-03-31T09:03:10","slug":"wackereh7","status":"publish","type":"page","link":"https:\/\/www.gelweluthyrning.se\/?page_id=1382","title":{"rendered":"Slagborrmaskin 20-40 mm uthyres"},"content":{"rendered":"<div id=\"pl-1382\"  class=\"panel-layout\" ><div id=\"pg-1382-0\"  class=\"panel-grid panel-no-style\" ><div id=\"pgc-1382-0-0\"  class=\"panel-grid-cell\" ><div id=\"panel-1382-0-0-0\" class=\"so-panel widget widget_sow-editor panel-first-child panel-last-child\" data-index=\"0\" ><div class=\"so-widget-sow-editor so-widget-sow-editor-base\">\n<div class=\"siteorigin-widget-tinymce textwidget\">\n\t<h1>\u00a0<\/h1>\n<h1 align=\"center\">\u00a0<\/h1>\n<\/div>\n<\/div><\/div><\/div><\/div><div id=\"pg-1382-1\"  class=\"panel-grid panel-no-style\" ><div id=\"pgc-1382-1-0\"  class=\"panel-grid-cell\" ><div id=\"panel-1382-1-0-0\" class=\"so-panel widget widget_virtue_about_with_image virtue_about_with_image panel-first-child panel-last-child\" data-index=\"1\" ><div class=\"kad_img_upload_widget kt-shape-type- kt-image-align-center kt-image-widget-widget-1-0-0\"><div class=\"kt-image-contain  \"><div class=\"kt-image-inner-contain\"><img width=\"678\" height=\"442\" src=\"https:\/\/www.gelweluthyrning.se\/wp-content\/uploads\/2016\/02\/Wacker-EH-7-borrmaskin.jpg\" class=\"attachment-full size-full\" alt=\"Wacker EH 7 borrmaskin i anv\u00e4ndning\n\" loading=\"lazy\" srcset=\"https:\/\/www.gelweluthyrning.se\/wp-content\/uploads\/2016\/02\/Wacker-EH-7-borrmaskin.jpg 678w, https:\/\/www.gelweluthyrning.se\/wp-content\/uploads\/2016\/02\/Wacker-EH-7-borrmaskin-300x196.jpg 300w\" sizes=\"(max-width: 678px) 100vw, 678px\" \/><\/div><\/div><div class=\"virtue_image_widget_caption kadence_image_widget_caption\">Wacker EH 7<\/div><\/div><\/div><\/div><div id=\"pgc-1382-1-1\"  class=\"panel-grid-cell\" ><div id=\"panel-1382-1-1-0\" class=\"so-panel widget widget_sow-editor panel-first-child\" data-index=\"2\" ><div class=\"so-widget-sow-editor so-widget-sow-editor-base\">\n<div class=\"siteorigin-widget-tinymce textwidget\">\n\t<\/div>\n<\/div><\/div><div id=\"panel-1382-1-1-1\" class=\"so-panel widget widget_sow-editor panel-last-child\" data-index=\"3\" ><div class=\"so-widget-sow-editor so-widget-sow-editor-base\">\n<div class=\"siteorigin-widget-tinymce textwidget\">\n\t<h3>Wacker EH7\/E11<\/h3>\n<p>Riktigt kraftiga slagborrmaskiner. EH7 \u00e4r lite l\u00e4ttare och sl\u00e5r 12 J medan EBH 11 v\u00e4ger lite mer men sl\u00e5r hela 19 J<\/p>\n<\/div>\n<\/div><\/div><\/div><\/div><div id=\"pg-1382-2\"  class=\"panel-grid panel-no-style\" ><div id=\"pgc-1382-2-0\"  class=\"panel-grid-cell\" ><div id=\"panel-1382-2-0-0\" class=\"so-panel widget widget_sow-editor panel-first-child panel-last-child\" data-index=\"4\" ><div class=\"so-widget-sow-editor so-widget-sow-editor-base\">\n<div class=\"siteorigin-widget-tinymce textwidget\">\n\t<h3 style=\"padding-left: 30px;\">Teknisk info<\/h3>\n<p style=\"padding-left: 60px;\">\n<ul class=\"nav nav-tabs sc_tabs\"><li class=\"active\"><a href=\"#sctab8130\" rel=\"nofollow\">Tekniska data<\/a><\/li>\n<li class=\"\"><a href=\"#sctab8131\" rel=\"nofollow\">Dokumentation<\/a><\/li><\/ul> <div class=\"tab-content postclass\"><div class=\"tab-pane clearfix active\" id=\"sctab8130\"><\/p>\n<table border=\"0\" width=\"500\">\n<tbody>\n<tr>\n<th style=\"text-align: left;\" scope=\"col\">DATA\u00a0<\/th>\n<th scope=\"col\">EH 7\u00a0<\/th>\n<th scope=\"col\">EH 11\u00a0<\/th>\n<\/tr>\n<tr>\n<th style=\"text-align: left;\" scope=\"row\">Storlek (lxbxh)\u00a0<\/th>\n<td>\u00a0473 x 109 x 293 mm<\/td>\n<td>\u00a0560 x 105 x 245 mm<\/td>\n<\/tr>\n<tr>\n<th style=\"text-align: left;\" scope=\"row\">Vikt\u00a0<\/th>\n<td>\u00a07,3 kg<\/td>\n<td>\u00a011 kg<\/td>\n<\/tr>\n<tr>\n<th style=\"text-align: left;\" scope=\"row\">\u00a0Sp\u00e4nning<\/th>\n<td>\u00a0220-240 V<\/td>\n<td>\u00a0220-240 V<\/td>\n<\/tr>\n<tr>\n<th style=\"text-align: left;\" scope=\"row\">Effekt\u00a0<\/th>\n<td>\u00a01,3 kW<\/td>\n<td>\u00a01,38 kW<\/td>\n<\/tr>\n<tr>\n<th style=\"text-align: left;\" scope=\"row\">\u00a0Borrvarvtal<\/th>\n<td>\u00a0450 rpm<\/td>\n<td>140-220 rpm<\/td>\n<\/tr>\n<tr>\n<th style=\"text-align: left;\" scope=\"row\">\u00a0Slagkraft (max)<\/th>\n<td>\u00a012 J<\/td>\n<td>\u00a019 J<\/td>\n<\/tr>\n<\/tbody>\n<\/table>\n<p><\/div>\n<div class=\"tab-pane clearfix \" id=\"sctab8131\"><\/p>\n<p style=\"padding-left: 30px;\"><div class=\"row\"> <div class=\"col-md-6  \"><a href=\"http:\/\/www.gelwel.se\/wp-content\/uploads\/2016\/02\/Wacker-EH-7-instruktion.pdf\" target=\"_blank\"><img class=\"alignnone size-full wp-image-703\" src=\"http:\/\/www.gelwel.se\/wp-content\/uploads\/2016\/02\/Pdf50x48.jpg\" alt=\"Pdf50x48\" width=\"50\" height=\"48\" \/><\/a>instruktion EH 7,\u00a0<a href=\"http:\/\/www.gelwel.se\/wp-content\/uploads\/2016\/02\/Wacker-EH-11-instruktion.pdf\" target=\"_blank\"><img class=\"alignnone size-full wp-image-703\" src=\"http:\/\/www.gelwel.se\/wp-content\/uploads\/2016\/02\/Pdf50x48.jpg\" alt=\"Pdf50x48\" width=\"50\" height=\"48\" \/><\/a>instruktion EH 11<\/p>\n<p style=\"padding-left: 30px;\"><\/div><div class=\"col-md-6  \"><\/p>\n<p>\u00a0<\/p>\n<p style=\"padding-left: 30px;\"><\/div><\/div><\/p>\n<p style=\"padding-left: 30px;\"><\/div><\/div>\n<\/p>\n<\/div>\n<\/div><\/div><\/div><div id=\"pgc-1382-2-1\"  class=\"panel-grid-cell\" ><div id=\"panel-1382-2-1-0\" class=\"so-panel widget widget_virtue_about_with_image virtue_about_with_image panel-first-child panel-last-child\" data-index=\"5\" ><div class=\"kad_img_upload_widget kt-shape-type- kt-image-align-center kt-image-widget-widget-2-1-0\"><a href=\"http:\/\/www.gelwel.se\/wp-content\/uploads\/2016\/02\/Wacker-EHB11-borr-bilningsmaskin.jpg\" rel=\"lightbox\"><div class=\"kt-image-contain  \"><div class=\"kt-image-inner-contain\"><img width=\"400\" height=\"400\" src=\"https:\/\/www.gelweluthyrning.se\/wp-content\/uploads\/2016\/02\/Wacker-EHB11-borr-bilningsmaskin.jpg\" class=\"attachment-full size-full\" alt=\"Wacker EH 11\" loading=\"lazy\" srcset=\"https:\/\/www.gelweluthyrning.se\/wp-content\/uploads\/2016\/02\/Wacker-EHB11-borr-bilningsmaskin.jpg 400w, https:\/\/www.gelweluthyrning.se\/wp-content\/uploads\/2016\/02\/Wacker-EHB11-borr-bilningsmaskin-150x150.jpg 150w, https:\/\/www.gelweluthyrning.se\/wp-content\/uploads\/2016\/02\/Wacker-EHB11-borr-bilningsmaskin-300x300.jpg 300w\" sizes=\"(max-width: 400px) 100vw, 400px\" \/><\/div><\/div><\/a><div class=\"virtue_image_widget_caption kadence_image_widget_caption\">Wacker EH 11<\/div><\/div><\/div><\/div><\/div><div id=\"pg-1382-3\"  class=\"panel-grid panel-no-style\" ><div id=\"pgc-1382-3-0\"  class=\"panel-grid-cell\" ><div id=\"panel-1382-3-0-0\" class=\"so-panel widget widget_sow-editor panel-first-child panel-last-child\" data-index=\"6\" ><div class=\"so-widget-sow-editor so-widget-sow-editor-base\">\n<div class=\"siteorigin-widget-tinymce textwidget\">\n\t<h3>Pris<\/h3>\n\n<ul class=\"nav nav-tabs sc_tabs\"><li class=\"active\"><a href=\"#sctab9620\" rel=\"nofollow\">Pris<\/a><\/li>\n<li class=\"\"><a href=\"#sctab9621\" rel=\"nofollow\">F\u00f6rbrukningsmaterial<\/a><\/li>\n<li class=\"\"><a href=\"#sctab9622\" rel=\"nofollow\">Komplettera<\/a><\/li><\/ul> <div class=\"tab-content postclass\"><div class=\"tab-pane clearfix active\" id=\"sctab9620\"><br \/>\n<div class=\"row\"> <div class=\"col-md-3  \"><\/p>\n<h4>Pris dag 1<\/h4>\n<h4><span style=\"color: #ff0000;\">250\u00a0kr<\/span><\/h4>\n<p><\/div><div class=\"col-md-3  \"><\/p>\n<h4>Pris fr\u00e5n dag 2<\/h4>\n<h4><span style=\"color: #ff0000;\">175\u00a0kr<\/span><\/h4>\n<p><\/div><div class=\"col-md-3  \"><\/p>\n<h4>Helg<\/h4>\n<h4><span style=\"color: #ff0000;\">425 kr<\/span><\/h4>\n<p><\/div><div class=\"col-md-3  \"><\/p>\n<h4>Vecka<\/h4>\n<h4><span style=\"color: #ff0000;\">950 kr<\/span><\/h4>\n<p><\/div><\/div><br \/>\nMoms ing\u00e5r i\u00a0alla priser. Pris utan borr eller mejslar<\/div>\n<div class=\"tab-pane clearfix \" id=\"sctab9621\"><\/p>\n<p><\/div>\n<div class=\"tab-pane clearfix \" id=\"sctab9622\"><\/p>\n<p>Borr L\u00e4ngd 400 mm kostar 1,50 kr\/mm i diameter, dvs 25 mm borr kostar 37,50 kr\/dag. L\u00e4ngre borr +12,50 kr\/dm f\u00f6rl\u00e4gning.\u00a0Pik\/flatmejsel\u00a015 kr\/dag. Bredmejsel 45 kr\/dag. Slipning 50 kr\/mejsel<\/div><\/div>\n\n<\/div>\n<\/div><\/div><\/div><div id=\"pgc-1382-3-1\"  class=\"panel-grid-cell\" >\n\n        <div id=\"panel-1382-3-1-0\" class=\"so-panel widget widget_kadence_calltoaction_widget kadence_calltoaction_widget panel-first-child panel-last-child\" data-index=\"7\" ><div class=\"kt-ctaw clearfix\"><h1 class=\"kt-call-to-action-title\" style=\" font-size:40px; line-height:1.1; text-align:center; \"  data-max-size=\"40\" data-min-size=\"40\">Boka maskinen<\/h1><div style=\"text-align:center\"><a href=\"http:\/\/www.gelwel.se\/?page_id=585\" id=\"kadbtn34\" target=\"_self\" class=\"kad-btn btn-shortcode kad-btn-primary lg-kad-btn \" style=\" border: 0 solid; border-color:#000;  \" onMouseOver=\"\" onMouseOut=\"\">BOKA <\/a><\/div><\/div><\/div>\n    <\/div><\/div><div id=\"pg-1382-4\"  class=\"panel-grid panel-no-style\" ><div id=\"pgc-1382-4-0\"  class=\"panel-grid-cell panel-grid-cell-empty\" ><\/div><\/div><\/div>","protected":false},"excerpt":{"rendered":"<p>\u00a0\u00a0 Wacker EH7\/E11Riktigt kraftiga slagborrmaskiner. EH7 \u00e4r lite l\u00e4ttare och sl\u00e5r 12 J medan EBH 11 v\u00e4ger lite mer men sl\u00e5r hela 19 J<\/p>\n","protected":false},"author":1,"featured_media":0,"parent":11,"menu_order":0,"comment_status":"closed","ping_status":"closed","template":"page-fullwidth.php","meta":{"kt_blocks_editor_width":""},"kb_featured_image_src_large":false,"kb_author_info":{"display_name":"per","author_link":"https:\/\/www.gelweluthyrning.se\/?author=1","author_image":"https:\/\/secure.gravatar.com\/avatar\/250821d350f2213e36bf942f193b8969?s=96&d=mm&r=g"},"kb_comment_info":0,"_links":{"self":[{"href":"https:\/\/www.gelweluthyrning.se\/index.php?rest_route=\/wp\/v2\/pages\/1382"}],"collection":[{"href":"https:\/\/www.gelweluthyrning.se\/index.php?rest_route=\/wp\/v2\/pages"}],"about":[{"href":"https:\/\/www.gelweluthyrning.se\/index.php?rest_route=\/wp\/v2\/types\/page"}],"author":[{"embeddable":true,"href":"https:\/\/www.gelweluthyrning.se\/index.php?rest_route=\/wp\/v2\/users\/1"}],"replies":[{"embeddable":true,"href":"https:\/\/www.gelweluthyrning.se\/index.php?rest_route=%2Fwp%2Fv2%2Fcomments&post=1382"}],"version-history":[{"count":13,"href":"https:\/\/www.gelweluthyrning.se\/index.php?rest_route=\/wp\/v2\/pages\/1382\/revisions"}],"predecessor-version":[{"id":6334,"href":"https:\/\/www.gelweluthyrning.se\/index.php?rest_route=\/wp\/v2\/pages\/1382\/revisions\/6334"}],"up":[{"embeddable":true,"href":"https:\/\/www.gelweluthyrning.se\/index.php?rest_route=\/wp\/v2\/pages\/11"}],"wp:attachment":[{"href":"https:\/\/www.gelweluthyrning.se\/index.php?rest_route=%2Fwp%2Fv2%2Fmedia&parent=1382"}],"curies":[{"name":"wp","href":"https:\/\/api.w.org\/{rel}","templated":true}]}}