{"id":1372,"date":"2016-02-21T14:55:40","date_gmt":"2016-02-21T13:55:40","guid":{"rendered":"http:\/\/localhost\/wordpress\/?page_id=1372"},"modified":"2018-01-08T10:22:30","modified_gmt":"2018-01-08T09:22:30","slug":"sparfrassiporex","status":"publish","type":"page","link":"https:\/\/www.gelweluthyrning.se\/?page_id=1372","title":{"rendered":"Sp\u00e5rfr\u00e4s uthyres"},"content":{"rendered":"<div id=\"pl-1372\"  class=\"panel-layout\" ><div id=\"pg-1372-0\"  class=\"panel-grid panel-no-style\" ><div id=\"pgc-1372-0-0\"  class=\"panel-grid-cell\" ><div id=\"panel-1372-0-0-0\" class=\"so-panel widget widget_sow-editor panel-first-child panel-last-child\" data-index=\"0\" ><div class=\"so-widget-sow-editor so-widget-sow-editor-base\">\n<div class=\"siteorigin-widget-tinymce textwidget\">\n\t<h1>\u00a0<\/h1>\n<h1 align=\"center\">\u00a0<\/h1>\n<\/div>\n<\/div><\/div><\/div><\/div><div id=\"pg-1372-1\"  class=\"panel-grid panel-no-style\" ><div id=\"pgc-1372-1-0\"  class=\"panel-grid-cell\" ><div id=\"panel-1372-1-0-0\" class=\"so-panel widget widget_sow-slider panel-first-child panel-last-child\" data-index=\"1\" ><div class=\"so-widget-sow-slider so-widget-sow-slider-default-abf3e628296a\"><div class=\"sow-slider-base \" style=\"display: none\"><ul class=\"sow-slider-images\" data-settings=\"{&quot;pagination&quot;:true,&quot;speed&quot;:800,&quot;timeout&quot;:8000,&quot;paused&quot;:false,&quot;pause_on_hover&quot;:false,&quot;swipe&quot;:true,&quot;nav_always_show_mobile&quot;:&quot;&quot;,&quot;breakpoint&quot;:&quot;780px&quot;}\">\t\t<li class=\"sow-slider-image\" style=\"\" >\n\t\t\t<video class=\"sow-full-element\" autoplay loop muted playsinline><source src=\"https:\/\/www.gelweluthyrning.se\/wp-content\/uploads\/2018\/01\/videosparfras480-.mov\" type=\"video\/mp4\"><\/video>\t\t<\/li>\n\t\t<\/ul>\t\t\t\t<ol class=\"sow-slider-pagination\">\n\t\t\t\t\t\t\t\t\t\t\t<li><a href=\"#\" data-goto=\"0\" aria-label=\"display slide 1\"><\/a><\/li>\n\t\t\t\t\t\t\t\t\t<\/ol>\n\n\t\t\t\t<div class=\"sow-slide-nav sow-slide-nav-next\">\n\t\t\t\t\t<a href=\"#\" data-goto=\"next\" aria-label=\"next slide\" data-action=\"next\">\n\t\t\t\t\t\t<em class=\"sow-sld-icon-thin-right\"><\/em>\n\t\t\t\t\t<\/a>\n\t\t\t\t<\/div>\n\n\t\t\t\t<div class=\"sow-slide-nav sow-slide-nav-prev\">\n\t\t\t\t\t<a href=\"#\" data-goto=\"previous\" aria-label=\"previous slide\" data-action=\"prev\">\n\t\t\t\t\t\t<em class=\"sow-sld-icon-thin-left\"><\/em>\n\t\t\t\t\t<\/a>\n\t\t\t\t<\/div>\n\t\t\t\t<\/div><\/div><\/div><\/div><div id=\"pgc-1372-1-1\"  class=\"panel-grid-cell\" ><div id=\"panel-1372-1-1-0\" class=\"so-panel widget widget_sow-editor panel-first-child\" data-index=\"2\" ><div class=\"so-widget-sow-editor so-widget-sow-editor-base\">\n<div class=\"siteorigin-widget-tinymce textwidget\">\n\t<\/div>\n<\/div><\/div><div id=\"panel-1372-1-1-1\" class=\"so-panel widget widget_sow-editor panel-last-child\" data-index=\"3\" ><div class=\"so-widget-sow-editor so-widget-sow-editor-base\">\n<div class=\"siteorigin-widget-tinymce textwidget\">\n\t<h3>Sp\u00e5rfr\u00e4s f\u00f6r siporex<\/h3>\n<p>En speciell sp\u00e5rfr\u00e4s med h\u00e5rdmetallsk\u00e4r (bild\u00a0nedan) avsedd f\u00f6r att fr\u00e4sa sp\u00e5r f\u00f6r r\u00f6r, eller f\u00e4lla in dosor i Siporex, Leca och liknande por\u00f6sa materia). Sk\u00e4rdjup, 26 mm. Diameter 22 mm. Sugk\u00e5pan (Bild t h\u00f6) i nylon, med utf\u00e4llbar styrskena g\u00f6r att du k\u00f6r rakt och dammfritt. (Kopplas till dammsugare med autostart.)<\/p>\n<\/div>\n<\/div><\/div><\/div><\/div><div id=\"pg-1372-2\"  class=\"panel-grid panel-no-style\" ><div id=\"pgc-1372-2-0\"  class=\"panel-grid-cell\" ><div id=\"panel-1372-2-0-0\" class=\"so-panel widget widget_sow-editor panel-first-child panel-last-child\" data-index=\"4\" ><div class=\"so-widget-sow-editor so-widget-sow-editor-base\">\n<div class=\"siteorigin-widget-tinymce textwidget\">\n\t<h3 style=\"padding-left: 30px;\">Teknisk info<\/h3>\n<p style=\"padding-left: 60px;\">\n<ul class=\"nav nav-tabs sc_tabs\"><li class=\"active\"><a href=\"#sctab1890\" rel=\"nofollow\">Tekniska data<\/a><\/li>\n<li class=\"\"><a href=\"#sctab1891\" rel=\"nofollow\">Dokumentation<\/a><\/li><\/ul> <div class=\"tab-content postclass\"><div class=\"tab-pane clearfix active\" id=\"sctab1890\"><\/p>\n<p>\u00a0<\/p>\n<p><\/div>\n<div class=\"tab-pane clearfix \" id=\"sctab1891\"><\/p>\n<p style=\"padding-left: 30px;\"><div class=\"row\"> <div class=\"col-md-6  \"><\/p>\n<p style=\"padding-left: 30px;\"><\/div><div class=\"col-md-6  \"><\/p>\n<p>\u00a0<\/p>\n<p style=\"padding-left: 30px;\"><\/div><\/div><\/p>\n<p style=\"padding-left: 30px;\"><\/div><\/div>\n<\/p>\n<\/div>\n<\/div><\/div><\/div><div id=\"pgc-1372-2-1\"  class=\"panel-grid-cell\" ><div id=\"panel-1372-2-1-0\" class=\"so-panel widget widget_virtue_gallery_widget virtue_gallery_widget panel-first-child panel-last-child\" data-index=\"5\" ><div id=\"kad-wp-gallery694\" class=\"kad-wp-gallery gallery kt-gallery-column-2 init-isotope-intrinsic reinit-isotope kad-light-wp-gallery clearfix rowtight\" data-fade-in=\"1\" data-iso-selector=\".g_item\" data-iso-style=\"masonry\" data-iso-filter=\"false\"><div class=\"tcol-lg-6 tcol-md-6 tcol-sm-6 tcol-xs-12 tcol-ss-12 g_item\"><div class=\"grid_item kt_item_fade_in kad_gallery_fade_in gallery_item\"><a href=\"https:\/\/www.gelweluthyrning.se\/wp-content\/uploads\/2016\/02\/rilfras.jpg\" data-rel=\"lightbox\" class=\"lightboxhover\"><div class=\"kt-intrinsic\" style=\"padding-bottom:89.0909090909%;\"><div itemprop=\"image\" itemscope itemtype=\"https:\/\/schema.org\/ImageObject\"><img width=\"220\" height=\"196\" src=\"https:\/\/www.gelweluthyrning.se\/wp-content\/uploads\/2016\/02\/rilfras.jpg\"   data-caption=\"\" class=\"light-dropshaddow\" itemprop=\"contentUrl\" alt=\"\"><meta itemprop=\"url\" content=\"https:\/\/www.gelweluthyrning.se\/wp-content\/uploads\/2016\/02\/rilfras.jpg\"><meta itemprop=\"width\" content=\"220px\"><meta itemprop=\"height\" content=\"196px\"><\/div><\/div><\/a><\/div><\/div><div class=\"tcol-lg-6 tcol-md-6 tcol-sm-6 tcol-xs-12 tcol-ss-12 g_item\"><div class=\"grid_item kt_item_fade_in kad_gallery_fade_in gallery_item\"><a href=\"https:\/\/www.gelweluthyrning.se\/wp-content\/uploads\/2016\/02\/sugkapasparfras.jpg\" data-rel=\"lightbox\" class=\"lightboxhover\"><div class=\"kt-intrinsic\" style=\"padding-bottom:74.7252747253%;\"><div itemprop=\"image\" itemscope itemtype=\"https:\/\/schema.org\/ImageObject\"><img width=\"182\" height=\"136\" src=\"https:\/\/www.gelweluthyrning.se\/wp-content\/uploads\/2016\/02\/sugkapasparfras.jpg\"   data-caption=\"\" class=\"light-dropshaddow\" itemprop=\"contentUrl\" alt=\"\"><meta itemprop=\"url\" content=\"https:\/\/www.gelweluthyrning.se\/wp-content\/uploads\/2016\/02\/sugkapasparfras.jpg\"><meta itemprop=\"width\" content=\"182px\"><meta itemprop=\"height\" content=\"136px\"><\/div><\/div><\/a><\/div><\/div><\/div><\/div><\/div><\/div><div id=\"pg-1372-3\"  class=\"panel-grid panel-no-style\" ><div id=\"pgc-1372-3-0\"  class=\"panel-grid-cell\" ><div id=\"panel-1372-3-0-0\" class=\"so-panel widget widget_sow-editor panel-first-child panel-last-child\" data-index=\"6\" ><div class=\"so-widget-sow-editor so-widget-sow-editor-base\">\n<div class=\"siteorigin-widget-tinymce textwidget\">\n\t<h3>Pris<\/h3>\n\n<ul class=\"nav nav-tabs sc_tabs\"><li class=\"active\"><a href=\"#sctab2330\" rel=\"nofollow\">Pris<\/a><\/li>\n<li class=\"\"><a href=\"#sctab2331\" rel=\"nofollow\">F\u00f6rbrukningsmaterial<\/a><\/li>\n<li class=\"\"><a href=\"#sctab2332\" rel=\"nofollow\">Komplettera<\/a><\/li><\/ul> <div class=\"tab-content postclass\"><div class=\"tab-pane clearfix active\" id=\"sctab2330\"><br \/> <div class=\"row\"> <div class=\"col-md-3  \"><\/p>\n<h4>Pris dag 1<\/h4>\n<h4><span style=\"color: #ff0000;\">335\u00a0kr<\/span><\/h4>\n<p><\/div><div class=\"col-md-3  \"><\/p>\n<h4>Pris fr\u00e5n dag 2<\/h4>\n<h4><span style=\"color: #ff0000;\">260\u00a0kr<\/span><\/h4>\n<p><\/div><div class=\"col-md-3  \"><\/p>\n<h4>Helg<\/h4>\n<h4><span style=\"color: #ff0000;\">595\u00a0kr<\/span><\/h4>\n<p><\/div><div class=\"col-md-3  \"><\/p>\n<h4>Vecka<\/h4>\n<h4><span style=\"color: #ff0000;\">1375 kr<\/span><\/h4>\n<p><\/div><\/div><br \/> Moms ing\u00e5r i\u00a0alla priser.<\/p>\n<p><\/div>\n<div class=\"tab-pane clearfix \" id=\"sctab2331\"><\/p>\n<p>\u00a0<\/div>\n<div class=\"tab-pane clearfix \" id=\"sctab2332\"><\/p>\n<p>Dammsugare med Autostart. <\/div><\/div>\n\n<\/div>\n<\/div><\/div><\/div><div id=\"pgc-1372-3-1\"  class=\"panel-grid-cell\" >\n\n        <div id=\"panel-1372-3-1-0\" class=\"so-panel widget widget_kadence_calltoaction_widget kadence_calltoaction_widget panel-first-child panel-last-child\" data-index=\"7\" ><div class=\"kt-ctaw clearfix\"><h1 class=\"kt-call-to-action-title\" style=\" font-size:40px; line-height:1.1; text-align:center; \"  data-max-size=\"40\" data-min-size=\"40\">Boka maskinen<\/h1><div style=\"text-align:center\"><a href=\"http:\/\/www.gelwel.se\/?page_id=585\" id=\"kadbtn95\" target=\"_self\" class=\"kad-btn btn-shortcode kad-btn-primary lg-kad-btn \" style=\" border: 0 solid; border-color:#000;  \" onMouseOver=\"\" onMouseOut=\"\">BOKA <\/a><\/div><\/div><\/div>\n    <\/div><\/div><div id=\"pg-1372-4\"  class=\"panel-grid panel-no-style\" ><div id=\"pgc-1372-4-0\"  class=\"panel-grid-cell panel-grid-cell-empty\" ><\/div><\/div><\/div>","protected":false},"excerpt":{"rendered":"<p>\u00a0\u00a0 Sp\u00e5rfr\u00e4s f\u00f6r siporexEn speciell sp\u00e5rfr\u00e4s med h\u00e5rdmetallsk\u00e4r (bild\u00a0nedan) avsedd f\u00f6r att fr\u00e4sa sp\u00e5r f\u00f6r r\u00f6r, eller f\u00e4lla in dosor i Siporex, Leca och liknande por\u00f6sa materia). Sk\u00e4rdjup, 26 mm. Diameter 22 mm. Sugk\u00e5pan (Bild t h\u00f6) i nylon, med &hellip; <a class=\"kt-excerpt-readmore\" href=\"https:\/\/www.gelweluthyrning.se\/?page_id=1372\" aria-label=\"Sp\u00e5rfr\u00e4s uthyres\">L\u00e4s mer<\/a><\/p>\n","protected":false},"author":1,"featured_media":0,"parent":11,"menu_order":0,"comment_status":"closed","ping_status":"closed","template":"page-fullwidth.php","meta":{"kt_blocks_editor_width":""},"kb_featured_image_src_large":false,"kb_author_info":{"display_name":"per","author_link":"https:\/\/www.gelweluthyrning.se\/?author=1","author_image":"https:\/\/secure.gravatar.com\/avatar\/250821d350f2213e36bf942f193b8969?s=96&d=mm&r=g"},"kb_comment_info":0,"_links":{"self":[{"href":"https:\/\/www.gelweluthyrning.se\/index.php?rest_route=\/wp\/v2\/pages\/1372"}],"collection":[{"href":"https:\/\/www.gelweluthyrning.se\/index.php?rest_route=\/wp\/v2\/pages"}],"about":[{"href":"https:\/\/www.gelweluthyrning.se\/index.php?rest_route=\/wp\/v2\/types\/page"}],"author":[{"embeddable":true,"href":"https:\/\/www.gelweluthyrning.se\/index.php?rest_route=\/wp\/v2\/users\/1"}],"replies":[{"embeddable":true,"href":"https:\/\/www.gelweluthyrning.se\/index.php?rest_route=%2Fwp%2Fv2%2Fcomments&post=1372"}],"version-history":[{"count":11,"href":"https:\/\/www.gelweluthyrning.se\/index.php?rest_route=\/wp\/v2\/pages\/1372\/revisions"}],"predecessor-version":[{"id":4100,"href":"https:\/\/www.gelweluthyrning.se\/index.php?rest_route=\/wp\/v2\/pages\/1372\/revisions\/4100"}],"up":[{"embeddable":true,"href":"https:\/\/www.gelweluthyrning.se\/index.php?rest_route=\/wp\/v2\/pages\/11"}],"wp:attachment":[{"href":"https:\/\/www.gelweluthyrning.se\/index.php?rest_route=%2Fwp%2Fv2%2Fmedia&parent=1372"}],"curies":[{"name":"wp","href":"https:\/\/api.w.org\/{rel}","templated":true}]}}