{"id":1364,"date":"2016-02-21T12:35:53","date_gmt":"2016-02-21T11:35:53","guid":{"rendered":"http:\/\/localhost\/wordpress\/?page_id=1364"},"modified":"2021-01-29T16:59:26","modified_gmt":"2021-01-29T15:59:26","slug":"cg101","status":"publish","type":"page","link":"https:\/\/www.gelweluthyrning.se\/?page_id=1364","title":{"rendered":"Betonggolvslip 3-fas uthyres"},"content":{"rendered":"<div id=\"pl-1364\"  class=\"panel-layout\" ><div id=\"pg-1364-0\"  class=\"panel-grid panel-no-style\" ><div id=\"pgc-1364-0-0\"  class=\"panel-grid-cell\" ><div id=\"panel-1364-0-0-0\" class=\"so-panel widget widget_virtue_about_with_image virtue_about_with_image panel-first-child panel-last-child\" data-index=\"0\" ><div class=\"kad_img_upload_widget kt-shape-type- kt-image-align-center kt-image-widget-widget-0-0-0\"><div class=\"kt-image-contain  \"><div class=\"kt-image-inner-contain\"><img width=\"800\" height=\"775\" src=\"https:\/\/www.gelweluthyrning.se\/wp-content\/uploads\/2016\/02\/CG101.jpg\" class=\"attachment-full size-full\" alt=\"CG101 Betongslipmaskin\" loading=\"lazy\" srcset=\"https:\/\/www.gelweluthyrning.se\/wp-content\/uploads\/2016\/02\/CG101.jpg 800w, https:\/\/www.gelweluthyrning.se\/wp-content\/uploads\/2016\/02\/CG101-300x291.jpg 300w\" sizes=\"(max-width: 800px) 100vw, 800px\" \/><\/div><\/div><\/div><\/div><\/div><div id=\"pgc-1364-0-1\"  class=\"panel-grid-cell\" ><div id=\"panel-1364-0-1-0\" class=\"so-panel widget widget_sow-editor panel-first-child\" data-index=\"1\" ><div class=\"so-widget-sow-editor so-widget-sow-editor-base\">\n<div class=\"siteorigin-widget-tinymce textwidget\">\n\t<\/div>\n<\/div><\/div><div id=\"panel-1364-0-1-1\" class=\"so-panel widget widget_sow-editor panel-last-child\" data-index=\"2\" ><div class=\"so-widget-sow-editor so-widget-sow-editor-base\">\n<div class=\"siteorigin-widget-tinymce textwidget\">\n\t<h2>Betonggolvslip CG101<\/h2>\n<p>\u00a0<\/p>\n<p><span style=\"font-size: 14px;\">Kraftig trefas betongslipmaskin. Hjulen kan snedst\u00e4llas s\u00e5 att man kan slipa l\u00e4ngs t ex en v\u00e4gg. Vikt \u00e4r avtagbar d\u00e5 man \u00f6nska l\u00e4gre sliptryck. Anslutning f\u00f6r vatten och\/eller sug. F\u00e4llbart handtag. (Denna maskin finns \u00e4ven under ben\u00e4mningen CB12)<\/span><\/p>\n<\/div>\n<\/div><\/div><\/div><\/div><div id=\"pg-1364-1\"  class=\"panel-grid panel-no-style\" ><div id=\"pgc-1364-1-0\"  class=\"panel-grid-cell\" ><div id=\"panel-1364-1-0-0\" class=\"so-panel widget widget_sow-editor panel-first-child panel-last-child\" data-index=\"3\" ><div class=\"so-widget-sow-editor so-widget-sow-editor-base\">\n<div class=\"siteorigin-widget-tinymce textwidget\">\n\t<h3 style=\"padding-left: 30px;\">Teknisk info<\/h3>\n<p style=\"padding-left: 60px;\">\n<ul class=\"nav nav-tabs sc_tabs\"><li class=\"active\"><a href=\"#sctab3490\" rel=\"nofollow\">Tekniska data<\/a><\/li>\n<li class=\"\"><a href=\"#sctab3491\" rel=\"nofollow\">Dokumentation<\/a><\/li><\/ul> <div class=\"tab-content postclass\"><div class=\"tab-pane clearfix active\" id=\"sctab3490\"><\/p>\n<table>\n<tbody>\n<tr>\n<td>Diameter sliptallrik<\/td>\n<td>250 mm<\/td>\n<\/tr>\n<tr>\n<td>Sp\u00e5rvidd<\/td>\n<td>380 mm<\/td>\n<\/tr>\n<tr>\n<td>H\u00f6jd \u00f6ver bygel (tot h\u00f6jd f\u00e4llt handtag)<\/td>\n<td>75 cm<\/td>\n<\/tr>\n<tr>\n<td>Vikt<\/td>\n<td>130 kg<\/td>\n<\/tr>\n<tr>\n<td>L x B x H<\/td>\n<td>120 x 95 x 65 cm<\/td>\n<\/tr>\n<\/tbody>\n<\/table>\n<p><\/div>\n<div class=\"tab-pane clearfix \" id=\"sctab3491\"><\/p>\n<p style=\"padding-left: 30px;\"><div class=\"row\"> <div class=\"col-md-6  \"><\/p>\n<p style=\"padding-left: 30px;\"><\/div><div class=\"col-md-6  \"><\/p>\n<p>\u00a0<\/p>\n<p style=\"padding-left: 30px;\"><\/div><\/div><\/p>\n<p style=\"padding-left: 30px;\"><\/div><\/div>\n<\/p>\n<\/div>\n<\/div><\/div><\/div><div id=\"pgc-1364-1-1\"  class=\"panel-grid-cell\" ><div id=\"panel-1364-1-1-0\" class=\"so-panel widget widget_virtue_gallery_widget virtue_gallery_widget panel-first-child panel-last-child\" data-index=\"4\" ><div id=\"kad-wp-gallery671\" class=\"kad-wp-gallery gallery kt-gallery-column-2 init-isotope-intrinsic reinit-isotope kad-light-wp-gallery clearfix rowtight\" data-fade-in=\"1\" data-iso-selector=\".g_item\" data-iso-style=\"masonry\" data-iso-filter=\"false\"><div class=\"tcol-lg-6 tcol-md-6 tcol-sm-6 tcol-xs-12 tcol-ss-12 g_item\"><div class=\"grid_item kt_item_fade_in kad_gallery_fade_in gallery_item\"><a href=\"https:\/\/www.gelweluthyrning.se\/wp-content\/uploads\/2016\/02\/skivaCG101.jpg\" data-rel=\"lightbox\" class=\"lightboxhover\"><div class=\"kt-intrinsic\" style=\"padding-bottom:100%;\"><div itemprop=\"image\" itemscope itemtype=\"https:\/\/schema.org\/ImageObject\"><img width=\"560\" height=\"560\" src=\"https:\/\/www.gelweluthyrning.se\/wp-content\/uploads\/2016\/02\/skivaCG101-560x560.jpg\" srcset=\"https:\/\/www.gelweluthyrning.se\/wp-content\/uploads\/2016\/02\/skivaCG101-560x560.jpg 560w, https:\/\/www.gelweluthyrning.se\/wp-content\/uploads\/2016\/02\/skivaCG101-150x150.jpg 150w\" sizes=\"(max-width: 560px) 100vw, 560px\" data-caption=\"Sliptallrik\" class=\"light-dropshaddow\" itemprop=\"contentUrl\" alt=\"\"><meta itemprop=\"url\" content=\"https:\/\/www.gelweluthyrning.se\/wp-content\/uploads\/2016\/02\/skivaCG101-560x560.jpg\"><meta itemprop=\"width\" content=\"560px\"><meta itemprop=\"height\" content=\"560px\"><\/div><\/div><\/a><\/div><\/div><div class=\"tcol-lg-6 tcol-md-6 tcol-sm-6 tcol-xs-12 tcol-ss-12 g_item\"><div class=\"grid_item kt_item_fade_in kad_gallery_fade_in gallery_item\"><a href=\"https:\/\/www.gelweluthyrning.se\/wp-content\/uploads\/2016\/02\/Betongslipcg101.jpg\" data-rel=\"lightbox\" class=\"lightboxhover\"><div class=\"kt-intrinsic\" style=\"padding-bottom:100%;\"><div itemprop=\"image\" itemscope itemtype=\"https:\/\/schema.org\/ImageObject\"><img width=\"560\" height=\"560\" src=\"https:\/\/www.gelweluthyrning.se\/wp-content\/uploads\/2016\/02\/Betongslipcg101-560x560.jpg\" srcset=\"https:\/\/www.gelweluthyrning.se\/wp-content\/uploads\/2016\/02\/Betongslipcg101-560x560.jpg 560w, https:\/\/www.gelweluthyrning.se\/wp-content\/uploads\/2016\/02\/Betongslipcg101-150x150.jpg 150w\" sizes=\"(max-width: 560px) 100vw, 560px\" data-caption=\"CG 101\" class=\"light-dropshaddow\" itemprop=\"contentUrl\" alt=\"\"><meta itemprop=\"url\" content=\"https:\/\/www.gelweluthyrning.se\/wp-content\/uploads\/2016\/02\/Betongslipcg101-560x560.jpg\"><meta itemprop=\"width\" content=\"560px\"><meta itemprop=\"height\" content=\"560px\"><\/div><\/div><\/a><\/div><\/div><\/div><\/div><\/div><\/div><div id=\"pg-1364-2\"  class=\"panel-grid panel-no-style\" ><div id=\"pgc-1364-2-0\"  class=\"panel-grid-cell\" ><div id=\"panel-1364-2-0-0\" class=\"so-panel widget widget_sow-editor panel-first-child panel-last-child\" data-index=\"5\" ><div class=\"so-widget-sow-editor so-widget-sow-editor-base\">\n<div class=\"siteorigin-widget-tinymce textwidget\">\n\t<h3>Pris<\/h3>\n\n<ul class=\"nav nav-tabs sc_tabs\"><li class=\"active\"><a href=\"#sctab2810\" rel=\"nofollow\">Pris<\/a><\/li>\n<li class=\"\"><a href=\"#sctab2811\" rel=\"nofollow\">F\u00f6rbrukningsmaterial<\/a><\/li>\n<li class=\"\"><a href=\"#sctab2812\" rel=\"nofollow\">Komplettera<\/a><\/li><\/ul> <div class=\"tab-content postclass\"><div class=\"tab-pane clearfix active\" id=\"sctab2810\"><br \/>\n<div class=\"row\"> <div class=\"col-md-3  \"><\/p>\n<h4>Pris dag 1<\/h4>\n<h4><span style=\"color: #ff0000;\">425 kr<\/span><\/h4>\n<p><\/div><div class=\"col-md-3  \"><\/p>\n<h4>Pris fr\u00e5n dag 2<\/h4>\n<h4><span style=\"color: #ff0000;\">350 kr<\/span><\/h4>\n<p><\/div><div class=\"col-md-3  \"><\/p>\n<h4>Helg<\/h4>\n<h4><span style=\"color: #ff0000;\">775 kr<\/span><\/h4>\n<p><\/div><div class=\"col-md-3  \"><\/p>\n<h4>Vecka<\/h4>\n<h4><span style=\"color: #ff0000;\">1825 kr<\/span><\/h4>\n<p><\/div><\/div><br \/>\nMoms ing\u00e5r i\u00a0alla priser.<\/p>\n<p><\/div>\n<div class=\"tab-pane clearfix \" id=\"sctab2811\"><\/p>\n<p>Slitage diamantskiva 1100\u00a0kr\/mm. (min 0,5 mm) <\/div>\n<div class=\"tab-pane clearfix \" id=\"sctab2812\"><\/p>\n<p>Kraftig dammsugare Stoftsug S24 eller v\u00e5tsug Pullman. <\/div><\/div>\n\n<\/div>\n<\/div><\/div><\/div><div id=\"pgc-1364-2-1\"  class=\"panel-grid-cell\" >\n\n        <div id=\"panel-1364-2-1-0\" class=\"so-panel widget widget_kadence_calltoaction_widget kadence_calltoaction_widget panel-first-child panel-last-child\" data-index=\"6\" ><div class=\"kt-ctaw clearfix\"><h1 class=\"kt-call-to-action-title\" style=\" font-size:40px; line-height:1.1; text-align:center; \"  data-max-size=\"40\" data-min-size=\"40\">Boka maskinen<\/h1><div style=\"text-align:center\"><a href=\"http:\/\/www.gelwel.se\/?page_id=585\" id=\"kadbtn24\" target=\"_self\" class=\"kad-btn btn-shortcode kad-btn-primary lg-kad-btn \" style=\" border: 0 solid; border-color:#000;  \" onMouseOver=\"\" onMouseOut=\"\">BOKA <\/a><\/div><\/div><\/div>\n    <\/div><\/div><div id=\"pg-1364-3\"  class=\"panel-grid panel-no-style\" ><div id=\"pgc-1364-3-0\"  class=\"panel-grid-cell panel-grid-cell-empty\" ><\/div><\/div><\/div>","protected":false},"excerpt":{"rendered":"<p>Betonggolvslip CG101\u00a0Kraftig trefas betongslipmaskin. Hjulen kan snedst\u00e4llas s\u00e5 att man kan slipa l\u00e4ngs t ex en v\u00e4gg. Vikt \u00e4r avtagbar d\u00e5 man \u00f6nska l\u00e4gre sliptryck. Anslutning f\u00f6r vatten och\/eller sug. F\u00e4llbart handtag. (Denna maskin finns \u00e4ven under ben\u00e4mningen CB12) Teknisk &hellip; <a class=\"kt-excerpt-readmore\" href=\"https:\/\/www.gelweluthyrning.se\/?page_id=1364\" aria-label=\"Betonggolvslip 3-fas uthyres\">L\u00e4s mer<\/a><\/p>\n","protected":false},"author":1,"featured_media":0,"parent":11,"menu_order":0,"comment_status":"closed","ping_status":"closed","template":"page-fullwidth.php","meta":{"kt_blocks_editor_width":""},"kb_featured_image_src_large":false,"kb_author_info":{"display_name":"per","author_link":"https:\/\/www.gelweluthyrning.se\/?author=1","author_image":"https:\/\/secure.gravatar.com\/avatar\/250821d350f2213e36bf942f193b8969?s=96&d=mm&r=g"},"kb_comment_info":0,"_links":{"self":[{"href":"https:\/\/www.gelweluthyrning.se\/index.php?rest_route=\/wp\/v2\/pages\/1364"}],"collection":[{"href":"https:\/\/www.gelweluthyrning.se\/index.php?rest_route=\/wp\/v2\/pages"}],"about":[{"href":"https:\/\/www.gelweluthyrning.se\/index.php?rest_route=\/wp\/v2\/types\/page"}],"author":[{"embeddable":true,"href":"https:\/\/www.gelweluthyrning.se\/index.php?rest_route=\/wp\/v2\/users\/1"}],"replies":[{"embeddable":true,"href":"https:\/\/www.gelweluthyrning.se\/index.php?rest_route=%2Fwp%2Fv2%2Fcomments&post=1364"}],"version-history":[{"count":8,"href":"https:\/\/www.gelweluthyrning.se\/index.php?rest_route=\/wp\/v2\/pages\/1364\/revisions"}],"predecessor-version":[{"id":8272,"href":"https:\/\/www.gelweluthyrning.se\/index.php?rest_route=\/wp\/v2\/pages\/1364\/revisions\/8272"}],"up":[{"embeddable":true,"href":"https:\/\/www.gelweluthyrning.se\/index.php?rest_route=\/wp\/v2\/pages\/11"}],"wp:attachment":[{"href":"https:\/\/www.gelweluthyrning.se\/index.php?rest_route=%2Fwp%2Fv2%2Fmedia&parent=1364"}],"curies":[{"name":"wp","href":"https:\/\/api.w.org\/{rel}","templated":true}]}}