{"id":1359,"date":"2016-02-21T12:31:15","date_gmt":"2016-02-21T11:31:15","guid":{"rendered":"http:\/\/localhost\/wordpress\/?page_id=1359"},"modified":"2020-02-09T12:10:25","modified_gmt":"2020-02-09T11:10:25","slug":"scancombiflexbetong","status":"publish","type":"page","link":"https:\/\/www.gelweluthyrning.se\/?page_id=1359","title":{"rendered":"Betonggolvslip scanflex uthyres"},"content":{"rendered":"<div id=\"pl-1359\"  class=\"panel-layout\" ><div id=\"pg-1359-0\"  class=\"panel-grid panel-no-style\" ><div id=\"pgc-1359-0-0\"  class=\"panel-grid-cell\" ><div id=\"panel-1359-0-0-0\" class=\"so-panel widget widget_sow-editor panel-first-child panel-last-child\" data-index=\"0\" ><div class=\"so-widget-sow-editor so-widget-sow-editor-base\">\n<div class=\"siteorigin-widget-tinymce textwidget\">\n\t<h1>\u00a0<\/h1>\n<h1 align=\"center\">\u00a0<\/h1>\n<\/div>\n<\/div><\/div><\/div><\/div><div id=\"pg-1359-1\"  class=\"panel-grid panel-no-style\" ><div id=\"pgc-1359-1-0\"  class=\"panel-grid-cell\" ><div id=\"panel-1359-1-0-0\" class=\"so-panel widget widget_virtue_about_with_image virtue_about_with_image panel-first-child panel-last-child\" data-index=\"1\" ><div class=\"kad_img_upload_widget kt-shape-type- kt-image-align-center kt-image-widget-widget-1-0-0\"><div class=\"kt-image-contain  \"><div class=\"kt-image-inner-contain\"><img width=\"281\" height=\"284\" src=\"https:\/\/www.gelweluthyrning.se\/wp-content\/uploads\/2016\/02\/enfas_big.jfif_.jpeg\" class=\"attachment-full size-full\" alt=\"Combiflex betongslip\" loading=\"lazy\" \/><\/div><\/div><\/div><\/div><\/div><div id=\"pgc-1359-1-1\"  class=\"panel-grid-cell\" ><div id=\"panel-1359-1-1-0\" class=\"so-panel widget widget_sow-editor panel-first-child\" data-index=\"2\" ><div class=\"so-widget-sow-editor so-widget-sow-editor-base\">\n<div class=\"siteorigin-widget-tinymce textwidget\">\n\t<\/div>\n<\/div><\/div><div id=\"panel-1359-1-1-1\" class=\"so-panel widget widget_sow-editor panel-last-child\" data-index=\"3\" ><div class=\"so-widget-sow-editor so-widget-sow-editor-base\">\n<div class=\"siteorigin-widget-tinymce textwidget\">\n\t<h2>Scancombiflex 045<\/h2>\n<p>Scan Combiflex 045 \u00e4r den f\u00f6rsta maskinen i en ny generation golvslipar som kombinerar\u00a0<br \/>det lilla formatet med den stora slipkraften. Trots att maskinen \u00e4r s\u00e5 l\u00e4tt (60 kg) \u00e4r den mycket robust. Det finns inga plastdetaljer, allt \u00e4r gjort i st\u00e5l, vilket g\u00f6r att den \u00e4r mycket strykt\u00e5lig och stadig att k\u00f6ra.Konstruktionen med vulkaniserade ringar minskar vibrationerna och g\u00f6r maskinen mycket f\u00f6ljsam f\u00f6r oj\u00e4mheter i golvytan. Enfasmatningen bekr\u00e4ftar ytterligare Scanmaskins satsning p\u00e5 anv\u00e4ndarv\u00e4nlighet och flexibilitet.<\/p>\n<p>Scan Combiflex 45 \u00e4r avsedd f\u00f6r att slipa betong, sten och flytspackel. Den slipar bort f\u00e4rg, mattklister och f\u00f6roreningar utan problem.<\/p>\n<p>\u00a0<\/p>\n<p>B\u00f6r anv\u00e4ndas tillsammans med en kraftig dammsugare, Vi rekommenderar v\u00e5r stoftsug S24<\/p>\n<\/div>\n<\/div><\/div><\/div><\/div><div id=\"pg-1359-2\"  class=\"panel-grid panel-no-style\" ><div id=\"pgc-1359-2-0\"  class=\"panel-grid-cell\" ><div id=\"panel-1359-2-0-0\" class=\"so-panel widget widget_sow-editor panel-first-child panel-last-child\" data-index=\"4\" ><div class=\"so-widget-sow-editor so-widget-sow-editor-base\">\n<div class=\"siteorigin-widget-tinymce textwidget\">\n\t<h3 style=\"padding-left: 30px;\">Teknisk info<\/h3>\n<p style=\"padding-left: 60px;\">\n<ul class=\"nav nav-tabs sc_tabs\"><li class=\"active\"><a href=\"#sctab4150\" rel=\"nofollow\">Tekniska data<\/a><\/li>\n<li class=\"\"><a href=\"#sctab4151\" rel=\"nofollow\">Dokumentation<\/a><\/li><\/ul> <div class=\"tab-content postclass\"><div class=\"tab-pane clearfix active\" id=\"sctab4150\"><\/p>\n<table border=\"0\" width=\"600\">\n<tbody>\n<tr>\n<td>\u00a0Effekt<\/td>\n<td>\u00a01,5 kW<\/td>\n<td>\u00a0Slipbredd<\/td>\n<td>\u00a0450 mm<\/td>\n<\/tr>\n<tr>\n<td>\u00a0Sp\u00e4nning<\/td>\n<td>\u00a0230 V 1-fas<\/td>\n<td>\u00a0Diameter slipskivor (3 st)<\/td>\n<td>\u00a0150 mm<\/td>\n<\/tr>\n<tr>\n<td>\u00a0Varvtal<\/td>\n<td>\u00a01430 r\/min<\/td>\n<td>\u00a0Sliptryck<\/td>\n<td>\u00a01,56 kg\/cm\u00b2<\/td>\n<\/tr>\n<tr>\n<td>\u00a0Vikt slipenhet<\/td>\n<td>\u00a060 kg<\/td>\n<td>\u00a0Varvtal slipskiva<\/td>\n<td>\u00a0950 r\/min<\/td>\n<\/tr>\n<tr>\n<td>\u00a0Vikt handtag<\/td>\n<td>\u00a020 kg<\/td>\n<td>\u00a0Totalvikt<\/td>\n<td>\u00a080 kg<\/td>\n<\/tr>\n<\/tbody>\n<\/table>\n<p><\/div>\n<div class=\"tab-pane clearfix \" id=\"sctab4151\"><\/p>\n<p style=\"padding-left: 30px;\"><div class=\"row\"> <div class=\"col-md-6  \"><\/p>\n<p style=\"padding-left: 30px;\"><\/div><div class=\"col-md-6  \"><\/p>\n<p>\u00a0<\/p>\n<p style=\"padding-left: 30px;\"><\/div><\/div><\/p>\n<p style=\"padding-left: 30px;\"><\/div><\/div>\n<\/p>\n<\/div>\n<\/div><\/div><\/div><div id=\"pgc-1359-2-1\"  class=\"panel-grid-cell\" ><div id=\"panel-1359-2-1-0\" class=\"so-panel widget widget_virtue_about_with_image virtue_about_with_image panel-first-child panel-last-child\" data-index=\"5\" ><div class=\"kad_img_upload_widget kt-shape-type- kt-image-align-center kt-image-widget-widget-2-1-0\"><a href=\"http:\/\/www.gelwel.se\/wp-content\/uploads\/2016\/02\/trumma_thumb-1.jfif_.jpeg\" rel=\"lightbox\"><div class=\"kt-image-contain  \"><div class=\"kt-image-inner-contain\"><img width=\"97\" height=\"115\" src=\"https:\/\/www.gelweluthyrning.se\/wp-content\/uploads\/2016\/02\/trumma_thumb-1.jfif_.jpeg\" class=\"attachment-full size-full\" alt=\"\" loading=\"lazy\" \/><\/div><\/div><\/a><\/div><\/div><\/div><\/div><div id=\"pg-1359-3\"  class=\"panel-grid panel-no-style\" ><div id=\"pgc-1359-3-0\"  class=\"panel-grid-cell\" ><div id=\"panel-1359-3-0-0\" class=\"so-panel widget widget_sow-editor panel-first-child panel-last-child\" data-index=\"6\" ><div class=\"so-widget-sow-editor so-widget-sow-editor-base\">\n<div class=\"siteorigin-widget-tinymce textwidget\">\n\t<h3>Pris<\/h3>\n\n<ul class=\"nav nav-tabs sc_tabs\"><li class=\"active\"><a href=\"#sctab6430\" rel=\"nofollow\">Pris<\/a><\/li>\n<li class=\"\"><a href=\"#sctab6431\" rel=\"nofollow\">F\u00f6rbrukningsmaterial<\/a><\/li>\n<li class=\"\"><a href=\"#sctab6432\" rel=\"nofollow\">Komplettera<\/a><\/li><\/ul> <div class=\"tab-content postclass\"><div class=\"tab-pane clearfix active\" id=\"sctab6430\"><br \/>\n<div class=\"row\"> <div class=\"col-md-3  \"><\/p>\n<h4>Pris dag 1<\/h4>\n<h4><span style=\"color: #ff0000;\">475\u00a0kr<\/span><\/h4>\n<p><\/div><div class=\"col-md-3  \"><\/p>\n<h4>Pris fr\u00e5n dag 2<\/h4>\n<h4><span style=\"color: #ff0000;\">400\u00a0kr<\/span><\/h4>\n<p><\/div><div class=\"col-md-3  \"><\/p>\n<h4>Helg<\/h4>\n<h4><span style=\"color: #ff0000;\">875\u00a0kr<\/span><\/h4>\n<p><\/div><div class=\"col-md-3  \"><\/p>\n<h4>Vecka<\/h4>\n<h4><span style=\"color: #ff0000;\">2075\u00a0kr<\/span><\/h4>\n<p><\/div><\/div><br \/>\nMoms ing\u00e5r i\u00a0alla priser.<\/p>\n<p><\/div>\n<div class=\"tab-pane clearfix \" id=\"sctab6431\"><\/p>\n<p>Slitage diamantskiva 840 kr\/mm. (min 0,5 mm) <\/div>\n<div class=\"tab-pane clearfix \" id=\"sctab6432\"><\/p>\n<p>Kraftig dammsugare <a href=\"http:\/\/www.gelwel.se\/?page_id=1453\">Stoftsug<\/a> S24. <a href=\"http:\/\/www.gelwel.se\/?page_id=1168\">Elkabel<\/a> 230V . <\/div><\/div>\n\n<\/div>\n<\/div><\/div><\/div><div id=\"pgc-1359-3-1\"  class=\"panel-grid-cell\" >\n\n        <div id=\"panel-1359-3-1-0\" class=\"so-panel widget widget_kadence_calltoaction_widget kadence_calltoaction_widget panel-first-child panel-last-child\" data-index=\"7\" ><div class=\"kt-ctaw clearfix\"><h1 class=\"kt-call-to-action-title\" style=\" font-size:40px; line-height:1.1; text-align:center; \"  data-max-size=\"40\" data-min-size=\"40\">Boka maskinen<\/h1><div style=\"text-align:center\"><a href=\"http:\/\/www.gelwel.se\/?page_id=585\" id=\"kadbtn97\" target=\"_self\" class=\"kad-btn btn-shortcode kad-btn-primary lg-kad-btn \" style=\" border: 0 solid; border-color:#000;  \" onMouseOver=\"\" onMouseOut=\"\">BOKA <\/a><\/div><\/div><\/div>\n    <\/div><\/div><div id=\"pg-1359-4\"  class=\"panel-grid panel-no-style\" ><div id=\"pgc-1359-4-0\"  class=\"panel-grid-cell panel-grid-cell-empty\" ><\/div><\/div><\/div>","protected":false},"excerpt":{"rendered":"<p>\u00a0\u00a0 Scancombiflex 045Scan Combiflex 045 \u00e4r den f\u00f6rsta maskinen i en ny generation golvslipar som kombinerar\u00a0det lilla formatet med den stora slipkraften. Trots att maskinen \u00e4r s\u00e5 l\u00e4tt (60 kg) \u00e4r den mycket robust. Det finns inga plastdetaljer, allt \u00e4r &hellip; <a class=\"kt-excerpt-readmore\" href=\"https:\/\/www.gelweluthyrning.se\/?page_id=1359\" aria-label=\"Betonggolvslip scanflex uthyres\">L\u00e4s mer<\/a><\/p>\n","protected":false},"author":1,"featured_media":0,"parent":11,"menu_order":0,"comment_status":"closed","ping_status":"closed","template":"page-fullwidth.php","meta":{"kt_blocks_editor_width":""},"kb_featured_image_src_large":false,"kb_author_info":{"display_name":"per","author_link":"https:\/\/www.gelweluthyrning.se\/?author=1","author_image":"https:\/\/secure.gravatar.com\/avatar\/250821d350f2213e36bf942f193b8969?s=96&d=mm&r=g"},"kb_comment_info":0,"_links":{"self":[{"href":"https:\/\/www.gelweluthyrning.se\/index.php?rest_route=\/wp\/v2\/pages\/1359"}],"collection":[{"href":"https:\/\/www.gelweluthyrning.se\/index.php?rest_route=\/wp\/v2\/pages"}],"about":[{"href":"https:\/\/www.gelweluthyrning.se\/index.php?rest_route=\/wp\/v2\/types\/page"}],"author":[{"embeddable":true,"href":"https:\/\/www.gelweluthyrning.se\/index.php?rest_route=\/wp\/v2\/users\/1"}],"replies":[{"embeddable":true,"href":"https:\/\/www.gelweluthyrning.se\/index.php?rest_route=%2Fwp%2Fv2%2Fcomments&post=1359"}],"version-history":[{"count":12,"href":"https:\/\/www.gelweluthyrning.se\/index.php?rest_route=\/wp\/v2\/pages\/1359\/revisions"}],"predecessor-version":[{"id":7338,"href":"https:\/\/www.gelweluthyrning.se\/index.php?rest_route=\/wp\/v2\/pages\/1359\/revisions\/7338"}],"up":[{"embeddable":true,"href":"https:\/\/www.gelweluthyrning.se\/index.php?rest_route=\/wp\/v2\/pages\/11"}],"wp:attachment":[{"href":"https:\/\/www.gelweluthyrning.se\/index.php?rest_route=%2Fwp%2Fv2%2Fmedia&parent=1359"}],"curies":[{"name":"wp","href":"https:\/\/api.w.org\/{rel}","templated":true}]}}