{"id":1351,"date":"2016-02-21T12:18:49","date_gmt":"2016-02-21T11:18:49","guid":{"rendered":"http:\/\/localhost\/wordpress\/?page_id=1351"},"modified":"2021-05-09T10:36:01","modified_gmt":"2021-05-09T08:36:01","slug":"minikant","status":"publish","type":"page","link":"https:\/\/www.gelweluthyrning.se\/?page_id=1351","title":{"rendered":"Kant och trappslip f\u00f6r tr\u00e4 uthyres"},"content":{"rendered":"<div id=\"pl-1351\"  class=\"panel-layout\" ><div id=\"pg-1351-0\"  class=\"panel-grid panel-no-style\" ><div id=\"pgc-1351-0-0\"  class=\"panel-grid-cell\" ><div id=\"panel-1351-0-0-0\" class=\"so-panel widget widget_sow-editor panel-first-child panel-last-child\" data-index=\"0\" ><div class=\"so-widget-sow-editor so-widget-sow-editor-base\">\n<div class=\"siteorigin-widget-tinymce textwidget\">\n\t<h1>\u00a0<\/h1>\n<h1 align=\"center\">\u00a0<\/h1>\n<\/div>\n<\/div><\/div><\/div><\/div><div id=\"pg-1351-1\"  class=\"panel-grid panel-no-style\" ><div id=\"pgc-1351-1-0\"  class=\"panel-grid-cell\" ><div id=\"panel-1351-1-0-0\" class=\"so-panel widget widget_virtue_about_with_image virtue_about_with_image panel-first-child panel-last-child\" data-index=\"1\" ><div class=\"kad_img_upload_widget kt-shape-type- kt-image-align-center kt-image-widget-widget-1-0-0\"><div class=\"kt-image-contain  \"><div class=\"kt-image-inner-contain\"><img width=\"580\" height=\"580\" src=\"https:\/\/www.gelweluthyrning.se\/wp-content\/uploads\/2016\/02\/Kantslip.jpg\" class=\"attachment-full size-full\" alt=\"Kantslip\" loading=\"lazy\" srcset=\"https:\/\/www.gelweluthyrning.se\/wp-content\/uploads\/2016\/02\/Kantslip.jpg 580w, https:\/\/www.gelweluthyrning.se\/wp-content\/uploads\/2016\/02\/Kantslip-150x150.jpg 150w, https:\/\/www.gelweluthyrning.se\/wp-content\/uploads\/2016\/02\/Kantslip-300x300.jpg 300w\" sizes=\"(max-width: 580px) 100vw, 580px\" \/><\/div><\/div><\/div><\/div><\/div><div id=\"pgc-1351-1-1\"  class=\"panel-grid-cell\" ><div id=\"panel-1351-1-1-0\" class=\"so-panel widget widget_sow-editor panel-first-child\" data-index=\"2\" ><div class=\"so-widget-sow-editor so-widget-sow-editor-base\">\n<div class=\"siteorigin-widget-tinymce textwidget\">\n\t<\/div>\n<\/div><\/div><div id=\"panel-1351-1-1-1\" class=\"so-panel widget widget_sow-editor panel-last-child\" data-index=\"3\" ><div class=\"so-widget-sow-editor so-widget-sow-editor-base\">\n<div class=\"siteorigin-widget-tinymce textwidget\">\n\t<div class=\"page\" title=\"Page 144\">\n<div class=\"section\">\n<div class=\"layoutArea\">\n<div class=\"column\">\n<p>Kantslipmaskin Minikant<\/p>\n<p>Konventionell kantslip som kommer \u00e5t n\u00e4ra kanten och \u00e4ven under t ex element, den \u00e4r \u00e4ven l\u00e4mplig f\u00f6r bl a trappslipning.<br \/> L\u00e5g vikt. Stark och effektiv motor. God dammsugningsf\u00f6rm\u00e5ga. Slipar mycket fint utan risk f\u00f6r sliprosor. Enkel att anv\u00e4nda och enkelt att byta papper. (kardborre)<\/p>\n<\/div>\n<\/div>\n<\/div>\n<\/div>\n<\/div>\n<\/div><\/div><\/div><\/div><div id=\"pg-1351-2\"  class=\"panel-grid panel-no-style\" ><div id=\"pgc-1351-2-0\"  class=\"panel-grid-cell panel-grid-cell-mobile-last\" ><div id=\"panel-1351-2-0-0\" class=\"so-panel widget widget_sow-editor panel-first-child panel-last-child\" data-index=\"4\" ><div class=\"so-widget-sow-editor so-widget-sow-editor-base\">\n<div class=\"siteorigin-widget-tinymce textwidget\">\n\t<h3 style=\"padding-left: 30px;\">Teknisk info<\/h3>\n<p style=\"padding-left: 60px;\">\n<ul class=\"nav nav-tabs sc_tabs\"><li class=\"active\"><a href=\"#sctab7550\" rel=\"nofollow\">Tekniska data<\/a><\/li>\n<li class=\"\"><a href=\"#sctab7551\" rel=\"nofollow\">Dokumentation<\/a><\/li><\/ul> <div class=\"tab-content postclass\"><div class=\"tab-pane clearfix active\" id=\"sctab7550\"><\/p>\n<table>\n<tbody>\n<tr>\n<td>Driftsp\u00e4nning<\/td>\n<td>230 V<\/td>\n<\/tr>\n<tr>\n<td>Effekt<\/td>\n<td>1 000 W<\/td>\n<\/tr>\n<tr>\n<td>Rondellhastighet<\/td>\n<td>2 800 v\/min<\/td>\n<\/tr>\n<tr>\n<td>Rondellstorlek<\/td>\n<td>150 mm<\/td>\n<\/tr>\n<tr>\n<td>Sliparmens l\u00e4ngd<\/td>\n<td>110 mm<\/td>\n<\/tr>\n<tr>\n<td>Vikt<\/td>\n<td>8 kg<\/td>\n<\/tr>\n<\/tbody>\n<\/table>\n<div class=\"page\" title=\"Page 144\">\n<div class=\"section\">\n<div class=\"layoutArea\">\n<div class=\"column\">\n<p>&nbsp;<\/p>\n<p>&nbsp;<\/p>\n<\/div>\n<div class=\"column\">\n<p>&nbsp;<\/p>\n<\/div>\n<\/div>\n<\/div>\n<\/div>\n<p><\/div>\n<div class=\"tab-pane clearfix \" id=\"sctab7551\"><\/p>\n<p style=\"padding-left: 30px;\"><div class=\"row\"> <div class=\"col-md-6  \"><\/p>\n<p style=\"padding-left: 30px;\"><\/div><div class=\"col-md-6  \"><\/p>\n<p>&nbsp;<\/p>\n<p style=\"padding-left: 30px;\"><\/div><\/div><\/p>\n<p style=\"padding-left: 30px;\"><\/div><\/div>\n<\/p>\n<\/div>\n<\/div><\/div><\/div><div id=\"pgc-1351-2-1\"  class=\"panel-grid-cell panel-grid-cell-empty\" ><\/div><\/div><div id=\"pg-1351-3\"  class=\"panel-grid panel-no-style\" ><div id=\"pgc-1351-3-0\"  class=\"panel-grid-cell\" ><div id=\"panel-1351-3-0-0\" class=\"so-panel widget widget_sow-editor panel-first-child panel-last-child\" data-index=\"5\" ><div class=\"so-widget-sow-editor so-widget-sow-editor-base\">\n<div class=\"siteorigin-widget-tinymce textwidget\">\n\t<h3>Pris<\/h3>\n\n<ul class=\"nav nav-tabs sc_tabs\"><li class=\"active\"><a href=\"#sctab3470\" rel=\"nofollow\">Pris<\/a><\/li>\n<li class=\"\"><a href=\"#sctab3471\" rel=\"nofollow\">F\u00f6rbrukningsmaterial<\/a><\/li>\n<li class=\"\"><a href=\"#sctab3472\" rel=\"nofollow\">Komplettera<\/a><\/li><\/ul> <div class=\"tab-content postclass\"><div class=\"tab-pane clearfix active\" id=\"sctab3470\"><br \/>\n<div class=\"row\"> <div class=\"col-md-3  \"><\/p>\n<h4>Pris dag 1<\/h4>\n<h4><span style=\"color: #ff0000;\">215 kr<\/span><\/h4>\n<p><\/div><div class=\"col-md-3  \"><\/p>\n<h4>Pris fr\u00e5n dag 2<\/h4>\n<h4><span style=\"color: #ff0000;\">140 kr<\/span><\/h4>\n<p><\/div><div class=\"col-md-3  \"><\/p>\n<h4>Helg<\/h4>\n<h4><span style=\"color: #ff0000;\">355\u00a0kr<\/span><\/h4>\n<p><\/div><div class=\"col-md-3  \"><\/p>\n<h4>Vecka<\/h4>\n<h4><span style=\"color: #ff0000;\">775\u00a0kr<\/span><\/h4>\n<p><\/div><\/div><br \/>\nMoms ing\u00e5r i\u00a0alla priser.<\/p>\n<p><\/div>\n<div class=\"tab-pane clearfix \" id=\"sctab3471\"><\/p>\n<p>Sliprondell 19 kr\/st. <\/div>\n<div class=\"tab-pane clearfix \" id=\"sctab3472\"><\/p>\n<p>Golvlack extra 5L dagspris kr, std dagspris kr. Lackpensel 200 mm, 200 kr\/st<\/div><\/div>\n\n<\/div>\n<\/div><\/div><\/div><div id=\"pgc-1351-3-1\"  class=\"panel-grid-cell\" >\n\n        <div id=\"panel-1351-3-1-0\" class=\"so-panel widget widget_kadence_calltoaction_widget kadence_calltoaction_widget panel-first-child panel-last-child\" data-index=\"6\" ><div class=\"kt-ctaw clearfix\"><h1 class=\"kt-call-to-action-title\" style=\" font-size:40px; line-height:1.1; text-align:center; \"  data-max-size=\"40\" data-min-size=\"40\">Boka maskinen<\/h1><div style=\"text-align:center\"><a href=\"http:\/\/www.gelwel.se\/?page_id=585\" id=\"kadbtn92\" target=\"_self\" class=\"kad-btn btn-shortcode kad-btn-primary lg-kad-btn \" style=\" border: 0 solid; border-color:#000;  \" onMouseOver=\"\" onMouseOut=\"\">BOKA <\/a><\/div><\/div><\/div>\n    <\/div><\/div><div id=\"pg-1351-4\"  class=\"panel-grid panel-no-style\" ><div id=\"pgc-1351-4-0\"  class=\"panel-grid-cell panel-grid-cell-empty\" ><\/div><\/div><\/div>","protected":false},"excerpt":{"rendered":"<p>\u00a0\u00a0 Kantslipmaskin MinikantKonventionell kantslip som kommer \u00e5t n\u00e4ra kanten och \u00e4ven under t ex element, den \u00e4r \u00e4ven l\u00e4mplig f\u00f6r bl a trappslipning. L\u00e5g vikt. Stark och effektiv motor. God dammsugningsf\u00f6rm\u00e5ga. Slipar mycket fint utan risk f\u00f6r sliprosor. Enkel att &hellip; <a class=\"kt-excerpt-readmore\" href=\"https:\/\/www.gelweluthyrning.se\/?page_id=1351\" aria-label=\"Kant och trappslip f\u00f6r tr\u00e4 uthyres\">L\u00e4s mer<\/a><\/p>\n","protected":false},"author":1,"featured_media":0,"parent":11,"menu_order":0,"comment_status":"closed","ping_status":"closed","template":"page-fullwidth.php","meta":{"kt_blocks_editor_width":""},"kb_featured_image_src_large":false,"kb_author_info":{"display_name":"per","author_link":"https:\/\/www.gelweluthyrning.se\/?author=1","author_image":"https:\/\/secure.gravatar.com\/avatar\/250821d350f2213e36bf942f193b8969?s=96&d=mm&r=g"},"kb_comment_info":0,"_links":{"self":[{"href":"https:\/\/www.gelweluthyrning.se\/index.php?rest_route=\/wp\/v2\/pages\/1351"}],"collection":[{"href":"https:\/\/www.gelweluthyrning.se\/index.php?rest_route=\/wp\/v2\/pages"}],"about":[{"href":"https:\/\/www.gelweluthyrning.se\/index.php?rest_route=\/wp\/v2\/types\/page"}],"author":[{"embeddable":true,"href":"https:\/\/www.gelweluthyrning.se\/index.php?rest_route=\/wp\/v2\/users\/1"}],"replies":[{"embeddable":true,"href":"https:\/\/www.gelweluthyrning.se\/index.php?rest_route=%2Fwp%2Fv2%2Fcomments&post=1351"}],"version-history":[{"count":12,"href":"https:\/\/www.gelweluthyrning.se\/index.php?rest_route=\/wp\/v2\/pages\/1351\/revisions"}],"predecessor-version":[{"id":8588,"href":"https:\/\/www.gelweluthyrning.se\/index.php?rest_route=\/wp\/v2\/pages\/1351\/revisions\/8588"}],"up":[{"embeddable":true,"href":"https:\/\/www.gelweluthyrning.se\/index.php?rest_route=\/wp\/v2\/pages\/11"}],"wp:attachment":[{"href":"https:\/\/www.gelweluthyrning.se\/index.php?rest_route=%2Fwp%2Fv2%2Fmedia&parent=1351"}],"curies":[{"name":"wp","href":"https:\/\/api.w.org\/{rel}","templated":true}]}}