{"id":1349,"date":"2016-02-21T12:17:10","date_gmt":"2016-02-21T11:17:10","guid":{"rendered":"http:\/\/localhost\/wordpress\/?page_id=1349"},"modified":"2021-05-09T10:36:52","modified_gmt":"2021-05-09T08:36:52","slug":"lillhummel","status":"publish","type":"page","link":"https:\/\/www.gelweluthyrning.se\/?page_id=1349","title":{"rendered":"Tr\u00e4golvslip Lillhummel och kantslip uthyres"},"content":{"rendered":"<div id=\"pl-1349\"  class=\"panel-layout\" ><div id=\"pg-1349-0\"  class=\"panel-grid panel-no-style\" ><div id=\"pgc-1349-0-0\"  class=\"panel-grid-cell\" ><div id=\"panel-1349-0-0-0\" class=\"so-panel widget widget_sow-editor panel-first-child panel-last-child\" data-index=\"0\" ><div class=\"so-widget-sow-editor so-widget-sow-editor-base\">\n<div class=\"siteorigin-widget-tinymce textwidget\">\n\t<h1>\u00a0<\/h1>\n<h1 align=\"center\">\u00a0<\/h1>\n<\/div>\n<\/div><\/div><\/div><\/div><div id=\"pg-1349-1\"  class=\"panel-grid panel-no-style\" ><div id=\"pgc-1349-1-0\"  class=\"panel-grid-cell\" ><div id=\"panel-1349-1-0-0\" class=\"so-panel widget widget_virtue_about_with_image virtue_about_with_image panel-first-child panel-last-child\" data-index=\"1\" ><div class=\"kad_img_upload_widget kt-shape-type- kt-image-align-center kt-image-widget-widget-1-0-0\"><a href=\"http:\/\/www.gelwel.se\/wp-content\/uploads\/2016\/02\/golvslipar.jpg\" rel=\"lightbox\"><div class=\"kt-image-contain  \"><div class=\"kt-image-inner-contain\"><img width=\"600\" height=\"400\" src=\"https:\/\/www.gelweluthyrning.se\/wp-content\/uploads\/2016\/02\/golvslipar.jpg\" class=\"attachment-full size-full\" alt=\"Tr\u00e4golvslipar\" loading=\"lazy\" srcset=\"https:\/\/www.gelweluthyrning.se\/wp-content\/uploads\/2016\/02\/golvslipar.jpg 600w, https:\/\/www.gelweluthyrning.se\/wp-content\/uploads\/2016\/02\/golvslipar-300x200.jpg 300w, https:\/\/www.gelweluthyrning.se\/wp-content\/uploads\/2016\/02\/golvslipar-272x182.jpg 272w\" sizes=\"(max-width: 600px) 100vw, 600px\" \/><\/div><\/div><\/a><\/div><\/div><\/div><div id=\"pgc-1349-1-1\"  class=\"panel-grid-cell\" ><div id=\"panel-1349-1-1-0\" class=\"so-panel widget widget_sow-editor panel-first-child panel-last-child\" data-index=\"2\" ><div class=\"so-widget-sow-editor so-widget-sow-editor-base\">\n<div class=\"siteorigin-widget-tinymce textwidget\">\n\t<h2>Golvslip<\/h2>\n<p>Lillhummel och minikant<\/p>\n<p><span style=\"font-size: 14px;\">Traditionell tr\u00e4golvslip, typ bandslip. L\u00e4tt att man\u00f6vrera\u00a0och enkelt att byta sliphylsor. Har relativt\u00a0l\u00e5g vikt och g\u00e5r enkelt att transportera i de flesta bilar. Fungerar f\u00f6r alla typer av tr\u00e4golv och \u00e4r b\u00e4sta valet f\u00f6r br\u00e4dgolv. Under dokumentation finns pdf med instruktioner om arbetsg\u00e5ng och ungef\u00e4rlig \u00e5tg\u00e5ng av slippapper. Ni kan alltid f\u00e5 med n\u00e5gra papper extra s\u00e5 det inte tar slut och sedan l\u00e4mnar ni tillbaks de oanv\u00e4nda.<\/span><\/p>\n<\/div>\n<\/div><\/div><\/div><\/div><div id=\"pg-1349-2\"  class=\"panel-grid panel-no-style\" ><div id=\"pgc-1349-2-0\"  class=\"panel-grid-cell panel-grid-cell-mobile-last\" ><div id=\"panel-1349-2-0-0\" class=\"so-panel widget widget_sow-editor panel-first-child panel-last-child\" data-index=\"3\" ><div class=\"so-widget-sow-editor so-widget-sow-editor-base\">\n<div class=\"siteorigin-widget-tinymce textwidget\">\n\t<h3 style=\"padding-left: 30px;\">Teknisk info<\/h3>\n<p style=\"padding-left: 60px;\">\n<ul class=\"nav nav-tabs sc_tabs\"><li class=\"active\"><a href=\"#sctab9980\" rel=\"nofollow\">Tekniska data<\/a><\/li>\n<li class=\"\"><a href=\"#sctab9981\" rel=\"nofollow\">Dokumentation<\/a><\/li><\/ul> <div class=\"tab-content postclass\"><div class=\"tab-pane clearfix active\" id=\"sctab9980\"><\/p>\n<p style=\"padding-left: 60px;\">Driftsp\u00e4nning: 230 V<br \/> Effekt: 1 800 W<br \/> Valsbredd: 200 mm<br \/> Valshastighet: 2 800 v\/min<br \/> Slipband: 200 x 550 mm<br \/> Vikt: 44 kg<\/p>\n<p>\u00a0<\/p>\n<p><\/div>\n<div class=\"tab-pane clearfix \" id=\"sctab9981\"><\/p>\n<p style=\"padding-left: 30px;\"><div class=\"row\"> <div class=\"col-md-6  \"><\/p>\n<p style=\"padding-left: 30px;\"><a href=\"http:\/\/www.gelwel.se\/wp-content\/uploads\/2016\/02\/Instruktion-for-slipning-av-tragolv.pdf\"><img class=\"alignnone wp-image-703 size-full\" src=\"http:\/\/www.gelwel.se\/wp-content\/uploads\/2016\/02\/Pdf50x48.jpg\" alt=\"Pdf50x48\" width=\"50\" height=\"48\" \/><\/a>\u00a0<a href=\"http:\/\/www.gelwel.se\/wp-content\/uploads\/2016\/02\/Instruktion-for-slipning-av-tragolv.pdf\">Instruktion f\u00f6r slipning av tragolv<\/a><\/div><div class=\"col-md-6  \"><\/p>\n<p>\u00a0<\/p>\n<p style=\"padding-left: 30px;\"><\/div><\/div><\/p>\n<p style=\"padding-left: 30px;\"><\/div><\/div>\n<\/p>\n<\/div>\n<\/div><\/div><\/div><div id=\"pgc-1349-2-1\"  class=\"panel-grid-cell panel-grid-cell-empty\" ><\/div><\/div><div id=\"pg-1349-3\"  class=\"panel-grid panel-no-style\" ><div id=\"pgc-1349-3-0\"  class=\"panel-grid-cell\" ><div id=\"panel-1349-3-0-0\" class=\"so-panel widget widget_sow-editor panel-first-child panel-last-child\" data-index=\"4\" ><div class=\"so-widget-sow-editor so-widget-sow-editor-base\">\n<div class=\"siteorigin-widget-tinymce textwidget\">\n\t<h3>Pris<\/h3>\n\n<ul class=\"nav nav-tabs sc_tabs\"><li class=\"active\"><a href=\"#sctab1820\" rel=\"nofollow\">Pris<\/a><\/li>\n<li class=\"\"><a href=\"#sctab1821\" rel=\"nofollow\">F\u00f6rbrukningsmaterial<\/a><\/li>\n<li class=\"\"><a href=\"#sctab1822\" rel=\"nofollow\">Komplettera<\/a><\/li><\/ul> <div class=\"tab-content postclass\"><div class=\"tab-pane clearfix active\" id=\"sctab1820\"><br \/>\n<div class=\"row\"> <div class=\"col-md-3  \"><\/p>\n<h4>Pris dag 1<\/h4>\n<h4><span style=\"color: #ff0000;\">595 kr<\/span><\/h4>\n<p><\/div><div class=\"col-md-3  \"><\/p>\n<h4>Pris fr\u00e5n dag 2<\/h4>\n<h4><span style=\"color: #ff0000;\">520 kr<\/span><\/h4>\n<p><\/div><div class=\"col-md-3  \"><\/p>\n<h4>Helg<\/h4>\n<h4><span style=\"color: #ff0000;\">895 kr<\/span><\/h4>\n<p><\/div><div class=\"col-md-3  \"><\/p>\n<h4>Vecka<\/h4>\n<h4><span style=\"color: #ff0000;\">2675 kr<\/span><\/h4>\n<p><\/div><\/div><br \/>\nMoms ing\u00e5r i\u00a0alla priser.<br \/>\n<\/div>\n<div class=\"tab-pane clearfix \" id=\"sctab1821\"><\/p>\n<p>Sliphylsa 85 kr\/st, sliprondell 19 kr\/st. <\/div>\n<div class=\"tab-pane clearfix \" id=\"sctab1822\"><\/p>\n<p>Golvlack extra 5L 895 kr, std 650 kr. Lackpensel 200 mm, 200 kr\/st<\/div><\/div>\n\n<\/div>\n<\/div><\/div><\/div><div id=\"pgc-1349-3-1\"  class=\"panel-grid-cell\" >\n\n        <div id=\"panel-1349-3-1-0\" class=\"so-panel widget widget_kadence_calltoaction_widget kadence_calltoaction_widget panel-first-child panel-last-child\" data-index=\"5\" ><div class=\"kt-ctaw clearfix\"><h1 class=\"kt-call-to-action-title\" style=\" font-size:40px; line-height:1.1; text-align:center; \"  data-max-size=\"40\" data-min-size=\"40\">Boka maskinen<\/h1><div style=\"text-align:center\"><a href=\"http:\/\/www.gelwel.se\/?page_id=585\" id=\"kadbtn4\" target=\"_self\" class=\"kad-btn btn-shortcode kad-btn-primary lg-kad-btn \" style=\" border: 0 solid; border-color:#000;  \" onMouseOver=\"\" onMouseOut=\"\">BOKA <\/a><\/div><\/div><\/div>\n    <\/div><\/div><div id=\"pg-1349-4\"  class=\"panel-grid panel-no-style\" ><div id=\"pgc-1349-4-0\"  class=\"panel-grid-cell panel-grid-cell-empty\" ><\/div><\/div><\/div>","protected":false},"excerpt":{"rendered":"<p>\u00a0\u00a0 GolvslipLillhummel och minikantTraditionell tr\u00e4golvslip, typ bandslip. L\u00e4tt att man\u00f6vrera\u00a0och enkelt att byta sliphylsor. Har relativt\u00a0l\u00e5g vikt och g\u00e5r enkelt att transportera i de flesta bilar. Fungerar f\u00f6r alla typer av tr\u00e4golv och \u00e4r b\u00e4sta valet f\u00f6r br\u00e4dgolv. Under dokumentation &hellip; <a class=\"kt-excerpt-readmore\" href=\"https:\/\/www.gelweluthyrning.se\/?page_id=1349\" aria-label=\"Tr\u00e4golvslip Lillhummel och kantslip uthyres\">L\u00e4s mer<\/a><\/p>\n","protected":false},"author":1,"featured_media":0,"parent":11,"menu_order":0,"comment_status":"closed","ping_status":"closed","template":"page-fullwidth.php","meta":{"kt_blocks_editor_width":""},"kb_featured_image_src_large":false,"kb_author_info":{"display_name":"per","author_link":"https:\/\/www.gelweluthyrning.se\/?author=1","author_image":"https:\/\/secure.gravatar.com\/avatar\/250821d350f2213e36bf942f193b8969?s=96&d=mm&r=g"},"kb_comment_info":0,"_links":{"self":[{"href":"https:\/\/www.gelweluthyrning.se\/index.php?rest_route=\/wp\/v2\/pages\/1349"}],"collection":[{"href":"https:\/\/www.gelweluthyrning.se\/index.php?rest_route=\/wp\/v2\/pages"}],"about":[{"href":"https:\/\/www.gelweluthyrning.se\/index.php?rest_route=\/wp\/v2\/types\/page"}],"author":[{"embeddable":true,"href":"https:\/\/www.gelweluthyrning.se\/index.php?rest_route=\/wp\/v2\/users\/1"}],"replies":[{"embeddable":true,"href":"https:\/\/www.gelweluthyrning.se\/index.php?rest_route=%2Fwp%2Fv2%2Fcomments&post=1349"}],"version-history":[{"count":21,"href":"https:\/\/www.gelweluthyrning.se\/index.php?rest_route=\/wp\/v2\/pages\/1349\/revisions"}],"predecessor-version":[{"id":8590,"href":"https:\/\/www.gelweluthyrning.se\/index.php?rest_route=\/wp\/v2\/pages\/1349\/revisions\/8590"}],"up":[{"embeddable":true,"href":"https:\/\/www.gelweluthyrning.se\/index.php?rest_route=\/wp\/v2\/pages\/11"}],"wp:attachment":[{"href":"https:\/\/www.gelweluthyrning.se\/index.php?rest_route=%2Fwp%2Fv2%2Fmedia&parent=1349"}],"curies":[{"name":"wp","href":"https:\/\/api.w.org\/{rel}","templated":true}]}}