{"id":1345,"date":"2016-02-21T12:10:51","date_gmt":"2016-02-21T11:10:51","guid":{"rendered":"http:\/\/localhost\/wordpress\/?page_id=1345"},"modified":"2022-11-23T14:45:52","modified_gmt":"2022-11-23T13:45:52","slug":"giraff","status":"publish","type":"page","link":"https:\/\/www.gelweluthyrning.se\/?page_id=1345","title":{"rendered":"Flex giraffslip uthyres"},"content":{"rendered":"<div id=\"pl-1345\"  class=\"panel-layout\" ><div id=\"pg-1345-0\"  class=\"panel-grid panel-no-style\" ><div id=\"pgc-1345-0-0\"  class=\"panel-grid-cell\" ><div id=\"panel-1345-0-0-0\" class=\"so-panel widget widget_sow-editor panel-first-child panel-last-child\" data-index=\"0\" ><div class=\"so-widget-sow-editor so-widget-sow-editor-base\">\n<div class=\"siteorigin-widget-tinymce textwidget\">\n\t<h1>\u00a0<\/h1>\n<h1 align=\"center\">\u00a0<\/h1>\n<\/div>\n<\/div><\/div><\/div><\/div><div id=\"pg-1345-1\"  class=\"panel-grid panel-no-style\" ><div id=\"pgc-1345-1-0\"  class=\"panel-grid-cell\" ><div id=\"panel-1345-1-0-0\" class=\"so-panel widget widget_virtue_about_with_image virtue_about_with_image panel-first-child panel-last-child\" data-index=\"1\" ><div class=\"kad_img_upload_widget kt-shape-type- kt-image-align-center kt-image-widget-widget-1-0-0\"><div class=\"kt-image-contain  \"><div class=\"kt-image-inner-contain\"><img width=\"358\" height=\"600\" src=\"https:\/\/www.gelweluthyrning.se\/wp-content\/uploads\/2016\/02\/Flex-giraffslip-GE-5.jpg\" class=\"attachment-full size-full\" alt=\"Flex giraffslip med dammsugare\" loading=\"lazy\" srcset=\"https:\/\/www.gelweluthyrning.se\/wp-content\/uploads\/2016\/02\/Flex-giraffslip-GE-5.jpg 358w, https:\/\/www.gelweluthyrning.se\/wp-content\/uploads\/2016\/02\/Flex-giraffslip-GE-5-179x300.jpg 179w\" sizes=\"(max-width: 358px) 100vw, 358px\" \/><\/div><\/div><div class=\"virtue_image_widget_caption kadence_image_widget_caption\">Slipmaskin med dammsugare f\u00f6r dammfri slipning<\/div><\/div><\/div><\/div><div id=\"pgc-1345-1-1\"  class=\"panel-grid-cell\" ><div id=\"panel-1345-1-1-0\" class=\"so-panel widget widget_sow-editor panel-first-child\" data-index=\"2\" ><div class=\"so-widget-sow-editor so-widget-sow-editor-base\">\n<div class=\"siteorigin-widget-tinymce textwidget\">\n\t<\/div>\n<\/div><\/div><div id=\"panel-1345-1-1-1\" class=\"so-panel widget widget_sow-editor\" data-index=\"3\" ><div class=\"so-widget-sow-editor so-widget-sow-editor-base\">\n<div class=\"siteorigin-widget-tinymce textwidget\">\n\t<h2>Dammfri slipning<\/h2>\n<p>\u00a0<\/p>\n<p>Med giraffslipen slipar du v\u00e4ggar och tak n\u00e4stan helt dammfritt.<br \/> En mycket l\u00e4tthanterad, anv\u00e4ndarv\u00e4nlig och l\u00e4tt maskin. G\u00f6r arbetet mindre anstr\u00e4ngande och ergonomiskt riktigt.<br \/> L\u00e4tt att styra tack vare optimal balans mellan motor och sliphuvud. Kardanknutsmonterat sliphuvud ger stor flexibilitet och optimal anpassning f\u00f6r slipning av v\u00e4ggar, tak och \u00e4ven golv. Effektivt dammutsug mellan borstkrans och rondell samt genom utsug f\u00f6rhindrar igens\u00e4ttning arbetsmilj\u00f6n.<br \/> Ett sortiment av slippapper idealisk f\u00f6r slipning av gipsskivor, styropor isolerplattor , f\u00f6rberedelse inf\u00f6r m\u00e5lning, lackering och polering.<\/p>\n<\/div>\n<\/div><\/div><div id=\"panel-1345-1-1-2\" class=\"so-panel widget widget_sow-editor panel-last-child\" data-index=\"4\" ><div class=\"so-widget-sow-editor so-widget-sow-editor-base\">\n<div class=\"siteorigin-widget-tinymce textwidget\">\n\t<h3 style=\"padding-left: 30px;\">Teknisk info<\/h3>\n<p style=\"padding-left: 60px;\">\n<ul class=\"nav nav-tabs sc_tabs\"><li class=\"active\"><a href=\"#sctab8850\" rel=\"nofollow\">Tekniska data<\/a><\/li>\n<li class=\"\"><a href=\"#sctab8851\" rel=\"nofollow\">Dokumentation<\/a><\/li><\/ul> <div class=\"tab-content postclass\"><div class=\"tab-pane clearfix active\" id=\"sctab8850\"><\/p>\n<p><a href=\"http:\/\/www.gelwel.se\/wp-content\/uploads\/2016\/02\/Tekniskbroschyr-Flex-giraff.pdf\" target=\"_blank\">Teknisk broschyr<img class=\"alignnone wp-image-703 size-full\" src=\"http:\/\/www.gelwel.se\/wp-content\/uploads\/2016\/02\/Pdf50x48.jpg\" alt=\"Pdf50x48\" width=\"50\" height=\"48\" \/><\/a><\/p>\n<p><\/div>\n<div class=\"tab-pane clearfix \" id=\"sctab8851\"><\/p>\n<p style=\"padding-left: 30px;\">\u00a0<\/p>\n<p><a href=\"http:\/\/www.gelwel.se\/wp-content\/uploads\/2016\/02\/FLEX_GE5_R_GSE5R.pdf\" target=\"_blank\">Bruksanvisning<img class=\"alignnone wp-image-703 size-full\" src=\"http:\/\/www.gelwel.se\/wp-content\/uploads\/2016\/02\/Pdf50x48.jpg\" alt=\"Pdf50x48\" width=\"50\" height=\"48\" \/><\/a><\/p>\n<p style=\"padding-left: 30px;\">\u00a0<\/p>\n<p style=\"padding-left: 30px;\"><\/div><\/div>\n<\/p>\n<\/div>\n<\/div><\/div><\/div><\/div><div id=\"pg-1345-2\"  class=\"panel-grid panel-no-style\" ><div id=\"pgc-1345-2-0\"  class=\"panel-grid-cell\" ><div id=\"panel-1345-2-0-0\" class=\"so-panel widget widget_sow-slider panel-first-child panel-last-child\" data-index=\"5\" ><div class=\"so-widget-sow-slider so-widget-sow-slider-default-abf3e628296a\"><div class=\"sow-slider-base \" style=\"display: none\"><ul class=\"sow-slider-images\" data-settings=\"{&quot;pagination&quot;:true,&quot;speed&quot;:800,&quot;timeout&quot;:120000,&quot;paused&quot;:false,&quot;pause_on_hover&quot;:false,&quot;swipe&quot;:true,&quot;nav_always_show_mobile&quot;:&quot;&quot;,&quot;breakpoint&quot;:&quot;780px&quot;}\">\t\t<li class=\"sow-slider-image\" style=\"background-color: #09134f\" >\n\t\t\t<video class=\"sow-full-element\" autoplay loop muted playsinline><source src=\"https:\/\/www.gelweluthyrning.se\/wp-content\/uploads\/2016\/02\/Giraff-GE5R.mp4\" type=\"video\/mp4\"><\/video>\t\t<\/li>\n\t\t<\/ul>\t\t\t\t<ol class=\"sow-slider-pagination\">\n\t\t\t\t\t\t\t\t\t\t\t<li><a href=\"#\" data-goto=\"0\" aria-label=\"display slide 1\"><\/a><\/li>\n\t\t\t\t\t\t\t\t\t<\/ol>\n\n\t\t\t\t<div class=\"sow-slide-nav sow-slide-nav-next\">\n\t\t\t\t\t<a href=\"#\" data-goto=\"next\" aria-label=\"next slide\" data-action=\"next\">\n\t\t\t\t\t\t<em class=\"sow-sld-icon-ultra-thin-right\"><\/em>\n\t\t\t\t\t<\/a>\n\t\t\t\t<\/div>\n\n\t\t\t\t<div class=\"sow-slide-nav sow-slide-nav-prev\">\n\t\t\t\t\t<a href=\"#\" data-goto=\"previous\" aria-label=\"previous slide\" data-action=\"prev\">\n\t\t\t\t\t\t<em class=\"sow-sld-icon-ultra-thin-left\"><\/em>\n\t\t\t\t\t<\/a>\n\t\t\t\t<\/div>\n\t\t\t\t<\/div><\/div><\/div><\/div><\/div><div id=\"pg-1345-3\"  class=\"panel-grid panel-no-style\" ><div id=\"pgc-1345-3-0\"  class=\"panel-grid-cell\" ><div id=\"panel-1345-3-0-0\" class=\"so-panel widget widget_sow-editor panel-first-child panel-last-child\" data-index=\"6\" ><div class=\"so-widget-sow-editor so-widget-sow-editor-base\">\n<div class=\"siteorigin-widget-tinymce textwidget\">\n\t<h3>Pris<\/h3>\n\n<ul class=\"nav nav-tabs sc_tabs\"><li class=\"active\"><a href=\"#sctab3180\" rel=\"nofollow\">Pris<\/a><\/li>\n<li class=\"\"><a href=\"#sctab3181\" rel=\"nofollow\">F\u00f6rbrukningsmaterial<\/a><\/li>\n<li class=\"\"><a href=\"#sctab3182\" rel=\"nofollow\">Komplettera<\/a><\/li><\/ul> <div class=\"tab-content postclass\"><div class=\"tab-pane clearfix active\" id=\"sctab3180\"><br \/>\n<div class=\"row\"> <div class=\"col-md-3  \"><\/p>\n<h4>Pris dag 1<\/h4>\n<h4><span style=\"color: #ff0000;\">475 kr<\/span><\/h4>\n<p><\/div><div class=\"col-md-3  \"><\/p>\n<h4>Pris fr\u00e5n dag 2<\/h4>\n<h4><span style=\"color: #ff0000;\">400 kr<\/span><\/h4>\n<p><\/div><div class=\"col-md-3  \"><\/p>\n<h4>Helg<\/h4>\n<h4><span style=\"color: #ff0000;\">875 kr<\/span><\/h4>\n<p><\/div><div class=\"col-md-3  \"><\/p>\n<h4>Vecka<\/h4>\n<h4><span style=\"color: #ff0000;\">2075 kr<\/span><\/h4>\n<p><\/div><\/div><br \/>\nMoms ing\u00e5r i\u00a0alla priser. Inklusive dammsugare<\/p>\n<p><\/div>\n<div class=\"tab-pane clearfix \" id=\"sctab3181\"><\/p>\n<p>Sliprondell K60\/80\/120\/180 52 kr\/st. P\u00e5se f\u00f6r dammsugare, papper 89\u00a0kr\/st, tygp\u00e5se 152 kr\/st<\/div>\n<div class=\"tab-pane clearfix \" id=\"sctab3182\"><\/p>\n<p><\/div><\/div>\n\n<\/div>\n<\/div><\/div><\/div><div id=\"pgc-1345-3-1\"  class=\"panel-grid-cell\" >\n\n        <div id=\"panel-1345-3-1-0\" class=\"so-panel widget widget_kadence_calltoaction_widget kadence_calltoaction_widget panel-first-child panel-last-child\" data-index=\"7\" ><div class=\"kt-ctaw clearfix\"><h1 class=\"kt-call-to-action-title\" style=\" font-size:40px; line-height:1.1; text-align:center; \"  data-max-size=\"40\" data-min-size=\"40\">Boka maskinen<\/h1><div style=\"text-align:center\"><a href=\"http:\/\/www.gelwel.se\/?page_id=585\" id=\"kadbtn55\" target=\"_self\" class=\"kad-btn btn-shortcode kad-btn-primary lg-kad-btn \" style=\" border: 0 solid; border-color:#000;  \" onMouseOver=\"\" onMouseOut=\"\">BOKA <\/a><\/div><\/div><\/div>\n    <\/div><\/div><div id=\"pg-1345-4\"  class=\"panel-grid panel-no-style\" ><div id=\"pgc-1345-4-0\"  class=\"panel-grid-cell\" ><div id=\"panel-1345-4-0-0\" class=\"so-panel widget widget_sow-image panel-first-child panel-last-child\" data-index=\"8\" ><div class=\"so-widget-sow-image so-widget-sow-image-default-d6014b76747a\">\n\n<div class=\"sow-image-container\">\n\t<img title=\"Flex giraffslip uthyres\" alt=\"\" \t\tclass=\"so-widget-image\"\/>\n<\/div>\n\n<\/div><\/div><\/div><\/div><\/div>","protected":false},"excerpt":{"rendered":"<p>\u00a0\u00a0 Dammfri slipning\u00a0Med giraffslipen slipar du v\u00e4ggar och tak n\u00e4stan helt dammfritt. En mycket l\u00e4tthanterad, anv\u00e4ndarv\u00e4nlig och l\u00e4tt maskin. G\u00f6r arbetet mindre anstr\u00e4ngande och ergonomiskt riktigt. L\u00e4tt att styra tack vare optimal balans mellan motor och sliphuvud. Kardanknutsmonterat sliphuvud ger &hellip; <a class=\"kt-excerpt-readmore\" href=\"https:\/\/www.gelweluthyrning.se\/?page_id=1345\" aria-label=\"Flex giraffslip uthyres\">L\u00e4s mer<\/a><\/p>\n","protected":false},"author":1,"featured_media":0,"parent":11,"menu_order":0,"comment_status":"closed","ping_status":"closed","template":"page-fullwidth.php","meta":{"kt_blocks_editor_width":""},"kb_featured_image_src_large":false,"kb_author_info":{"display_name":"per","author_link":"https:\/\/www.gelweluthyrning.se\/?author=1","author_image":"https:\/\/secure.gravatar.com\/avatar\/250821d350f2213e36bf942f193b8969?s=96&d=mm&r=g"},"kb_comment_info":0,"_links":{"self":[{"href":"https:\/\/www.gelweluthyrning.se\/index.php?rest_route=\/wp\/v2\/pages\/1345"}],"collection":[{"href":"https:\/\/www.gelweluthyrning.se\/index.php?rest_route=\/wp\/v2\/pages"}],"about":[{"href":"https:\/\/www.gelweluthyrning.se\/index.php?rest_route=\/wp\/v2\/types\/page"}],"author":[{"embeddable":true,"href":"https:\/\/www.gelweluthyrning.se\/index.php?rest_route=\/wp\/v2\/users\/1"}],"replies":[{"embeddable":true,"href":"https:\/\/www.gelweluthyrning.se\/index.php?rest_route=%2Fwp%2Fv2%2Fcomments&post=1345"}],"version-history":[{"count":19,"href":"https:\/\/www.gelweluthyrning.se\/index.php?rest_route=\/wp\/v2\/pages\/1345\/revisions"}],"predecessor-version":[{"id":9446,"href":"https:\/\/www.gelweluthyrning.se\/index.php?rest_route=\/wp\/v2\/pages\/1345\/revisions\/9446"}],"up":[{"embeddable":true,"href":"https:\/\/www.gelweluthyrning.se\/index.php?rest_route=\/wp\/v2\/pages\/11"}],"wp:attachment":[{"href":"https:\/\/www.gelweluthyrning.se\/index.php?rest_route=%2Fwp%2Fv2%2Fmedia&parent=1345"}],"curies":[{"name":"wp","href":"https:\/\/api.w.org\/{rel}","templated":true}]}}