{"id":1340,"date":"2016-02-21T11:20:39","date_gmt":"2016-02-21T10:20:39","guid":{"rendered":"http:\/\/localhost\/wordpress\/?page_id=1340"},"modified":"2021-01-29T15:50:38","modified_gmt":"2021-01-29T14:50:38","slug":"kakelskararesigma3b","status":"publish","type":"page","link":"https:\/\/www.gelweluthyrning.se\/?page_id=1340","title":{"rendered":"Kakelsk\u00e4rare uthyres"},"content":{"rendered":"<div id=\"pl-1340\"  class=\"panel-layout\" ><div id=\"pg-1340-0\"  class=\"panel-grid panel-no-style\" ><div id=\"pgc-1340-0-0\"  class=\"panel-grid-cell\" ><div id=\"panel-1340-0-0-0\" class=\"so-panel widget widget_sow-editor panel-first-child panel-last-child\" data-index=\"0\" ><div class=\"so-widget-sow-editor so-widget-sow-editor-base\">\n<div class=\"siteorigin-widget-tinymce textwidget\">\n\t<h1>\u00a0<\/h1>\n<h1 align=\"center\">\u00a0<\/h1>\n<\/div>\n<\/div><\/div><\/div><\/div><div id=\"pg-1340-1\"  class=\"panel-grid panel-no-style\" ><div id=\"pgc-1340-1-0\"  class=\"panel-grid-cell\" ><div id=\"panel-1340-1-0-0\" class=\"so-panel widget widget_virtue_about_with_image virtue_about_with_image panel-first-child panel-last-child\" data-index=\"1\" ><div class=\"kad_img_upload_widget kt-shape-type- kt-image-align-center kt-image-widget-widget-1-0-0\"><div class=\"kt-image-contain  \"><div class=\"kt-image-inner-contain\"><img width=\"540\" height=\"351\" src=\"https:\/\/www.gelweluthyrning.se\/wp-content\/uploads\/2016\/02\/Kakelsk\u00e4rare_Sigma_3Bliten.jpg\" class=\"attachment-full size-full\" alt=\"Kakelsk\u00e4rare Sigma\" loading=\"lazy\" srcset=\"https:\/\/www.gelweluthyrning.se\/wp-content\/uploads\/2016\/02\/Kakelsk\u00e4rare_Sigma_3Bliten.jpg 540w, https:\/\/www.gelweluthyrning.se\/wp-content\/uploads\/2016\/02\/Kakelsk\u00e4rare_Sigma_3Bliten-300x195.jpg 300w\" sizes=\"(max-width: 540px) 100vw, 540px\" \/><\/div><\/div><\/div><\/div><\/div><div id=\"pgc-1340-1-1\"  class=\"panel-grid-cell\" ><div id=\"panel-1340-1-1-0\" class=\"so-panel widget widget_sow-editor panel-first-child\" data-index=\"2\" ><div class=\"so-widget-sow-editor so-widget-sow-editor-base\">\n<div class=\"siteorigin-widget-tinymce textwidget\">\n\t<\/div>\n<\/div><\/div><div id=\"panel-1340-1-1-1\" class=\"so-panel widget widget_sow-editor panel-last-child\" data-index=\"3\" ><div class=\"so-widget-sow-editor so-widget-sow-editor-base\">\n<div class=\"siteorigin-widget-tinymce textwidget\">\n\t<h3>Kakelsk\u00e4rare Sigma\u00a03B<\/h3>\n<p>Proffssk\u00e4rare med robust konstruktion och fj\u00e4drande plattst\u00f6d. St\u00e4llbar linjal fr\u00e5n -45\u00b0 till +45\u00b0. Inst\u00e4llbar f\u00f6r olika plattjocklekar. Kakelsk\u00e4rare med pull-funktion anv\u00e4nds genom att sk\u00e4rtrissan dras emot anv\u00e4ndaren och ritsar plattan. D\u00e4refter kn\u00e4cks plattan.<\/p>\n<\/div>\n<\/div><\/div><\/div><\/div><div id=\"pg-1340-2\"  class=\"panel-grid panel-no-style\" ><div id=\"pgc-1340-2-0\"  class=\"panel-grid-cell panel-grid-cell-mobile-last\" ><div id=\"panel-1340-2-0-0\" class=\"so-panel widget widget_sow-editor panel-first-child panel-last-child\" data-index=\"4\" ><div class=\"so-widget-sow-editor so-widget-sow-editor-base\">\n<div class=\"siteorigin-widget-tinymce textwidget\">\n\t<h3 style=\"padding-left: 30px;\">Teknisk info<\/h3>\n<p style=\"padding-left: 60px;\">\n<ul class=\"nav nav-tabs sc_tabs\"><li class=\"active\"><a href=\"#sctab6880\" rel=\"nofollow\">Tekniska data<\/a><\/li>\n<li class=\"\"><a href=\"#sctab6881\" rel=\"nofollow\">Dokumentation<\/a><\/li><\/ul> <div class=\"tab-content postclass\"><div class=\"tab-pane clearfix active\" id=\"sctab6880\"><\/p>\n<table style=\"height: 109px;\" border=\"0\" width=\"447\">\n<tbody>\n<tr>\n<td>Max tjocklek keramik<\/td>\n<td>20 mm<\/td>\n<\/tr>\n<tr>\n<td>\u00a0Max\u00a0Sk\u00e4rl\u00e4ngd\u00a0<\/td>\n<td>\u00a0630 mm<\/td>\n<\/tr>\n<tr>\n<td>\u00a0St\u00f6rsta plattstorlek att sk\u00e4ra diagonalt<\/td>\n<td>\u00a0430 x 430 mm<\/td>\n<\/tr>\n<tr>\n<td>\u00a0Linjal vinkelomr\u00e5de<\/td>\n<td>\u00a0+ - 45\u00b0<\/td>\n<\/tr>\n<\/tbody>\n<\/table>\n<p>\u00a0<\/p>\n<p>\u00a0<\/p>\n<p><\/div>\n<div class=\"tab-pane clearfix \" id=\"sctab6881\"><\/p>\n<p style=\"padding-left: 30px;\"><div class=\"row\"> <div class=\"col-md-6  \"><\/p>\n<p style=\"padding-left: 30px;\"><\/div><div class=\"col-md-6  \"><\/p>\n<p>\u00a0<\/p>\n<p style=\"padding-left: 30px;\"><\/div><\/div><\/p>\n<p style=\"padding-left: 30px;\"><\/div><\/div>\n<\/p>\n<\/div>\n<\/div><\/div><\/div><div id=\"pgc-1340-2-1\"  class=\"panel-grid-cell panel-grid-cell-empty\" ><\/div><\/div><div id=\"pg-1340-3\"  class=\"panel-grid panel-no-style\" ><div id=\"pgc-1340-3-0\"  class=\"panel-grid-cell\" ><div id=\"panel-1340-3-0-0\" class=\"so-panel widget widget_sow-editor panel-first-child panel-last-child\" data-index=\"5\" ><div class=\"so-widget-sow-editor so-widget-sow-editor-base\">\n<div class=\"siteorigin-widget-tinymce textwidget\">\n\t<h3>Pris<\/h3>\n\n<ul class=\"nav nav-tabs sc_tabs\"><li class=\"active\"><a href=\"#sctab3360\" rel=\"nofollow\">Pris<\/a><\/li>\n<li class=\"\"><a href=\"#sctab3361\" rel=\"nofollow\">F\u00f6rbrukningsmaterial<\/a><\/li>\n<li class=\"\"><a href=\"#sctab3362\" rel=\"nofollow\">Komplettera<\/a><\/li><\/ul> <div class=\"tab-content postclass\"><div class=\"tab-pane clearfix active\" id=\"sctab3360\"><br \/>\n<div class=\"row\"> <div class=\"col-md-3  \"><\/p>\n<h4>Pris dag 1<\/h4>\n<h4><span style=\"color: #ff0000;\">155 kr<\/span><\/h4>\n<p><\/div><div class=\"col-md-3  \"><\/p>\n<h4>Pris fr\u00e5n dag 2<\/h4>\n<h4><span style=\"color: #ff0000;\">80 kr<\/span><\/h4>\n<p><\/div><div class=\"col-md-3  \"><\/p>\n<h4>Helg<\/h4>\n<h4><span style=\"color: #ff0000;\">235 kr<\/span><\/h4>\n<p><\/div><div class=\"col-md-3  \"><\/p>\n<h4>Vecka<\/h4>\n<h4><span style=\"color: #ff0000;\">475 kr<\/span><\/h4>\n<p><\/div><\/div><br \/>\nMoms ing\u00e5r i\u00a0alla priser.<\/p>\n<p><\/div>\n<div class=\"tab-pane clearfix \" id=\"sctab3361\"><\/p>\n<p><\/div>\n<div class=\"tab-pane clearfix \" id=\"sctab3362\"><\/p>\n<p><a href=\"http:\/\/www.gelwel.se\/exempelsida\/maskinuthyrning\/spackelomrorare\/\">Omr\u00f6rare<\/a> \u00a0<\/div><\/div>\n\n<\/div>\n<\/div><\/div><\/div><div id=\"pgc-1340-3-1\"  class=\"panel-grid-cell\" >\n\n        <div id=\"panel-1340-3-1-0\" class=\"so-panel widget widget_kadence_calltoaction_widget kadence_calltoaction_widget panel-first-child panel-last-child\" data-index=\"6\" ><div class=\"kt-ctaw clearfix\"><h1 class=\"kt-call-to-action-title\" style=\" font-size:40px; line-height:1.1; text-align:center; \"  data-max-size=\"40\" data-min-size=\"40\">Boka maskinen<\/h1><div style=\"text-align:center\"><a href=\"http:\/\/www.gelwel.se\/?page_id=585\" id=\"kadbtn72\" target=\"_self\" class=\"kad-btn btn-shortcode kad-btn-primary lg-kad-btn \" style=\" border: 0 solid; border-color:#000;  \" onMouseOver=\"\" onMouseOut=\"\">BOKA <\/a><\/div><\/div><\/div>\n    <\/div><\/div><div id=\"pg-1340-4\"  class=\"panel-grid panel-no-style\" ><div id=\"pgc-1340-4-0\"  class=\"panel-grid-cell panel-grid-cell-empty\" ><\/div><\/div><\/div>","protected":false},"excerpt":{"rendered":"<p>\u00a0\u00a0 Kakelsk\u00e4rare Sigma\u00a03BProffssk\u00e4rare med robust konstruktion och fj\u00e4drande plattst\u00f6d. St\u00e4llbar linjal fr\u00e5n -45\u00b0 till +45\u00b0. Inst\u00e4llbar f\u00f6r olika plattjocklekar. Kakelsk\u00e4rare med pull-funktion anv\u00e4nds genom att sk\u00e4rtrissan dras emot anv\u00e4ndaren och ritsar plattan. D\u00e4refter kn\u00e4cks plattan.<\/p>\n","protected":false},"author":1,"featured_media":0,"parent":11,"menu_order":0,"comment_status":"closed","ping_status":"closed","template":"page-fullwidth.php","meta":{"kt_blocks_editor_width":""},"kb_featured_image_src_large":false,"kb_author_info":{"display_name":"per","author_link":"https:\/\/www.gelweluthyrning.se\/?author=1","author_image":"https:\/\/secure.gravatar.com\/avatar\/250821d350f2213e36bf942f193b8969?s=96&d=mm&r=g"},"kb_comment_info":0,"_links":{"self":[{"href":"https:\/\/www.gelweluthyrning.se\/index.php?rest_route=\/wp\/v2\/pages\/1340"}],"collection":[{"href":"https:\/\/www.gelweluthyrning.se\/index.php?rest_route=\/wp\/v2\/pages"}],"about":[{"href":"https:\/\/www.gelweluthyrning.se\/index.php?rest_route=\/wp\/v2\/types\/page"}],"author":[{"embeddable":true,"href":"https:\/\/www.gelweluthyrning.se\/index.php?rest_route=\/wp\/v2\/users\/1"}],"replies":[{"embeddable":true,"href":"https:\/\/www.gelweluthyrning.se\/index.php?rest_route=%2Fwp%2Fv2%2Fcomments&post=1340"}],"version-history":[{"count":7,"href":"https:\/\/www.gelweluthyrning.se\/index.php?rest_route=\/wp\/v2\/pages\/1340\/revisions"}],"predecessor-version":[{"id":8248,"href":"https:\/\/www.gelweluthyrning.se\/index.php?rest_route=\/wp\/v2\/pages\/1340\/revisions\/8248"}],"up":[{"embeddable":true,"href":"https:\/\/www.gelweluthyrning.se\/index.php?rest_route=\/wp\/v2\/pages\/11"}],"wp:attachment":[{"href":"https:\/\/www.gelweluthyrning.se\/index.php?rest_route=%2Fwp%2Fv2%2Fmedia&parent=1340"}],"curies":[{"name":"wp","href":"https:\/\/api.w.org\/{rel}","templated":true}]}}