{"id":1338,"date":"2016-02-21T11:19:18","date_gmt":"2016-02-21T10:19:18","guid":{"rendered":"http:\/\/localhost\/wordpress\/?page_id=1338"},"modified":"2021-01-29T16:11:11","modified_gmt":"2021-01-29T15:11:11","slug":"kakelskararesigma5a","status":"publish","type":"page","link":"https:\/\/www.gelweluthyrning.se\/?page_id=1338","title":{"rendered":"Kakelsk\u00e4rare 50 cm uthyres"},"content":{"rendered":"<div id=\"pl-1338\"  class=\"panel-layout\" ><div id=\"pg-1338-0\"  class=\"panel-grid panel-no-style\" ><div id=\"pgc-1338-0-0\"  class=\"panel-grid-cell\" ><div id=\"panel-1338-0-0-0\" class=\"so-panel widget widget_sow-editor panel-first-child panel-last-child\" data-index=\"0\" ><div class=\"so-widget-sow-editor so-widget-sow-editor-base\">\n<div class=\"siteorigin-widget-tinymce textwidget\">\n\t<h1>\u00a0<\/h1>\n<h1 align=\"center\">\u00a0<\/h1>\n<\/div>\n<\/div><\/div><\/div><\/div><div id=\"pg-1338-1\"  class=\"panel-grid panel-no-style\" ><div id=\"pgc-1338-1-0\"  class=\"panel-grid-cell\" ><div id=\"panel-1338-1-0-0\" class=\"so-panel widget widget_virtue_about_with_image virtue_about_with_image panel-first-child panel-last-child\" data-index=\"1\" ><div class=\"kad_img_upload_widget kt-shape-type- kt-image-align-center kt-image-widget-widget-1-0-0\"><div class=\"kt-image-contain  \"><div class=\"kt-image-inner-contain\"><img width=\"393\" height=\"311\" src=\"https:\/\/www.gelweluthyrning.se\/wp-content\/uploads\/2016\/02\/sigma-5.jpg\" class=\"attachment-full size-full\" alt=\"Kakelsk\u00e4rare Sigma 5\" loading=\"lazy\" srcset=\"https:\/\/www.gelweluthyrning.se\/wp-content\/uploads\/2016\/02\/sigma-5.jpg 393w, https:\/\/www.gelweluthyrning.se\/wp-content\/uploads\/2016\/02\/sigma-5-300x237.jpg 300w\" sizes=\"(max-width: 393px) 100vw, 393px\" \/><\/div><\/div><\/div><\/div><\/div><div id=\"pgc-1338-1-1\"  class=\"panel-grid-cell\" ><div id=\"panel-1338-1-1-0\" class=\"so-panel widget widget_sow-editor panel-first-child\" data-index=\"2\" ><div class=\"so-widget-sow-editor so-widget-sow-editor-base\">\n<div class=\"siteorigin-widget-tinymce textwidget\">\n\t<\/div>\n<\/div><\/div><div id=\"panel-1338-1-1-1\" class=\"so-panel widget widget_sow-editor panel-last-child\" data-index=\"3\" ><div class=\"so-widget-sow-editor so-widget-sow-editor-base\">\n<div class=\"siteorigin-widget-tinymce textwidget\">\n\t<h3>Kakelsk\u00e4rare Sigma 5A<\/h3>\n<p>En robust sk\u00e4rare som \u00e4r bra vid mycket diagonalsk\u00e4rning.<br \/>Inst\u00e4llbar f\u00f6r olika tjocklekar. Fj\u00e4drande bordsplattor. Linjalen \u00e4r st\u00e4llbar mellan 45 och 90\u00b0.<\/p>\n<\/div>\n<\/div><\/div><\/div><\/div><div id=\"pg-1338-2\"  class=\"panel-grid panel-no-style\" ><div id=\"pgc-1338-2-0\"  class=\"panel-grid-cell panel-grid-cell-mobile-last\" ><div id=\"panel-1338-2-0-0\" class=\"so-panel widget widget_sow-editor panel-first-child panel-last-child\" data-index=\"4\" ><div class=\"so-widget-sow-editor so-widget-sow-editor-base\">\n<div class=\"siteorigin-widget-tinymce textwidget\">\n\t<h3 style=\"padding-left: 30px;\">Teknisk info<\/h3>\n<p style=\"padding-left: 60px;\">\n<ul class=\"nav nav-tabs sc_tabs\"><li class=\"active\"><a href=\"#sctab7960\" rel=\"nofollow\">Tekniska data<\/a><\/li>\n<li class=\"\"><a href=\"#sctab7961\" rel=\"nofollow\">Dokumentation<\/a><\/li><\/ul> <div class=\"tab-content postclass\"><div class=\"tab-pane clearfix active\" id=\"sctab7960\"><\/p>\n<table style=\"height: 109px;\" border=\"0\" width=\"447\">\n<tbody>\n<tr>\n<td>Max tjocklek keramik<\/td>\n<td>\u00a020 mm<\/td>\n<\/tr>\n<tr>\n<td>Max\u00a0Sk\u00e4rl\u00e4ngd<\/td>\n<td>\u00a0510 mm<\/td>\n<\/tr>\n<tr>\n<td>\u00a0St\u00f6rsta plattstorlek att sk\u00e4ra diagonalt<\/td>\n<td>\u00a0350 x 350\u00a0mm<\/td>\n<\/tr>\n<tr>\n<td>\u00a0Linjal vinkelomr\u00e5de<\/td>\n<td>\u00a045\u00b0- 90\u00b0<\/td>\n<\/tr>\n<\/tbody>\n<\/table>\n<p><\/div>\n<div class=\"tab-pane clearfix \" id=\"sctab7961\"><\/p>\n<p style=\"padding-left: 30px;\"><div class=\"row\"> <div class=\"col-md-6  \"><\/p>\n<p style=\"padding-left: 30px;\"><\/div><div class=\"col-md-6  \"><\/p>\n<p>\u00a0<\/p>\n<p style=\"padding-left: 30px;\"><\/div><\/div><\/p>\n<p style=\"padding-left: 30px;\"><\/div><\/div>\n<\/p>\n<\/div>\n<\/div><\/div><\/div><div id=\"pgc-1338-2-1\"  class=\"panel-grid-cell panel-grid-cell-empty\" ><\/div><\/div><div id=\"pg-1338-3\"  class=\"panel-grid panel-no-style\" ><div id=\"pgc-1338-3-0\"  class=\"panel-grid-cell\" ><div id=\"panel-1338-3-0-0\" class=\"so-panel widget widget_sow-editor panel-first-child panel-last-child\" data-index=\"5\" ><div class=\"so-widget-sow-editor so-widget-sow-editor-base\">\n<div class=\"siteorigin-widget-tinymce textwidget\">\n\t<h3>Pris<\/h3>\n\n<ul class=\"nav nav-tabs sc_tabs\"><li class=\"active\"><a href=\"#sctab3630\" rel=\"nofollow\">Pris<\/a><\/li>\n<li class=\"\"><a href=\"#sctab3631\" rel=\"nofollow\">F\u00f6rbrukningsmaterial<\/a><\/li>\n<li class=\"\"><a href=\"#sctab3632\" rel=\"nofollow\">Komplettera<\/a><\/li><\/ul> <div class=\"tab-content postclass\"><div class=\"tab-pane clearfix active\" id=\"sctab3630\"><br \/>\n<div class=\"row\"> <div class=\"col-md-3  \"><\/p>\n<h4>Pris dag 1<\/h4>\n<h4><span style=\"color: #ff0000;\">145 kr<\/span><\/h4>\n<p><\/div><div class=\"col-md-3  \"><\/p>\n<h4>Pris fr\u00e5n dag 2<\/h4>\n<h4><span style=\"color: #ff0000;\">70 kr<\/span><\/h4>\n<p><\/div><div class=\"col-md-3  \"><\/p>\n<h4>Helg<\/h4>\n<h4><span style=\"color: #ff0000;\">215\u00a0kr<\/span><\/h4>\n<p><\/div><div class=\"col-md-3  \"><\/p>\n<h4>Vecka<\/h4>\n<h4><span style=\"color: #ff0000;\">425 kr<\/span><\/h4>\n<p><\/div><\/div><br \/>\nMoms ing\u00e5r i\u00a0alla priser.<\/p>\n<p><\/div>\n<div class=\"tab-pane clearfix \" id=\"sctab3631\"><\/p>\n<p><\/div>\n<div class=\"tab-pane clearfix \" id=\"sctab3632\"><\/p>\n<p><a href=\"http:\/\/www.gelwel.se\/exempelsida\/maskinuthyrning\/spackelomrorare\/\">Omr\u00f6rare<\/a> \u00a0<\/div><\/div>\n\n<\/div>\n<\/div><\/div><\/div><div id=\"pgc-1338-3-1\"  class=\"panel-grid-cell\" >\n\n        <div id=\"panel-1338-3-1-0\" class=\"so-panel widget widget_kadence_calltoaction_widget kadence_calltoaction_widget panel-first-child panel-last-child\" data-index=\"6\" ><div class=\"kt-ctaw clearfix\"><h1 class=\"kt-call-to-action-title\" style=\" font-size:40px; line-height:1.1; text-align:center; \"  data-max-size=\"40\" data-min-size=\"40\">Boka maskinen<\/h1><div style=\"text-align:center\"><a href=\"http:\/\/www.gelwel.se\/?page_id=585\" id=\"kadbtn48\" target=\"_self\" class=\"kad-btn btn-shortcode kad-btn-primary lg-kad-btn \" style=\" border: 0 solid; border-color:#000;  \" onMouseOver=\"\" onMouseOut=\"\">BOKA <\/a><\/div><\/div><\/div>\n    <\/div><\/div><div id=\"pg-1338-4\"  class=\"panel-grid panel-no-style\" ><div id=\"pgc-1338-4-0\"  class=\"panel-grid-cell panel-grid-cell-empty\" ><\/div><\/div><\/div>","protected":false},"excerpt":{"rendered":"<p>\u00a0\u00a0 Kakelsk\u00e4rare Sigma 5AEn robust sk\u00e4rare som \u00e4r bra vid mycket diagonalsk\u00e4rning.Inst\u00e4llbar f\u00f6r olika tjocklekar. Fj\u00e4drande bordsplattor. Linjalen \u00e4r st\u00e4llbar mellan 45 och 90\u00b0.<\/p>\n","protected":false},"author":1,"featured_media":0,"parent":11,"menu_order":0,"comment_status":"closed","ping_status":"closed","template":"page-fullwidth.php","meta":{"kt_blocks_editor_width":""},"kb_featured_image_src_large":false,"kb_author_info":{"display_name":"per","author_link":"https:\/\/www.gelweluthyrning.se\/?author=1","author_image":"https:\/\/secure.gravatar.com\/avatar\/250821d350f2213e36bf942f193b8969?s=96&d=mm&r=g"},"kb_comment_info":0,"_links":{"self":[{"href":"https:\/\/www.gelweluthyrning.se\/index.php?rest_route=\/wp\/v2\/pages\/1338"}],"collection":[{"href":"https:\/\/www.gelweluthyrning.se\/index.php?rest_route=\/wp\/v2\/pages"}],"about":[{"href":"https:\/\/www.gelweluthyrning.se\/index.php?rest_route=\/wp\/v2\/types\/page"}],"author":[{"embeddable":true,"href":"https:\/\/www.gelweluthyrning.se\/index.php?rest_route=\/wp\/v2\/users\/1"}],"replies":[{"embeddable":true,"href":"https:\/\/www.gelweluthyrning.se\/index.php?rest_route=%2Fwp%2Fv2%2Fcomments&post=1338"}],"version-history":[{"count":10,"href":"https:\/\/www.gelweluthyrning.se\/index.php?rest_route=\/wp\/v2\/pages\/1338\/revisions"}],"predecessor-version":[{"id":8250,"href":"https:\/\/www.gelweluthyrning.se\/index.php?rest_route=\/wp\/v2\/pages\/1338\/revisions\/8250"}],"up":[{"embeddable":true,"href":"https:\/\/www.gelweluthyrning.se\/index.php?rest_route=\/wp\/v2\/pages\/11"}],"wp:attachment":[{"href":"https:\/\/www.gelweluthyrning.se\/index.php?rest_route=%2Fwp%2Fv2%2Fmedia&parent=1338"}],"curies":[{"name":"wp","href":"https:\/\/api.w.org\/{rel}","templated":true}]}}