{"id":1334,"date":"2016-02-21T11:12:51","date_gmt":"2016-02-21T10:12:51","guid":{"rendered":"http:\/\/localhost\/wordpress\/?page_id=1334"},"modified":"2021-01-29T16:16:11","modified_gmt":"2021-01-29T15:16:11","slug":"golvsag","status":"publish","type":"page","link":"https:\/\/www.gelweluthyrning.se\/?page_id=1334","title":{"rendered":"Golvs\u00e5g uthyres"},"content":{"rendered":"<div id=\"pl-1334\"  class=\"panel-layout\" ><div id=\"pg-1334-0\"  class=\"panel-grid panel-no-style\" ><div id=\"pgc-1334-0-0\"  class=\"panel-grid-cell\" ><div id=\"panel-1334-0-0-0\" class=\"so-panel widget widget_sow-editor panel-first-child panel-last-child\" data-index=\"0\" ><div class=\"so-widget-sow-editor so-widget-sow-editor-base\">\n<div class=\"siteorigin-widget-tinymce textwidget\">\n\t<h1>\u00a0<\/h1>\n<h1 align=\"center\">\u00a0<\/h1>\n<\/div>\n<\/div><\/div><\/div><\/div><div id=\"pg-1334-1\"  class=\"panel-grid panel-no-style\" ><div id=\"pgc-1334-1-0\"  class=\"panel-grid-cell\" ><div id=\"panel-1334-1-0-0\" class=\"so-panel widget widget_virtue_about_with_image virtue_about_with_image panel-first-child panel-last-child\" data-index=\"1\" ><div class=\"kad_img_upload_widget kt-shape-type- kt-image-align-center kt-image-widget-widget-1-0-0\"><div class=\"kt-image-contain  \"><div class=\"kt-image-inner-contain\"><img width=\"1000\" height=\"740\" src=\"https:\/\/www.gelweluthyrning.se\/wp-content\/uploads\/2016\/02\/Golvsag3.jpg\" class=\"attachment-full size-full\" alt=\"Golvs\u00e5g 600 mm klinga\" loading=\"lazy\" srcset=\"https:\/\/www.gelweluthyrning.se\/wp-content\/uploads\/2016\/02\/Golvsag3.jpg 1000w, https:\/\/www.gelweluthyrning.se\/wp-content\/uploads\/2016\/02\/Golvsag3-300x222.jpg 300w\" sizes=\"(max-width: 1000px) 100vw, 1000px\" \/><\/div><\/div><\/div><\/div><\/div><div id=\"pgc-1334-1-1\"  class=\"panel-grid-cell\" ><div id=\"panel-1334-1-1-0\" class=\"so-panel widget widget_sow-editor panel-first-child\" data-index=\"2\" ><div class=\"so-widget-sow-editor so-widget-sow-editor-base\">\n<div class=\"siteorigin-widget-tinymce textwidget\">\n\t<\/div>\n<\/div><\/div><div id=\"panel-1334-1-1-1\" class=\"so-panel widget widget_sow-editor panel-last-child\" data-index=\"3\" ><div class=\"so-widget-sow-editor so-widget-sow-editor-base\">\n<div class=\"siteorigin-widget-tinymce textwidget\">\n\t<h3>Golvs\u00e5g 400 V<\/h3>\n<p>Kraftig elektrisk golvs\u00e5g f\u00f6r betong och asfalt. Sk\u00e4r djup 250 mm<\/p>\n<p>\u00a0<\/p>\n<\/div>\n<\/div><\/div><\/div><\/div><div id=\"pg-1334-2\"  class=\"panel-grid panel-no-style\" ><div id=\"pgc-1334-2-0\"  class=\"panel-grid-cell\" ><div id=\"panel-1334-2-0-0\" class=\"so-panel widget widget_sow-editor panel-first-child panel-last-child\" data-index=\"4\" ><div class=\"so-widget-sow-editor so-widget-sow-editor-base\">\n<div class=\"siteorigin-widget-tinymce textwidget\">\n\t<h3 style=\"padding-left: 30px;\">Teknisk info<\/h3>\n<p style=\"padding-left: 60px;\">\n<ul class=\"nav nav-tabs sc_tabs\"><li class=\"active\"><a href=\"#sctab6180\" rel=\"nofollow\">Tekniska data<\/a><\/li>\n<li class=\"\"><a href=\"#sctab6181\" rel=\"nofollow\">Dokumentation<\/a><\/li><\/ul> <div class=\"tab-content postclass\"><div class=\"tab-pane clearfix active\" id=\"sctab6180\"><\/p>\n<p>\u00a0<\/p>\n<p><\/div>\n<div class=\"tab-pane clearfix \" id=\"sctab6181\"><\/p>\n<p style=\"padding-left: 30px;\"><div class=\"row\"> <div class=\"col-md-6  \"><\/p>\n<p style=\"padding-left: 30px;\"><\/div><div class=\"col-md-6  \"><\/p>\n<p>\u00a0<\/p>\n<p style=\"padding-left: 30px;\"><\/div><\/div><\/p>\n<p style=\"padding-left: 30px;\"><\/div><\/div>\n<\/p>\n<\/div>\n<\/div><\/div><\/div><div id=\"pgc-1334-2-1\"  class=\"panel-grid-cell\" ><div id=\"panel-1334-2-1-0\" class=\"so-panel widget widget_virtue_about_with_image virtue_about_with_image panel-first-child panel-last-child\" data-index=\"5\" ><div class=\"kad_img_upload_widget kt-shape-type- kt-image-align-center kt-image-widget-widget-2-1-0\"><a href=\"http:\/\/www.gelwel.se\/wp-content\/uploads\/2016\/02\/Golvsag.jpg\" rel=\"lightbox\"><div class=\"kt-image-contain  \"><div class=\"kt-image-inner-contain\"><img width=\"1000\" height=\"812\" src=\"https:\/\/www.gelweluthyrning.se\/wp-content\/uploads\/2016\/02\/Golvsag.jpg\" class=\"attachment-full size-full\" alt=\"Golvs\u00e5g f\u00f6r betong och asfalt.\" loading=\"lazy\" srcset=\"https:\/\/www.gelweluthyrning.se\/wp-content\/uploads\/2016\/02\/Golvsag.jpg 1000w, https:\/\/www.gelweluthyrning.se\/wp-content\/uploads\/2016\/02\/Golvsag-300x244.jpg 300w\" sizes=\"(max-width: 1000px) 100vw, 1000px\" \/><\/div><\/div><\/a><\/div><\/div><\/div><\/div><div id=\"pg-1334-3\"  class=\"panel-grid panel-no-style\" ><div id=\"pgc-1334-3-0\"  class=\"panel-grid-cell\" ><div id=\"panel-1334-3-0-0\" class=\"so-panel widget widget_sow-editor panel-first-child panel-last-child\" data-index=\"6\" ><div class=\"so-widget-sow-editor so-widget-sow-editor-base\">\n<div class=\"siteorigin-widget-tinymce textwidget\">\n\t<h3>Pris<\/h3>\n\n<ul class=\"nav nav-tabs sc_tabs\"><li class=\"active\"><a href=\"#sctab2600\" rel=\"nofollow\">Pris<\/a><\/li>\n<li class=\"\"><a href=\"#sctab2601\" rel=\"nofollow\">F\u00f6rbrukningsmaterial<\/a><\/li>\n<li class=\"\"><a href=\"#sctab2602\" rel=\"nofollow\">Komplettera<\/a><\/li><\/ul> <div class=\"tab-content postclass\"><div class=\"tab-pane clearfix active\" id=\"sctab2600\"><br \/>\n<div class=\"row\"> <div class=\"col-md-3  \"><\/p>\n<h4>Pris dag 1<\/h4>\n<h4><span style=\"color: #ff0000;\">550 kr<\/span><\/h4>\n<p><\/div><div class=\"col-md-3  \"><\/p>\n<h4>Pris fr\u00e5n dag 2<\/h4>\n<h4><span style=\"color: #ff0000;\">475 kr<\/span><\/h4>\n<p><\/div><div class=\"col-md-3  \"><\/p>\n<h4>Helg<\/h4>\n<h4><span style=\"color: #ff0000;\">1025\u00a0kr<\/span><\/h4>\n<p><\/div><div class=\"col-md-3  \"><\/p>\n<h4>Vecka<\/h4>\n<h4><span style=\"color: #ff0000;\">2450 kr<\/span><\/h4>\n<p><\/div><\/div><br \/>\nMoms ing\u00e5r i\u00a0alla priser. Kapskiva \u00a0tillkommer se f\u00f6rbrukning<\/p>\n<p><\/div>\n<div class=\"tab-pane clearfix \" id=\"sctab2601\"><\/p>\n<p>Kapskiva diamant f\u00f6r betong\u00a0600\u00a0mm 1190\u00a0kr\/mm, asfaltsklinga 1675 kr\/mm. (min deb 0,5 mm).<\/p>\n<p><\/div>\n<div class=\"tab-pane clearfix \" id=\"sctab2602\"><\/p>\n<p>Andningskydd, h\u00f6rselskydd och skyddsglas\u00f6gon. <\/div><\/div>\n\n<\/div>\n<\/div><\/div><\/div><div id=\"pgc-1334-3-1\"  class=\"panel-grid-cell\" >\n\n        <div id=\"panel-1334-3-1-0\" class=\"so-panel widget widget_kadence_calltoaction_widget kadence_calltoaction_widget panel-first-child panel-last-child\" data-index=\"7\" ><div class=\"kt-ctaw clearfix\"><h1 class=\"kt-call-to-action-title\" style=\" font-size:40px; line-height:1.1; text-align:center; \"  data-max-size=\"40\" data-min-size=\"40\">Boka maskinen<\/h1><div style=\"text-align:center\"><a href=\"http:\/\/www.gelwel.se\/?page_id=585\" id=\"kadbtn28\" target=\"_self\" class=\"kad-btn btn-shortcode kad-btn-primary lg-kad-btn \" style=\" border: 0 solid; border-color:#000;  \" onMouseOver=\"\" onMouseOut=\"\">BOKA <\/a><\/div><\/div><\/div>\n    <\/div><\/div><div id=\"pg-1334-4\"  class=\"panel-grid panel-no-style\" ><div id=\"pgc-1334-4-0\"  class=\"panel-grid-cell panel-grid-cell-empty\" ><\/div><\/div><\/div>","protected":false},"excerpt":{"rendered":"<p>\u00a0\u00a0 Golvs\u00e5g 400 VKraftig elektrisk golvs\u00e5g f\u00f6r betong och asfalt. Sk\u00e4r djup 250 mm\u00a0<\/p>\n","protected":false},"author":1,"featured_media":0,"parent":11,"menu_order":0,"comment_status":"closed","ping_status":"closed","template":"page-fullwidth.php","meta":{"kt_blocks_editor_width":""},"kb_featured_image_src_large":false,"kb_author_info":{"display_name":"per","author_link":"https:\/\/www.gelweluthyrning.se\/?author=1","author_image":"https:\/\/secure.gravatar.com\/avatar\/250821d350f2213e36bf942f193b8969?s=96&d=mm&r=g"},"kb_comment_info":0,"_links":{"self":[{"href":"https:\/\/www.gelweluthyrning.se\/index.php?rest_route=\/wp\/v2\/pages\/1334"}],"collection":[{"href":"https:\/\/www.gelweluthyrning.se\/index.php?rest_route=\/wp\/v2\/pages"}],"about":[{"href":"https:\/\/www.gelweluthyrning.se\/index.php?rest_route=\/wp\/v2\/types\/page"}],"author":[{"embeddable":true,"href":"https:\/\/www.gelweluthyrning.se\/index.php?rest_route=\/wp\/v2\/users\/1"}],"replies":[{"embeddable":true,"href":"https:\/\/www.gelweluthyrning.se\/index.php?rest_route=%2Fwp%2Fv2%2Fcomments&post=1334"}],"version-history":[{"count":6,"href":"https:\/\/www.gelweluthyrning.se\/index.php?rest_route=\/wp\/v2\/pages\/1334\/revisions"}],"predecessor-version":[{"id":8252,"href":"https:\/\/www.gelweluthyrning.se\/index.php?rest_route=\/wp\/v2\/pages\/1334\/revisions\/8252"}],"up":[{"embeddable":true,"href":"https:\/\/www.gelweluthyrning.se\/index.php?rest_route=\/wp\/v2\/pages\/11"}],"wp:attachment":[{"href":"https:\/\/www.gelweluthyrning.se\/index.php?rest_route=%2Fwp%2Fv2%2Fmedia&parent=1334"}],"curies":[{"name":"wp","href":"https:\/\/api.w.org\/{rel}","templated":true}]}}