{"id":1313,"date":"2016-02-20T17:52:11","date_gmt":"2016-02-20T16:52:11","guid":{"rendered":"http:\/\/localhost\/wordpress\/?page_id=1313"},"modified":"2023-05-16T14:23:02","modified_gmt":"2023-05-16T12:23:02","slug":"545-2","status":"publish","type":"page","link":"https:\/\/www.gelweluthyrning.se\/?page_id=1313","title":{"rendered":"Motors\u00e5g uthyres"},"content":{"rendered":"<div id=\"pl-1313\"  class=\"panel-layout\" ><div id=\"pg-1313-0\"  class=\"panel-grid panel-no-style\" ><div id=\"pgc-1313-0-0\"  class=\"panel-grid-cell\" ><div id=\"panel-1313-0-0-0\" class=\"so-panel widget widget_sow-editor panel-first-child panel-last-child\" data-index=\"0\" ><div class=\"so-widget-sow-editor so-widget-sow-editor-base\">\n<div class=\"siteorigin-widget-tinymce textwidget\">\n\t<h1>\u00a0<\/h1>\n<h1 align=\"center\">\u00a0<\/h1>\n<\/div>\n<\/div><\/div><\/div><\/div><div id=\"pg-1313-1\"  class=\"panel-grid panel-no-style\" ><div id=\"pgc-1313-1-0\"  class=\"panel-grid-cell\" ><div id=\"panel-1313-1-0-0\" class=\"so-panel widget widget_virtue_about_with_image virtue_about_with_image panel-first-child panel-last-child\" data-index=\"1\" ><div class=\"kad_img_upload_widget kt-shape-type- kt-image-align-center kt-image-widget-widget-1-0-0\"><div class=\"kt-image-contain  \"><div class=\"kt-image-inner-contain\"><img width=\"700\" height=\"372\" src=\"https:\/\/www.gelweluthyrning.se\/wp-content\/uploads\/2016\/02\/Motorsag545.jpg\" class=\"attachment-full size-full\" alt=\"Husqvarna motors\u00e5g 545\" loading=\"lazy\" srcset=\"https:\/\/www.gelweluthyrning.se\/wp-content\/uploads\/2016\/02\/Motorsag545.jpg 700w, https:\/\/www.gelweluthyrning.se\/wp-content\/uploads\/2016\/02\/Motorsag545-300x159.jpg 300w\" sizes=\"(max-width: 700px) 100vw, 700px\" \/><\/div><\/div><\/div><\/div><\/div><div id=\"pgc-1313-1-1\"  class=\"panel-grid-cell\" ><div id=\"panel-1313-1-1-0\" class=\"so-panel widget widget_sow-editor panel-first-child\" data-index=\"2\" ><div class=\"so-widget-sow-editor so-widget-sow-editor-base\">\n<div class=\"siteorigin-widget-tinymce textwidget\">\n\t<\/div>\n<\/div><\/div><div id=\"panel-1313-1-1-1\" class=\"so-panel widget widget_sow-editor panel-last-child\" data-index=\"3\" ><div class=\"so-widget-sow-editor so-widget-sow-editor-base\">\n<div class=\"siteorigin-widget-tinymce textwidget\">\n\t<h2>Husqvarna\u00a0545<\/h2>\n<p>Husqvarna 545 \u00e4r utvecklad f\u00f6r kr\u00e4vande arbeten som utf\u00f6rs av entrepren\u00f6rer och mark\u00e4gare. S\u00e5gen har banbrytande design och \u00e4r full av r\u00e5styrka, vilket inneb\u00e4r effektiv drift. Unik motorteknik X-TORQ\u00ae ger mer kraft d\u00e4r du beh\u00f6ver den, upp till 20 % l\u00e4gre br\u00e4nslef\u00f6rbrukning och 75 % l\u00e4gre avgasemissioner. Vi har 13 och 18\" utrustning att erbjuda till denna s\u00e5g.<\/p>\n<\/div>\n<\/div><\/div><\/div><\/div><div id=\"pg-1313-2\"  class=\"panel-grid panel-no-style\" ><div id=\"pgc-1313-2-0\"  class=\"panel-grid-cell panel-grid-cell-mobile-last\" ><div id=\"panel-1313-2-0-0\" class=\"so-panel widget widget_sow-editor panel-first-child panel-last-child\" data-index=\"4\" ><div class=\"so-widget-sow-editor so-widget-sow-editor-base\">\n<div class=\"siteorigin-widget-tinymce textwidget\">\n\t<h3 style=\"padding-left: 30px;\">Teknisk info<\/h3>\n<p style=\"padding-left: 60px;\">\n<ul class=\"nav nav-tabs sc_tabs\"><li class=\"active\"><a href=\"#sctab4140\" rel=\"nofollow\">Tekniska data<\/a><\/li>\n<li class=\"\"><a href=\"#sctab4141\" rel=\"nofollow\">Dokumentation<\/a><\/li><\/ul> <div class=\"tab-content postclass\"><div class=\"tab-pane clearfix active\" id=\"sctab4140\"><\/p>\n<table>\n<tbody>\n<tr>\n<td>Cylindervolym<\/td>\n<td>50,1 cm\u00b3<\/td>\n<\/tr>\n<tr>\n<td>Effekt<\/td>\n<td>2,5 kW<\/td>\n<\/tr>\n<tr>\n<td>Varvtal vid max effekt<\/td>\n<td>9600 rpm<\/td>\n<\/tr>\n<tr>\n<td>Br\u00e4nsletanksvolym<\/td>\n<td>0,52 l<\/td>\n<\/tr>\n<tr>\n<td>Br\u00e4nslef\u00f6rbrukning<\/td>\n<td>424 g\/kWh<\/td>\n<\/tr>\n<tr>\n<td>Vikt utan sk\u00e4rutrustning<\/td>\n<td>4,9 kg<\/td>\n<\/tr>\n<\/tbody>\n<\/table>\n<p><\/div>\n<div class=\"tab-pane clearfix \" id=\"sctab4141\"><\/p>\n<p style=\"padding-left: 30px;\"><div class=\"row\"> <div class=\"col-md-6  \"><\/p>\n<p style=\"padding-left: 30px;\"><a href=\"http:\/\/www.gelwel.se\/wp-content\/uploads\/2016\/02\/545-motorsag-bruksanvisning.pdf\" target=\"_blank\"><img class=\"alignnone size-full wp-image-703\" src=\"http:\/\/www.gelwel.se\/wp-content\/uploads\/2016\/02\/Pdf50x48.jpg\" alt=\"\" width=\"50\" height=\"48\" \/><\/a><a href=\"http:\/\/www.gelwel.se\/wp-content\/uploads\/2016\/02\/545-motorsag-bruksanvisning.pdf\" target=\"_blank\">545 motorsag bruksanvisning<\/a><\/div><div class=\"col-md-6  \"><\/p>\n<p>\u00a0<\/p>\n<p style=\"padding-left: 30px;\"><\/div><\/div><\/p>\n<p style=\"padding-left: 30px;\"><\/div><\/div>\n<\/p>\n<\/div>\n<\/div><\/div><\/div><div id=\"pgc-1313-2-1\"  class=\"panel-grid-cell panel-grid-cell-empty\" ><\/div><\/div><div id=\"pg-1313-3\"  class=\"panel-grid panel-no-style\" ><div id=\"pgc-1313-3-0\"  class=\"panel-grid-cell\" ><div id=\"panel-1313-3-0-0\" class=\"so-panel widget widget_sow-editor panel-first-child panel-last-child\" data-index=\"5\" ><div class=\"so-widget-sow-editor so-widget-sow-editor-base\">\n<div class=\"siteorigin-widget-tinymce textwidget\">\n\t<h3>Pris<\/h3>\n\n<ul class=\"nav nav-tabs sc_tabs\"><li class=\"active\"><a href=\"#sctab1530\" rel=\"nofollow\">Pris<\/a><\/li>\n<li class=\"\"><a href=\"#sctab1531\" rel=\"nofollow\">F\u00f6rbrukningsmaterial<\/a><\/li>\n<li class=\"\"><a href=\"#sctab1532\" rel=\"nofollow\">Komplettera<\/a><\/li><\/ul> <div class=\"tab-content postclass\"><div class=\"tab-pane clearfix active\" id=\"sctab1530\"><br \/>\n<div class=\"row\"> <div class=\"col-md-3  \"><\/p>\n<h4>Pris dag 1<\/h4>\n<h4><span style=\"color: #ff0000;\">275 kr<\/span><\/h4>\n<p><\/div><div class=\"col-md-3  \"><\/p>\n<h4>Pris fr\u00e5n dag 2<\/h4>\n<h4><span style=\"color: #ff0000;\">200\u00a0kr<\/span><\/h4>\n<p><\/div><div class=\"col-md-3  \"><\/p>\n<h4>Helg<\/h4>\n<h4><span style=\"color: #ff0000;\">475 kr<\/span><\/h4>\n<p><\/div><div class=\"col-md-3  \"><\/p>\n<h4>Vecka<\/h4>\n<h4><span style=\"color: #ff0000;\">1075 kr<\/span><\/h4>\n<p><\/div><\/div><br \/>\nMoms ing\u00e5r i\u00a0alla priser. Kostnad f\u00f6r kedja tillkommer, s\u00e5gen l\u00e4mnas alltid ut med en ny kedja.<\/p>\n<p><\/div>\n<div class=\"tab-pane clearfix \" id=\"sctab1531\"><\/p>\n<p>Aspen 2T och kedjeolja enligt dagspris<\/p>\n<p><\/div>\n<div class=\"tab-pane clearfix \" id=\"sctab1532\"><\/p>\n<p>S\u00e5ghj\u00e4lm 15 kr\/dag, s\u00e5gskyddsbyxor\/byxholk 50 kr\/dag, skyddst\u00f6vlar 50 kr\/dag\u00a0<\/div><\/div>\n\n<\/div>\n<\/div><\/div><\/div><div id=\"pgc-1313-3-1\"  class=\"panel-grid-cell\" >\n\n        <div id=\"panel-1313-3-1-0\" class=\"so-panel widget widget_kadence_calltoaction_widget kadence_calltoaction_widget panel-first-child panel-last-child\" data-index=\"6\" ><div class=\"kt-ctaw clearfix\"><h1 class=\"kt-call-to-action-title\" style=\" font-size:40px; line-height:1.1; text-align:center; \"  data-max-size=\"40\" data-min-size=\"40\">Boka maskinen<\/h1><div style=\"text-align:center\"><a href=\"http:\/\/www.gelwel.se\/?page_id=585\" id=\"kadbtn61\" target=\"_self\" class=\"kad-btn btn-shortcode kad-btn-primary lg-kad-btn \" style=\" border: 0 solid; border-color:#000;  \" onMouseOver=\"\" onMouseOut=\"\">BOKA <\/a><\/div><\/div><\/div>\n    <\/div><\/div><div id=\"pg-1313-4\"  class=\"panel-grid panel-no-style\" ><div id=\"pgc-1313-4-0\"  class=\"panel-grid-cell panel-grid-cell-empty\" ><\/div><\/div><\/div>","protected":false},"excerpt":{"rendered":"<p>\u00a0\u00a0 Husqvarna\u00a0545Husqvarna 545 \u00e4r utvecklad f\u00f6r kr\u00e4vande arbeten som utf\u00f6rs av entrepren\u00f6rer och mark\u00e4gare. S\u00e5gen har banbrytande design och \u00e4r full av r\u00e5styrka, vilket inneb\u00e4r effektiv drift. Unik motorteknik X-TORQ\u00ae ger mer kraft d\u00e4r du beh\u00f6ver den, upp till 20 &hellip; <a class=\"kt-excerpt-readmore\" href=\"https:\/\/www.gelweluthyrning.se\/?page_id=1313\" aria-label=\"Motors\u00e5g uthyres\">L\u00e4s mer<\/a><\/p>\n","protected":false},"author":1,"featured_media":0,"parent":11,"menu_order":0,"comment_status":"closed","ping_status":"closed","template":"page-fullwidth.php","meta":{"kt_blocks_editor_width":""},"kb_featured_image_src_large":false,"kb_author_info":{"display_name":"per","author_link":"https:\/\/www.gelweluthyrning.se\/?author=1","author_image":"https:\/\/secure.gravatar.com\/avatar\/250821d350f2213e36bf942f193b8969?s=96&d=mm&r=g"},"kb_comment_info":0,"_links":{"self":[{"href":"https:\/\/www.gelweluthyrning.se\/index.php?rest_route=\/wp\/v2\/pages\/1313"}],"collection":[{"href":"https:\/\/www.gelweluthyrning.se\/index.php?rest_route=\/wp\/v2\/pages"}],"about":[{"href":"https:\/\/www.gelweluthyrning.se\/index.php?rest_route=\/wp\/v2\/types\/page"}],"author":[{"embeddable":true,"href":"https:\/\/www.gelweluthyrning.se\/index.php?rest_route=\/wp\/v2\/users\/1"}],"replies":[{"embeddable":true,"href":"https:\/\/www.gelweluthyrning.se\/index.php?rest_route=%2Fwp%2Fv2%2Fcomments&post=1313"}],"version-history":[{"count":13,"href":"https:\/\/www.gelweluthyrning.se\/index.php?rest_route=\/wp\/v2\/pages\/1313\/revisions"}],"predecessor-version":[{"id":9615,"href":"https:\/\/www.gelweluthyrning.se\/index.php?rest_route=\/wp\/v2\/pages\/1313\/revisions\/9615"}],"up":[{"embeddable":true,"href":"https:\/\/www.gelweluthyrning.se\/index.php?rest_route=\/wp\/v2\/pages\/11"}],"wp:attachment":[{"href":"https:\/\/www.gelweluthyrning.se\/index.php?rest_route=%2Fwp%2Fv2%2Fmedia&parent=1313"}],"curies":[{"name":"wp","href":"https:\/\/api.w.org\/{rel}","templated":true}]}}