{"id":1297,"date":"2016-02-18T17:43:16","date_gmt":"2016-02-18T16:43:16","guid":{"rendered":"http:\/\/localhost\/wordpress\/?page_id=1297"},"modified":"2019-03-31T11:05:01","modified_gmt":"2019-03-31T09:05:01","slug":"wackereh911","status":"publish","type":"page","link":"https:\/\/www.gelweluthyrning.se\/?page_id=1297","title":{"rendered":"Bilningsmaskin EH9\/11 uthyres"},"content":{"rendered":"<div id=\"pl-1297\"  class=\"panel-layout\" ><div id=\"pg-1297-0\"  class=\"panel-grid panel-no-style\" ><div id=\"pgc-1297-0-0\"  class=\"panel-grid-cell\" ><div id=\"panel-1297-0-0-0\" class=\"so-panel widget widget_sow-editor panel-first-child panel-last-child\" data-index=\"0\" ><div class=\"so-widget-sow-editor so-widget-sow-editor-base\">\n<div class=\"siteorigin-widget-tinymce textwidget\">\n\t<h1>\u00a0<\/h1>\n<h1 align=\"center\">\u00a0<\/h1>\n<\/div>\n<\/div><\/div><\/div><\/div><div id=\"pg-1297-1\"  class=\"panel-grid panel-no-style\" ><div id=\"pgc-1297-1-0\"  class=\"panel-grid-cell\" ><div id=\"panel-1297-1-0-0\" class=\"so-panel widget widget_virtue_about_with_image virtue_about_with_image panel-first-child panel-last-child\" data-index=\"1\" ><div class=\"kad_img_upload_widget kt-shape-type- kt-image-align-center kt-image-widget-widget-1-0-0\"><div class=\"kt-image-contain  \"><div class=\"kt-image-inner-contain\"><img width=\"400\" height=\"355\" src=\"https:\/\/www.gelweluthyrning.se\/wp-content\/uploads\/2016\/02\/Wacker-Magic-bilningshammarejpg.jpg\" class=\"attachment-full size-full\" alt=\"Wacker bilningsmaskin\" loading=\"lazy\" srcset=\"https:\/\/www.gelweluthyrning.se\/wp-content\/uploads\/2016\/02\/Wacker-Magic-bilningshammarejpg.jpg 400w, https:\/\/www.gelweluthyrning.se\/wp-content\/uploads\/2016\/02\/Wacker-Magic-bilningshammarejpg-300x266.jpg 300w\" sizes=\"(max-width: 400px) 100vw, 400px\" \/><\/div><\/div><\/div><\/div><\/div><div id=\"pgc-1297-1-1\"  class=\"panel-grid-cell\" ><div id=\"panel-1297-1-1-0\" class=\"so-panel widget widget_sow-editor panel-first-child\" data-index=\"2\" ><div class=\"so-widget-sow-editor so-widget-sow-editor-base\">\n<div class=\"siteorigin-widget-tinymce textwidget\">\n\t<\/div>\n<\/div><\/div><div id=\"panel-1297-1-1-1\" class=\"so-panel widget widget_sow-editor panel-last-child\" data-index=\"3\" ><div class=\"so-widget-sow-editor so-widget-sow-editor-base\">\n<div class=\"siteorigin-widget-tinymce textwidget\">\n\t<h1>Borr och bilningshammare Wacker EH9\/11 Magic<\/h1>\n<p>Kraftiga elektriska mejselhammare f\u00f6r bilning och borrning ned\u00e5t eller i v\u00e4gg. V\u00e4l avvibrerade f\u00f6r l\u00e5nga arbetspass. Mjukstart. EH 9 \u00e4r lite l\u00e4ttare men saknar borrfunktion.<\/p>\n<p>\u00a0<\/p>\n<\/div>\n<\/div><\/div><\/div><\/div><div id=\"pg-1297-2\"  class=\"panel-grid panel-no-style\" ><div id=\"pgc-1297-2-0\"  class=\"panel-grid-cell\" ><div id=\"panel-1297-2-0-0\" class=\"so-panel widget widget_sow-editor panel-first-child panel-last-child\" data-index=\"4\" ><div class=\"so-widget-sow-editor so-widget-sow-editor-base\">\n<div class=\"siteorigin-widget-tinymce textwidget\">\n\t<h3 style=\"padding-left: 30px;\">Teknisk info<\/h3>\n<p style=\"padding-left: 60px;\">\n<ul class=\"nav nav-tabs sc_tabs\"><li class=\"active\"><a href=\"#sctab7720\" rel=\"nofollow\">Tekniska data<\/a><\/li>\n<li class=\"\"><a href=\"#sctab7721\" rel=\"nofollow\">Dokumentation<\/a><\/li><\/ul> <div class=\"tab-content postclass\"><div class=\"tab-pane clearfix active\" id=\"sctab7720\"><\/p>\n<table border=\"0\" width=\"900\" cellspacing=\"0\" cellpadding=\"0\">\n<tbody>\n<tr>\n<td valign=\"top\" width=\"153\">\n<p>\u00a0<\/p>\n<p>M\u00e5tt: (LxBxH)<br \/> Vikt:<br \/> Slagfrekvens:<br \/> Slagkraft:<br \/> Motor:<br \/> Sp\u00e4nning:<br \/> Effekt:<br \/> Vibrations v\u00e4rde<sup>\u00a0<\/sup><\/p>\n<\/td>\n<td valign=\"top\">\n<p>EH 9\/11<\/p>\n<p>620 x 105 x 245 mm<br \/> 10\/10,7 kg (EH 9\/11)<br \/> 1300-2150 \/min (justerbart)<br \/> 19 J<br \/> 3 fas med omformare = vanlig 1 fas str\u00f6m<br \/> 230 Volt<br \/> 1,38 kW<br \/> 9,8 m\/s<sup>2<\/sup><\/p>\n<\/td>\n<\/tr>\n<\/tbody>\n<\/table>\n<p><\/div>\n<div class=\"tab-pane clearfix \" id=\"sctab7721\"><\/p>\n<p style=\"padding-left: 30px;\"><div class=\"row\"> <div class=\"col-md-6  \"><a href=\"http:\/\/www.gelwel.se\/wp-content\/uploads\/2016\/02\/Bruksanvisning-EH9.pdf\" target=\"_blank\"><img class=\"alignnone wp-image-703 size-full\" src=\"http:\/\/www.gelwel.se\/wp-content\/uploads\/2016\/02\/Pdf50x48.jpg\" alt=\"Pdf50x48\" width=\"50\" height=\"48\" \/><\/a>instruktion EH 9,\u00a0<a href=\"http:\/\/www.gelwel.se\/wp-content\/uploads\/2016\/02\/Wacker-EH-11-instruktion.pdf\" target=\"_blank\"><img class=\"alignnone wp-image-703 size-full\" src=\"http:\/\/www.gelwel.se\/wp-content\/uploads\/2016\/02\/Pdf50x48.jpg\" alt=\"Pdf50x48\" width=\"50\" height=\"48\" \/><\/a>\u00a0instruktion EH 11<\/p>\n<p style=\"padding-left: 30px;\"><\/div><div class=\"col-md-6  \"><\/p>\n<p><a href=\"http:\/\/www.gelwel.se\/wp-content\/uploads\/2016\/02\/EH9.pdf\" target=\"_blank\"><img class=\"alignnone wp-image-703 size-full\" src=\"http:\/\/www.gelwel.se\/wp-content\/uploads\/2016\/02\/Pdf50x48.jpg\" alt=\"Pdf50x48\" width=\"50\" height=\"48\" \/><\/a>Broschyr Eh 9<\/p>\n<p style=\"padding-left: 30px;\"><\/div><\/div><\/p>\n<p style=\"padding-left: 30px;\"><\/div><\/div>\n<\/p>\n<\/div>\n<\/div><\/div><\/div><div id=\"pgc-1297-2-1\"  class=\"panel-grid-cell\" ><div id=\"panel-1297-2-1-0\" class=\"so-panel widget widget_virtue_about_with_image virtue_about_with_image panel-first-child panel-last-child\" data-index=\"5\" ><div class=\"kad_img_upload_widget kt-shape-type- kt-image-align-center kt-image-widget-widget-2-1-0\"><a href=\"http:\/\/www.gelwel.se\/wp-content\/uploads\/2016\/02\/Wacker-EHB11-borr-bilningsmaskin.jpg\" rel=\"lightbox\"><div class=\"kt-image-contain  \"><div class=\"kt-image-inner-contain\"><img width=\"400\" height=\"400\" src=\"https:\/\/www.gelweluthyrning.se\/wp-content\/uploads\/2016\/02\/Wacker-EHB11-borr-bilningsmaskin.jpg\" class=\"attachment-full size-full\" alt=\"Wacker bil och borrmaskin\" loading=\"lazy\" srcset=\"https:\/\/www.gelweluthyrning.se\/wp-content\/uploads\/2016\/02\/Wacker-EHB11-borr-bilningsmaskin.jpg 400w, https:\/\/www.gelweluthyrning.se\/wp-content\/uploads\/2016\/02\/Wacker-EHB11-borr-bilningsmaskin-150x150.jpg 150w, https:\/\/www.gelweluthyrning.se\/wp-content\/uploads\/2016\/02\/Wacker-EHB11-borr-bilningsmaskin-300x300.jpg 300w\" sizes=\"(max-width: 400px) 100vw, 400px\" \/><\/div><\/div><\/a><\/div><\/div><\/div><\/div><div id=\"pg-1297-3\"  class=\"panel-grid panel-no-style\" ><div id=\"pgc-1297-3-0\"  class=\"panel-grid-cell\" ><div id=\"panel-1297-3-0-0\" class=\"so-panel widget widget_sow-editor panel-first-child panel-last-child\" data-index=\"6\" ><div class=\"so-widget-sow-editor so-widget-sow-editor-base\">\n<div class=\"siteorigin-widget-tinymce textwidget\">\n\t<h3>Pris<\/h3>\n\n<ul class=\"nav nav-tabs sc_tabs\"><li class=\"active\"><a href=\"#sctab840\" rel=\"nofollow\">Pris<\/a><\/li>\n<li class=\"\"><a href=\"#sctab841\" rel=\"nofollow\">F\u00f6rbrukningsmaterial<\/a><\/li>\n<li class=\"\"><a href=\"#sctab842\" rel=\"nofollow\">Komplettera<\/a><\/li><\/ul> <div class=\"tab-content postclass\"><div class=\"tab-pane clearfix active\" id=\"sctab840\"><br \/>\n<div class=\"row\"> <div class=\"col-md-3  \"><\/p>\n<h4>Pris dag 1<\/h4>\n<h4><span style=\"color: #ff0000;\">315\u00a0kr<\/span><\/h4>\n<p><\/div><div class=\"col-md-3  \"><\/p>\n<h4>Pris fr\u00e5n dag 2<\/h4>\n<h4><span style=\"color: #ff0000;\">190\u00a0kr<\/span><\/h4>\n<p><\/div><div class=\"col-md-3  \"><\/p>\n<h4>Helg<\/h4>\n<h4><span style=\"color: #ff0000;\">505\u00a0kr<\/span><\/h4>\n<p><\/div><div class=\"col-md-3  \"><\/p>\n<h4>Vecka<\/h4>\n<h4><span style=\"color: #ff0000;\">1075 kr<\/span><\/h4>\n<p><\/div><\/div><br \/>\nMoms ing\u00e5r i\u00a0alla priser. En mejsel och slipning ing\u00e5r i priset<\/p>\n<p><\/div>\n<div class=\"tab-pane clearfix \" id=\"sctab841\"><\/p>\n<p><\/div>\n<div class=\"tab-pane clearfix \" id=\"sctab842\"><\/p>\n<p>Elkabel 230V 10 Amp, 20 m 15 kr\/dag. Extra l\u00e5ng mejsel +15 kr\/dag Bredmejslel 40 kr\/dag, extra slipning 50 kr\/st. <\/div><\/div>\n\n<\/div>\n<\/div><\/div><\/div><div id=\"pgc-1297-3-1\"  class=\"panel-grid-cell\" >\n\n        <div id=\"panel-1297-3-1-0\" class=\"so-panel widget widget_kadence_calltoaction_widget kadence_calltoaction_widget panel-first-child panel-last-child\" data-index=\"7\" ><div class=\"kt-ctaw clearfix\"><h1 class=\"kt-call-to-action-title\" style=\" font-size:40px; line-height:1.1; text-align:center; \"  data-max-size=\"40\" data-min-size=\"40\">Boka maskinen<\/h1><div style=\"text-align:center\"><a href=\"http:\/\/www.gelwel.se\/?page_id=585\" id=\"kadbtn43\" target=\"_self\" class=\"kad-btn btn-shortcode kad-btn-primary lg-kad-btn \" style=\" border: 0 solid; border-color:#000;  \" onMouseOver=\"\" onMouseOut=\"\">BOKA <\/a><\/div><\/div><\/div>\n    <\/div><\/div><div id=\"pg-1297-4\"  class=\"panel-grid panel-no-style\" ><div id=\"pgc-1297-4-0\"  class=\"panel-grid-cell panel-grid-cell-empty\" ><\/div><\/div><\/div>","protected":false},"excerpt":{"rendered":"<p>\u00a0\u00a0 Borr och bilningshammare Wacker EH9\/11 MagicKraftiga elektriska mejselhammare f\u00f6r bilning och borrning ned\u00e5t eller i v\u00e4gg. V\u00e4l avvibrerade f\u00f6r l\u00e5nga arbetspass. Mjukstart. EH 9 \u00e4r lite l\u00e4ttare men saknar borrfunktion.\u00a0<\/p>\n","protected":false},"author":1,"featured_media":0,"parent":11,"menu_order":0,"comment_status":"closed","ping_status":"closed","template":"page-fullwidth.php","meta":{"kt_blocks_editor_width":""},"kb_featured_image_src_large":false,"kb_author_info":{"display_name":"per","author_link":"https:\/\/www.gelweluthyrning.se\/?author=1","author_image":"https:\/\/secure.gravatar.com\/avatar\/250821d350f2213e36bf942f193b8969?s=96&d=mm&r=g"},"kb_comment_info":0,"_links":{"self":[{"href":"https:\/\/www.gelweluthyrning.se\/index.php?rest_route=\/wp\/v2\/pages\/1297"}],"collection":[{"href":"https:\/\/www.gelweluthyrning.se\/index.php?rest_route=\/wp\/v2\/pages"}],"about":[{"href":"https:\/\/www.gelweluthyrning.se\/index.php?rest_route=\/wp\/v2\/types\/page"}],"author":[{"embeddable":true,"href":"https:\/\/www.gelweluthyrning.se\/index.php?rest_route=\/wp\/v2\/users\/1"}],"replies":[{"embeddable":true,"href":"https:\/\/www.gelweluthyrning.se\/index.php?rest_route=%2Fwp%2Fv2%2Fcomments&post=1297"}],"version-history":[{"count":8,"href":"https:\/\/www.gelweluthyrning.se\/index.php?rest_route=\/wp\/v2\/pages\/1297\/revisions"}],"predecessor-version":[{"id":6336,"href":"https:\/\/www.gelweluthyrning.se\/index.php?rest_route=\/wp\/v2\/pages\/1297\/revisions\/6336"}],"up":[{"embeddable":true,"href":"https:\/\/www.gelweluthyrning.se\/index.php?rest_route=\/wp\/v2\/pages\/11"}],"wp:attachment":[{"href":"https:\/\/www.gelweluthyrning.se\/index.php?rest_route=%2Fwp%2Fv2%2Fmedia&parent=1297"}],"curies":[{"name":"wp","href":"https:\/\/api.w.org\/{rel}","templated":true}]}}