{"id":1283,"date":"2016-02-18T17:14:57","date_gmt":"2016-02-18T16:14:57","guid":{"rendered":"http:\/\/localhost\/wordpress\/?page_id=1283"},"modified":"2018-11-28T15:07:03","modified_gmt":"2018-11-28T14:07:03","slug":"borrskruvdrag","status":"publish","type":"page","link":"https:\/\/www.gelweluthyrning.se\/?page_id=1283","title":{"rendered":"Borr\/skruvdragare uthyres"},"content":{"rendered":"<div id=\"pl-1283\"  class=\"panel-layout\" ><div id=\"pg-1283-0\"  class=\"panel-grid panel-no-style\" ><div id=\"pgc-1283-0-0\"  class=\"panel-grid-cell\" ><div id=\"panel-1283-0-0-0\" class=\"so-panel widget widget_sow-editor panel-first-child panel-last-child\" data-index=\"0\" ><div class=\"so-widget-sow-editor so-widget-sow-editor-base\">\n<div class=\"siteorigin-widget-tinymce textwidget\">\n\t<h1>\u00a0<\/h1>\n<h1 align=\"center\">\u00a0<\/h1>\n<\/div>\n<\/div><\/div><\/div><\/div><div id=\"pg-1283-1\"  class=\"panel-grid panel-no-style\" ><div id=\"pgc-1283-1-0\"  class=\"panel-grid-cell\" ><div id=\"panel-1283-1-0-0\" class=\"so-panel widget widget_virtue_about_with_image virtue_about_with_image panel-first-child panel-last-child\" data-index=\"1\" ><div class=\"kad_img_upload_widget kt-shape-type- kt-image-align-center kt-image-widget-widget-1-0-0\"><div class=\"kt-image-contain  \"><div class=\"kt-image-inner-contain\"><img width=\"617\" height=\"675\" src=\"https:\/\/www.gelweluthyrning.se\/wp-content\/uploads\/2016\/02\/Borr-skruv-dragare-18V.jpg\" class=\"attachment-full size-full\" alt=\"Batteridriven borrmaskin skruvdragare\" loading=\"lazy\" srcset=\"https:\/\/www.gelweluthyrning.se\/wp-content\/uploads\/2016\/02\/Borr-skruv-dragare-18V.jpg 617w, https:\/\/www.gelweluthyrning.se\/wp-content\/uploads\/2016\/02\/Borr-skruv-dragare-18V-274x300.jpg 274w\" sizes=\"(max-width: 617px) 100vw, 617px\" \/><\/div><\/div><\/div><\/div><\/div><div id=\"pgc-1283-1-1\"  class=\"panel-grid-cell\" ><div id=\"panel-1283-1-1-0\" class=\"so-panel widget widget_sow-editor panel-first-child\" data-index=\"2\" ><div class=\"so-widget-sow-editor so-widget-sow-editor-base\">\n<div class=\"siteorigin-widget-tinymce textwidget\">\n\t<\/div>\n<\/div><\/div><div id=\"panel-1283-1-1-1\" class=\"so-panel widget widget_sow-editor panel-last-child\" data-index=\"3\" ><div class=\"so-widget-sow-editor so-widget-sow-editor-base\">\n<div class=\"siteorigin-widget-tinymce textwidget\">\n\t<h1>Borrskruvdragare DD2G<\/h1>\n<p>\u00a0<\/p>\n<p><strong>2-v\u00e4xlad borrskruvdragare 18,0 V<\/strong><\/p>\n<p>Elektroniska styrsystemet (EMS) skyddar maskinen, f\u00f6rl\u00e4nger livsl\u00e4ngden och \u00f6kar effektiviteten<\/p>\n<p>Elektroniskt snabbstopp<\/p>\n<p>Robust hus av gjutaluminium<\/p>\n<p>Snabbchuck av metall, med skyddsring och automatl\u00e5s funktion<\/p>\n<p>H\u00f6ger \/ v\u00e4nster rotation med s\u00e4kerhetssp\u00e4rr<\/p>\n<p>Ergonomiskt utformat, halkfritt, mjukgrepp<\/p>\n<p>Integrerad LED-lampa med long-life funktion<\/p>\n<\/div>\n<\/div><\/div><\/div><\/div><div id=\"pg-1283-2\"  class=\"panel-grid panel-no-style\" ><div id=\"pgc-1283-2-0\"  class=\"panel-grid-cell\" ><div id=\"panel-1283-2-0-0\" class=\"so-panel widget widget_sow-editor panel-first-child panel-last-child\" data-index=\"4\" ><div class=\"so-widget-sow-editor so-widget-sow-editor-base\">\n<div class=\"siteorigin-widget-tinymce textwidget\">\n\t<h3 style=\"padding-left: 30px;\">Teknisk info<\/h3>\n<p style=\"padding-left: 60px;\">\n<ul class=\"nav nav-tabs sc_tabs\"><li class=\"active\"><a href=\"#sctab9630\" rel=\"nofollow\">Tekniska data<\/a><\/li>\n<li class=\"\"><a href=\"#sctab9631\" rel=\"nofollow\">Dokumentation<\/a><\/li><\/ul> <div class=\"tab-content postclass\"><div class=\"tab-pane clearfix active\" id=\"sctab9630\"><\/p>\n<p>Se produktblad och instruktionsbok under dokumentation.<\/p>\n<p><\/div>\n<div class=\"tab-pane clearfix \" id=\"sctab9631\"><\/p>\n<p style=\"padding-left: 30px;\"><div class=\"row\"> <div class=\"col-md-6  \">Produktblad\u00a0<a href=\"http:\/\/www.gelwel.se\/wp-content\/uploads\/2016\/02\/produktblad_DD2G_18V.pdf\" target=\"_blank\"><img class=\"alignnone size-full wp-image-703\" src=\"http:\/\/www.gelwel.se\/wp-content\/uploads\/2016\/02\/Pdf50x48.jpg\" alt=\"\" width=\"50\" height=\"48\" \/><\/a><\/p>\n<p style=\"padding-left: 30px;\"><\/div><div class=\"col-md-6  \">Instruktionsbok <a href=\"http:\/\/www.gelwel.se\/wp-content\/uploads\/2016\/02\/Bruksanvisning-Flex-borr-skruvdragare-18V.pdf\" target=\"_blank\"><img class=\"alignnone size-full wp-image-703\" src=\"http:\/\/www.gelwel.se\/wp-content\/uploads\/2016\/02\/Pdf50x48.jpg\" alt=\"\" width=\"50\" height=\"48\" \/><\/a><\/div><\/div><\/p>\n<p style=\"padding-left: 30px;\"><\/div><\/div>\n<\/p>\n<\/div>\n<\/div><\/div><\/div><div id=\"pgc-1283-2-1\"  class=\"panel-grid-cell\" ><div id=\"panel-1283-2-1-0\" class=\"so-panel widget widget_virtue_about_with_image virtue_about_with_image panel-first-child panel-last-child\" data-index=\"5\" ><div class=\"kad_img_upload_widget kt-shape-type- kt-image-align-center kt-image-widget-widget-2-1-0\"><a href=\"http:\/\/www.gelwel.se\/wp-content\/uploads\/2016\/02\/Borr-skruv-dragare-18v-set.jpg\" rel=\"lightbox\"><div class=\"kt-image-contain  \"><div class=\"kt-image-inner-contain\"><img width=\"600\" height=\"618\" src=\"https:\/\/www.gelweluthyrning.se\/wp-content\/uploads\/2016\/02\/Borr-skruv-dragare-18v-set.jpg\" class=\"attachment-full size-full\" alt=\"Borrskruvdragare set\" loading=\"lazy\" srcset=\"https:\/\/www.gelweluthyrning.se\/wp-content\/uploads\/2016\/02\/Borr-skruv-dragare-18v-set.jpg 600w, https:\/\/www.gelweluthyrning.se\/wp-content\/uploads\/2016\/02\/Borr-skruv-dragare-18v-set-291x300.jpg 291w\" sizes=\"(max-width: 600px) 100vw, 600px\" \/><\/div><\/div><\/a><\/div><\/div><\/div><\/div><div id=\"pg-1283-3\"  class=\"panel-grid panel-no-style\" ><div id=\"pgc-1283-3-0\"  class=\"panel-grid-cell\" ><div id=\"panel-1283-3-0-0\" class=\"so-panel widget widget_sow-editor panel-first-child panel-last-child\" data-index=\"6\" ><div class=\"so-widget-sow-editor so-widget-sow-editor-base\">\n<div class=\"siteorigin-widget-tinymce textwidget\">\n\t<h3>Pris<\/h3>\n\n<ul class=\"nav nav-tabs sc_tabs\"><li class=\"active\"><a href=\"#sctab7130\" rel=\"nofollow\">Pris<\/a><\/li>\n<li class=\"\"><a href=\"#sctab7131\" rel=\"nofollow\">F\u00f6rbrukningsmaterial<\/a><\/li>\n<li class=\"\"><a href=\"#sctab7132\" rel=\"nofollow\">Komplettera<\/a><\/li><\/ul> <div class=\"tab-content postclass\"><div class=\"tab-pane clearfix active\" id=\"sctab7130\"><br \/>\n<div class=\"row\"> <div class=\"col-md-3  \"><\/p>\n<h4>Pris dag 1<\/h4>\n<h4><span style=\"color: #ff0000;\">160\u00a0kr<\/span><\/h4>\n<p><\/div><div class=\"col-md-3  \"><\/p>\n<h4>Pris fr\u00e5n dag 2<\/h4>\n<h4><span style=\"color: #ff0000;\">85\u00a0kr<\/span><\/h4>\n<p><\/div><div class=\"col-md-3  \"><\/p>\n<h4>Helg<\/h4>\n<h4><span style=\"color: #ff0000;\">245\u00a0kr<\/span><\/h4>\n<p><\/div><div class=\"col-md-3  \"><\/p>\n<h4>Vecka<\/h4>\n<h4><span style=\"color: #ff0000;\">500\u00a0kr<\/span><\/h4>\n<p><\/div><\/div><br \/>\nLaddare 0ch batterier se under komplettera. Moms ing\u00e5r i\u00a0alla priser.<\/p>\n<p><\/div>\n<div class=\"tab-pane clearfix \" id=\"sctab7131\"><\/p>\n<p>Bits tillkommer\u00a0<\/div>\n<div class=\"tab-pane clearfix \" id=\"sctab7132\"><\/p>\n<p>Batterier 2,5\/5,0 Ah 10\/15 kr\/dag, Batteriladdare 10 kr\/dag. Bits<\/div><\/div>\n\n<\/div>\n<\/div><\/div><\/div><div id=\"pgc-1283-3-1\"  class=\"panel-grid-cell\" >\n\n        <div id=\"panel-1283-3-1-0\" class=\"so-panel widget widget_kadence_calltoaction_widget kadence_calltoaction_widget panel-first-child panel-last-child\" data-index=\"7\" ><div class=\"kt-ctaw clearfix\"><h1 class=\"kt-call-to-action-title\" style=\" font-size:40px; line-height:1.1; text-align:center; \"  data-max-size=\"40\" data-min-size=\"40\">Boka maskinen<\/h1><div style=\"text-align:center\"><a href=\"http:\/\/www.gelwel.se\/?page_id=585\" id=\"kadbtn27\" target=\"_self\" class=\"kad-btn btn-shortcode kad-btn-primary lg-kad-btn \" style=\" border: 0 solid; border-color:#000;  \" onMouseOver=\"\" onMouseOut=\"\">BOKA <\/a><\/div><\/div><\/div>\n    <\/div><\/div><div id=\"pg-1283-4\"  class=\"panel-grid panel-no-style\" ><div id=\"pgc-1283-4-0\"  class=\"panel-grid-cell panel-grid-cell-empty\" ><\/div><\/div><\/div>","protected":false},"excerpt":{"rendered":"<p>\u00a0\u00a0 Borrskruvdragare DD2G\u00a02-v\u00e4xlad borrskruvdragare 18,0 VElektroniska styrsystemet (EMS) skyddar maskinen, f\u00f6rl\u00e4nger livsl\u00e4ngden och \u00f6kar effektivitetenElektroniskt snabbstoppRobust hus av gjutaluminiumSnabbchuck av metall, med skyddsring och automatl\u00e5s funktionH\u00f6ger \/ v\u00e4nster rotation med s\u00e4kerhetssp\u00e4rrErgonomiskt utformat, halkfritt, mjukgreppIntegrerad LED-lampa med long-life funktion<\/p>\n","protected":false},"author":1,"featured_media":0,"parent":11,"menu_order":0,"comment_status":"closed","ping_status":"closed","template":"page-fullwidth.php","meta":{"kt_blocks_editor_width":""},"kb_featured_image_src_large":false,"kb_author_info":{"display_name":"per","author_link":"https:\/\/www.gelweluthyrning.se\/?author=1","author_image":"https:\/\/secure.gravatar.com\/avatar\/250821d350f2213e36bf942f193b8969?s=96&d=mm&r=g"},"kb_comment_info":0,"_links":{"self":[{"href":"https:\/\/www.gelweluthyrning.se\/index.php?rest_route=\/wp\/v2\/pages\/1283"}],"collection":[{"href":"https:\/\/www.gelweluthyrning.se\/index.php?rest_route=\/wp\/v2\/pages"}],"about":[{"href":"https:\/\/www.gelweluthyrning.se\/index.php?rest_route=\/wp\/v2\/types\/page"}],"author":[{"embeddable":true,"href":"https:\/\/www.gelweluthyrning.se\/index.php?rest_route=\/wp\/v2\/users\/1"}],"replies":[{"embeddable":true,"href":"https:\/\/www.gelweluthyrning.se\/index.php?rest_route=%2Fwp%2Fv2%2Fcomments&post=1283"}],"version-history":[{"count":5,"href":"https:\/\/www.gelweluthyrning.se\/index.php?rest_route=\/wp\/v2\/pages\/1283\/revisions"}],"predecessor-version":[{"id":5426,"href":"https:\/\/www.gelweluthyrning.se\/index.php?rest_route=\/wp\/v2\/pages\/1283\/revisions\/5426"}],"up":[{"embeddable":true,"href":"https:\/\/www.gelweluthyrning.se\/index.php?rest_route=\/wp\/v2\/pages\/11"}],"wp:attachment":[{"href":"https:\/\/www.gelweluthyrning.se\/index.php?rest_route=%2Fwp%2Fv2%2Fmedia&parent=1283"}],"curies":[{"name":"wp","href":"https:\/\/api.w.org\/{rel}","templated":true}]}}