{"id":1280,"date":"2016-02-18T17:10:51","date_gmt":"2016-02-18T16:10:51","guid":{"rendered":"http:\/\/localhost\/wordpress\/?page_id=1280"},"modified":"2019-10-05T16:28:55","modified_gmt":"2019-10-05T14:28:55","slug":"skruvdragareautomat","status":"publish","type":"page","link":"https:\/\/www.gelweluthyrning.se\/?page_id=1280","title":{"rendered":"Skruvdragare Automat uthyres"},"content":{"rendered":"<div id=\"pl-1280\"  class=\"panel-layout\" ><div id=\"pg-1280-0\"  class=\"panel-grid panel-no-style\" ><div id=\"pgc-1280-0-0\"  class=\"panel-grid-cell\" ><div id=\"panel-1280-0-0-0\" class=\"so-panel widget widget_sow-editor panel-first-child panel-last-child\" data-index=\"0\" ><div class=\"so-widget-sow-editor so-widget-sow-editor-base\">\n<div class=\"siteorigin-widget-tinymce textwidget\">\n\t<h1>\u00a0<\/h1>\n<h1 align=\"center\">\u00a0<\/h1>\n<\/div>\n<\/div><\/div><\/div><\/div><div id=\"pg-1280-1\"  class=\"panel-grid panel-no-style\" ><div id=\"pgc-1280-1-0\"  class=\"panel-grid-cell\" ><div id=\"panel-1280-1-0-0\" class=\"so-panel widget widget_virtue_about_with_image virtue_about_with_image panel-first-child panel-last-child\" data-index=\"1\" ><div class=\"kad_img_upload_widget kt-shape-type- kt-image-align-center kt-image-widget-widget-1-0-0\"><div class=\"kt-image-contain  \"><div class=\"kt-image-inner-contain\"><img width=\"720\" height=\"374\" src=\"https:\/\/www.gelweluthyrning.se\/wp-content\/uploads\/2016\/02\/dwp-4000-set_xl.jpg\" class=\"attachment-full size-full\" alt=\"Skruvautomat Protool\n\" loading=\"lazy\" srcset=\"https:\/\/www.gelweluthyrning.se\/wp-content\/uploads\/2016\/02\/dwp-4000-set_xl.jpg 720w, https:\/\/www.gelweluthyrning.se\/wp-content\/uploads\/2016\/02\/dwp-4000-set_xl-300x156.jpg 300w\" sizes=\"(max-width: 720px) 100vw, 720px\" \/><\/div><\/div><\/div><\/div><\/div><div id=\"pgc-1280-1-1\"  class=\"panel-grid-cell\" ><div id=\"panel-1280-1-1-0\" class=\"so-panel widget widget_sow-editor panel-first-child\" data-index=\"2\" ><div class=\"so-widget-sow-editor so-widget-sow-editor-base\">\n<div class=\"siteorigin-widget-tinymce textwidget\">\n\t<\/div>\n<\/div><\/div><div id=\"panel-1280-1-1-1\" class=\"so-panel widget widget_sow-editor panel-last-child\" data-index=\"3\" ><div class=\"so-widget-sow-editor so-widget-sow-editor-base\">\n<div class=\"siteorigin-widget-tinymce textwidget\">\n\t<h1>PROTOOL DWP 4000 DEC<\/h1>\n<p>F\u00f6r inf\u00e4stning av gips- eller tr\u00e4skivor i tr\u00e4regel eller tunna st\u00e5lprofiler<\/p>\n<p>Anv\u00e4ndningsomr\u00e5de<br \/>Bandad skruvning av gipsskivor, olika tr\u00e4fiberskivor och tr\u00e4 som t ex trallvirke i tr\u00e4 och tunna st\u00e5lprofiler.<br \/>G\u00e5r \u00e4ven att anv\u00e4nda som enpetare och d\u00e5 med l\u00f6s skruv.<br \/>Egenskaper:<br \/>Start\/Stopp automatik - maskinen g\u00e5r endast n\u00e4r skruven skruvas in - i AUTO inst\u00e4llning \u00e4ven utan att anv\u00e4nda brytaren.<br \/>Kort och kompakt maskin - totall\u00e4ngden endast 340 mm.<br \/>Verktygsfritt byte mellan djupanslag och skruvf\u00f6rsats.<br \/>Borstl\u00f6s EC-motor f\u00f6r maximal livsl\u00e4ngd och verkningsgrad.<br \/>Verktygsfri inst\u00e4llning av skruvl\u00e4ngd och djupinst\u00e4llning \u00e4ven n\u00e4r den anv\u00e4nds som enpetare.<\/p>\n<\/div>\n<\/div><\/div><\/div><\/div><div id=\"pg-1280-2\"  class=\"panel-grid panel-no-style\" ><div id=\"pgc-1280-2-0\"  class=\"panel-grid-cell panel-grid-cell-mobile-last\" ><div id=\"panel-1280-2-0-0\" class=\"so-panel widget widget_sow-editor panel-first-child panel-last-child\" data-index=\"4\" ><div class=\"so-widget-sow-editor so-widget-sow-editor-base\">\n<div class=\"siteorigin-widget-tinymce textwidget\">\n\t<h3 style=\"padding-left: 30px;\">Teknisk info<\/h3>\n<p style=\"padding-left: 60px;\">\n<ul class=\"nav nav-tabs sc_tabs\"><li class=\"active\"><a href=\"#sctab5740\" rel=\"nofollow\">Tekniska data<\/a><\/li>\n<li class=\"\"><a href=\"#sctab5741\" rel=\"nofollow\">Dokumentation<\/a><\/li><\/ul> <div class=\"tab-content postclass\"><div class=\"tab-pane clearfix active\" id=\"sctab5740\"><\/p>\n<table border=\"0\" width=\"350\" cellspacing=\"0\" cellpadding=\"0\">\n<tbody>\n<tr>\n<td valign=\"top\" width=\"154\">Vikt<br \/> Vikt med skruvf\u00f6rsats<br \/> Ljud och vibrationer<br \/> Ljudtryck\/effekt niv\u00e5<br \/> Vibrationsniv\u00e5<br \/> Vridmoment h\u00e5rt\/mjukt<br \/> Tr\u00e5ddiameter<br \/> Skruvl\u00e4ngder<br \/> Energif\u00f6rbrukning<\/td>\n<td valign=\"top\" width=\"127\">1,5 kg<br \/> 1,8 kg<br \/> enligt EN 60745<br \/> 76\/87 dB(A)<br \/> ah &lt; 2,5 m\/s\u00b2<br \/> 14\/6 Nm<br \/> \u00d8 3,05 mm<br \/> 22 - 55 mm<br \/> 350 W<\/td>\n<\/tr>\n<\/tbody>\n<\/table>\n<p>\u00a0<\/p>\n<p><\/div>\n<div class=\"tab-pane clearfix \" id=\"sctab5741\"><\/p>\n<p style=\"padding-left: 30px;\"><div class=\"row\"> <div class=\"col-md-6  \">Instruktionsbok<a href=\"http:\/\/www.gelwel.se\/wp-content\/uploads\/2016\/02\/DWP4000DEC-Protool-Manual.pdf\" target=\"_blank\"><img class=\"alignnone size-full wp-image-703\" src=\"http:\/\/www.gelwel.se\/wp-content\/uploads\/2016\/02\/Pdf50x48.jpg\" alt=\"\" width=\"50\" height=\"48\" \/><\/a><\/p>\n<p style=\"padding-left: 30px;\"><\/div><div class=\"col-md-6  \">Reservdelslist<a href=\"http:\/\/www.gelwel.se\/wp-content\/uploads\/2016\/02\/protool-reservdelslista-skruvdragare-DWP4000EC.pdf\" target=\"_blank\"><img class=\"alignnone size-full wp-image-703\" src=\"http:\/\/www.gelwel.se\/wp-content\/uploads\/2016\/02\/Pdf50x48.jpg\" alt=\"\" width=\"50\" height=\"48\" \/><\/a><\/p>\n<p style=\"padding-left: 30px;\"><\/div><\/div><\/p>\n<p style=\"padding-left: 30px;\"><\/div><\/div>\n<\/p>\n<\/div>\n<\/div><\/div><\/div><div id=\"pgc-1280-2-1\"  class=\"panel-grid-cell panel-grid-cell-empty\" ><\/div><\/div><div id=\"pg-1280-3\"  class=\"panel-grid panel-no-style\" ><div id=\"pgc-1280-3-0\"  class=\"panel-grid-cell\" ><div id=\"panel-1280-3-0-0\" class=\"so-panel widget widget_sow-editor panel-first-child panel-last-child\" data-index=\"5\" ><div class=\"so-widget-sow-editor so-widget-sow-editor-base\">\n<div class=\"siteorigin-widget-tinymce textwidget\">\n\t<h3>Pris<\/h3>\n\n<ul class=\"nav nav-tabs sc_tabs\"><li class=\"active\"><a href=\"#sctab9560\" rel=\"nofollow\">Pris<\/a><\/li>\n<li class=\"\"><a href=\"#sctab9561\" rel=\"nofollow\">F\u00f6rbrukningsmaterial<\/a><\/li>\n<li class=\"\"><a href=\"#sctab9562\" rel=\"nofollow\">Komplettera<\/a><\/li><\/ul> <div class=\"tab-content postclass\"><div class=\"tab-pane clearfix active\" id=\"sctab9560\"><br \/>\n<div class=\"row\"> <div class=\"col-md-3  \"><\/p>\n<h4>Pris dag 1<\/h4>\n<h4><span style=\"color: #ff0000;\">194\u00a0kr<\/span><\/h4>\n<p><\/div><div class=\"col-md-3  \"><\/p>\n<h4>Pris fr\u00e5n dag 2<\/h4>\n<h4><span style=\"color: #ff0000;\">119\u00a0kr<\/span><\/h4>\n<p><\/div><div class=\"col-md-3  \"><\/p>\n<h4>Helg<\/h4>\n<h4><span style=\"color: #ff0000;\">313\u00a0kr<\/span><\/h4>\n<p><\/div><div class=\"col-md-3  \"><\/p>\n<h4>Vecka<\/h4>\n<h4><span style=\"color: #ff0000;\">670 kr<\/span><\/h4>\n<p><\/div><\/div><br \/>\nMoms ing\u00e5r i\u00a0alla priser.<\/p>\n<p><\/div>\n<div class=\"tab-pane clearfix \" id=\"sctab9561\"><\/p>\n<p>Bandad gipskruv 32 mm (enkelgips) 160 kr\/tusen st<\/p>\n<p>Bandad gipskruv 41 mm (dubbelgips) 178 kr\/st<\/p>\n<p>Bits l\u00e5ng PH2 135 kr\/st\u00a0<\/div>\n<div class=\"tab-pane clearfix \" id=\"sctab9562\"><\/p>\n<p><\/div><\/div>\n\n<\/div>\n<\/div><\/div><\/div><div id=\"pgc-1280-3-1\"  class=\"panel-grid-cell\" >\n\n        <div id=\"panel-1280-3-1-0\" class=\"so-panel widget widget_kadence_calltoaction_widget kadence_calltoaction_widget panel-first-child panel-last-child\" data-index=\"6\" ><div class=\"kt-ctaw clearfix\"><h1 class=\"kt-call-to-action-title\" style=\" font-size:40px; line-height:1.1; text-align:center; \"  data-max-size=\"40\" data-min-size=\"40\">Boka maskinen<\/h1><div style=\"text-align:center\"><a href=\"http:\/\/www.gelwel.se\/?page_id=585\" id=\"kadbtn79\" target=\"_self\" class=\"kad-btn btn-shortcode kad-btn-primary lg-kad-btn \" style=\" border: 0 solid; border-color:#000;  \" onMouseOver=\"\" onMouseOut=\"\">BOKA <\/a><\/div><\/div><\/div>\n    <\/div><\/div><div id=\"pg-1280-4\"  class=\"panel-grid panel-no-style\" ><div id=\"pgc-1280-4-0\"  class=\"panel-grid-cell panel-grid-cell-empty\" ><\/div><\/div><\/div>","protected":false},"excerpt":{"rendered":"<p>\u00a0\u00a0 PROTOOL DWP 4000 DECF\u00f6r inf\u00e4stning av gips- eller tr\u00e4skivor i tr\u00e4regel eller tunna st\u00e5lprofilerAnv\u00e4ndningsomr\u00e5deBandad skruvning av gipsskivor, olika tr\u00e4fiberskivor och tr\u00e4 som t ex trallvirke i tr\u00e4 och tunna st\u00e5lprofiler.G\u00e5r \u00e4ven att anv\u00e4nda som enpetare och d\u00e5 med l\u00f6s &hellip; <a class=\"kt-excerpt-readmore\" href=\"https:\/\/www.gelweluthyrning.se\/?page_id=1280\" aria-label=\"Skruvdragare Automat uthyres\">L\u00e4s mer<\/a><\/p>\n","protected":false},"author":1,"featured_media":0,"parent":11,"menu_order":0,"comment_status":"closed","ping_status":"closed","template":"page-fullwidth.php","meta":{"kt_blocks_editor_width":""},"kb_featured_image_src_large":false,"kb_author_info":{"display_name":"per","author_link":"https:\/\/www.gelweluthyrning.se\/?author=1","author_image":"https:\/\/secure.gravatar.com\/avatar\/250821d350f2213e36bf942f193b8969?s=96&d=mm&r=g"},"kb_comment_info":0,"_links":{"self":[{"href":"https:\/\/www.gelweluthyrning.se\/index.php?rest_route=\/wp\/v2\/pages\/1280"}],"collection":[{"href":"https:\/\/www.gelweluthyrning.se\/index.php?rest_route=\/wp\/v2\/pages"}],"about":[{"href":"https:\/\/www.gelweluthyrning.se\/index.php?rest_route=\/wp\/v2\/types\/page"}],"author":[{"embeddable":true,"href":"https:\/\/www.gelweluthyrning.se\/index.php?rest_route=\/wp\/v2\/users\/1"}],"replies":[{"embeddable":true,"href":"https:\/\/www.gelweluthyrning.se\/index.php?rest_route=%2Fwp%2Fv2%2Fcomments&post=1280"}],"version-history":[{"count":9,"href":"https:\/\/www.gelweluthyrning.se\/index.php?rest_route=\/wp\/v2\/pages\/1280\/revisions"}],"predecessor-version":[{"id":6738,"href":"https:\/\/www.gelweluthyrning.se\/index.php?rest_route=\/wp\/v2\/pages\/1280\/revisions\/6738"}],"up":[{"embeddable":true,"href":"https:\/\/www.gelweluthyrning.se\/index.php?rest_route=\/wp\/v2\/pages\/11"}],"wp:attachment":[{"href":"https:\/\/www.gelweluthyrning.se\/index.php?rest_route=%2Fwp%2Fv2%2Fmedia&parent=1280"}],"curies":[{"name":"wp","href":"https:\/\/api.w.org\/{rel}","templated":true}]}}