{"id":1270,"date":"2016-02-18T16:52:05","date_gmt":"2016-02-18T15:52:05","guid":{"rendered":"http:\/\/localhost\/wordpress\/?page_id=1270"},"modified":"2017-02-02T14:17:56","modified_gmt":"2017-02-02T13:17:56","slug":"hyr-tradfallriktare","status":"publish","type":"page","link":"https:\/\/www.gelweluthyrning.se\/?page_id=1270","title":{"rendered":"Hyr tr\u00e4df\u00e4llriktare"},"content":{"rendered":"<div id=\"pl-1270\"  class=\"panel-layout\" ><div id=\"pg-1270-0\"  class=\"panel-grid panel-no-style\" ><div id=\"pgc-1270-0-0\"  class=\"panel-grid-cell\" ><div id=\"panel-1270-0-0-0\" class=\"so-panel widget widget_sow-editor panel-first-child panel-last-child\" data-index=\"0\" ><div class=\"so-widget-sow-editor so-widget-sow-editor-base\">\n<div class=\"siteorigin-widget-tinymce textwidget\">\n\t<h1>\u00a0<\/h1>\n<h1 align=\"center\">\u00a0<\/h1>\n<\/div>\n<\/div><\/div><\/div><\/div><div id=\"pg-1270-1\"  class=\"panel-grid panel-no-style\" ><div id=\"pgc-1270-1-0\"  class=\"panel-grid-cell\" ><div id=\"panel-1270-1-0-0\" class=\"so-panel widget widget_virtue_about_with_image virtue_about_with_image panel-first-child panel-last-child\" data-index=\"1\" ><div class=\"kad_img_upload_widget kt-shape-type- kt-image-align-center kt-image-widget-widget-1-0-0\"><div class=\"kt-image-contain  \"><div class=\"kt-image-inner-contain\"><img width=\"270\" height=\"270\" src=\"https:\/\/www.gelweluthyrning.se\/wp-content\/uploads\/2016\/02\/E994.jpg\" class=\"attachment-full size-full\" alt=\"Tr\u00e4df\u00e4llriktare\" loading=\"lazy\" srcset=\"https:\/\/www.gelweluthyrning.se\/wp-content\/uploads\/2016\/02\/E994.jpg 270w, https:\/\/www.gelweluthyrning.se\/wp-content\/uploads\/2016\/02\/E994-150x150.jpg 150w\" sizes=\"(max-width: 270px) 100vw, 270px\" \/><\/div><\/div><\/div><\/div><\/div><div id=\"pgc-1270-1-1\"  class=\"panel-grid-cell\" ><div id=\"panel-1270-1-1-0\" class=\"so-panel widget widget_sow-editor panel-first-child\" data-index=\"2\" ><div class=\"so-widget-sow-editor so-widget-sow-editor-base\">\n<div class=\"siteorigin-widget-tinymce textwidget\">\n\t<\/div>\n<\/div><\/div><div id=\"panel-1270-1-1-1\" class=\"so-panel widget widget_sow-editor panel-last-child\" data-index=\"3\" ><div class=\"so-widget-sow-editor so-widget-sow-editor-base\">\n<div class=\"siteorigin-widget-tinymce textwidget\">\n\t<h1>Rh-Pusher V<\/h1>\n<p>Tr\u00e4df\u00e4llriktaren \u00e4r ett oumb\u00e4rligt verktyg f\u00f6r s\u00e4ker f\u00e4llning av tr\u00e4d l\u00e4ngs v\u00e4gar, kraftledningar och intill hus samt vid riktad f\u00e4llning av stora tr\u00e4d.Tr\u00e4df\u00e4llriktaren \u00e4r utrustad med s\u00e4kerhetsvev. Rekommenderad vevkraft: 75 kp.Tr\u00e4df\u00e4llriktaren \u00e4r utrustad med en speciell fot med b\u00f6jda h\u00f6rn f\u00f6r att kunna s\u00e4ttas p\u00e5 en kraftig tr\u00e4dbit, gren, etc. p\u00e5 mjukt underlag.\u00a0<\/p>\n<p>Tillverkas i H\u00f6\u00f6r av Reipal AB.<\/p>\n<\/div>\n<\/div><\/div><\/div><\/div><div id=\"pg-1270-2\"  class=\"panel-grid panel-no-style\" ><div id=\"pgc-1270-2-0\"  class=\"panel-grid-cell\" ><div id=\"panel-1270-2-0-0\" class=\"so-panel widget widget_sow-editor panel-first-child panel-last-child\" data-index=\"4\" ><div class=\"so-widget-sow-editor so-widget-sow-editor-base\">\n<div class=\"siteorigin-widget-tinymce textwidget\">\n\t<h3 style=\"padding-left: 30px;\">Teknisk info<\/h3>\n<p style=\"padding-left: 60px;\">\n<ul class=\"nav nav-tabs sc_tabs\"><li class=\"active\"><a href=\"#sctab350\" rel=\"nofollow\">Tekniska data<\/a><\/li>\n<li class=\"\"><a href=\"#sctab351\" rel=\"nofollow\">Dokumentation<\/a><\/li><\/ul> <div class=\"tab-content postclass\"><div class=\"tab-pane clearfix active\" id=\"sctab350\"><\/p>\n<table border=\"0\" width=\"380\" cellspacing=\"0\" cellpadding=\"0\">\n<tbody>\n<tr>\n<td valign=\"top\">Vikt:<\/td>\n<td valign=\"top\">21 kg<\/td>\n<\/tr>\n<tr>\n<td valign=\"top\">Kortaste l\u00e4ngd:<\/td>\n<td valign=\"top\">135 cm<\/td>\n<\/tr>\n<tr>\n<td valign=\"top\">Arbetsomr\u00e5den<\/td>\n<td valign=\"top\"><\/td>\n<\/tr>\n<tr>\n<td valign=\"top\">\u00d6verdelen i inskjutet l\u00e4ge:<\/td>\n<td valign=\"top\">135-220 cm<\/td>\n<\/tr>\n<tr>\n<td valign=\"top\">\u00d6verdelen i utdraget l\u00e4ge:<\/td>\n<td valign=\"top\">185-270 cm<\/td>\n<\/tr>\n<tr>\n<td valign=\"top\">Utv\u00e4xling\/Lyftkraft<\/td>\n<td valign=\"top\">40\/3000 kg<\/td>\n<\/tr>\n<\/tbody>\n<\/table>\n<p>&nbsp;<\/p>\n<p><\/div>\n<div class=\"tab-pane clearfix \" id=\"sctab351\"><\/p>\n<p style=\"padding-left: 30px;\"><div class=\"row\"> <div class=\"col-md-6  \"><\/p>\n<p style=\"padding-left: 30px;\"><\/div><div class=\"col-md-6  \"><\/p>\n<p>&nbsp;<\/p>\n<p style=\"padding-left: 30px;\"><\/div><\/div><\/p>\n<p style=\"padding-left: 30px;\"><\/div><\/div>\n<\/p>\n<\/div>\n<\/div><\/div><\/div><div id=\"pgc-1270-2-1\"  class=\"panel-grid-cell\" ><div id=\"panel-1270-2-1-0\" class=\"so-panel widget widget_virtue_gallery_widget virtue_gallery_widget panel-first-child panel-last-child\" data-index=\"5\" ><div id=\"kad-wp-gallery125\" class=\"kad-wp-gallery gallery kt-gallery-column-2 init-isotope-intrinsic reinit-isotope kad-light-wp-gallery clearfix rowtight\" data-fade-in=\"1\" data-iso-selector=\".g_item\" data-iso-style=\"masonry\" data-iso-filter=\"false\"><div class=\"tcol-lg-6 tcol-md-6 tcol-sm-6 tcol-xs-12 tcol-ss-12 g_item\"><div class=\"grid_item kt_item_fade_in kad_gallery_fade_in gallery_item\"><a href=\"https:\/\/www.gelweluthyrning.se\/wp-content\/uploads\/2016\/02\/tradfallare.jpg\" data-rel=\"lightbox\" class=\"lightboxhover\"><div class=\"kt-intrinsic\" style=\"padding-bottom:84.8314606742%;\"><div itemprop=\"image\" itemscope itemtype=\"https:\/\/schema.org\/ImageObject\"><img width=\"178\" height=\"151\" src=\"https:\/\/www.gelweluthyrning.se\/wp-content\/uploads\/2016\/02\/tradfallare.jpg\"   data-caption=\"\" class=\"light-dropshaddow\" itemprop=\"contentUrl\" alt=\"\"><meta itemprop=\"url\" content=\"https:\/\/www.gelweluthyrning.se\/wp-content\/uploads\/2016\/02\/tradfallare.jpg\"><meta itemprop=\"width\" content=\"178px\"><meta itemprop=\"height\" content=\"151px\"><\/div><\/div><\/a><\/div><\/div><div class=\"tcol-lg-6 tcol-md-6 tcol-sm-6 tcol-xs-12 tcol-ss-12 g_item\"><div class=\"grid_item kt_item_fade_in kad_gallery_fade_in gallery_item\"><a href=\"https:\/\/www.gelweluthyrning.se\/wp-content\/uploads\/2016\/02\/209d604b-5d23-44b9-b174-36ea9c564957_large.jpg\" data-rel=\"lightbox\" class=\"lightboxhover\"><div class=\"kt-intrinsic\" style=\"padding-bottom:100%;\"><div itemprop=\"image\" itemscope itemtype=\"https:\/\/schema.org\/ImageObject\"><img width=\"300\" height=\"300\" src=\"https:\/\/www.gelweluthyrning.se\/wp-content\/uploads\/2016\/02\/209d604b-5d23-44b9-b174-36ea9c564957_large.jpg\" srcset=\"https:\/\/www.gelweluthyrning.se\/wp-content\/uploads\/2016\/02\/209d604b-5d23-44b9-b174-36ea9c564957_large.jpg 300w, https:\/\/www.gelweluthyrning.se\/wp-content\/uploads\/2016\/02\/209d604b-5d23-44b9-b174-36ea9c564957_large-150x150.jpg 150w\" sizes=\"(max-width: 300px) 100vw, 300px\" data-caption=\"\" class=\"light-dropshaddow\" itemprop=\"contentUrl\" alt=\"\"><meta itemprop=\"url\" content=\"https:\/\/www.gelweluthyrning.se\/wp-content\/uploads\/2016\/02\/209d604b-5d23-44b9-b174-36ea9c564957_large.jpg\"><meta itemprop=\"width\" content=\"300px\"><meta itemprop=\"height\" content=\"300px\"><\/div><\/div><\/a><\/div><\/div><div class=\"tcol-lg-6 tcol-md-6 tcol-sm-6 tcol-xs-12 tcol-ss-12 g_item\"><div class=\"grid_item kt_item_fade_in kad_gallery_fade_in gallery_item\"><a href=\"https:\/\/www.gelweluthyrning.se\/wp-content\/uploads\/2016\/02\/13392911_101688443595644_1503913039_n.jpg\" data-rel=\"lightbox\" class=\"lightboxhover\"><div class=\"kt-intrinsic\" style=\"padding-bottom:100%;\"><div itemprop=\"image\" itemscope itemtype=\"https:\/\/schema.org\/ImageObject\"><img width=\"480\" height=\"480\" src=\"https:\/\/www.gelweluthyrning.se\/wp-content\/uploads\/2016\/02\/13392911_101688443595644_1503913039_n.jpg\" srcset=\"https:\/\/www.gelweluthyrning.se\/wp-content\/uploads\/2016\/02\/13392911_101688443595644_1503913039_n.jpg 480w, https:\/\/www.gelweluthyrning.se\/wp-content\/uploads\/2016\/02\/13392911_101688443595644_1503913039_n-150x150.jpg 150w, https:\/\/www.gelweluthyrning.se\/wp-content\/uploads\/2016\/02\/13392911_101688443595644_1503913039_n-300x300.jpg 300w\" sizes=\"(max-width: 480px) 100vw, 480px\" data-caption=\"\" class=\"light-dropshaddow\" itemprop=\"contentUrl\" alt=\"\"><meta itemprop=\"url\" content=\"https:\/\/www.gelweluthyrning.se\/wp-content\/uploads\/2016\/02\/13392911_101688443595644_1503913039_n.jpg\"><meta itemprop=\"width\" content=\"480px\"><meta itemprop=\"height\" content=\"480px\"><\/div><\/div><\/a><\/div><\/div><\/div><\/div><\/div><\/div><div id=\"pg-1270-3\"  class=\"panel-grid panel-no-style\" ><div id=\"pgc-1270-3-0\"  class=\"panel-grid-cell\" ><div id=\"panel-1270-3-0-0\" class=\"so-panel widget widget_sow-editor panel-first-child panel-last-child\" data-index=\"6\" ><div class=\"so-widget-sow-editor so-widget-sow-editor-base\">\n<div class=\"siteorigin-widget-tinymce textwidget\">\n\t<h3>Pris<\/h3>\n\n<ul class=\"nav nav-tabs sc_tabs\"><li class=\"active\"><a href=\"#sctab510\" rel=\"nofollow\">Pris<\/a><\/li>\n<li class=\"\"><a href=\"#sctab511\" rel=\"nofollow\">F\u00f6rbrukningsmaterial<\/a><\/li>\n<li class=\"\"><a href=\"#sctab512\" rel=\"nofollow\">Komplettera<\/a><\/li><\/ul> <div class=\"tab-content postclass\"><div class=\"tab-pane clearfix active\" id=\"sctab510\"><br \/> <div class=\"row\"> <div class=\"col-md-3  \"><\/p>\n<h4>Pris dag 1<\/h4>\n<h4><span style=\"color: #ff0000;\">175\u00a0kr<\/span><\/h4>\n<p><\/div><div class=\"col-md-3  \"><\/p>\n<h4>Pris fr\u00e5n dag 2<\/h4>\n<h4><span style=\"color: #ff0000;\">100\u00a0kr<\/span><\/h4>\n<p><\/div><div class=\"col-md-3  \"><\/p>\n<h4>Helg<\/h4>\n<h4><span style=\"color: #ff0000;\">275\u00a0kr<\/span><\/h4>\n<p><\/div><div class=\"col-md-3  \"><\/p>\n<h4>Vecka<\/h4>\n<h4><span style=\"color: #ff0000;\">575\u00a0kr<\/span><\/h4>\n<p><\/div><\/div><br \/> Moms ing\u00e5r i\u00a0alla priser.\u00a0<\/p>\n<p><\/div>\n<div class=\"tab-pane clearfix \" id=\"sctab511\"><\/p>\n<p>\u00a0<\/div>\n<div class=\"tab-pane clearfix \" id=\"sctab512\"><\/p>\n<p>\u00a0<\/div><\/div>\n\n<\/div>\n<\/div><\/div><\/div><div id=\"pgc-1270-3-1\"  class=\"panel-grid-cell\" >\n\n        <div id=\"panel-1270-3-1-0\" class=\"so-panel widget widget_kadence_calltoaction_widget kadence_calltoaction_widget panel-first-child panel-last-child\" data-index=\"7\" ><div class=\"kt-ctaw clearfix\"><h1 class=\"kt-call-to-action-title\" style=\" font-size:40px; line-height:1.1; text-align:center; \"  data-max-size=\"40\" data-min-size=\"40\">Boka maskinen<\/h1><div style=\"text-align:center\"><a href=\"http:\/\/www.gelwel.se\/?page_id=585\" id=\"kadbtn74\" target=\"_self\" class=\"kad-btn btn-shortcode kad-btn-primary lg-kad-btn \" style=\" border: 0 solid; border-color:#000;  \" onMouseOver=\"\" onMouseOut=\"\">BOKA <\/a><\/div><\/div><\/div>\n    <\/div><\/div><div id=\"pg-1270-4\"  class=\"panel-grid panel-no-style\" ><div id=\"pgc-1270-4-0\"  class=\"panel-grid-cell panel-grid-cell-empty\" ><\/div><\/div><\/div>","protected":false},"excerpt":{"rendered":"<p>\u00a0\u00a0 Rh-Pusher VTr\u00e4df\u00e4llriktaren \u00e4r ett oumb\u00e4rligt verktyg f\u00f6r s\u00e4ker f\u00e4llning av tr\u00e4d l\u00e4ngs v\u00e4gar, kraftledningar och intill hus samt vid riktad f\u00e4llning av stora tr\u00e4d.Tr\u00e4df\u00e4llriktaren \u00e4r utrustad med s\u00e4kerhetsvev. Rekommenderad vevkraft: 75 kp.Tr\u00e4df\u00e4llriktaren \u00e4r utrustad med en speciell fot med &hellip; <a class=\"kt-excerpt-readmore\" href=\"https:\/\/www.gelweluthyrning.se\/?page_id=1270\" aria-label=\"Hyr tr\u00e4df\u00e4llriktare\">L\u00e4s mer<\/a><\/p>\n","protected":false},"author":1,"featured_media":0,"parent":11,"menu_order":0,"comment_status":"closed","ping_status":"closed","template":"page-fullwidth.php","meta":{"kt_blocks_editor_width":""},"kb_featured_image_src_large":false,"kb_author_info":{"display_name":"per","author_link":"https:\/\/www.gelweluthyrning.se\/?author=1","author_image":"https:\/\/secure.gravatar.com\/avatar\/250821d350f2213e36bf942f193b8969?s=96&d=mm&r=g"},"kb_comment_info":0,"_links":{"self":[{"href":"https:\/\/www.gelweluthyrning.se\/index.php?rest_route=\/wp\/v2\/pages\/1270"}],"collection":[{"href":"https:\/\/www.gelweluthyrning.se\/index.php?rest_route=\/wp\/v2\/pages"}],"about":[{"href":"https:\/\/www.gelweluthyrning.se\/index.php?rest_route=\/wp\/v2\/types\/page"}],"author":[{"embeddable":true,"href":"https:\/\/www.gelweluthyrning.se\/index.php?rest_route=\/wp\/v2\/users\/1"}],"replies":[{"embeddable":true,"href":"https:\/\/www.gelweluthyrning.se\/index.php?rest_route=%2Fwp%2Fv2%2Fcomments&post=1270"}],"version-history":[{"count":3,"href":"https:\/\/www.gelweluthyrning.se\/index.php?rest_route=\/wp\/v2\/pages\/1270\/revisions"}],"predecessor-version":[{"id":3404,"href":"https:\/\/www.gelweluthyrning.se\/index.php?rest_route=\/wp\/v2\/pages\/1270\/revisions\/3404"}],"up":[{"embeddable":true,"href":"https:\/\/www.gelweluthyrning.se\/index.php?rest_route=\/wp\/v2\/pages\/11"}],"wp:attachment":[{"href":"https:\/\/www.gelweluthyrning.se\/index.php?rest_route=%2Fwp%2Fv2%2Fmedia&parent=1270"}],"curies":[{"name":"wp","href":"https:\/\/api.w.org\/{rel}","templated":true}]}}