{"id":1219,"date":"2016-02-18T13:28:55","date_gmt":"2016-02-18T12:28:55","guid":{"rendered":"http:\/\/localhost\/wordpress\/?page_id=1219"},"modified":"2020-06-06T17:04:18","modified_gmt":"2020-06-06T15:04:18","slug":"saxlift","status":"publish","type":"page","link":"https:\/\/www.gelweluthyrning.se\/?page_id=1219","title":{"rendered":"Hyr Saxlift"},"content":{"rendered":"<div id=\"pl-1219\"  class=\"panel-layout\" ><div id=\"pg-1219-0\"  class=\"panel-grid panel-no-style\" ><div id=\"pgc-1219-0-0\"  class=\"panel-grid-cell\" ><div id=\"panel-1219-0-0-0\" class=\"so-panel widget widget_sow-editor panel-first-child panel-last-child\" data-index=\"0\" ><div class=\"so-widget-sow-editor so-widget-sow-editor-base\">\n<div class=\"siteorigin-widget-tinymce textwidget\">\n\t<h1>\u00a0<\/h1>\n<h1 align=\"center\">\u00a0<\/h1>\n<\/div>\n<\/div><\/div><\/div><\/div><div id=\"pg-1219-1\"  class=\"panel-grid panel-no-style\" ><div id=\"pgc-1219-1-0\"  class=\"panel-grid-cell\" ><div id=\"panel-1219-1-0-0\" class=\"so-panel widget widget_virtue_about_with_image virtue_about_with_image panel-first-child panel-last-child\" data-index=\"1\" ><div class=\"kad_img_upload_widget kt-shape-type- kt-image-align-center kt-image-widget-widget-1-0-0\"><div class=\"kt-image-contain  \"><div class=\"kt-image-inner-contain\"><img width=\"300\" height=\"400\" src=\"https:\/\/www.gelweluthyrning.se\/wp-content\/uploads\/2016\/02\/optimum.jpg\" class=\"attachment-full size-full\" alt=\"Optimum saxlift\" loading=\"lazy\" srcset=\"https:\/\/www.gelweluthyrning.se\/wp-content\/uploads\/2016\/02\/optimum.jpg 300w, https:\/\/www.gelweluthyrning.se\/wp-content\/uploads\/2016\/02\/optimum-225x300.jpg 225w\" sizes=\"(max-width: 300px) 100vw, 300px\" \/><\/div><\/div><\/div><\/div><\/div><div id=\"pgc-1219-1-1\"  class=\"panel-grid-cell\" ><div id=\"panel-1219-1-1-0\" class=\"so-panel widget widget_sow-editor panel-first-child\" data-index=\"2\" ><div class=\"so-widget-sow-editor so-widget-sow-editor-base\">\n<div class=\"siteorigin-widget-tinymce textwidget\">\n\t<\/div>\n<\/div><\/div><div id=\"panel-1219-1-1-1\" class=\"so-panel widget widget_sow-editor panel-last-child\" data-index=\"3\" ><div class=\"so-widget-sow-editor so-widget-sow-editor-base\">\n<div class=\"siteorigin-widget-tinymce textwidget\">\n\t<h1>Haulotte Optimum 8<\/h1>\n<p>\u00a0<\/p>\n<p>\u00a0<\/p>\n<p>Batteridriven sj\u00e4lvg\u00e5ende saxlift f\u00f6r montage och underh\u00e5llsarbeten inomhus i t ex industrilokaler och aff\u00e4rer. Utskjut s\u00e5 att man n\u00e5r \u00f6ver hinder.<\/p>\n<\/div>\n<\/div><\/div><\/div><\/div><div id=\"pg-1219-2\"  class=\"panel-grid panel-no-style\" ><div id=\"pgc-1219-2-0\"  class=\"panel-grid-cell\" ><div id=\"panel-1219-2-0-0\" class=\"so-panel widget widget_sow-editor panel-first-child panel-last-child\" data-index=\"4\" ><div class=\"so-widget-sow-editor so-widget-sow-editor-base\">\n<div class=\"siteorigin-widget-tinymce textwidget\">\n\t<h3 style=\"padding-left: 30px;\">Teknisk info<\/h3>\n<table style= border=\"0\" width=\"511\">\n<tbody>\n<tr>\n<td>Arbetsh\u00f6jd max<\/td>\n<td>\u00a07.7 m<\/td>\n<\/tr>\n<tr>\n<td>Plattforms h\u00f6jd<\/td>\n<td>5.76 m<\/td>\n<\/tr>\n<tr>\n<td>Max. plattforms last<\/td>\n<td>230 kg<\/td>\n<\/tr>\n<tr>\n<td>(A) L\u00e4ngd<\/td>\n<td>1.88 m<\/td>\n<\/tr>\n<tr>\n<td>(B) Bredd<\/td>\n<td>\u00a00,76 m<\/td>\n<\/tr>\n<tr>\n<td>(C) H\u00f6jd<\/td>\n<td>\u00a02 m<\/td>\n<\/tr>\n<tr>\n<td>(D) Hjulbas<\/td>\n<td>\u00a01,38 m<\/td>\n<\/tr>\n<tr>\n<td>\u00a0(E) Markfrig\u00e5ng<\/td>\n<td>\u00a08 cm<\/td>\n<\/tr>\n<tr>\n<td>(F) x (G) Max. plattformsstorlek med utskjut<\/td>\n<td>\u00a02.65 x 0.70 m<\/td>\n<\/tr>\n<tr>\n<td>\u00a0Vikt<\/td>\n<td>\u00a01425 kg<\/td>\n<\/tr>\n<tr>\n<td>Stigf\u00f6rm\u00e5ga<\/td>\n<td>\u00a025 %<\/td>\n<\/tr>\n<tr>\n<td>Kraftf\u00f6rs\u00f6jning<\/td>\n<td>\u00a0Batterier<\/td>\n<\/tr>\n<tr>\n<td>K\u00f6rhastighet (high speed)<\/td>\n<td>4.5 km\/h<\/td>\n<\/tr>\n<tr>\n<td>Lyft \/ s\u00e4nk hastighet<\/td>\n<td>\u00a023\/32 sec.<\/td>\n<\/tr>\n<tr>\n<td>D\u00e4ck<\/td>\n<td>vita som inte g\u00f6r m\u00e4rke<\/td>\n<\/tr>\n<\/tbody>\n<\/table>\n<\/div>\n<\/div><\/div><\/div><div id=\"pgc-1219-2-1\"  class=\"panel-grid-cell\" ><div id=\"panel-1219-2-1-0\" class=\"so-panel widget widget_sow-editor panel-first-child\" data-index=\"5\" ><div class=\"so-widget-sow-editor so-widget-sow-editor-base\">\n<div class=\"siteorigin-widget-tinymce textwidget\">\n\t<\/div>\n<\/div><\/div><div id=\"panel-1219-2-1-1\" class=\"so-panel widget widget_virtue_about_with_image virtue_about_with_image panel-last-child\" data-index=\"6\" ><div class=\"kad_img_upload_widget kt-shape-type- kt-image-align-center kt-image-widget-widget-2-1-1\"><a href=\"http:\/\/www.gelwel.se\/wp-content\/uploads\/2016\/02\/databild-optimum.gif\" rel=\"lightbox\"><div class=\"kt-image-contain  \"><div class=\"kt-image-inner-contain\"><img width=\"400\" height=\"300\" src=\"https:\/\/www.gelweluthyrning.se\/wp-content\/uploads\/2016\/02\/databild-optimum.gif\" class=\"attachment-full size-full\" alt=\"\" loading=\"lazy\" \/><\/div><\/div><\/a><\/div><\/div><\/div><\/div><div id=\"pg-1219-3\"  class=\"panel-grid panel-no-style\" ><div id=\"pgc-1219-3-0\"  class=\"panel-grid-cell\" ><div id=\"panel-1219-3-0-0\" class=\"so-panel widget widget_sow-editor panel-first-child panel-last-child\" data-index=\"7\" ><div class=\"so-widget-sow-editor so-widget-sow-editor-base\">\n<div class=\"siteorigin-widget-tinymce textwidget\">\n\t<h3>Pris<\/h3>\n\n<ul class=\"nav nav-tabs sc_tabs\"><li class=\"active\"><a href=\"#sctab3340\" rel=\"nofollow\">Pris<\/a><\/li>\n<li class=\"\"><a href=\"#sctab3341\" rel=\"nofollow\">F\u00f6rbrukningsmaterial<\/a><\/li>\n<li class=\"\"><a href=\"#sctab3342\" rel=\"nofollow\">Komplettera<\/a><\/li><\/ul> <div class=\"tab-content postclass\"><div class=\"tab-pane clearfix active\" id=\"sctab3340\"><br \/>\n<div class=\"row\"> <div class=\"col-md-3  \"><\/p>\n<h4>Pris dag 1<\/h4>\n<h4><span style=\"color: #ff0000;\">560\u00a0kr<\/span><\/h4>\n<p><\/div><div class=\"col-md-3  \"><\/p>\n<h4>Pris fr\u00e5n dag 2<\/h4>\n<h4><span style=\"color: #ff0000;\">485\u00a0kr<\/span><\/h4>\n<p><\/div><div class=\"col-md-3  \"><\/p>\n<h4>Helg<\/h4>\n<h4><span style=\"color: #ff0000;\">1045\u00a0kr<\/span><\/h4>\n<p><\/div><div class=\"col-md-3  \"><\/p>\n<h4>Vecka<\/h4>\n<h4><span style=\"color: #ff0000;\">2985<\/span><span style=\"color: #ff0000;\"> kr<\/span><\/h4>\n<p><\/div><\/div><br \/>\nMoms ing\u00e5r i\u00a0alla priser.<\/p>\n<p><\/div>\n<div class=\"tab-pane clearfix \" id=\"sctab3341\"><\/p>\n<p><\/div>\n<div class=\"tab-pane clearfix \" id=\"sctab3342\"><\/p>\n<p><\/div><\/div>\n\n<\/div>\n<\/div><\/div><\/div><div id=\"pgc-1219-3-1\"  class=\"panel-grid-cell\" >\n\n        <div id=\"panel-1219-3-1-0\" class=\"so-panel widget widget_kadence_calltoaction_widget kadence_calltoaction_widget panel-first-child panel-last-child\" data-index=\"8\" ><div class=\"kt-ctaw clearfix\"><h1 class=\"kt-call-to-action-title\" style=\" font-size:40px; line-height:1.1; text-align:center; \"  data-max-size=\"40\" data-min-size=\"40\">Boka maskinen<\/h1><div style=\"text-align:center\"><a href=\"http:\/\/www.gelwel.se\/?page_id=585\" id=\"kadbtn89\" target=\"_self\" class=\"kad-btn btn-shortcode kad-btn-primary lg-kad-btn \" style=\" border: 0 solid; border-color:#000;  \" onMouseOver=\"\" onMouseOut=\"\">BOKA <\/a><\/div><\/div><\/div>\n    <\/div><\/div><div id=\"pg-1219-4\"  class=\"panel-grid panel-no-style\" ><div id=\"pgc-1219-4-0\"  class=\"panel-grid-cell panel-grid-cell-empty\" ><\/div><\/div><\/div>","protected":false},"excerpt":{"rendered":"<p>\u00a0\u00a0 Haulotte Optimum 8\u00a0\u00a0Batteridriven sj\u00e4lvg\u00e5ende saxlift f\u00f6r montage och underh\u00e5llsarbeten inomhus i t ex industrilokaler och aff\u00e4rer. Utskjut s\u00e5 att man n\u00e5r \u00f6ver hinder.<\/p>\n","protected":false},"author":1,"featured_media":0,"parent":11,"menu_order":0,"comment_status":"closed","ping_status":"closed","template":"page-fullwidth.php","meta":{"kt_blocks_editor_width":""},"kb_featured_image_src_large":false,"kb_author_info":{"display_name":"per","author_link":"https:\/\/www.gelweluthyrning.se\/?author=1","author_image":"https:\/\/secure.gravatar.com\/avatar\/250821d350f2213e36bf942f193b8969?s=96&d=mm&r=g"},"kb_comment_info":0,"_links":{"self":[{"href":"https:\/\/www.gelweluthyrning.se\/index.php?rest_route=\/wp\/v2\/pages\/1219"}],"collection":[{"href":"https:\/\/www.gelweluthyrning.se\/index.php?rest_route=\/wp\/v2\/pages"}],"about":[{"href":"https:\/\/www.gelweluthyrning.se\/index.php?rest_route=\/wp\/v2\/types\/page"}],"author":[{"embeddable":true,"href":"https:\/\/www.gelweluthyrning.se\/index.php?rest_route=\/wp\/v2\/users\/1"}],"replies":[{"embeddable":true,"href":"https:\/\/www.gelweluthyrning.se\/index.php?rest_route=%2Fwp%2Fv2%2Fcomments&post=1219"}],"version-history":[{"count":10,"href":"https:\/\/www.gelweluthyrning.se\/index.php?rest_route=\/wp\/v2\/pages\/1219\/revisions"}],"predecessor-version":[{"id":7555,"href":"https:\/\/www.gelweluthyrning.se\/index.php?rest_route=\/wp\/v2\/pages\/1219\/revisions\/7555"}],"up":[{"embeddable":true,"href":"https:\/\/www.gelweluthyrning.se\/index.php?rest_route=\/wp\/v2\/pages\/11"}],"wp:attachment":[{"href":"https:\/\/www.gelweluthyrning.se\/index.php?rest_route=%2Fwp%2Fv2%2Fmedia&parent=1219"}],"curies":[{"name":"wp","href":"https:\/\/api.w.org\/{rel}","templated":true}]}}