{"id":1215,"date":"2016-02-18T13:24:59","date_gmt":"2016-02-18T12:24:59","guid":{"rendered":"http:\/\/localhost\/wordpress\/?page_id=1215"},"modified":"2021-01-22T16:02:04","modified_gmt":"2021-01-22T15:02:04","slug":"gipshiss-uthyres","status":"publish","type":"page","link":"https:\/\/www.gelweluthyrning.se\/?page_id=1215","title":{"rendered":"Gipshiss 3,2 m uthyres"},"content":{"rendered":"<div id=\"pl-1215\"  class=\"panel-layout\" ><div id=\"pg-1215-0\"  class=\"panel-grid panel-no-style\" ><div id=\"pgc-1215-0-0\"  class=\"panel-grid-cell\" ><div id=\"panel-1215-0-0-0\" class=\"so-panel widget widget_sow-editor panel-first-child panel-last-child\" data-index=\"0\" ><div class=\"so-widget-sow-editor so-widget-sow-editor-base\">\n<div class=\"siteorigin-widget-tinymce textwidget\">\n\t<h1>\u00a0<\/h1>\n<h1 align=\"center\">\u00a0<\/h1>\n<\/div>\n<\/div><\/div><\/div><\/div><div id=\"pg-1215-1\"  class=\"panel-grid panel-no-style\" ><div id=\"pgc-1215-1-0\"  class=\"panel-grid-cell\" ><div id=\"panel-1215-1-0-0\" class=\"so-panel widget widget_virtue_about_with_image virtue_about_with_image panel-first-child panel-last-child\" data-index=\"1\" ><div class=\"kad_img_upload_widget kt-shape-type- kt-image-align-center kt-image-widget-widget-1-0-0\"><a href=\"http:\/\/www.gelwel.se\/wp-content\/uploads\/2016\/02\/Gipshiss.jpg\" rel=\"lightbox\"><div class=\"kt-image-contain  \"><div class=\"kt-image-inner-contain\"><img width=\"640\" height=\"480\" src=\"https:\/\/www.gelweluthyrning.se\/wp-content\/uploads\/2016\/02\/Gipshiss.jpg\" class=\"attachment-full size-full\" alt=\"Gipshiss\" loading=\"lazy\" srcset=\"https:\/\/www.gelweluthyrning.se\/wp-content\/uploads\/2016\/02\/Gipshiss.jpg 640w, https:\/\/www.gelweluthyrning.se\/wp-content\/uploads\/2016\/02\/Gipshiss-300x225.jpg 300w\" sizes=\"(max-width: 640px) 100vw, 640px\" \/><\/div><\/div><\/a><\/div><\/div><\/div><div id=\"pgc-1215-1-1\"  class=\"panel-grid-cell\" ><div id=\"panel-1215-1-1-0\" class=\"so-panel widget widget_sow-editor panel-first-child\" data-index=\"2\" ><div class=\"so-widget-sow-editor so-widget-sow-editor-base\">\n<div class=\"siteorigin-widget-tinymce textwidget\">\n\t<\/div>\n<\/div><\/div><div id=\"panel-1215-1-1-1\" class=\"so-panel widget widget_sow-editor panel-last-child\" data-index=\"3\" ><div class=\"so-widget-sow-editor so-widget-sow-editor-base\">\n<div class=\"siteorigin-widget-tinymce textwidget\">\n\t<h1>Skivhiss 3,2 m<\/h1>\n<p>\u00a0<\/p>\n<p>\u00a0<\/p>\n<p>Enkel skivhiss f\u00f6r t ex gipsning i tak. Enkel att plocka is\u00e4r f\u00f6r transport i vanlig kombibil.<\/p>\n<\/div>\n<\/div><\/div><\/div><\/div><div id=\"pg-1215-2\"  class=\"panel-grid panel-no-style\" ><div id=\"pgc-1215-2-0\"  class=\"panel-grid-cell\" ><div id=\"panel-1215-2-0-0\" class=\"so-panel widget widget_sow-editor panel-first-child panel-last-child\" data-index=\"4\" ><div class=\"so-widget-sow-editor so-widget-sow-editor-base\">\n<div class=\"siteorigin-widget-tinymce textwidget\">\n\t<h3 style=\"padding-left: 30px;\">Teknisk info<\/h3>\n<p style=\"padding-left: 60px;\">\n<ul class=\"nav nav-tabs sc_tabs\"><li class=\"active\"><a href=\"#sctab990\" rel=\"nofollow\">Tekniska data<\/a><\/li>\n<li class=\"\"><a href=\"#sctab991\" rel=\"nofollow\">Dokumentation<\/a><\/li><\/ul> <div class=\"tab-content postclass\"><div class=\"tab-pane clearfix active\" id=\"sctab990\"><\/p>\n<p>\u00a0<\/p>\n<p><\/div>\n<div class=\"tab-pane clearfix \" id=\"sctab991\"><\/p>\n<p style=\"padding-left: 30px;\"><div class=\"row\"> <div class=\"col-md-6  \"><\/p>\n<p style=\"padding-left: 30px;\"><\/div><div class=\"col-md-6  \"><\/p>\n<p>\u00a0<\/p>\n<p style=\"padding-left: 30px;\"><\/div><\/div><\/p>\n<p style=\"padding-left: 30px;\"><\/div><\/div>\n<\/p>\n<\/div>\n<\/div><\/div><\/div><div id=\"pgc-1215-2-1\"  class=\"panel-grid-cell\" ><div id=\"panel-1215-2-1-0\" class=\"so-panel widget widget_virtue_about_with_image virtue_about_with_image panel-first-child panel-last-child\" data-index=\"5\" ><div class=\"kad_img_upload_widget kt-shape-type- kt-image-align-center kt-image-widget-widget-2-1-0\"><a href=\"http:\/\/www.gelwel.se\/wp-content\/uploads\/2016\/02\/skivhiss-demonterad.jpg\" rel=\"lightbox\"><div class=\"kt-image-contain  \"><div class=\"kt-image-inner-contain\"><img width=\"1039\" height=\"821\" src=\"https:\/\/www.gelweluthyrning.se\/wp-content\/uploads\/2016\/02\/skivhiss-demonterad.jpg\" class=\"attachment-full size-full\" alt=\"Skivhiss demonterad\" loading=\"lazy\" srcset=\"https:\/\/www.gelweluthyrning.se\/wp-content\/uploads\/2016\/02\/skivhiss-demonterad.jpg 1039w, https:\/\/www.gelweluthyrning.se\/wp-content\/uploads\/2016\/02\/skivhiss-demonterad-300x237.jpg 300w\" sizes=\"(max-width: 1039px) 100vw, 1039px\" \/><\/div><\/div><\/a><\/div><\/div><\/div><\/div><div id=\"pg-1215-3\"  class=\"panel-grid panel-no-style\" ><div id=\"pgc-1215-3-0\"  class=\"panel-grid-cell\" ><div id=\"panel-1215-3-0-0\" class=\"so-panel widget widget_sow-editor panel-first-child panel-last-child\" data-index=\"6\" ><div class=\"so-widget-sow-editor so-widget-sow-editor-base\">\n<div class=\"siteorigin-widget-tinymce textwidget\">\n\t<h3>Pris<\/h3>\n\n<ul class=\"nav nav-tabs sc_tabs\"><li class=\"active\"><a href=\"#sctab400\" rel=\"nofollow\">Pris<\/a><\/li>\n<li class=\"\"><a href=\"#sctab401\" rel=\"nofollow\">F\u00f6rbrukningsmaterial<\/a><\/li>\n<li class=\"\"><a href=\"#sctab402\" rel=\"nofollow\">Komplettera<\/a><\/li><\/ul> <div class=\"tab-content postclass\"><div class=\"tab-pane clearfix active\" id=\"sctab400\"><br \/>\n<div class=\"row\"> <div class=\"col-md-3  \"><\/p>\n<h4>Pris dag 1<\/h4>\n<h4><span style=\"color: #ff0000;\">150\u00a0kr<\/span><\/h4>\n<p><\/div><div class=\"col-md-3  \"><\/p>\n<h4>Pris fr\u00e5n dag 2<\/h4>\n<h4><span style=\"color: #ff0000;\">75\u00a0kr<\/span><\/h4>\n<p><\/div><div class=\"col-md-3  \"><\/p>\n<h4>Helg<\/h4>\n<h4><span style=\"color: #ff0000;\">225\u00a0kr<\/span><\/h4>\n<p><\/div><div class=\"col-md-3  \"><\/p>\n<h4>Vecka<\/h4>\n<h4><span style=\"color: #ff0000;\">450 kr<\/span><\/h4>\n<p><\/div><\/div><br \/>\nMoms ing\u00e5r i\u00a0alla priser.\u00a0Vid hyra av annan maskin samtidigt l\u00e4mnas 75 kr rabatt p\u00e5 1:a dagspriset.<\/p>\n<p><\/div>\n<div class=\"tab-pane clearfix \" id=\"sctab401\"><\/p>\n<p><\/div>\n<div class=\"tab-pane clearfix \" id=\"sctab402\"><\/p>\n<p>Vid hyra av annan maskin samtidigt l\u00e4mnas 75 kr rabatt p\u00e5 1:a dagspriset. <\/div><\/div>\n\n<\/div>\n<\/div><\/div><\/div><div id=\"pgc-1215-3-1\"  class=\"panel-grid-cell\" >\n\n        <div id=\"panel-1215-3-1-0\" class=\"so-panel widget widget_kadence_calltoaction_widget kadence_calltoaction_widget panel-first-child panel-last-child\" data-index=\"7\" ><div class=\"kt-ctaw clearfix\"><h1 class=\"kt-call-to-action-title\" style=\" font-size:40px; line-height:1.1; text-align:center; \"  data-max-size=\"40\" data-min-size=\"40\">Boka maskinen<\/h1><div style=\"text-align:center\"><a href=\"http:\/\/www.gelwel.se\/?page_id=585\" id=\"kadbtn17\" target=\"_self\" class=\"kad-btn btn-shortcode kad-btn-primary lg-kad-btn \" style=\" border: 0 solid; border-color:#000;  \" onMouseOver=\"\" onMouseOut=\"\">BOKA <\/a><\/div><\/div><\/div>\n    <\/div><\/div><div id=\"pg-1215-4\"  class=\"panel-grid panel-no-style\" ><div id=\"pgc-1215-4-0\"  class=\"panel-grid-cell panel-grid-cell-empty\" ><\/div><\/div><\/div>","protected":false},"excerpt":{"rendered":"<p>\u00a0\u00a0 Skivhiss 3,2 m\u00a0\u00a0Enkel skivhiss f\u00f6r t ex gipsning i tak. Enkel att plocka is\u00e4r f\u00f6r transport i vanlig kombibil.<\/p>\n","protected":false},"author":1,"featured_media":0,"parent":11,"menu_order":0,"comment_status":"closed","ping_status":"closed","template":"page-fullwidth.php","meta":{"kt_blocks_editor_width":""},"kb_featured_image_src_large":false,"kb_author_info":{"display_name":"per","author_link":"https:\/\/www.gelweluthyrning.se\/?author=1","author_image":"https:\/\/secure.gravatar.com\/avatar\/250821d350f2213e36bf942f193b8969?s=96&d=mm&r=g"},"kb_comment_info":0,"_links":{"self":[{"href":"https:\/\/www.gelweluthyrning.se\/index.php?rest_route=\/wp\/v2\/pages\/1215"}],"collection":[{"href":"https:\/\/www.gelweluthyrning.se\/index.php?rest_route=\/wp\/v2\/pages"}],"about":[{"href":"https:\/\/www.gelweluthyrning.se\/index.php?rest_route=\/wp\/v2\/types\/page"}],"author":[{"embeddable":true,"href":"https:\/\/www.gelweluthyrning.se\/index.php?rest_route=\/wp\/v2\/users\/1"}],"replies":[{"embeddable":true,"href":"https:\/\/www.gelweluthyrning.se\/index.php?rest_route=%2Fwp%2Fv2%2Fcomments&post=1215"}],"version-history":[{"count":7,"href":"https:\/\/www.gelweluthyrning.se\/index.php?rest_route=\/wp\/v2\/pages\/1215\/revisions"}],"predecessor-version":[{"id":8201,"href":"https:\/\/www.gelweluthyrning.se\/index.php?rest_route=\/wp\/v2\/pages\/1215\/revisions\/8201"}],"up":[{"embeddable":true,"href":"https:\/\/www.gelweluthyrning.se\/index.php?rest_route=\/wp\/v2\/pages\/11"}],"wp:attachment":[{"href":"https:\/\/www.gelweluthyrning.se\/index.php?rest_route=%2Fwp%2Fv2%2Fmedia&parent=1215"}],"curies":[{"name":"wp","href":"https:\/\/api.w.org\/{rel}","templated":true}]}}