{"id":1200,"date":"2016-02-18T12:21:22","date_gmt":"2016-02-18T11:21:22","guid":{"rendered":"http:\/\/localhost\/wordpress\/?page_id=1200"},"modified":"2017-02-02T14:33:30","modified_gmt":"2017-02-02T13:33:30","slug":"speedheater","status":"publish","type":"page","link":"https:\/\/www.gelweluthyrning.se\/?page_id=1200","title":{"rendered":"Speedheater uthyres"},"content":{"rendered":"<div id=\"pl-1200\"  class=\"panel-layout\" ><div id=\"pg-1200-0\"  class=\"panel-grid panel-no-style\" ><div id=\"pgc-1200-0-0\"  class=\"panel-grid-cell\" ><div id=\"panel-1200-0-0-0\" class=\"so-panel widget widget_sow-editor panel-first-child panel-last-child\" data-index=\"0\" ><div class=\"so-widget-sow-editor so-widget-sow-editor-base\">\n<div class=\"siteorigin-widget-tinymce textwidget\">\n\t<h1>\u00a0<\/h1>\n<h1 align=\"center\">\u00a0<\/h1>\n<\/div>\n<\/div><\/div><\/div><\/div><div id=\"pg-1200-1\"  class=\"panel-grid panel-no-style\" ><div id=\"pgc-1200-1-0\"  class=\"panel-grid-cell\" ><div id=\"panel-1200-1-0-0\" class=\"so-panel widget widget_virtue_about_with_image virtue_about_with_image panel-first-child panel-last-child\" data-index=\"1\" ><div class=\"kad_img_upload_widget kt-shape-type- kt-image-align-center kt-image-widget-widget-1-0-0\"><div class=\"kt-image-contain  \"><div class=\"kt-image-inner-contain\"><img width=\"800\" height=\"600\" src=\"https:\/\/www.gelweluthyrning.se\/wp-content\/uploads\/2016\/02\/speedheater-1.jpg\" class=\"attachment-full size-full\" alt=\"Speedheater\" loading=\"lazy\" srcset=\"https:\/\/www.gelweluthyrning.se\/wp-content\/uploads\/2016\/02\/speedheater-1.jpg 800w, https:\/\/www.gelweluthyrning.se\/wp-content\/uploads\/2016\/02\/speedheater-1-300x225.jpg 300w\" sizes=\"(max-width: 800px) 100vw, 800px\" \/><\/div><\/div><\/div><\/div><\/div><div id=\"pgc-1200-1-1\"  class=\"panel-grid-cell\" ><div id=\"panel-1200-1-1-0\" class=\"so-panel widget widget_sow-editor panel-first-child\" data-index=\"2\" ><div class=\"so-widget-sow-editor so-widget-sow-editor-base\">\n<div class=\"siteorigin-widget-tinymce textwidget\">\n\t<\/div>\n<\/div><\/div><div id=\"panel-1200-1-1-1\" class=\"so-panel widget widget_sow-editor panel-last-child\" data-index=\"3\" ><div class=\"so-widget-sow-editor so-widget-sow-editor-base\">\n<div class=\"siteorigin-widget-tinymce textwidget\">\n\t<h1>Speedheater 1100<\/h1>\n<p>Speedheatern anv\u00e4nds f\u00f6r att ta bort f\u00e4rg. Ingen annan metod f\u00f6r f\u00e4rgborttagning kan m\u00e4ta sig med Speedheater System.<br \/>Oslagbar metod f\u00f6r f\u00e4rgborttagning n\u00e4r du ska m\u00e5la om fasaden eller renovera f\u00f6nster. Metoden inneb\u00e4r mindre arbete och ger ett b\u00e4ttre resultat. Den \u00e4r ocks\u00e5 milj\u00f6v\u00e4nligare, s\u00e4krare och mer prisv\u00e4rd. Dessutom kan du anv\u00e4nda Speedheatern till mycket mer \u00e4n f\u00e4rgborttagning fr\u00e5n panelen. Ett multiverktyg f\u00f6r f\u00f6nster, b\u00e5tar, d\u00f6rrar, m\u00f6bler och mycket mera.<\/p>\n<\/div>\n<\/div><\/div><\/div><\/div><div id=\"pg-1200-2\"  class=\"panel-grid panel-no-style\" ><div id=\"pgc-1200-2-0\"  class=\"panel-grid-cell\" ><div id=\"panel-1200-2-0-0\" class=\"so-panel widget widget_sow-editor panel-first-child panel-last-child\" data-index=\"4\" ><div class=\"so-widget-sow-editor so-widget-sow-editor-base\">\n<div class=\"siteorigin-widget-tinymce textwidget\">\n\t<h3 style=\"padding-left: 30px;\">Teknisk info<\/h3>\n<p style=\"padding-left: 60px;\">\n<ul class=\"nav nav-tabs sc_tabs\"><li class=\"active\"><a href=\"#sctab2660\" rel=\"nofollow\">Tekniska data<\/a><\/li>\n<li class=\"\"><a href=\"#sctab2661\" rel=\"nofollow\">Dokumentation<\/a><\/li><\/ul> <div class=\"tab-content postclass\"><div class=\"tab-pane clearfix active\" id=\"sctab2660\">Se instruktion under dokumentation<\/p>\n<p>\u00a0<\/p>\n<p><\/div>\n<div class=\"tab-pane clearfix \" id=\"sctab2661\"><\/p>\n<p style=\"padding-left: 30px;\"><div class=\"row\"> <div class=\"col-md-6  \">Instruktion<a href=\"http:\/\/www.gelwel.se\/wp-content\/uploads\/2016\/02\/speedheaterinstr.pdf\" target=\"_blank\"><img class=\"alignnone size-full wp-image-703\" src=\"http:\/\/www.gelwel.se\/wp-content\/uploads\/2016\/02\/Pdf50x48.jpg\" alt=\"\" width=\"50\" height=\"48\" \/><\/a><\/p>\n<p style=\"padding-left: 30px;\"><\/div><div class=\"col-md-6  \"><\/p>\n<p>\u00a0<\/p>\n<p style=\"padding-left: 30px;\"><\/div><\/div><\/p>\n<p style=\"padding-left: 30px;\"><\/div><\/div>\n<\/p>\n<\/div>\n<\/div><\/div><\/div><div id=\"pgc-1200-2-1\"  class=\"panel-grid-cell\" ><div id=\"panel-1200-2-1-0\" class=\"so-panel widget widget_virtue_gallery_widget virtue_gallery_widget panel-first-child panel-last-child\" data-index=\"5\" ><div id=\"kad-wp-gallery43\" class=\"kad-wp-gallery gallery kt-gallery-column-3 init-isotope-intrinsic reinit-isotope kad-light-wp-gallery clearfix rowtight\" data-fade-in=\"1\" data-iso-selector=\".g_item\" data-iso-style=\"masonry\" data-iso-filter=\"false\"><div class=\"tcol-lg-4 tcol-md-4 tcol-sm-4 tcol-xs-6 tcol-ss-12 g_item\"><div class=\"grid_item kt_item_fade_in kad_gallery_fade_in gallery_item\"><a href=\"https:\/\/www.gelweluthyrning.se\/wp-content\/uploads\/2016\/02\/mobler_se.jpg\" data-rel=\"lightbox\" class=\"lightboxhover\"><div class=\"kt-intrinsic\" style=\"padding-bottom:69.387755102%;\"><div itemprop=\"image\" itemscope itemtype=\"https:\/\/schema.org\/ImageObject\"><img width=\"245\" height=\"170\" src=\"https:\/\/www.gelweluthyrning.se\/wp-content\/uploads\/2016\/02\/mobler_se.jpg\"   data-caption=\"\" class=\"light-dropshaddow\" itemprop=\"contentUrl\" alt=\"\"><meta itemprop=\"url\" content=\"https:\/\/www.gelweluthyrning.se\/wp-content\/uploads\/2016\/02\/mobler_se.jpg\"><meta itemprop=\"width\" content=\"245px\"><meta itemprop=\"height\" content=\"170px\"><\/div><\/div><\/a><\/div><\/div><div class=\"tcol-lg-4 tcol-md-4 tcol-sm-4 tcol-xs-6 tcol-ss-12 g_item\"><div class=\"grid_item kt_item_fade_in kad_gallery_fade_in gallery_item\"><a href=\"https:\/\/www.gelweluthyrning.se\/wp-content\/uploads\/2016\/02\/marin_se.jpg\" data-rel=\"lightbox\" class=\"lightboxhover\"><div class=\"kt-intrinsic\" style=\"padding-bottom:69.387755102%;\"><div itemprop=\"image\" itemscope itemtype=\"https:\/\/schema.org\/ImageObject\"><img width=\"245\" height=\"170\" src=\"https:\/\/www.gelweluthyrning.se\/wp-content\/uploads\/2016\/02\/marin_se.jpg\"   data-caption=\"\" class=\"light-dropshaddow\" itemprop=\"contentUrl\" alt=\"\"><meta itemprop=\"url\" content=\"https:\/\/www.gelweluthyrning.se\/wp-content\/uploads\/2016\/02\/marin_se.jpg\"><meta itemprop=\"width\" content=\"245px\"><meta itemprop=\"height\" content=\"170px\"><\/div><\/div><\/a><\/div><\/div><div class=\"tcol-lg-4 tcol-md-4 tcol-sm-4 tcol-xs-6 tcol-ss-12 g_item\"><div class=\"grid_item kt_item_fade_in kad_gallery_fade_in gallery_item\"><a href=\"https:\/\/www.gelweluthyrning.se\/wp-content\/uploads\/2016\/02\/interior_se.jpg\" data-rel=\"lightbox\" class=\"lightboxhover\"><div class=\"kt-intrinsic\" style=\"padding-bottom:69.387755102%;\"><div itemprop=\"image\" itemscope itemtype=\"https:\/\/schema.org\/ImageObject\"><img width=\"245\" height=\"170\" src=\"https:\/\/www.gelweluthyrning.se\/wp-content\/uploads\/2016\/02\/interior_se.jpg\"   data-caption=\"\" class=\"light-dropshaddow\" itemprop=\"contentUrl\" alt=\"\"><meta itemprop=\"url\" content=\"https:\/\/www.gelweluthyrning.se\/wp-content\/uploads\/2016\/02\/interior_se.jpg\"><meta itemprop=\"width\" content=\"245px\"><meta itemprop=\"height\" content=\"170px\"><\/div><\/div><\/a><\/div><\/div><div class=\"tcol-lg-4 tcol-md-4 tcol-sm-4 tcol-xs-6 tcol-ss-12 g_item\"><div class=\"grid_item kt_item_fade_in kad_gallery_fade_in gallery_item\"><a href=\"https:\/\/www.gelweluthyrning.se\/wp-content\/uploads\/2016\/02\/fonster_se.jpg\" data-rel=\"lightbox\" class=\"lightboxhover\"><div class=\"kt-intrinsic\" style=\"padding-bottom:69.387755102%;\"><div itemprop=\"image\" itemscope itemtype=\"https:\/\/schema.org\/ImageObject\"><img width=\"245\" height=\"170\" src=\"https:\/\/www.gelweluthyrning.se\/wp-content\/uploads\/2016\/02\/fonster_se.jpg\"   data-caption=\"\" class=\"light-dropshaddow\" itemprop=\"contentUrl\" alt=\"\"><meta itemprop=\"url\" content=\"https:\/\/www.gelweluthyrning.se\/wp-content\/uploads\/2016\/02\/fonster_se.jpg\"><meta itemprop=\"width\" content=\"245px\"><meta itemprop=\"height\" content=\"170px\"><\/div><\/div><\/a><\/div><\/div><div class=\"tcol-lg-4 tcol-md-4 tcol-sm-4 tcol-xs-6 tcol-ss-12 g_item\"><div class=\"grid_item kt_item_fade_in kad_gallery_fade_in gallery_item\"><a href=\"https:\/\/www.gelweluthyrning.se\/wp-content\/uploads\/2016\/02\/andra_anvandningsomraden_se.jpg\" data-rel=\"lightbox\" class=\"lightboxhover\"><div class=\"kt-intrinsic\" style=\"padding-bottom:69.387755102%;\"><div itemprop=\"image\" itemscope itemtype=\"https:\/\/schema.org\/ImageObject\"><img width=\"245\" height=\"170\" src=\"https:\/\/www.gelweluthyrning.se\/wp-content\/uploads\/2016\/02\/andra_anvandningsomraden_se.jpg\"   data-caption=\"\" class=\"light-dropshaddow\" itemprop=\"contentUrl\" alt=\"\"><meta itemprop=\"url\" content=\"https:\/\/www.gelweluthyrning.se\/wp-content\/uploads\/2016\/02\/andra_anvandningsomraden_se.jpg\"><meta itemprop=\"width\" content=\"245px\"><meta itemprop=\"height\" content=\"170px\"><\/div><\/div><\/a><\/div><\/div><div class=\"tcol-lg-4 tcol-md-4 tcol-sm-4 tcol-xs-6 tcol-ss-12 g_item\"><div class=\"grid_item kt_item_fade_in kad_gallery_fade_in gallery_item\"><a href=\"https:\/\/www.gelweluthyrning.se\/wp-content\/uploads\/2016\/02\/exterior_se.jpg\" data-rel=\"lightbox\" class=\"lightboxhover\"><div class=\"kt-intrinsic\" style=\"padding-bottom:69.387755102%;\"><div itemprop=\"image\" itemscope itemtype=\"https:\/\/schema.org\/ImageObject\"><img width=\"245\" height=\"170\" src=\"https:\/\/www.gelweluthyrning.se\/wp-content\/uploads\/2016\/02\/exterior_se.jpg\"   data-caption=\"\" class=\"light-dropshaddow\" itemprop=\"contentUrl\" alt=\"\"><meta itemprop=\"url\" content=\"https:\/\/www.gelweluthyrning.se\/wp-content\/uploads\/2016\/02\/exterior_se.jpg\"><meta itemprop=\"width\" content=\"245px\"><meta itemprop=\"height\" content=\"170px\"><\/div><\/div><\/a><\/div><\/div><\/div><\/div><\/div><\/div><div id=\"pg-1200-3\"  class=\"panel-grid panel-no-style\" ><div id=\"pgc-1200-3-0\"  class=\"panel-grid-cell\" ><div id=\"panel-1200-3-0-0\" class=\"so-panel widget widget_sow-editor panel-first-child panel-last-child\" data-index=\"6\" ><div class=\"so-widget-sow-editor so-widget-sow-editor-base\">\n<div class=\"siteorigin-widget-tinymce textwidget\">\n\t<h3>Pris<\/h3>\n\n<ul class=\"nav nav-tabs sc_tabs\"><li class=\"active\"><a href=\"#sctab1410\" rel=\"nofollow\">Pris<\/a><\/li>\n<li class=\"\"><a href=\"#sctab1411\" rel=\"nofollow\">F\u00f6rbrukningsmaterial<\/a><\/li>\n<li class=\"\"><a href=\"#sctab1412\" rel=\"nofollow\">Komplettera<\/a><\/li><\/ul> <div class=\"tab-content postclass\"><div class=\"tab-pane clearfix active\" id=\"sctab1410\"><br \/> <div class=\"row\"> <div class=\"col-md-3  \"><\/p>\n<h4>Pris dag 1<\/h4>\n<h4><span style=\"color: #ff0000;\">225\u00a0kr<\/span><\/h4>\n<p><\/div><div class=\"col-md-3  \"><\/p>\n<h4>Pris fr\u00e5n dag 2<\/h4>\n<h4><span style=\"color: #ff0000;\">150\u00a0kr<\/span><\/h4>\n<p><\/div><div class=\"col-md-3  \"><\/p>\n<h4>Helg<\/h4>\n<h4><span style=\"color: #ff0000;\">425\u00a0kr<\/span><\/h4>\n<p><\/div><div class=\"col-md-3  \"><\/p>\n<h4>Vecka<\/h4>\n<h4><span style=\"color: #ff0000;\">875 kr<\/span><\/h4>\n<p><\/div><\/div><br \/> Moms ing\u00e5r i\u00a0alla priser.\u00a0<\/p>\n<p><\/div>\n<div class=\"tab-pane clearfix \" id=\"sctab1411\"><\/p>\n<p>\u00a0<\/div>\n<div class=\"tab-pane clearfix \" id=\"sctab1412\"><\/p>\n<p>Elkabel 1-fas 10\u00a0Amp, ca 20 meter 15\u00a0kr\/dag. Vid hyra av annan maskin l\u00e4mnas 75 kr rabatt p\u00e5 1:a dagspriset. <\/div><\/div>\n\n<\/div>\n<\/div><\/div><\/div><div id=\"pgc-1200-3-1\"  class=\"panel-grid-cell\" >\n\n        <div id=\"panel-1200-3-1-0\" class=\"so-panel widget widget_kadence_calltoaction_widget kadence_calltoaction_widget panel-first-child panel-last-child\" data-index=\"7\" ><div class=\"kt-ctaw clearfix\"><h1 class=\"kt-call-to-action-title\" style=\" font-size:40px; line-height:1.1; text-align:center; \"  data-max-size=\"40\" data-min-size=\"40\">Boka maskinen<\/h1><div style=\"text-align:center\"><a href=\"http:\/\/www.gelwel.se\/?page_id=585\" id=\"kadbtn28\" target=\"_self\" class=\"kad-btn btn-shortcode kad-btn-primary lg-kad-btn \" style=\" border: 0 solid; border-color:#000;  \" onMouseOver=\"\" onMouseOut=\"\">BOKA <\/a><\/div><\/div><\/div>\n    <\/div><\/div><div id=\"pg-1200-4\"  class=\"panel-grid panel-no-style\" ><div id=\"pgc-1200-4-0\"  class=\"panel-grid-cell panel-grid-cell-empty\" ><\/div><\/div><\/div>","protected":false},"excerpt":{"rendered":"<p>\u00a0\u00a0 Speedheater 1100Speedheatern anv\u00e4nds f\u00f6r att ta bort f\u00e4rg. Ingen annan metod f\u00f6r f\u00e4rgborttagning kan m\u00e4ta sig med Speedheater System.Oslagbar metod f\u00f6r f\u00e4rgborttagning n\u00e4r du ska m\u00e5la om fasaden eller renovera f\u00f6nster. Metoden inneb\u00e4r mindre arbete och ger ett b\u00e4ttre &hellip; <a class=\"kt-excerpt-readmore\" href=\"https:\/\/www.gelweluthyrning.se\/?page_id=1200\" aria-label=\"Speedheater uthyres\">L\u00e4s mer<\/a><\/p>\n","protected":false},"author":1,"featured_media":0,"parent":11,"menu_order":0,"comment_status":"closed","ping_status":"closed","template":"page-fullwidth.php","meta":{"kt_blocks_editor_width":""},"kb_featured_image_src_large":false,"kb_author_info":{"display_name":"per","author_link":"https:\/\/www.gelweluthyrning.se\/?author=1","author_image":"https:\/\/secure.gravatar.com\/avatar\/250821d350f2213e36bf942f193b8969?s=96&d=mm&r=g"},"kb_comment_info":0,"_links":{"self":[{"href":"https:\/\/www.gelweluthyrning.se\/index.php?rest_route=\/wp\/v2\/pages\/1200"}],"collection":[{"href":"https:\/\/www.gelweluthyrning.se\/index.php?rest_route=\/wp\/v2\/pages"}],"about":[{"href":"https:\/\/www.gelweluthyrning.se\/index.php?rest_route=\/wp\/v2\/types\/page"}],"author":[{"embeddable":true,"href":"https:\/\/www.gelweluthyrning.se\/index.php?rest_route=\/wp\/v2\/users\/1"}],"replies":[{"embeddable":true,"href":"https:\/\/www.gelweluthyrning.se\/index.php?rest_route=%2Fwp%2Fv2%2Fcomments&post=1200"}],"version-history":[{"count":4,"href":"https:\/\/www.gelweluthyrning.se\/index.php?rest_route=\/wp\/v2\/pages\/1200\/revisions"}],"predecessor-version":[{"id":3416,"href":"https:\/\/www.gelweluthyrning.se\/index.php?rest_route=\/wp\/v2\/pages\/1200\/revisions\/3416"}],"up":[{"embeddable":true,"href":"https:\/\/www.gelweluthyrning.se\/index.php?rest_route=\/wp\/v2\/pages\/11"}],"wp:attachment":[{"href":"https:\/\/www.gelweluthyrning.se\/index.php?rest_route=%2Fwp%2Fv2%2Fmedia&parent=1200"}],"curies":[{"name":"wp","href":"https:\/\/api.w.org\/{rel}","templated":true}]}}