{"id":1107,"date":"2016-02-18T10:34:54","date_gmt":"2016-02-18T09:34:54","guid":{"rendered":"http:\/\/localhost\/wordpress\/?page_id=1107"},"modified":"2023-09-07T10:54:55","modified_gmt":"2023-09-07T08:54:55","slug":"markvibrator100kgfob","status":"publish","type":"page","link":"https:\/\/www.gelweluthyrning.se\/?page_id=1107","title":{"rendered":"Markvibrator 100 kg uthyres"},"content":{"rendered":"<div id=\"pl-1107\"  class=\"panel-layout\" ><div id=\"pg-1107-0\"  class=\"panel-grid panel-no-style\" ><div id=\"pgc-1107-0-0\"  class=\"panel-grid-cell\" ><div id=\"panel-1107-0-0-0\" class=\"so-panel widget widget_sow-editor panel-first-child panel-last-child\" data-index=\"0\" ><div class=\"so-widget-sow-editor so-widget-sow-editor-base\">\n<div class=\"siteorigin-widget-tinymce textwidget\">\n\t<div align=\"center\">\n<h1>\u00a0<\/h1>\n<p>\u00a0<\/p>\n<\/div>\n<\/div>\n<\/div><\/div><\/div><\/div><div id=\"pg-1107-1\"  class=\"panel-grid panel-no-style\" ><div id=\"pgc-1107-1-0\"  class=\"panel-grid-cell\" ><div id=\"panel-1107-1-0-0\" class=\"so-panel widget widget_virtue_about_with_image virtue_about_with_image panel-first-child panel-last-child\" data-index=\"1\" ><div class=\"kad_img_upload_widget kt-shape-type- kt-image-align-center kt-image-widget-widget-1-0-0\"><div class=\"kt-image-contain  \"><div class=\"kt-image-inner-contain\"><img width=\"250\" height=\"289\" src=\"https:\/\/www.gelweluthyrning.se\/wp-content\/uploads\/2016\/02\/CR-1-vibroplatta.png\" class=\"attachment-full size-full\" alt=\"Vibroplatta CR 1\" loading=\"lazy\" \/><\/div><\/div><\/div><\/div><\/div><div id=\"pgc-1107-1-1\"  class=\"panel-grid-cell\" ><div id=\"panel-1107-1-1-0\" class=\"so-panel widget widget_sow-editor panel-first-child\" data-index=\"2\" ><div class=\"so-widget-sow-editor so-widget-sow-editor-base\">\n<div class=\"siteorigin-widget-tinymce textwidget\">\n\t<\/div>\n<\/div><\/div><div id=\"panel-1107-1-1-1\" class=\"so-panel widget widget_sow-editor panel-last-child\" data-index=\"3\" ><div class=\"so-widget-sow-editor so-widget-sow-editor-base\">\n<div class=\"siteorigin-widget-tinymce textwidget\">\n\t<h1>\u00a0Vibroplatta CR 1<\/h1>\n<p>Vibroplatta ca 100 kg\u00a0med\u00a0fram och back. Packar lite b\u00e4ttre \u00e4n en vanlig fram\u00e5tg\u00e5ende d\u00e5 den har tv\u00e5 slagvikter. Packdjup upp till 30 cm.<\/p>\n<div align=\"center\">\n<p style=\"text-align: left;\">\u00a0<\/p>\n<p style=\"text-align: left;\">\u00a0<\/p>\n<\/div>\n<\/div>\n<\/div><\/div><\/div><\/div><div id=\"pg-1107-2\"  class=\"panel-grid panel-no-style\" ><div id=\"pgc-1107-2-0\"  class=\"panel-grid-cell panel-grid-cell-mobile-last\" ><div id=\"panel-1107-2-0-0\" class=\"so-panel widget widget_sow-editor panel-first-child panel-last-child\" data-index=\"4\" ><div class=\"so-widget-sow-editor so-widget-sow-editor-base\">\n<div class=\"siteorigin-widget-tinymce textwidget\">\n\t<h3 style=\"padding-left: 30px;\">Teknisk info<\/h3>\n<p style=\"padding-left: 60px;\">\n<ul class=\"nav nav-tabs sc_tabs\"><li class=\"active\"><a href=\"#sctab8520\" rel=\"nofollow\">Tekniska data<\/a><\/li>\n<li class=\"\"><a href=\"#sctab8521\" rel=\"nofollow\">Dokumentation<\/a><\/li><\/ul> <div class=\"tab-content postclass\"><div class=\"tab-pane clearfix active\" id=\"sctab8520\"><\/p>\n<table border=\"0\" width=\"500\">\n<tbody>\n<tr>\n<td>Vikt<\/td>\n<td>104 kg<\/td>\n<\/tr>\n<tr>\n<td>Motor<\/td>\n<td>Robin 4-takt<\/td>\n<\/tr>\n<tr>\n<td>Effekt<\/td>\n<td>4,2 kW<\/td>\n<\/tr>\n<tr>\n<td>Platta LxB<\/td>\n<td>300x400 mm<\/td>\n<\/tr>\n<tr>\n<td>Arbetshastighet<\/td>\n<td>0-20 m\/min<\/td>\n<\/tr>\n<tr>\n<td>Centrifugalkraft<\/td>\n<td>20 kN<\/td>\n<\/tr>\n<tr>\n<td>Frekvens<\/td>\n<td>100 Hz<\/td>\n<\/tr>\n<tr>\n<td>\u00a0<\/td>\n<td>\u00a0<\/td>\n<\/tr>\n<\/tbody>\n<\/table>\n<p><\/div>\n<div class=\"tab-pane clearfix \" id=\"sctab8521\"><\/p>\n<p style=\"padding-left: 30px;\">\u00a0<\/p>\n<p style=\"padding-left: 30px;\">Broschyr med teknisk data (engelska)<a href=\"http:\/\/www.gelwel.se\/wp-content\/uploads\/2016\/02\/Broschyr-CR1.pdf\" target=\"_blank\"><img class=\"alignnone size-full wp-image-703\" src=\"http:\/\/www.gelwel.se\/wp-content\/uploads\/2016\/02\/Pdf50x48.jpg\" alt=\"Pdf50x48\" width=\"50\" height=\"48\" \/><\/a><\/div><\/div>\n<\/p>\n<\/div>\n<\/div><\/div><\/div><div id=\"pgc-1107-2-1\"  class=\"panel-grid-cell panel-grid-cell-empty\" ><\/div><\/div><div id=\"pg-1107-3\"  class=\"panel-grid panel-no-style\" ><div id=\"pgc-1107-3-0\"  class=\"panel-grid-cell\" ><div id=\"panel-1107-3-0-0\" class=\"so-panel widget widget_sow-editor panel-first-child panel-last-child\" data-index=\"5\" ><div class=\"so-widget-sow-editor so-widget-sow-editor-base\">\n<div class=\"siteorigin-widget-tinymce textwidget\">\n\t<h3>Pris<\/h3>\n\n<ul class=\"nav nav-tabs sc_tabs\"><li class=\"active\"><a href=\"#sctab2700\" rel=\"nofollow\">Pris<\/a><\/li>\n<li class=\"\"><a href=\"#sctab2701\" rel=\"nofollow\">F\u00f6rbrukningsmaterial<\/a><\/li>\n<li class=\"\"><a href=\"#sctab2702\" rel=\"nofollow\">Komplettera<\/a><\/li><\/ul> <div class=\"tab-content postclass\"><div class=\"tab-pane clearfix active\" id=\"sctab2700\"><br \/>\n<div class=\"row\"> <div class=\"col-md-3  \"><\/p>\n<h4>Pris dag 1<\/h4>\n<h4><span style=\"color: #ff0000;\">320\u00a0kr<\/span><\/h4>\n<p><\/div><div class=\"col-md-3  \"><\/p>\n<h4>Pris fr\u00e5n dag 2<\/h4>\n<h4><span style=\"color: #ff0000;\">245\u00a0kr<\/span><\/h4>\n<p><\/div><div class=\"col-md-3  \"><\/p>\n<h4>Helg<\/h4>\n<h4><span style=\"color: #ff0000;\">565\u00a0kr<\/span><\/h4>\n<p><\/div><div class=\"col-md-3  \"><\/p>\n<h4>Vecka<\/h4>\n<h4><span style=\"color: #ff0000;\">1300\u00a0kr<\/span><\/h4>\n<p><\/div><\/div><br \/>\nMoms ing\u00e5r i\u00a0alla priser.<\/p>\n<p><\/div>\n<div class=\"tab-pane clearfix \" id=\"sctab2701\"><\/p>\n<p>Aspen 4T till g\u00e4llande dagspris.<\/p>\n<p><\/div>\n<div class=\"tab-pane clearfix \" id=\"sctab2702\"><\/p>\n<p><\/div><\/div>\n\n<\/div>\n<\/div><\/div><\/div><div id=\"pgc-1107-3-1\"  class=\"panel-grid-cell\" >\n\n        <div id=\"panel-1107-3-1-0\" class=\"so-panel widget widget_kadence_calltoaction_widget kadence_calltoaction_widget panel-first-child panel-last-child\" data-index=\"6\" ><div class=\"kt-ctaw clearfix\"><h1 class=\"kt-call-to-action-title\" style=\" font-size:40px; line-height:1.1; text-align:center; \"  data-max-size=\"40\" data-min-size=\"40\">Boka maskinen<\/h1><div style=\"text-align:center\"><a href=\"http:\/\/www.gelwel.se\/?page_id=585\" id=\"kadbtn44\" target=\"_self\" class=\"kad-btn btn-shortcode kad-btn-primary lg-kad-btn \" style=\" border: 0 solid; border-color:#000;  \" onMouseOver=\"\" onMouseOut=\"\">BOKA <\/a><\/div><\/div><\/div>\n    <\/div><\/div><div id=\"pg-1107-4\"  class=\"panel-grid panel-no-style\" ><div id=\"pgc-1107-4-0\"  class=\"panel-grid-cell panel-grid-cell-empty\" ><\/div><\/div><\/div>","protected":false},"excerpt":{"rendered":"<p>\u00a0\u00a0 \u00a0Vibroplatta CR 1Vibroplatta ca 100 kg\u00a0med\u00a0fram och back. Packar lite b\u00e4ttre \u00e4n en vanlig fram\u00e5tg\u00e5ende d\u00e5 den har tv\u00e5 slagvikter. Packdjup upp till 30 cm.\u00a0\u00a0<\/p>\n","protected":false},"author":1,"featured_media":0,"parent":11,"menu_order":0,"comment_status":"closed","ping_status":"closed","template":"page-fullwidth.php","meta":{"kt_blocks_editor_width":""},"kb_featured_image_src_large":false,"kb_author_info":{"display_name":"per","author_link":"https:\/\/www.gelweluthyrning.se\/?author=1","author_image":"https:\/\/secure.gravatar.com\/avatar\/250821d350f2213e36bf942f193b8969?s=96&d=mm&r=g"},"kb_comment_info":0,"_links":{"self":[{"href":"https:\/\/www.gelweluthyrning.se\/index.php?rest_route=\/wp\/v2\/pages\/1107"}],"collection":[{"href":"https:\/\/www.gelweluthyrning.se\/index.php?rest_route=\/wp\/v2\/pages"}],"about":[{"href":"https:\/\/www.gelweluthyrning.se\/index.php?rest_route=\/wp\/v2\/types\/page"}],"author":[{"embeddable":true,"href":"https:\/\/www.gelweluthyrning.se\/index.php?rest_route=\/wp\/v2\/users\/1"}],"replies":[{"embeddable":true,"href":"https:\/\/www.gelweluthyrning.se\/index.php?rest_route=%2Fwp%2Fv2%2Fcomments&post=1107"}],"version-history":[{"count":17,"href":"https:\/\/www.gelweluthyrning.se\/index.php?rest_route=\/wp\/v2\/pages\/1107\/revisions"}],"predecessor-version":[{"id":9716,"href":"https:\/\/www.gelweluthyrning.se\/index.php?rest_route=\/wp\/v2\/pages\/1107\/revisions\/9716"}],"up":[{"embeddable":true,"href":"https:\/\/www.gelweluthyrning.se\/index.php?rest_route=\/wp\/v2\/pages\/11"}],"wp:attachment":[{"href":"https:\/\/www.gelweluthyrning.se\/index.php?rest_route=%2Fwp%2Fv2%2Fmedia&parent=1107"}],"curies":[{"name":"wp","href":"https:\/\/api.w.org\/{rel}","templated":true}]}}