{"id":1105,"date":"2016-02-18T10:31:30","date_gmt":"2016-02-18T09:31:30","guid":{"rendered":"http:\/\/localhost\/wordpress\/?page_id=1105"},"modified":"2023-09-07T10:53:51","modified_gmt":"2023-09-07T08:53:51","slug":"markvibrator90","status":"publish","type":"page","link":"https:\/\/www.gelweluthyrning.se\/?page_id=1105","title":{"rendered":"Markvibrator 83-117 kg"},"content":{"rendered":"<div id=\"pl-1105\"  class=\"panel-layout\" ><div id=\"pg-1105-0\"  class=\"panel-grid panel-no-style\" ><div id=\"pgc-1105-0-0\"  class=\"panel-grid-cell\" ><div id=\"panel-1105-0-0-0\" class=\"so-panel widget widget_sow-editor panel-first-child panel-last-child\" data-index=\"0\" ><div class=\"so-widget-sow-editor so-widget-sow-editor-base\">\n<div class=\"siteorigin-widget-tinymce textwidget\">\n\t<div align=\"center\">\u00a0<\/div>\n<\/div>\n<\/div><\/div><\/div><\/div><div id=\"pg-1105-1\"  class=\"panel-grid panel-no-style\" ><div id=\"pgc-1105-1-0\"  class=\"panel-grid-cell\" ><div id=\"panel-1105-1-0-0\" class=\"so-panel widget widget_virtue_about_with_image virtue_about_with_image panel-first-child panel-last-child\" data-index=\"1\" ><div class=\"kad_img_upload_widget kt-shape-type- kt-image-align-center kt-image-widget-widget-1-0-0\"><div class=\"kt-image-contain  \"><div class=\"kt-image-inner-contain\"><img width=\"250\" height=\"242\" src=\"https:\/\/www.gelweluthyrning.se\/wp-content\/uploads\/2016\/02\/CF-2.png\" class=\"attachment-full size-full\" alt=\"CF 2 markvibrator\" loading=\"lazy\" \/><\/div><\/div><\/div><\/div><\/div><div id=\"pgc-1105-1-1\"  class=\"panel-grid-cell\" ><div id=\"panel-1105-1-1-0\" class=\"so-panel widget widget_sow-editor panel-first-child\" data-index=\"2\" ><div class=\"so-widget-sow-editor so-widget-sow-editor-base\">\n<div class=\"siteorigin-widget-tinymce textwidget\">\n\t<\/div>\n<\/div><\/div><div id=\"panel-1105-1-1-1\" class=\"so-panel widget widget_sow-editor panel-last-child\" data-index=\"3\" ><div class=\"so-widget-sow-editor so-widget-sow-editor-base\">\n<div class=\"siteorigin-widget-tinymce textwidget\">\n\t<h1>\u00a0<\/h1>\n<h1>Weber WeberMt<\/h1>\n<div align=\"center\">\n<p style=\"text-align: left;\">\u00a0<\/p>\n<p style=\"text-align: left;\">Vanlig s\u00e5 kallad Padda. Vi har n\u00e5gra olika modeller som v\u00e4ger mellan 83-117 kg. De \u00e4r fram\u00e5tg\u00e5ende och packar ca 20 cm.<\/p>\n<\/div>\n<\/div>\n<\/div><\/div><\/div><\/div><div id=\"pg-1105-2\"  class=\"panel-grid panel-no-style\" ><div id=\"pgc-1105-2-0\"  class=\"panel-grid-cell panel-grid-cell-mobile-last\" ><div id=\"panel-1105-2-0-0\" class=\"so-panel widget widget_sow-editor panel-first-child panel-last-child\" data-index=\"4\" ><div class=\"so-widget-sow-editor so-widget-sow-editor-base\">\n<div class=\"siteorigin-widget-tinymce textwidget\">\n\t<h3 style=\"padding-left: 30px;\">Teknisk info<\/h3>\n<p style=\"padding-left: 60px;\">\n<ul class=\"nav nav-tabs sc_tabs\"><li class=\"active\"><a href=\"#sctab5410\" rel=\"nofollow\">Tekniska data<\/a><\/li>\n<li class=\"\"><a href=\"#sctab5411\" rel=\"nofollow\">Dokumentation<\/a><\/li><\/ul> <div class=\"tab-content postclass\"><div class=\"tab-pane clearfix active\" id=\"sctab5410\"><\/p>\n<p>Under dokumentation finns brocshyr med data f\u00f6r CF 2 som \u00e4r en av de modeller vi hyr ut.<\/p>\n<p><\/div>\n<div class=\"tab-pane clearfix \" id=\"sctab5411\"><\/p>\n<p style=\"padding-left: 30px;\">\u00a0<\/p>\n<p style=\"padding-left: 30px;\"><a href=\"http:\/\/www.gelwel.se\/wp-content\/uploads\/2016\/02\/CF2_CF3_GB_09-2014.pdf\" target=\"_blank\"><img class=\"alignnone size-full wp-image-703\" src=\"http:\/\/www.gelwel.se\/wp-content\/uploads\/2016\/02\/Pdf50x48.jpg\" alt=\"Pdf50x48\" width=\"50\" height=\"48\" \/><\/a><\/div><\/div>\n<\/p>\n<\/div>\n<\/div><\/div><\/div><div id=\"pgc-1105-2-1\"  class=\"panel-grid-cell panel-grid-cell-empty\" ><\/div><\/div><div id=\"pg-1105-3\"  class=\"panel-grid panel-no-style\" ><div id=\"pgc-1105-3-0\"  class=\"panel-grid-cell\" ><div id=\"panel-1105-3-0-0\" class=\"so-panel widget widget_sow-editor panel-first-child panel-last-child\" data-index=\"5\" ><div class=\"so-widget-sow-editor so-widget-sow-editor-base\">\n<div class=\"siteorigin-widget-tinymce textwidget\">\n\t<h3>Pris<\/h3>\n\n<ul class=\"nav nav-tabs sc_tabs\"><li class=\"active\"><a href=\"#sctab7230\" rel=\"nofollow\">Pris<\/a><\/li>\n<li class=\"\"><a href=\"#sctab7231\" rel=\"nofollow\">F\u00f6rbrukningsmaterial<\/a><\/li>\n<li class=\"\"><a href=\"#sctab7232\" rel=\"nofollow\">Komplettera<\/a><\/li><\/ul> <div class=\"tab-content postclass\"><div class=\"tab-pane clearfix active\" id=\"sctab7230\"><br \/>\n<div class=\"row\"> <div class=\"col-md-3  \"><\/p>\n<h4>Pris dag 1<\/h4>\n<h4><span style=\"color: #ff0000;\">240 kr<\/span><\/h4>\n<p><\/div><div class=\"col-md-3  \"><\/p>\n<h4>Pris fr\u00e5n dag 2<\/h4>\n<h4><span style=\"color: #ff0000;\">165 kr<\/span><\/h4>\n<p><\/div><div class=\"col-md-3  \"><\/p>\n<h4>Helg<\/h4>\n<h4><span style=\"color: #ff0000;\">405\u00a0kr<\/span><\/h4>\n<p><\/div><div class=\"col-md-3  \"><\/p>\n<h4>Vecka<\/h4>\n<h4><span style=\"color: #ff0000;\">900 kr<\/span><\/h4>\n<p><\/div><\/div><br \/>\nMoms ing\u00e5r i\u00a0alla priser.<\/p>\n<p><\/div>\n<div class=\"tab-pane clearfix \" id=\"sctab7231\"><\/p>\n<p>Aspen 4T till g\u00e4llande dagspris.<\/p>\n<p><\/div>\n<div class=\"tab-pane clearfix \" id=\"sctab7232\"><\/p>\n<p><\/div><\/div>\n\n<\/div>\n<\/div><\/div><\/div><div id=\"pgc-1105-3-1\"  class=\"panel-grid-cell\" >\n\n        <div id=\"panel-1105-3-1-0\" class=\"so-panel widget widget_kadence_calltoaction_widget kadence_calltoaction_widget panel-first-child panel-last-child\" data-index=\"6\" ><div class=\"kt-ctaw clearfix\"><h1 class=\"kt-call-to-action-title\" style=\" font-size:40px; line-height:1.1; text-align:center; \"  data-max-size=\"40\" data-min-size=\"40\">Boka maskinen<\/h1><div style=\"text-align:center\"><a href=\"http:\/\/www.gelwel.se\/?page_id=585\" id=\"kadbtn31\" target=\"_self\" class=\"kad-btn btn-shortcode kad-btn-primary lg-kad-btn \" style=\" border: 0 solid; border-color:#000;  \" onMouseOver=\"\" onMouseOut=\"\">BOKA <\/a><\/div><\/div><\/div>\n    <\/div><\/div><div id=\"pg-1105-4\"  class=\"panel-grid panel-no-style\" ><div id=\"pgc-1105-4-0\"  class=\"panel-grid-cell panel-grid-cell-empty\" ><\/div><\/div><\/div>","protected":false},"excerpt":{"rendered":"<p>\u00a0 \u00a0Weber WeberMt\u00a0Vanlig s\u00e5 kallad Padda. Vi har n\u00e5gra olika modeller som v\u00e4ger mellan 83-117 kg. De \u00e4r fram\u00e5tg\u00e5ende och packar ca 20 cm.<\/p>\n","protected":false},"author":1,"featured_media":0,"parent":11,"menu_order":0,"comment_status":"closed","ping_status":"closed","template":"page-fullwidth.php","meta":{"kt_blocks_editor_width":""},"kb_featured_image_src_large":false,"kb_author_info":{"display_name":"per","author_link":"https:\/\/www.gelweluthyrning.se\/?author=1","author_image":"https:\/\/secure.gravatar.com\/avatar\/250821d350f2213e36bf942f193b8969?s=96&d=mm&r=g"},"kb_comment_info":0,"_links":{"self":[{"href":"https:\/\/www.gelweluthyrning.se\/index.php?rest_route=\/wp\/v2\/pages\/1105"}],"collection":[{"href":"https:\/\/www.gelweluthyrning.se\/index.php?rest_route=\/wp\/v2\/pages"}],"about":[{"href":"https:\/\/www.gelweluthyrning.se\/index.php?rest_route=\/wp\/v2\/types\/page"}],"author":[{"embeddable":true,"href":"https:\/\/www.gelweluthyrning.se\/index.php?rest_route=\/wp\/v2\/users\/1"}],"replies":[{"embeddable":true,"href":"https:\/\/www.gelweluthyrning.se\/index.php?rest_route=%2Fwp%2Fv2%2Fcomments&post=1105"}],"version-history":[{"count":17,"href":"https:\/\/www.gelweluthyrning.se\/index.php?rest_route=\/wp\/v2\/pages\/1105\/revisions"}],"predecessor-version":[{"id":9712,"href":"https:\/\/www.gelweluthyrning.se\/index.php?rest_route=\/wp\/v2\/pages\/1105\/revisions\/9712"}],"up":[{"embeddable":true,"href":"https:\/\/www.gelweluthyrning.se\/index.php?rest_route=\/wp\/v2\/pages\/11"}],"wp:attachment":[{"href":"https:\/\/www.gelweluthyrning.se\/index.php?rest_route=%2Fwp%2Fv2%2Fmedia&parent=1105"}],"curies":[{"name":"wp","href":"https:\/\/api.w.org\/{rel}","templated":true}]}}