{"id":1018,"date":"2016-02-17T16:00:27","date_gmt":"2016-02-17T15:00:27","guid":{"rendered":"http:\/\/localhost\/wordpress\/?page_id=1018"},"modified":"2023-09-07T10:13:37","modified_gmt":"2023-09-07T08:13:37","slug":"rojsag-att-hyra","status":"publish","type":"page","link":"https:\/\/www.gelweluthyrning.se\/?page_id=1018","title":{"rendered":"R\u00f6js\u00e5g att hyra"},"content":{"rendered":"<div id=\"pl-1018\"  class=\"panel-layout\" ><div id=\"pg-1018-0\"  class=\"panel-grid panel-no-style\" ><div id=\"pgc-1018-0-0\"  class=\"panel-grid-cell\" ><div id=\"panel-1018-0-0-0\" class=\"so-panel widget widget_sow-editor panel-first-child panel-last-child\" data-index=\"0\" ><div class=\"so-widget-sow-editor so-widget-sow-editor-base\">\n<div class=\"siteorigin-widget-tinymce textwidget\">\n\t<h1 style=\"text-align: center;\">R\u00f6js\u00e5g 545Fx \/\u00a0335R<\/h1>\n<p>\u00a0<\/p>\n<p style=\"padding-left: 30px;\">\u00a0<\/p>\n<\/div>\n<\/div><\/div><\/div><\/div><div id=\"pg-1018-1\"  class=\"panel-grid panel-no-style\" ><div id=\"pgc-1018-1-0\"  class=\"panel-grid-cell\" ><div id=\"panel-1018-1-0-0\" class=\"so-panel widget widget_sow-editor panel-first-child\" data-index=\"1\" ><div class=\"so-widget-sow-editor so-widget-sow-editor-base\">\n<div class=\"siteorigin-widget-tinymce textwidget\">\n\t<h1>\u00a0<\/h1>\n<p>335R och 345Fx.<\/p>\n<p>335R \u00e4r en gr\u00e4s och slyr\u00f6jare som kan f\u00e5s med slyklinga eller trimmerlina. Med Trimmyhuvud med lina sl\u00e5r man gr\u00e4s som d\u00e5 mulchas. Svepytan \u00e4r b\u00e4ttre med trimmylinan. Slyklingan anv\u00e4nds n\u00e4r gr\u00e4set \u00e4r grovt och kanske uppblandat med lite klenare sly. \u00c4r det gr\u00f6vre sly en ca en finger tjocklek skall man v\u00e4lja 345Fx<\/p>\n<p>345Fx \u00e4r\u00a0en skogsr\u00f6js\u00e5g som anv\u00e4nds f\u00f6r att r\u00f6ja sm\u00e5tr\u00e4d. Den levereras med r\u00f6jklinga och kan s\u00e5ga tr\u00e4d med diameter fr\u00e5n n\u00e5gra centimeter till ca 8-10 cm.<\/p>\n<\/div>\n<\/div><\/div><div id=\"panel-1018-1-0-1\" class=\"so-panel widget widget_sow-editor panel-last-child\" data-index=\"2\" ><div class=\"so-widget-sow-editor so-widget-sow-editor-base\">\n<div class=\"siteorigin-widget-tinymce textwidget\">\n\t<h3 style=\"padding-left: 30px;\">Teknisk info<\/h3>\n<p style=\"padding-left: 60px;\">\n<ul class=\"nav nav-tabs sc_tabs\"><li class=\"active\"><a href=\"#sctab7610\" rel=\"nofollow\">Tekniska data<\/a><\/li>\n<li class=\"\"><a href=\"#sctab7611\" rel=\"nofollow\">Dokumentation<\/a><\/li><\/ul> <div class=\"tab-content postclass\"><div class=\"tab-pane clearfix active\" id=\"sctab7610\"><\/p>\n<table border=\"0\" width=\"350\">\n<tbody>\n<tr>\n<td>Modell<\/td>\n<td>335Rx<\/td>\n<td>345Fx<\/td>\n<\/tr>\n<tr>\n<td>Motor:<\/td>\n<td>2-takt 34,6 cc<\/td>\n<td>2-takt 43\u00a0cc<\/td>\n<\/tr>\n<tr>\n<td>Effekt:<\/td>\n<td>0,9 kW<\/td>\n<td>2,1\u00a0kW<\/td>\n<\/tr>\n<tr>\n<td>Sk\u00e4rutrustning<\/td>\n<td>Trimmylina 2,7\u00a0mm\/ 300 mm trekantklinga<\/td>\n<td>S\u00e5klinga 200 mm<\/td>\n<\/tr>\n<tr>\n<td>Br\u00e4nsle:<\/td>\n<td>Aspen 2T<\/td>\n<td>Aspen 2T<\/td>\n<\/tr>\n<tr>\n<td>Vikt:<\/td>\n<td>6,1\u00a0kg<\/td>\n<td>7,9\u00a0kg<\/td>\n<\/tr>\n<\/tbody>\n<\/table>\n<p><\/div>\n<div class=\"tab-pane clearfix \" id=\"sctab7611\"><\/p>\n<p style=\"padding-left: 30px;\"><div class=\"row\"> <div class=\"col-md-6  \"><\/p>\n<p>Instruktionsbok 335 pdf<a href=\"http:\/\/www.gelwel.se\/wp-content\/uploads\/2016\/02\/Instruktion-335F.pdf\" target=\"_blank\"><img class=\"alignnone wp-image-703 size-full\" src=\"http:\/\/www.gelwel.se\/wp-content\/uploads\/2016\/02\/Pdf50x48.jpg\" alt=\"\" width=\"50\" height=\"48\" \/><\/a><\/p>\n<p style=\"padding-left: 30px;\"><\/div><div class=\"col-md-6  \"><\/p>\n<p>Instruktionsbok <a href=\"http:\/\/www.gelwel.se\/wp-content\/uploads\/2016\/02\/instruktion-345Fx.pdf\" target=\"_blank\">345Fx\u00a0<img class=\"alignnone wp-image-703 size-full\" src=\"http:\/\/www.gelwel.se\/wp-content\/uploads\/2016\/02\/Pdf50x48.jpg\" alt=\"Pdf50x48\" width=\"50\" height=\"48\" \/><\/a><\/p>\n<p style=\"padding-left: 30px;\"><\/div><\/div><\/p>\n<p style=\"padding-left: 30px;\"><\/div><\/div>\n<\/p>\n<\/div>\n<\/div><\/div><\/div><div id=\"pgc-1018-1-1\"  class=\"panel-grid-cell\" ><div id=\"panel-1018-1-1-0\" class=\"so-panel widget widget_virtue_about_with_image virtue_about_with_image panel-first-child\" data-index=\"3\" ><div class=\"kad_img_upload_widget kt-shape-type- kt-image-align-center kt-image-widget-widget-1-1-0\"><a href=\"http:\/\/www.gelwel.se\/wp-content\/uploads\/2016\/02\/545Fx.jpg\" rel=\"lightbox\"><div class=\"kt-image-contain  \"><div class=\"kt-image-inner-contain\"><img width=\"995\" height=\"538\" src=\"https:\/\/www.gelweluthyrning.se\/wp-content\/uploads\/2016\/02\/545Fx.jpg\" class=\"attachment-full size-full\" alt=\"\" loading=\"lazy\" srcset=\"https:\/\/www.gelweluthyrning.se\/wp-content\/uploads\/2016\/02\/545Fx.jpg 995w, https:\/\/www.gelweluthyrning.se\/wp-content\/uploads\/2016\/02\/545Fx-300x162.jpg 300w\" sizes=\"(max-width: 995px) 100vw, 995px\" \/><\/div><\/div><\/a><\/div><\/div><div id=\"panel-1018-1-1-1\" class=\"so-panel widget widget_virtue_gallery_widget virtue_gallery_widget panel-last-child\" data-index=\"4\" ><div id=\"kad-wp-gallery359\" class=\"kad-wp-gallery gallery kt-gallery-column-3 init-isotope-intrinsic reinit-isotope kad-light-wp-gallery clearfix rowtight\" data-fade-in=\"1\" data-iso-selector=\".g_item\" data-iso-style=\"masonry\" data-iso-filter=\"false\"><div class=\"tcol-lg-4 tcol-md-4 tcol-sm-4 tcol-xs-6 tcol-ss-12 g_item\"><div class=\"grid_item kt_item_fade_in kad_gallery_fade_in gallery_item\"><a href=\"https:\/\/www.gelweluthyrning.se\/wp-content\/uploads\/2016\/02\/husqvarna-klingskydd-333r-335rx.jpg\" data-rel=\"lightbox\" class=\"lightboxhover\"><div class=\"kt-intrinsic\" style=\"padding-bottom:100%;\"><div itemprop=\"image\" itemscope itemtype=\"https:\/\/schema.org\/ImageObject\"><img width=\"366\" height=\"366\" src=\"https:\/\/www.gelweluthyrning.se\/wp-content\/uploads\/2016\/02\/husqvarna-klingskydd-333r-335rx-366x366.jpg\" srcset=\"https:\/\/www.gelweluthyrning.se\/wp-content\/uploads\/2016\/02\/husqvarna-klingskydd-333r-335rx-366x366.jpg 366w, https:\/\/www.gelweluthyrning.se\/wp-content\/uploads\/2016\/02\/husqvarna-klingskydd-333r-335rx-150x150.jpg 150w\" sizes=\"(max-width: 366px) 100vw, 366px\" data-caption=\"V\u00e4lj sk\u00e4rutrustning till 335Rx\" class=\"light-dropshaddow\" itemprop=\"contentUrl\" alt=\"\"><meta itemprop=\"url\" content=\"https:\/\/www.gelweluthyrning.se\/wp-content\/uploads\/2016\/02\/husqvarna-klingskydd-333r-335rx-366x366.jpg\"><meta itemprop=\"width\" content=\"366px\"><meta itemprop=\"height\" content=\"366px\"><\/div><\/div><\/a><\/div><\/div><div class=\"tcol-lg-4 tcol-md-4 tcol-sm-4 tcol-xs-6 tcol-ss-12 g_item\"><div class=\"grid_item kt_item_fade_in kad_gallery_fade_in gallery_item\"><a href=\"https:\/\/www.gelweluthyrning.se\/wp-content\/uploads\/2016\/02\/husqvarna-545fxt-rojsag.jpg\" data-rel=\"lightbox\" class=\"lightboxhover\"><div class=\"kt-intrinsic\" style=\"padding-bottom:100%;\"><div itemprop=\"image\" itemscope itemtype=\"https:\/\/schema.org\/ImageObject\"><img width=\"366\" height=\"366\" src=\"https:\/\/www.gelweluthyrning.se\/wp-content\/uploads\/2016\/02\/husqvarna-545fxt-rojsag-366x366.jpg\" srcset=\"https:\/\/www.gelweluthyrning.se\/wp-content\/uploads\/2016\/02\/husqvarna-545fxt-rojsag-366x366.jpg 366w, https:\/\/www.gelweluthyrning.se\/wp-content\/uploads\/2016\/02\/husqvarna-545fxt-rojsag-150x150.jpg 150w, https:\/\/www.gelweluthyrning.se\/wp-content\/uploads\/2016\/02\/husqvarna-545fxt-rojsag-300x300.jpg 300w, https:\/\/www.gelweluthyrning.se\/wp-content\/uploads\/2016\/02\/husqvarna-545fxt-rojsag.jpg 600w\" sizes=\"(max-width: 366px) 100vw, 366px\" data-caption=\"345 Fx \u00e4r en skogsr\u00f6j\u00e5g och levereras med s\u00e5gkling\" class=\"light-dropshaddow\" itemprop=\"contentUrl\" alt=\"\"><meta itemprop=\"url\" content=\"https:\/\/www.gelweluthyrning.se\/wp-content\/uploads\/2016\/02\/husqvarna-545fxt-rojsag-366x366.jpg\"><meta itemprop=\"width\" content=\"366px\"><meta itemprop=\"height\" content=\"366px\"><\/div><\/div><\/a><\/div><\/div><\/div><\/div><\/div><\/div><div id=\"pg-1018-2\"  class=\"panel-grid panel-no-style\" ><div id=\"pgc-1018-2-0\"  class=\"panel-grid-cell\" ><div id=\"panel-1018-2-0-0\" class=\"so-panel widget widget_sow-editor panel-first-child panel-last-child\" data-index=\"5\" ><div class=\"so-widget-sow-editor so-widget-sow-editor-base\">\n<div class=\"siteorigin-widget-tinymce textwidget\">\n\t\n<ul class=\"nav nav-tabs sc_tabs\"><li class=\"active\"><a href=\"#sctab2590\" rel=\"nofollow\">Pris<\/a><\/li>\n<li class=\"\"><a href=\"#sctab2591\" rel=\"nofollow\">F\u00f6rbrukningsmaterial<\/a><\/li>\n<li class=\"\"><a href=\"#sctab2592\" rel=\"nofollow\">Komplettera<\/a><\/li><\/ul> <div class=\"tab-content postclass\"><div class=\"tab-pane clearfix active\" id=\"sctab2590\"><\/p>\n<p><div class=\"row\"> <div class=\"col-md-4  \"><\/p>\n<h4>Pris dag 1<\/h4>\n<h4><span style=\"color: #ff0000;\">345\u00a0kr<\/span><\/h4>\n<p><\/div><div class=\"col-md-4  \"><\/p>\n<h4>Pris\u00a0fr\u00e5n dag 2<\/h4>\n<h4><span style=\"color: #ff0000;\">205\u00a0kr<\/span><\/h4>\n<h4><\/h4>\n<p><\/div><div class=\"col-md-4  \"><\/p>\n<h4><\/h4>\n<p><\/div><\/div> En slipning klinga eller laddning av trimmylina ing\u00e5r i dag 1 priset.\u00a0Moms ing\u00e5r i alla priser<\/p>\n<p><\/div>\n<div class=\"tab-pane clearfix \" id=\"sctab2591\"><\/p>\n<p>Aspen 2T till g\u00e4llande dagspris. Laddning extra trimmylina\u00a0eller\u00a0extra klingslipning 65 kr<\/p>\n<p><\/div>\n<div class=\"tab-pane clearfix \" id=\"sctab2592\"><\/p>\n<p>Trimmylina<\/p>\n<p><\/div><\/div>\n\n<\/div>\n<\/div><\/div><\/div><div id=\"pgc-1018-2-1\"  class=\"panel-grid-cell\" >\n\n        <div id=\"panel-1018-2-1-0\" class=\"so-panel widget widget_kadence_calltoaction_widget kadence_calltoaction_widget panel-first-child panel-last-child\" data-index=\"6\" ><div class=\"kt-ctaw clearfix\"><h1 class=\"kt-call-to-action-title\" style=\" font-size:40px; line-height:1.1; text-align:center; \"  data-max-size=\"40\" data-min-size=\"40\">Boka maskinen<\/h1><div style=\"text-align:center\"><a href=\"http:\/\/www.gelwel.se\/?page_id=585\" id=\"kadbtn69\" target=\"_self\" class=\"kad-btn btn-shortcode kad-btn-primary lg-kad-btn \" style=\" border: 0 solid; border-color:#000;  \" onMouseOver=\"\" onMouseOut=\"\">BOKA <\/a><\/div><\/div><\/div>\n    <\/div><\/div><div id=\"pg-1018-3\"  class=\"panel-grid panel-no-style\" ><div id=\"pgc-1018-3-0\"  class=\"panel-grid-cell panel-grid-cell-empty panel-grid-cell-mobile-last\" ><\/div><div id=\"pgc-1018-3-1\"  class=\"panel-grid-cell panel-grid-cell-empty\" ><\/div><\/div><\/div>","protected":false},"excerpt":{"rendered":"<p>R\u00f6js\u00e5g 545Fx \/\u00a0335R\u00a0\u00a0 \u00a0335R och 345Fx.335R \u00e4r en gr\u00e4s och slyr\u00f6jare som kan f\u00e5s med slyklinga eller trimmerlina. Med Trimmyhuvud med lina sl\u00e5r man gr\u00e4s som d\u00e5 mulchas. Svepytan \u00e4r b\u00e4ttre med trimmylinan. Slyklingan anv\u00e4nds n\u00e4r gr\u00e4set \u00e4r grovt och &hellip; <a class=\"kt-excerpt-readmore\" href=\"https:\/\/www.gelweluthyrning.se\/?page_id=1018\" aria-label=\"R\u00f6js\u00e5g att hyra\">L\u00e4s mer<\/a><\/p>\n","protected":false},"author":1,"featured_media":0,"parent":575,"menu_order":0,"comment_status":"closed","ping_status":"closed","template":"page-fullwidth.php","meta":{"kt_blocks_editor_width":""},"kb_featured_image_src_large":false,"kb_author_info":{"display_name":"per","author_link":"https:\/\/www.gelweluthyrning.se\/?author=1","author_image":"https:\/\/secure.gravatar.com\/avatar\/250821d350f2213e36bf942f193b8969?s=96&d=mm&r=g"},"kb_comment_info":0,"_links":{"self":[{"href":"https:\/\/www.gelweluthyrning.se\/index.php?rest_route=\/wp\/v2\/pages\/1018"}],"collection":[{"href":"https:\/\/www.gelweluthyrning.se\/index.php?rest_route=\/wp\/v2\/pages"}],"about":[{"href":"https:\/\/www.gelweluthyrning.se\/index.php?rest_route=\/wp\/v2\/types\/page"}],"author":[{"embeddable":true,"href":"https:\/\/www.gelweluthyrning.se\/index.php?rest_route=\/wp\/v2\/users\/1"}],"replies":[{"embeddable":true,"href":"https:\/\/www.gelweluthyrning.se\/index.php?rest_route=%2Fwp%2Fv2%2Fcomments&post=1018"}],"version-history":[{"count":8,"href":"https:\/\/www.gelweluthyrning.se\/index.php?rest_route=\/wp\/v2\/pages\/1018\/revisions"}],"predecessor-version":[{"id":9675,"href":"https:\/\/www.gelweluthyrning.se\/index.php?rest_route=\/wp\/v2\/pages\/1018\/revisions\/9675"}],"up":[{"embeddable":true,"href":"https:\/\/www.gelweluthyrning.se\/index.php?rest_route=\/wp\/v2\/pages\/575"}],"wp:attachment":[{"href":"https:\/\/www.gelweluthyrning.se\/index.php?rest_route=%2Fwp%2Fv2%2Fmedia&parent=1018"}],"curies":[{"name":"wp","href":"https:\/\/api.w.org\/{rel}","templated":true}]}}